{"id":21870,"date":"2025-04-28T16:27:57","date_gmt":"2025-04-28T16:27:57","guid":{"rendered":"https:\/\/ines-co.com\/?page_id=21870"},"modified":"2026-04-07T13:58:29","modified_gmt":"2026-04-07T13:58:29","slug":"fils-tenseurs","status":"publish","type":"page","link":"https:\/\/ines-co.com\/?page_id=21870","title":{"rendered":"Fils Tenseurs"},"content":{"rendered":"<div class=\"wpb-content-wrapper\"><p>[vc_row][vc_column width=&#8221;1\/4&#8243;]<div id=\"1744293887292-61febcd9-ef9a\" class=\"dt-sc-empty-space\"><\/div><div id=\"1744293867661-3150727c-8fa9\" class=\"dt-sc-empty-space\"><\/div><div id=\"1744294995996-4d7f99ee-99d6\" class=\"dt-sc-empty-space\"><\/div>[vc_custom_heading text=&#8221;M\u00e9decine Esth\u00e9tique&#8221; font_container=&#8221;tag:p|font_size:20|text_align:justify&#8221; use_theme_fonts=&#8221;yes&#8221; css=&#8221;&#8221;]<div id=\"1744295011070-67885103-b5c8\" class=\"dt-sc-empty-space\"><\/div><div id=\"dt-1744295003964-710f20a8-0be7\" class=\"dt-custom-nav-wrapper none inline-vertical\" data-delay=\"0\" data-default-style = \"none\" data-hover-style = \"none\" data-default-decoration = \"overline\" data-hover-decoration = \"none\"><div class=\"menu-medecine-esthetique-container\"><ul id=\"menu-medecine-esthetique\" class=\"custom-sub-nav dt-custom-nav\"><li id=\"menu-item-21818\" class=\"menu-item menu-item-type-post_type menu-item-object-page menu-item-21818\"><a href=\"https:\/\/ines-co.com\/?page_id=21816\" class=\"item-has-icon icon-position-left\"><i class=\"menu-item-icon\"><\/i><span>Peeling<\/span><\/a><\/li>\n<li id=\"menu-item-21825\" class=\"menu-item menu-item-type-post_type menu-item-object-page menu-item-21825\"><a href=\"https:\/\/ines-co.com\/?page_id=21819\" class=\"item-has-icon icon-position-left\"><i class=\"menu-item-icon\"><\/i><span>Traitement par LASER<\/span><\/a><\/li>\n<li id=\"menu-item-21824\" class=\"menu-item menu-item-type-post_type menu-item-object-page menu-item-21824\"><a href=\"https:\/\/ines-co.com\/?page_id=21820\" class=\"item-has-icon icon-position-left\"><i class=\"menu-item-icon\"><\/i><span>Injections<\/span><\/a><\/li>\n<li id=\"menu-item-21883\" class=\"menu-item menu-item-type-post_type menu-item-object-page menu-item-21883\"><a href=\"https:\/\/ines-co.com\/?page_id=21848\" class=\"item-has-icon icon-position-left\"><i class=\"menu-item-icon\"><\/i><span>Lumi\u00e8re led \u2013 Photomodulation Par Led<\/span><\/a><\/li>\n<li id=\"menu-item-21882\" class=\"menu-item menu-item-type-post_type menu-item-object-page menu-item-21882\"><a href=\"https:\/\/ines-co.com\/?page_id=21857\" class=\"item-has-icon icon-position-left\"><i class=\"menu-item-icon\"><\/i><span>Plexr<\/span><\/a><\/li>\n<li id=\"menu-item-21881\" class=\"menu-item menu-item-type-post_type menu-item-object-page menu-item-21881\"><a href=\"https:\/\/ines-co.com\/?page_id=21861\" class=\"item-has-icon icon-position-left\"><i class=\"menu-item-icon\"><\/i><span>Radiofr\u00e9quence<\/span><\/a><\/li>\n<li id=\"menu-item-21880\" class=\"menu-item menu-item-type-post_type menu-item-object-page menu-item-21880\"><a href=\"https:\/\/ines-co.com\/?page_id=21866\" class=\"item-has-icon icon-position-left\"><i class=\"menu-item-icon\"><\/i><span>Radiofr\u00e9quence corps<\/span><\/a><\/li>\n<li id=\"menu-item-21879\" class=\"menu-item menu-item-type-post_type menu-item-object-page menu-item-21879\"><a href=\"https:\/\/ines-co.com\/?page_id=21870\" class=\"item-has-icon icon-position-left\"><i class=\"menu-item-icon\"><\/i><span>Fils Tenseurs<\/span><\/a><\/li>\n<\/ul><\/div><\/div>[\/vc_column][vc_column width=&#8221;3\/4&#8243;][vc_row_inner][vc_column_inner width=&#8221;1\/2&#8243; css=&#8221;.vc_custom_1744295121360{margin-left: 2px !important;}&#8221;]<div id=\"1744284640139-6fd5764f-ac25\" class=\"dt-sc-empty-space\"><\/div>[vc_column_text css=&#8221;&#8221;]<\/p>\n<p class=\"ds-markdown-paragraph\"><strong>Les fils tenseurs<\/strong>, \u00e9galement appel\u00e9s\u00a0<strong>fils PDO<\/strong>\u00a0ou\u00a0<strong>fils crant\u00e9s<\/strong>, repr\u00e9sentent une avanc\u00e9e majeure en\u00a0<strong>m\u00e9decine esth\u00e9tique<\/strong>\u00a0pour un\u00a0<strong>lifting non chirurgical<\/strong>\u00a0du visage. Cette technique innovante utilise des\u00a0<strong>fils r\u00e9sorbables<\/strong>\u00a0en polydioxanone (PDO) pour repositionner et soutenir les tissus cutan\u00e9s, offrant une solution efficace pour red\u00e9finir l\u2019<strong>ovale du visage<\/strong>\u00a0et corriger le\u00a0<strong>rel\u00e2chement cutan\u00e9<\/strong>\u00a0sans passer par le bloc op\u00e9ratoire.<\/p>\n<p class=\"ds-markdown-paragraph\">Chez INESCO Care, nos m\u00e9decins experts ma\u00eetrisent la pose de ces fils pour un\u00a0<strong>raffermissement cibl\u00e9<\/strong>. Id\u00e9al pour traiter les\u00a0<strong>bajoues<\/strong>, redessiner la\u00a0<strong>jonction m\u00e2choire-cou<\/strong>, att\u00e9nuer les\u00a0<strong>rides<\/strong>\u00a0et m\u00eame sculpter subtilement le nez ou le regard, ce\u00a0<strong>lift visage sans chirurgie<\/strong>\u00a0garantit des r\u00e9sultats naturels et imm\u00e9diats qui s\u2019am\u00e9liorent dans le temps.<\/p>\n<p>[\/vc_column_text][vc_single_image image=&#8221;22190&#8243; img_size=&#8221;full&#8221; css=&#8221;&#8221; el_class=&#8221;custom-img-border&#8221;][vc_column_text css=&#8221;&#8221;]<\/p>\n<h5>\u00c0 qui s&#8217;adresse la pose de Fils Tenseurs ?<\/h5>\n<p>[\/vc_column_text][vc_column_text css=&#8221;&#8221;]<\/p>\n<ul>\n<li class=\"ds-markdown-paragraph\">Personnes pr\u00e9sentant un\u00a0<strong>rel\u00e2chement cutan\u00e9<\/strong>\u00a0l\u00e9ger \u00e0 mod\u00e9r\u00e9 (bajoues, perte de d\u00e9finition de l&#8217;ovale du visage).<\/li>\n<li class=\"ds-markdown-paragraph\">Celles souhaitant un\u00a0<strong>effet lifting<\/strong>\u00a0visible sans les risques et le temps de r\u00e9cup\u00e9ration de la chirurgie.<\/li>\n<li class=\"ds-markdown-paragraph\">Patients g\u00ean\u00e9s par un\u00a0<strong>ovale du visage affaiss\u00e9<\/strong>\u00a0ou un\u00a0<strong>contour de la m\u00e2choire flou<\/strong>.<\/li>\n<li class=\"ds-markdown-paragraph\">Toute personne d\u00e9sireuse d\u2019att\u00e9nuer les\u00a0<strong>sillons nasog\u00e9niens<\/strong>, les\u00a0<strong>plis d\u2019amertume<\/strong>\u00a0ou le rel\u00e2chement du\u00a0<strong>cou<\/strong>.<\/li>\n<li class=\"ds-markdown-paragraph\">Celles recherchant une correction subtile d\u2019une\u00a0<strong>petite bosse sur le nez<\/strong>\u00a0ou d\u2019une\u00a0<strong>pointe nasale tombante<\/strong>.<\/li>\n<li class=\"ds-markdown-paragraph\">Personnes souhaitant obtenir un\u00a0<strong>effet \u00ab foxy eyes \u00bb<\/strong>\u00a0(l\u00e9ger rel\u00e8vement de la queue du sourcil).<\/li>\n<\/ul>\n<p>[\/vc_column_text]<a href='https:\/\/ines-co.com\/?page_id=21265' target='_self' title='Devis' class='dt-sc-button   medium icon-right with-icon  bordered  type2' data-delay='0' > demande de devis <\/a><div id=\"1745577569858-3c0459c5-6b08\" class=\"dt-sc-empty-space\"><\/div>[\/vc_column_inner][vc_column_inner width=&#8221;1\/2&#8243;]<div id=\"1744292901684-134d992c-3b1f\" class=\"dt-sc-empty-space\"><\/div>[vc_single_image image=&#8221;21873&#8243; img_size=&#8221;full&#8221; css=&#8221;&#8221; el_class=&#8221;custom-img-border&#8221;][vc_column_text css=&#8221;&#8221;]<\/p>\n<h5>Zones Trait\u00e9es &amp; Objectifs<\/h5>\n<p>[\/vc_column_text][vc_column_text css=&#8221;&#8221;]<\/p>\n<p class=\"ds-markdown-paragraph\"><strong>Zones principales d&#8217;application :<\/strong><\/p>\n<ul>\n<li class=\"ds-markdown-paragraph\"><strong>Ovale du visage et m\u00e2choire<\/strong>\u00a0: Red\u00e9finition et repositionnement pour un contour plus net et jeune.<\/li>\n<li class=\"ds-markdown-paragraph\"><strong>Joues et pommettes<\/strong>\u00a0: Lutte contre l&#8217;affaissement et restauration du volume sup\u00e9rieur.<\/li>\n<li class=\"ds-markdown-paragraph\"><strong>Sourcils<\/strong>\u00a0: L\u00e9ger rel\u00e8vement pour un regard plus ouvert et alerte.<\/li>\n<li class=\"ds-markdown-paragraph\"><strong>Cou<\/strong>\u00a0: Raffermissement de la peau pour att\u00e9nuer les \u00ab cordes \u00bb ou le rel\u00e2chement (turkey neck).<\/li>\n<li class=\"ds-markdown-paragraph\"><strong>Nez<\/strong>\u00a0: Correction esth\u00e9tique l\u00e9g\u00e8re (petite bosse, pointe).<\/li>\n<\/ul>\n<p class=\"ds-markdown-paragraph\"><strong>Objectifs du traitement (Soft Lift) :<\/strong><\/p>\n<ul>\n<li class=\"ds-markdown-paragraph\"><strong>Redessiner et red\u00e9finir l\u2019ovale du visage<\/strong>.<\/li>\n<li class=\"ds-markdown-paragraph\"><strong>Corriger les bajoues<\/strong>\u00a0et remonter les tissus tombants.<\/li>\n<li class=\"ds-markdown-paragraph\"><strong>Raffermir la peau<\/strong>\u00a0du visage et du cou.<\/li>\n<li class=\"ds-markdown-paragraph\"><strong>Att\u00e9nuer les rides<\/strong>\u00a0d\u2019expression et de gravit\u00e9.<\/li>\n<li class=\"ds-markdown-paragraph\"><strong>Obtenir un effet lifting naturel<\/strong>\u00a0et harmonieux.<\/li>\n<li class=\"ds-markdown-paragraph\"><strong>Stimuler la production de collag\u00e8ne<\/strong>\u00a0gr\u00e2ce \u00e0 la r\u00e9action naturelle du corps aux fils (n\u00e9ocollag\u00e9n\u00e8se).<\/li>\n<\/ul>\n<p>[\/vc_column_text][\/vc_column_inner][\/vc_row_inner][\/vc_column][\/vc_row][vc_row][vc_column width=&#8221;1\/4&#8243;]<div id=\"1745413299218-d0ed2dda-6256\" class=\"dt-sc-empty-space\"><\/div><div id=\"1745413299218-e7eec482-7d87\" class=\"dt-sc-empty-space\"><\/div><div id=\"1745413299218-d626b89d-5175\" class=\"dt-sc-empty-space\"><\/div>[\/vc_column][\/vc_row]<\/p>\n<\/div>","protected":false},"excerpt":{"rendered":"<p>[vc_row][vc_column width=&#8221;1\/4&#8243;][vc_custom_heading text=&#8221;M\u00e9decine Esth\u00e9tique&#8221; font_container=&#8221;tag:p|font_size:20|text_align:justify&#8221; use_theme_fonts=&#8221;yes&#8221; css=&#8221;&#8221;][\/vc_column][vc_column width=&#8221;3\/4&#8243;][vc_row_inner][vc_column_inner width=&#8221;1\/2&#8243; css=&#8221;.vc_custom_1744295121360{margin-left: 2px !important;}&#8221;][vc_column_text css=&#8221;&#8221;] Les fils tenseurs, \u00e9galement appel\u00e9s\u00a0fils PDO\u00a0ou\u00a0fils crant\u00e9s, repr\u00e9sentent une avanc\u00e9e majeure en\u00a0m\u00e9decine esth\u00e9tique\u00a0pour un\u00a0lifting non chirurgical\u00a0du visage. Cette technique innovante utilise des\u00a0fils r\u00e9sorbables\u00a0en polydioxanone (PDO) pour repositionner et soutenir les tissus cutan\u00e9s, offrant une solution efficace pour red\u00e9finir l\u2019ovale du visage\u00a0et corriger [&hellip;]<\/p>\n","protected":false},"author":2,"featured_media":0,"parent":0,"menu_order":0,"comment_status":"closed","ping_status":"closed","template":"","meta":{"footnotes":""},"class_list":["post-21870","page","type-page","status-publish","hentry"],"_links":{"self":[{"href":"https:\/\/ines-co.com\/index.php?rest_route=\/wp\/v2\/pages\/21870","targetHints":{"allow":["GET"]}}],"collection":[{"href":"https:\/\/ines-co.com\/index.php?rest_route=\/wp\/v2\/pages"}],"about":[{"href":"https:\/\/ines-co.com\/index.php?rest_route=\/wp\/v2\/types\/page"}],"author":[{"embeddable":true,"href":"https:\/\/ines-co.com\/index.php?rest_route=\/wp\/v2\/users\/2"}],"replies":[{"embeddable":true,"href":"https:\/\/ines-co.com\/index.php?rest_route=%2Fwp%2Fv2%2Fcomments&post=21870"}],"version-history":[{"count":5,"href":"https:\/\/ines-co.com\/index.php?rest_route=\/wp\/v2\/pages\/21870\/revisions"}],"predecessor-version":[{"id":22358,"href":"https:\/\/ines-co.com\/index.php?rest_route=\/wp\/v2\/pages\/21870\/revisions\/22358"}],"wp:attachment":[{"href":"https:\/\/ines-co.com\/index.php?rest_route=%2Fwp%2Fv2%2Fmedia&parent=21870"}],"curies":[{"name":"wp","href":"https:\/\/api.w.org\/{rel}","templated":true}]}}