{"id":21866,"date":"2025-04-28T16:26:35","date_gmt":"2025-04-28T16:26:35","guid":{"rendered":"https:\/\/ines-co.com\/?page_id=21866"},"modified":"2026-04-07T13:58:47","modified_gmt":"2026-04-07T13:58:47","slug":"radiofrequence-corps","status":"publish","type":"page","link":"https:\/\/ines-co.com\/?page_id=21866","title":{"rendered":"Radiofr\u00e9quence corps"},"content":{"rendered":"<div class=\"wpb-content-wrapper\"><p>[vc_row][vc_column width=&#8221;1\/4&#8243;]<div id=\"1744293887292-61febcd9-ef9a\" class=\"dt-sc-empty-space\"><\/div><div id=\"1744293867661-3150727c-8fa9\" class=\"dt-sc-empty-space\"><\/div><div id=\"1744294995996-4d7f99ee-99d6\" class=\"dt-sc-empty-space\"><\/div>[vc_custom_heading text=&#8221;M\u00e9decine Esth\u00e9tique&#8221; font_container=&#8221;tag:p|font_size:20|text_align:justify&#8221; use_theme_fonts=&#8221;yes&#8221; css=&#8221;&#8221;]<div id=\"1744295011070-67885103-b5c8\" class=\"dt-sc-empty-space\"><\/div><div id=\"dt-1744295003964-710f20a8-0be7\" class=\"dt-custom-nav-wrapper none inline-vertical\" data-delay=\"0\" data-default-style = \"none\" data-hover-style = \"none\" data-default-decoration = \"overline\" data-hover-decoration = \"none\"><div class=\"menu-medecine-esthetique-container\"><ul id=\"menu-medecine-esthetique\" class=\"custom-sub-nav dt-custom-nav\"><li id=\"menu-item-21818\" class=\"menu-item menu-item-type-post_type menu-item-object-page menu-item-21818\"><a href=\"https:\/\/ines-co.com\/?page_id=21816\" class=\"item-has-icon icon-position-left\"><i class=\"menu-item-icon\"><\/i><span>Peeling<\/span><\/a><\/li>\n<li id=\"menu-item-21825\" class=\"menu-item menu-item-type-post_type menu-item-object-page menu-item-21825\"><a href=\"https:\/\/ines-co.com\/?page_id=21819\" class=\"item-has-icon icon-position-left\"><i class=\"menu-item-icon\"><\/i><span>Traitement par LASER<\/span><\/a><\/li>\n<li id=\"menu-item-21824\" class=\"menu-item menu-item-type-post_type menu-item-object-page menu-item-21824\"><a href=\"https:\/\/ines-co.com\/?page_id=21820\" class=\"item-has-icon icon-position-left\"><i class=\"menu-item-icon\"><\/i><span>Injections<\/span><\/a><\/li>\n<li id=\"menu-item-21883\" class=\"menu-item menu-item-type-post_type menu-item-object-page menu-item-21883\"><a href=\"https:\/\/ines-co.com\/?page_id=21848\" class=\"item-has-icon icon-position-left\"><i class=\"menu-item-icon\"><\/i><span>Lumi\u00e8re led \u2013 Photomodulation Par Led<\/span><\/a><\/li>\n<li id=\"menu-item-21882\" class=\"menu-item menu-item-type-post_type menu-item-object-page menu-item-21882\"><a href=\"https:\/\/ines-co.com\/?page_id=21857\" class=\"item-has-icon icon-position-left\"><i class=\"menu-item-icon\"><\/i><span>Plexr<\/span><\/a><\/li>\n<li id=\"menu-item-21881\" class=\"menu-item menu-item-type-post_type menu-item-object-page menu-item-21881\"><a href=\"https:\/\/ines-co.com\/?page_id=21861\" class=\"item-has-icon icon-position-left\"><i class=\"menu-item-icon\"><\/i><span>Radiofr\u00e9quence<\/span><\/a><\/li>\n<li id=\"menu-item-21880\" class=\"menu-item menu-item-type-post_type menu-item-object-page menu-item-21880\"><a href=\"https:\/\/ines-co.com\/?page_id=21866\" class=\"item-has-icon icon-position-left\"><i class=\"menu-item-icon\"><\/i><span>Radiofr\u00e9quence corps<\/span><\/a><\/li>\n<li id=\"menu-item-21879\" class=\"menu-item menu-item-type-post_type menu-item-object-page menu-item-21879\"><a href=\"https:\/\/ines-co.com\/?page_id=21870\" class=\"item-has-icon icon-position-left\"><i class=\"menu-item-icon\"><\/i><span>Fils Tenseurs<\/span><\/a><\/li>\n<\/ul><\/div><\/div>[\/vc_column][vc_column width=&#8221;3\/4&#8243;][vc_row_inner][vc_column_inner width=&#8221;1\/2&#8243; css=&#8221;.vc_custom_1744295121360{margin-left: 2px !important;}&#8221;]<div id=\"1744284640139-6fd5764f-ac25\" class=\"dt-sc-empty-space\"><\/div>[vc_column_text css=&#8221;&#8221;]<\/p>\n<p class=\"ds-markdown-paragraph\"><strong>La radiofr\u00e9quence corps<\/strong>\u00a0est une technologie de pointe en\u00a0<strong>m\u00e9decine esth\u00e9tique<\/strong>\u00a0d\u00e9di\u00e9e au\u00a0<strong>remodelage corporel non invasif<\/strong>. Sp\u00e9cifiquement con\u00e7ue pour traiter les zones \u00e9tendues, elle utilise des\u00a0<strong>ondes radio<\/strong>\u00a0pour g\u00e9n\u00e9rer une chaleur contr\u00f4l\u00e9e en profondeur, stimulant la production de collag\u00e8ne et am\u00e9liorant la\u00a0<strong>tonicit\u00e9 cutan\u00e9e<\/strong>.<\/p>\n<p class=\"ds-markdown-paragraph\">Chez INESCO Care, nous proposons des protocoles avanc\u00e9s de\u00a0<strong>radiofr\u00e9quence corporelle bipolaire et multipolaire<\/strong>\u00a0pour cibler le\u00a0<strong>rel\u00e2chement cutan\u00e9<\/strong>, redensifier les tissus, att\u00e9nuer la\u00a0<strong>cellulite<\/strong>\u00a0et contribuer \u00e0 une\u00a0<strong>r\u00e9duction des circonf\u00e9rences<\/strong>. C&#8217;est la solution id\u00e9ale pour retrouver une\u00a0<strong>silhouette raffermie et redessin\u00e9e<\/strong>\u00a0sans chirurgie.<\/p>\n<p>[\/vc_column_text][vc_column_text css=&#8221;&#8221;]<\/p>\n<h5>\u00c0 qui s&#8217;adresse le traitement par Radiofr\u00e9quence Corps ?<\/h5>\n<p>[\/vc_column_text][vc_column_text css=&#8221;&#8221;]<\/p>\n<ul>\n<li class=\"ds-markdown-paragraph\">Personnes pr\u00e9sentant un\u00a0<strong>rel\u00e2chement cutan\u00e9<\/strong>\u00a0apr\u00e8s une perte de poids, une grossesse ou avec l&#8217;\u00e2ge.<\/li>\n<li class=\"ds-markdown-paragraph\">Celles souhaitant\u00a0<strong>raffermir<\/strong>\u00a0la peau des\u00a0<strong>bras, de l&#8217;abdomen, des cuisses ou des fesses<\/strong>.<\/li>\n<li class=\"ds-markdown-paragraph\">Patients g\u00ean\u00e9s par de la\u00a0<strong>cellulite<\/strong>\u00a0(peau d&#8217;orange) persistante.<\/li>\n<li class=\"ds-markdown-paragraph\">Toute personne d\u00e9sireuse d\u2019<strong>am\u00e9liorer la fermet\u00e9<\/strong>\u00a0et l&#8217;\u00e9lasticit\u00e9 de la peau sur l&#8217;ensemble du corps.<\/li>\n<li class=\"ds-markdown-paragraph\">Celles recherchant une\u00a0<strong>r\u00e9duction de volume localis\u00e9e<\/strong>\u00a0et un\u00a0<strong>remodelage de la silhouette<\/strong>.<\/li>\n<li class=\"ds-markdown-paragraph\">Personnes en bonne sant\u00e9, proches de leur poids de forme, mais avec des zones rebelles.<\/li>\n<\/ul>\n<p>[\/vc_column_text]<a href='https:\/\/ines-co.com\/?page_id=21265' target='_self' title='Devis' class='dt-sc-button   medium icon-right with-icon  bordered  type2' data-delay='0' > demande de devis <\/a><div id=\"1745577569858-3c0459c5-6b08\" class=\"dt-sc-empty-space\"><\/div>[\/vc_column_inner][vc_column_inner width=&#8221;1\/2&#8243;]<div id=\"1744292901684-134d992c-3b1f\" class=\"dt-sc-empty-space\"><\/div>[vc_single_image image=&#8221;21868&#8243; img_size=&#8221;full&#8221; css=&#8221;&#8221; el_class=&#8221;custom-img-border&#8221;][vc_column_text css=&#8221;&#8221;]<\/p>\n<h5>Zones Trait\u00e9es &amp; Objectifs<\/h5>\n<p>[\/vc_column_text][vc_column_text css=&#8221;&#8221;]<\/p>\n<p class=\"ds-markdown-paragraph\"><strong>Zones cibles principales :<\/strong><\/p>\n<ul>\n<li class=\"ds-markdown-paragraph\"><strong>Abdomen et taille<\/strong>\u00a0: Raffermissement, lutte contre le rel\u00e2chement post-grossesse ou post-amaigrissement.<\/li>\n<li class=\"ds-markdown-paragraph\"><strong>Cuisses et fesses<\/strong>\u00a0: Remodelage, att\u00e9nuation de la\u00a0<strong>cellulite<\/strong>, tonification.<\/li>\n<li class=\"ds-markdown-paragraph\"><strong>Bras<\/strong>\u00a0: Traitement de la\u00a0<strong>peau flasque<\/strong>\u00a0(bras &#8220;battants&#8221;).<\/li>\n<li class=\"ds-markdown-paragraph\"><strong>Hanches<\/strong>\u00a0: Affinement du contour et r\u00e9duction des amas graisseux localis\u00e9s.<\/li>\n<\/ul>\n<p class=\"ds-markdown-paragraph\"><strong>Objectifs du traitement :<\/strong><\/p>\n<ul>\n<li class=\"ds-markdown-paragraph\"><strong>Raffermissement cutan\u00e9<\/strong>\u00a0visible et durable.<\/li>\n<li class=\"ds-markdown-paragraph\"><strong>Remodelage de la silhouette<\/strong>\u00a0et am\u00e9lioration des contours corporels.<\/li>\n<li class=\"ds-markdown-paragraph\"><strong>R\u00e9duction de l&#8217;aspect capitonn\u00e9<\/strong>\u00a0de la cellulite.<\/li>\n<li class=\"ds-markdown-paragraph\"><strong>Tonification<\/strong>\u00a0du tissu sous-cutan\u00e9.<\/li>\n<li class=\"ds-markdown-paragraph\"><strong>Raffermissement global<\/strong>\u00a0pour une peau plus lisse et plus ferme.<\/li>\n<\/ul>\n<p>[\/vc_column_text][\/vc_column_inner][\/vc_row_inner][\/vc_column][\/vc_row][vc_row][vc_column width=&#8221;1\/4&#8243;]<div id=\"1745413299218-d0ed2dda-6256\" class=\"dt-sc-empty-space\"><\/div><div id=\"1745413299218-e7eec482-7d87\" class=\"dt-sc-empty-space\"><\/div><div id=\"1745413299218-d626b89d-5175\" class=\"dt-sc-empty-space\"><\/div>[\/vc_column][\/vc_row]<\/p>\n<\/div>","protected":false},"excerpt":{"rendered":"<p>[vc_row][vc_column width=&#8221;1\/4&#8243;][vc_custom_heading text=&#8221;M\u00e9decine Esth\u00e9tique&#8221; font_container=&#8221;tag:p|font_size:20|text_align:justify&#8221; use_theme_fonts=&#8221;yes&#8221; css=&#8221;&#8221;][\/vc_column][vc_column width=&#8221;3\/4&#8243;][vc_row_inner][vc_column_inner width=&#8221;1\/2&#8243; css=&#8221;.vc_custom_1744295121360{margin-left: 2px !important;}&#8221;][vc_column_text css=&#8221;&#8221;] La radiofr\u00e9quence corps\u00a0est une technologie de pointe en\u00a0m\u00e9decine esth\u00e9tique\u00a0d\u00e9di\u00e9e au\u00a0remodelage corporel non invasif. Sp\u00e9cifiquement con\u00e7ue pour traiter les zones \u00e9tendues, elle utilise des\u00a0ondes radio\u00a0pour g\u00e9n\u00e9rer une chaleur contr\u00f4l\u00e9e en profondeur, stimulant la production de collag\u00e8ne et am\u00e9liorant la\u00a0tonicit\u00e9 cutan\u00e9e. Chez INESCO Care, [&hellip;]<\/p>\n","protected":false},"author":2,"featured_media":0,"parent":0,"menu_order":0,"comment_status":"closed","ping_status":"closed","template":"","meta":{"footnotes":""},"class_list":["post-21866","page","type-page","status-publish","hentry"],"_links":{"self":[{"href":"https:\/\/ines-co.com\/index.php?rest_route=\/wp\/v2\/pages\/21866","targetHints":{"allow":["GET"]}}],"collection":[{"href":"https:\/\/ines-co.com\/index.php?rest_route=\/wp\/v2\/pages"}],"about":[{"href":"https:\/\/ines-co.com\/index.php?rest_route=\/wp\/v2\/types\/page"}],"author":[{"embeddable":true,"href":"https:\/\/ines-co.com\/index.php?rest_route=\/wp\/v2\/users\/2"}],"replies":[{"embeddable":true,"href":"https:\/\/ines-co.com\/index.php?rest_route=%2Fwp%2Fv2%2Fcomments&post=21866"}],"version-history":[{"count":4,"href":"https:\/\/ines-co.com\/index.php?rest_route=\/wp\/v2\/pages\/21866\/revisions"}],"predecessor-version":[{"id":22359,"href":"https:\/\/ines-co.com\/index.php?rest_route=\/wp\/v2\/pages\/21866\/revisions\/22359"}],"wp:attachment":[{"href":"https:\/\/ines-co.com\/index.php?rest_route=%2Fwp%2Fv2%2Fmedia&parent=21866"}],"curies":[{"name":"wp","href":"https:\/\/api.w.org\/{rel}","templated":true}]}}