{"id":21861,"date":"2025-04-28T16:23:00","date_gmt":"2025-04-28T16:23:00","guid":{"rendered":"https:\/\/ines-co.com\/?page_id=21861"},"modified":"2026-04-07T13:59:02","modified_gmt":"2026-04-07T13:59:02","slug":"radiofrequence","status":"publish","type":"page","link":"https:\/\/ines-co.com\/?page_id=21861","title":{"rendered":"Radiofr\u00e9quence"},"content":{"rendered":"<div class=\"wpb-content-wrapper\"><p>[vc_row][vc_column width=&#8221;1\/4&#8243;]<div id=\"1745857526718-41acafa5-9d81\" class=\"dt-sc-empty-space\"><\/div>[vc_custom_heading text=&#8221;M\u00e9decine Esth\u00e9tique&#8221; font_container=&#8221;tag:p|font_size:20|text_align:justify&#8221; use_theme_fonts=&#8221;yes&#8221; css=&#8221;&#8221;]<div id=\"dt-1744295003964-710f20a8-0be7\" class=\"dt-custom-nav-wrapper none inline-vertical\" data-delay=\"0\" data-default-style = \"none\" data-hover-style = \"none\" data-default-decoration = \"overline\" data-hover-decoration = \"none\"><div class=\"menu-medecine-esthetique-container\"><ul id=\"menu-medecine-esthetique\" class=\"custom-sub-nav dt-custom-nav\"><li id=\"menu-item-21818\" class=\"menu-item menu-item-type-post_type menu-item-object-page menu-item-21818\"><a href=\"https:\/\/ines-co.com\/?page_id=21816\" class=\"item-has-icon icon-position-left\"><i class=\"menu-item-icon\"><\/i><span>Peeling<\/span><\/a><\/li>\n<li id=\"menu-item-21825\" class=\"menu-item menu-item-type-post_type menu-item-object-page menu-item-21825\"><a href=\"https:\/\/ines-co.com\/?page_id=21819\" class=\"item-has-icon icon-position-left\"><i class=\"menu-item-icon\"><\/i><span>Traitement par LASER<\/span><\/a><\/li>\n<li id=\"menu-item-21824\" class=\"menu-item menu-item-type-post_type menu-item-object-page menu-item-21824\"><a href=\"https:\/\/ines-co.com\/?page_id=21820\" class=\"item-has-icon icon-position-left\"><i class=\"menu-item-icon\"><\/i><span>Injections<\/span><\/a><\/li>\n<li id=\"menu-item-21883\" class=\"menu-item menu-item-type-post_type menu-item-object-page menu-item-21883\"><a href=\"https:\/\/ines-co.com\/?page_id=21848\" class=\"item-has-icon icon-position-left\"><i class=\"menu-item-icon\"><\/i><span>Lumi\u00e8re led \u2013 Photomodulation Par Led<\/span><\/a><\/li>\n<li id=\"menu-item-21882\" class=\"menu-item menu-item-type-post_type menu-item-object-page menu-item-21882\"><a href=\"https:\/\/ines-co.com\/?page_id=21857\" class=\"item-has-icon icon-position-left\"><i class=\"menu-item-icon\"><\/i><span>Plexr<\/span><\/a><\/li>\n<li id=\"menu-item-21881\" class=\"menu-item menu-item-type-post_type menu-item-object-page menu-item-21881\"><a href=\"https:\/\/ines-co.com\/?page_id=21861\" class=\"item-has-icon icon-position-left\"><i class=\"menu-item-icon\"><\/i><span>Radiofr\u00e9quence<\/span><\/a><\/li>\n<li id=\"menu-item-21880\" class=\"menu-item menu-item-type-post_type menu-item-object-page menu-item-21880\"><a href=\"https:\/\/ines-co.com\/?page_id=21866\" class=\"item-has-icon icon-position-left\"><i class=\"menu-item-icon\"><\/i><span>Radiofr\u00e9quence corps<\/span><\/a><\/li>\n<li id=\"menu-item-21879\" class=\"menu-item menu-item-type-post_type menu-item-object-page menu-item-21879\"><a href=\"https:\/\/ines-co.com\/?page_id=21870\" class=\"item-has-icon icon-position-left\"><i class=\"menu-item-icon\"><\/i><span>Fils Tenseurs<\/span><\/a><\/li>\n<\/ul><\/div><\/div>[\/vc_column][vc_column width=&#8221;3\/4&#8243;]<div id=\"1745857526718-bbeec6d3-4ab2\" class=\"dt-sc-empty-space\"><\/div>[vc_column_text css=&#8221;&#8221;]<\/p>\n<p class=\"ds-markdown-paragraph\"><strong>La radiofr\u00e9quence esth\u00e9tique<\/strong>\u00a0est l&#8217;une des technologies pionni\u00e8res et les plus \u00e9prouv\u00e9es en\u00a0<strong>m\u00e9decine esth\u00e9tique<\/strong>\u00a0pour un\u00a0<strong>raffermissement cutan\u00e9 non invasif<\/strong>. Utilisant des\u00a0<strong>ondes radio<\/strong>\u00a0pour stimuler la production de collag\u00e8ne, elle offre une alternative efficace \u00e0 la chirurgie pour le\u00a0<strong>rajeunissement du visage<\/strong>\u00a0et le\u00a0<strong>remodelage corporel<\/strong>.<\/p>\n<p class=\"ds-markdown-paragraph\">Chez INESCO Care, nous utilisons des appareils de\u00a0<strong>radiofr\u00e9quence bipolaire et multipolaire<\/strong>\u00a0de derni\u00e8re g\u00e9n\u00e9ration, combinant efficacit\u00e9, pr\u00e9cision et confort pour des r\u00e9sultats visibles et naturels. Cette technologie de r\u00e9f\u00e9rence est souvent associ\u00e9e \u00e0 d&#8217;autres soins pour potentialiser les effets et s&#8217;adresse \u00e0 un large public souhaitant retrouver une\u00a0<strong>peau tonique<\/strong>\u00a0et un\u00a0<strong>ovale du visage redessin\u00e9<\/strong>.<\/p>\n<p>[\/vc_column_text][vc_row_inner][vc_column_inner width=&#8221;1\/2&#8243;][vc_custom_heading text=&#8221;Zones Trait\u00e9es &#038; Objectifs&#8221; font_container=&#8221;tag:h6|text_align:left|color:%2351919F&#8221; css=&#8221;&#8221;][vc_column_text css=&#8221;&#8221;]<\/p>\n<p class=\"ds-markdown-paragraph\"><strong>Radiofr\u00e9quence Visage &amp; Cou :<\/strong><\/p>\n<ul>\n<li class=\"ds-markdown-paragraph\"><strong>Ovale du visage<\/strong>\u00a0: raffermissement et redensification.<\/li>\n<li class=\"ds-markdown-paragraph\"><strong>Contour des yeux<\/strong>\u00a0: r\u00e9duction des\u00a0<strong>poches sous les yeux<\/strong>\u00a0et am\u00e9lioration de la fermet\u00e9.<\/li>\n<li class=\"ds-markdown-paragraph\"><strong>Front, sillons nasog\u00e9niens, contour des l\u00e8vres<\/strong>\u00a0: att\u00e9nuation des\u00a0<strong>rides et ridules<\/strong>.<\/li>\n<li class=\"ds-markdown-paragraph\"><strong>Double-menton<\/strong>\u00a0: traitement du rel\u00e2chement cutan\u00e9 localis\u00e9.<\/li>\n<li class=\"ds-markdown-paragraph\"><strong>Cou et d\u00e9collet\u00e9<\/strong>\u00a0: restauration de la tonicit\u00e9 cutan\u00e9e.<\/li>\n<\/ul>\n<p class=\"ds-markdown-paragraph\"><strong>Radiofr\u00e9quence Corps (Technologie distincte) :<\/strong><\/p>\n<ul>\n<li class=\"ds-markdown-paragraph\">Remodelage et raffermissement de la peau sur l&#8217;<strong>abdomen<\/strong>, les\u00a0<strong>bras<\/strong>, les\u00a0<strong>cuisses<\/strong>\u00a0et les\u00a0<strong>fesses<\/strong>.<\/li>\n<li class=\"ds-markdown-paragraph\">Am\u00e9lioration de l&#8217;aspect de la\u00a0<strong>cellulite<\/strong>\u00a0(peau d&#8217;orange).<\/li>\n<li class=\"ds-markdown-paragraph\">Lissage cutan\u00e9 post-amaigrissement ou post-grossesse.<\/li>\n<\/ul>\n<p>[\/vc_column_text][vc_single_image image=&#8221;22187&#8243; img_size=&#8221;full&#8221; css=&#8221;&#8221; el_class=&#8221;custom-img-border&#8221;][\/vc_column_inner][vc_column_inner width=&#8221;1\/2&#8243;][vc_single_image image=&#8221;21863&#8243; img_size=&#8221;full&#8221; css=&#8221;&#8221; el_class=&#8221;custom-img-border&#8221;][vc_custom_heading text=&#8221;\u00c0 qui s&#8217;adresse le traitement par Radiofr\u00e9quence ?&#8221; font_container=&#8221;tag:h6|text_align:left|color:%2351919F&#8221; css=&#8221;&#8221;][vc_column_text css=&#8221;&#8221;]<\/p>\n<ul>\n<li class=\"ds-markdown-paragraph\">Personnes pr\u00e9sentant un\u00a0<strong>rel\u00e2chement cutan\u00e9<\/strong>\u00a0l\u00e9ger \u00e0 mod\u00e9r\u00e9 du\u00a0<strong>visage, du cou ou du d\u00e9collet\u00e9<\/strong>.<\/li>\n<li class=\"ds-markdown-paragraph\">Celles souhaitant att\u00e9nuer\u00a0<strong>rides et ridules<\/strong>\u00a0(front, contour des yeux, bouche).<\/li>\n<li class=\"ds-markdown-paragraph\">Patients g\u00ean\u00e9s par un\u00a0<strong>double-menton<\/strong>\u00a0ou un\u00a0<strong>contour du visage flasque<\/strong>.<\/li>\n<li class=\"ds-markdown-paragraph\">Toute personne recherchant un\u00a0<strong>effet lifting non chirurgical<\/strong>\u00a0pour un visage plus ferme et redessin\u00e9.<\/li>\n<li class=\"ds-markdown-paragraph\">Celles d\u00e9sirant am\u00e9liorer la\u00a0<strong>tonicit\u00e9<\/strong>\u00a0et l&#8217;<strong>\u00e9lasticit\u00e9<\/strong>\u00a0de leur peau.<\/li>\n<li class=\"ds-markdown-paragraph\">Personnes souffrant de\u00a0<strong>peau d\u00e9tendue<\/strong>\u00a0au niveau du corps (abdomen, bras, cuisses).<\/li>\n<\/ul>\n<p>[\/vc_column_text]<a href='https:\/\/ines-co.com\/?page_id=21265' target='_self' title='Devis' class='dt-sc-button   medium icon-right with-icon  bordered  type2' data-delay='0' > demande de devis <\/a>[\/vc_column_inner][\/vc_row_inner][\/vc_column][vc_column][\/vc_column][\/vc_row][vc_row][vc_column width=&#8221;1\/4&#8243;]<div id=\"1745413299218-d0ed2dda-6256\" class=\"dt-sc-empty-space\"><\/div><div id=\"1745413299218-e7eec482-7d87\" class=\"dt-sc-empty-space\"><\/div><div id=\"1745413299218-d626b89d-5175\" class=\"dt-sc-empty-space\"><\/div>[\/vc_column][\/vc_row]<\/p>\n<\/div>","protected":false},"excerpt":{"rendered":"<p>[vc_row][vc_column width=&#8221;1\/4&#8243;][vc_custom_heading text=&#8221;M\u00e9decine Esth\u00e9tique&#8221; font_container=&#8221;tag:p|font_size:20|text_align:justify&#8221; use_theme_fonts=&#8221;yes&#8221; css=&#8221;&#8221;][\/vc_column][vc_column width=&#8221;3\/4&#8243;][vc_column_text css=&#8221;&#8221;] La radiofr\u00e9quence esth\u00e9tique\u00a0est l&#8217;une des technologies pionni\u00e8res et les plus \u00e9prouv\u00e9es en\u00a0m\u00e9decine esth\u00e9tique\u00a0pour un\u00a0raffermissement cutan\u00e9 non invasif. Utilisant des\u00a0ondes radio\u00a0pour stimuler la production de collag\u00e8ne, elle offre une alternative efficace \u00e0 la chirurgie pour le\u00a0rajeunissement du visage\u00a0et le\u00a0remodelage corporel. Chez INESCO Care, nous utilisons des appareils [&hellip;]<\/p>\n","protected":false},"author":2,"featured_media":0,"parent":0,"menu_order":0,"comment_status":"closed","ping_status":"closed","template":"","meta":{"footnotes":""},"class_list":["post-21861","page","type-page","status-publish","hentry"],"_links":{"self":[{"href":"https:\/\/ines-co.com\/index.php?rest_route=\/wp\/v2\/pages\/21861","targetHints":{"allow":["GET"]}}],"collection":[{"href":"https:\/\/ines-co.com\/index.php?rest_route=\/wp\/v2\/pages"}],"about":[{"href":"https:\/\/ines-co.com\/index.php?rest_route=\/wp\/v2\/types\/page"}],"author":[{"embeddable":true,"href":"https:\/\/ines-co.com\/index.php?rest_route=\/wp\/v2\/users\/2"}],"replies":[{"embeddable":true,"href":"https:\/\/ines-co.com\/index.php?rest_route=%2Fwp%2Fv2%2Fcomments&post=21861"}],"version-history":[{"count":19,"href":"https:\/\/ines-co.com\/index.php?rest_route=\/wp\/v2\/pages\/21861\/revisions"}],"predecessor-version":[{"id":22360,"href":"https:\/\/ines-co.com\/index.php?rest_route=\/wp\/v2\/pages\/21861\/revisions\/22360"}],"wp:attachment":[{"href":"https:\/\/ines-co.com\/index.php?rest_route=%2Fwp%2Fv2%2Fmedia&parent=21861"}],"curies":[{"name":"wp","href":"https:\/\/api.w.org\/{rel}","templated":true}]}}