{"id":21857,"date":"2025-04-28T16:21:53","date_gmt":"2025-04-28T16:21:53","guid":{"rendered":"https:\/\/ines-co.com\/?page_id=21857"},"modified":"2026-04-07T13:59:17","modified_gmt":"2026-04-07T13:59:17","slug":"plexr","status":"publish","type":"page","link":"https:\/\/ines-co.com\/?page_id=21857","title":{"rendered":"Plexr"},"content":{"rendered":"<div class=\"wpb-content-wrapper\"><p>[vc_row][vc_column width=&#8221;1\/4&#8243;]<div id=\"1744293887292-61febcd9-ef9a\" class=\"dt-sc-empty-space\"><\/div><div id=\"1744293867661-3150727c-8fa9\" class=\"dt-sc-empty-space\"><\/div><div id=\"1744294995996-4d7f99ee-99d6\" class=\"dt-sc-empty-space\"><\/div>[vc_custom_heading text=&#8221;M\u00e9decine Esth\u00e9tique&#8221; font_container=&#8221;tag:p|font_size:20|text_align:justify&#8221; use_theme_fonts=&#8221;yes&#8221; css=&#8221;&#8221;]<div id=\"1744295011070-67885103-b5c8\" class=\"dt-sc-empty-space\"><\/div><div id=\"dt-1744295003964-710f20a8-0be7\" class=\"dt-custom-nav-wrapper none inline-vertical\" data-delay=\"0\" data-default-style = \"none\" data-hover-style = \"none\" data-default-decoration = \"overline\" data-hover-decoration = \"none\"><div class=\"menu-medecine-esthetique-container\"><ul id=\"menu-medecine-esthetique\" class=\"custom-sub-nav dt-custom-nav\"><li id=\"menu-item-21818\" class=\"menu-item menu-item-type-post_type menu-item-object-page menu-item-21818\"><a href=\"https:\/\/ines-co.com\/?page_id=21816\" class=\"item-has-icon icon-position-left\"><i class=\"menu-item-icon\"><\/i><span>Peeling<\/span><\/a><\/li>\n<li id=\"menu-item-21825\" class=\"menu-item menu-item-type-post_type menu-item-object-page menu-item-21825\"><a href=\"https:\/\/ines-co.com\/?page_id=21819\" class=\"item-has-icon icon-position-left\"><i class=\"menu-item-icon\"><\/i><span>Traitement par LASER<\/span><\/a><\/li>\n<li id=\"menu-item-21824\" class=\"menu-item menu-item-type-post_type menu-item-object-page menu-item-21824\"><a href=\"https:\/\/ines-co.com\/?page_id=21820\" class=\"item-has-icon icon-position-left\"><i class=\"menu-item-icon\"><\/i><span>Injections<\/span><\/a><\/li>\n<li id=\"menu-item-21883\" class=\"menu-item menu-item-type-post_type menu-item-object-page menu-item-21883\"><a href=\"https:\/\/ines-co.com\/?page_id=21848\" class=\"item-has-icon icon-position-left\"><i class=\"menu-item-icon\"><\/i><span>Lumi\u00e8re led \u2013 Photomodulation Par Led<\/span><\/a><\/li>\n<li id=\"menu-item-21882\" class=\"menu-item menu-item-type-post_type menu-item-object-page menu-item-21882\"><a href=\"https:\/\/ines-co.com\/?page_id=21857\" class=\"item-has-icon icon-position-left\"><i class=\"menu-item-icon\"><\/i><span>Plexr<\/span><\/a><\/li>\n<li id=\"menu-item-21881\" class=\"menu-item menu-item-type-post_type menu-item-object-page menu-item-21881\"><a href=\"https:\/\/ines-co.com\/?page_id=21861\" class=\"item-has-icon icon-position-left\"><i class=\"menu-item-icon\"><\/i><span>Radiofr\u00e9quence<\/span><\/a><\/li>\n<li id=\"menu-item-21880\" class=\"menu-item menu-item-type-post_type menu-item-object-page menu-item-21880\"><a href=\"https:\/\/ines-co.com\/?page_id=21866\" class=\"item-has-icon icon-position-left\"><i class=\"menu-item-icon\"><\/i><span>Radiofr\u00e9quence corps<\/span><\/a><\/li>\n<li id=\"menu-item-21879\" class=\"menu-item menu-item-type-post_type menu-item-object-page menu-item-21879\"><a href=\"https:\/\/ines-co.com\/?page_id=21870\" class=\"item-has-icon icon-position-left\"><i class=\"menu-item-icon\"><\/i><span>Fils Tenseurs<\/span><\/a><\/li>\n<\/ul><\/div><\/div>[\/vc_column][vc_column width=&#8221;3\/4&#8243;][vc_row_inner][vc_column_inner width=&#8221;1\/2&#8243; css=&#8221;.vc_custom_1744295121360{margin-left: 2px !important;}&#8221;]<div id=\"1744284640139-6fd5764f-ac25\" class=\"dt-sc-empty-space\"><\/div>[vc_column_text css=&#8221;&#8221;]<\/p>\n<p class=\"ds-markdown-paragraph\"><strong>Le Plexr (Plasma Ex\u00e9r\u00e8se)<\/strong>\u00a0est un dispositif m\u00e9dical r\u00e9volutionnaire utilis\u00e9 en\u00a0<strong>dermatologie et m\u00e9decine esth\u00e9tique<\/strong>. Cette technique non invasive permet de traiter l\u2019exc\u00e8s de peau des\u00a0<strong>paupi\u00e8res sup\u00e9rieures<\/strong>\u00a0et de r\u00e9aliser un\u00a0<strong>lifting du contour des yeux sans chirurgie<\/strong>. \u00c9galement appel\u00e9e\u00a0<strong>bl\u00e9pharoplastie m\u00e9dicale<\/strong>, cette m\u00e9thode repose sur la\u00a0<strong>sublimation tissulaire par plasma<\/strong>\u00a0pour r\u00e9tracter la peau localement, sans incision, sans suture et sans anesth\u00e9sie g\u00e9n\u00e9rale.<\/p>\n<p class=\"ds-markdown-paragraph\">Chez INESCO Care, nos m\u00e9decins sp\u00e9cialis\u00e9s en\u00a0<strong>m\u00e9decine esth\u00e9tique<\/strong>\u00a0vous proposent cette alternative s\u00fbre et efficace pour un\u00a0<strong>regard rajeuni<\/strong>\u00a0et une correction du\u00a0<strong>rel\u00e2chement cutan\u00e9<\/strong>\u00a0au niveau du contour de l\u2019\u0153il.<\/p>\n<p>[\/vc_column_text][vc_column_text css=&#8221;&#8221;]<\/p>\n<h5>\u00c0 qui s\u2019adresse le traitement Plexr ?<\/h5>\n<p>[\/vc_column_text][vc_column_text css=&#8221;&#8221;]<\/p>\n<ul>\n<li class=\"ds-markdown-paragraph\">Personnes pr\u00e9sentant un\u00a0<strong>exc\u00e8s de peau<\/strong>\u00a0ou des\u00a0<strong>paupi\u00e8res tombantes<\/strong>\u00a0(ptose l\u00e9g\u00e8re).<\/li>\n<li class=\"ds-markdown-paragraph\">Celles souhaitant att\u00e9nuer les\u00a0<strong>rides des paupi\u00e8res<\/strong>\u00a0et am\u00e9liorer le\u00a0<strong>rel\u00e2chement cutan\u00e9<\/strong>\u00a0localis\u00e9.<\/li>\n<li class=\"ds-markdown-paragraph\">Toute personne g\u00ean\u00e9e par un\u00a0<strong>regard fatigu\u00e9<\/strong>\u00a0ou alourdi.<\/li>\n<li class=\"ds-markdown-paragraph\">Les patients recherchant une\u00a0<strong>alternative non chirurgicale<\/strong>\u00a0\u00e0 la bl\u00e9pharoplastie traditionnelle.<\/li>\n<li class=\"ds-markdown-paragraph\">Ceux qui souhaitent un\u00a0<strong>raffermissement<\/strong>\u00a0de la peau des paupi\u00e8res avec une\u00a0<strong>r\u00e9cup\u00e9ration rapide<\/strong>.<\/li>\n<\/ul>\n<p>[\/vc_column_text]<a href='https:\/\/ines-co.com\/?page_id=21265' target='_self' title='Devis' class='dt-sc-button   medium icon-right with-icon  bordered  type2' data-delay='0' > demande de devis <\/a><div id=\"1745577569858-3c0459c5-6b08\" class=\"dt-sc-empty-space\"><\/div>[\/vc_column_inner][vc_column_inner width=&#8221;1\/2&#8243;]<div id=\"1744292901684-134d992c-3b1f\" class=\"dt-sc-empty-space\"><\/div>[vc_single_image image=&#8221;21859&#8243; img_size=&#8221;full&#8221; css=&#8221;&#8221; el_class=&#8221;custom-img-border&#8221;][vc_column_text css=&#8221;&#8221;]<\/p>\n<h5>Zones Trait\u00e9es &amp; Objectifs<\/h5>\n<p>[\/vc_column_text][vc_column_text css=&#8221;&#8221;]<\/p>\n<p class=\"ds-markdown-paragraph\"><strong>Zones cibl\u00e9es :<\/strong><\/p>\n<ul>\n<li class=\"ds-markdown-paragraph\"><strong>Paupi\u00e8res sup\u00e9rieures<\/strong>\u00a0(exc\u00e8s de peau, plis cutan\u00e9s).<\/li>\n<li class=\"ds-markdown-paragraph\"><strong>Paupi\u00e8res inf\u00e9rieures<\/strong>\u00a0(rel\u00e2chement l\u00e9ger, rides).<\/li>\n<li class=\"ds-markdown-paragraph\"><strong>Contour des yeux<\/strong>\u00a0(fines ridules, peau distendue).<\/li>\n<\/ul>\n<p class=\"ds-markdown-paragraph\"><strong>Objectifs esth\u00e9tiques :<\/strong><\/p>\n<ul>\n<li class=\"ds-markdown-paragraph\"><strong>Raffermir la peau<\/strong>\u00a0et la\u00a0<strong>r\u00e9tracter<\/strong>\u00a0naturellement.<\/li>\n<li class=\"ds-markdown-paragraph\"><strong>Ouvrir le regard<\/strong>\u00a0et att\u00e9nuer l\u2019aspect fatigu\u00e9.<\/li>\n<li class=\"ds-markdown-paragraph\"><strong>Rajeunir le contour des yeux<\/strong>\u00a0sans passer par le bloc op\u00e9ratoire.<\/li>\n<li class=\"ds-markdown-paragraph\"><strong>Corriger une ptose l\u00e9g\u00e8re<\/strong>\u00a0des paupi\u00e8res.<\/li>\n<\/ul>\n<p>[\/vc_column_text][\/vc_column_inner][\/vc_row_inner][\/vc_column][\/vc_row][vc_row][vc_column width=&#8221;1\/4&#8243;]<div id=\"1745413299218-d0ed2dda-6256\" class=\"dt-sc-empty-space\"><\/div><div id=\"1745413299218-e7eec482-7d87\" class=\"dt-sc-empty-space\"><\/div><div id=\"1745413299218-d626b89d-5175\" class=\"dt-sc-empty-space\"><\/div>[\/vc_column][\/vc_row]<\/p>\n<\/div>","protected":false},"excerpt":{"rendered":"<p>[vc_row][vc_column width=&#8221;1\/4&#8243;][vc_custom_heading text=&#8221;M\u00e9decine Esth\u00e9tique&#8221; font_container=&#8221;tag:p|font_size:20|text_align:justify&#8221; use_theme_fonts=&#8221;yes&#8221; css=&#8221;&#8221;][\/vc_column][vc_column width=&#8221;3\/4&#8243;][vc_row_inner][vc_column_inner width=&#8221;1\/2&#8243; css=&#8221;.vc_custom_1744295121360{margin-left: 2px !important;}&#8221;][vc_column_text css=&#8221;&#8221;] Le Plexr (Plasma Ex\u00e9r\u00e8se)\u00a0est un dispositif m\u00e9dical r\u00e9volutionnaire utilis\u00e9 en\u00a0dermatologie et m\u00e9decine esth\u00e9tique. Cette technique non invasive permet de traiter l\u2019exc\u00e8s de peau des\u00a0paupi\u00e8res sup\u00e9rieures\u00a0et de r\u00e9aliser un\u00a0lifting du contour des yeux sans chirurgie. \u00c9galement appel\u00e9e\u00a0bl\u00e9pharoplastie m\u00e9dicale, cette m\u00e9thode repose sur la\u00a0sublimation [&hellip;]<\/p>\n","protected":false},"author":2,"featured_media":0,"parent":0,"menu_order":0,"comment_status":"closed","ping_status":"closed","template":"","meta":{"footnotes":""},"class_list":["post-21857","page","type-page","status-publish","hentry"],"_links":{"self":[{"href":"https:\/\/ines-co.com\/index.php?rest_route=\/wp\/v2\/pages\/21857","targetHints":{"allow":["GET"]}}],"collection":[{"href":"https:\/\/ines-co.com\/index.php?rest_route=\/wp\/v2\/pages"}],"about":[{"href":"https:\/\/ines-co.com\/index.php?rest_route=\/wp\/v2\/types\/page"}],"author":[{"embeddable":true,"href":"https:\/\/ines-co.com\/index.php?rest_route=\/wp\/v2\/users\/2"}],"replies":[{"embeddable":true,"href":"https:\/\/ines-co.com\/index.php?rest_route=%2Fwp%2Fv2%2Fcomments&post=21857"}],"version-history":[{"count":4,"href":"https:\/\/ines-co.com\/index.php?rest_route=\/wp\/v2\/pages\/21857\/revisions"}],"predecessor-version":[{"id":22361,"href":"https:\/\/ines-co.com\/index.php?rest_route=\/wp\/v2\/pages\/21857\/revisions\/22361"}],"wp:attachment":[{"href":"https:\/\/ines-co.com\/index.php?rest_route=%2Fwp%2Fv2%2Fmedia&parent=21857"}],"curies":[{"name":"wp","href":"https:\/\/api.w.org\/{rel}","templated":true}]}}