{"id":21848,"date":"2025-04-28T15:59:25","date_gmt":"2025-04-28T15:59:25","guid":{"rendered":"https:\/\/ines-co.com\/?page_id=21848"},"modified":"2026-04-07T13:59:32","modified_gmt":"2026-04-07T13:59:32","slug":"lumiere-led-photomodulation-par-led","status":"publish","type":"page","link":"https:\/\/ines-co.com\/?page_id=21848","title":{"rendered":"Lumi\u00e8re led \u2013 Photomodulation Par Led"},"content":{"rendered":"<div class=\"wpb-content-wrapper\"><p>[vc_row][vc_column width=&#8221;1\/4&#8243;]<div id=\"1744293887292-61febcd9-ef9a\" class=\"dt-sc-empty-space\"><\/div><div id=\"1744293867661-3150727c-8fa9\" class=\"dt-sc-empty-space\"><\/div><div id=\"1744294995996-4d7f99ee-99d6\" class=\"dt-sc-empty-space\"><\/div>[vc_custom_heading text=&#8221;M\u00e9decine Esth\u00e9tique&#8221; font_container=&#8221;tag:p|font_size:20|text_align:justify&#8221; use_theme_fonts=&#8221;yes&#8221; css=&#8221;&#8221;]<div id=\"1744295011070-67885103-b5c8\" class=\"dt-sc-empty-space\"><\/div><div id=\"dt-1744295003964-710f20a8-0be7\" class=\"dt-custom-nav-wrapper none inline-vertical\" data-delay=\"0\" data-default-style = \"none\" data-hover-style = \"none\" data-default-decoration = \"overline\" data-hover-decoration = \"none\"><div class=\"menu-medecine-esthetique-container\"><ul id=\"menu-medecine-esthetique\" class=\"custom-sub-nav dt-custom-nav\"><li id=\"menu-item-21818\" class=\"menu-item menu-item-type-post_type menu-item-object-page menu-item-21818\"><a href=\"https:\/\/ines-co.com\/?page_id=21816\" class=\"item-has-icon icon-position-left\"><i class=\"menu-item-icon\"><\/i><span>Peeling<\/span><\/a><\/li>\n<li id=\"menu-item-21825\" class=\"menu-item menu-item-type-post_type menu-item-object-page menu-item-21825\"><a href=\"https:\/\/ines-co.com\/?page_id=21819\" class=\"item-has-icon icon-position-left\"><i class=\"menu-item-icon\"><\/i><span>Traitement par LASER<\/span><\/a><\/li>\n<li id=\"menu-item-21824\" class=\"menu-item menu-item-type-post_type menu-item-object-page menu-item-21824\"><a href=\"https:\/\/ines-co.com\/?page_id=21820\" class=\"item-has-icon icon-position-left\"><i class=\"menu-item-icon\"><\/i><span>Injections<\/span><\/a><\/li>\n<li id=\"menu-item-21883\" class=\"menu-item menu-item-type-post_type menu-item-object-page menu-item-21883\"><a href=\"https:\/\/ines-co.com\/?page_id=21848\" class=\"item-has-icon icon-position-left\"><i class=\"menu-item-icon\"><\/i><span>Lumi\u00e8re led \u2013 Photomodulation Par Led<\/span><\/a><\/li>\n<li id=\"menu-item-21882\" class=\"menu-item menu-item-type-post_type menu-item-object-page menu-item-21882\"><a href=\"https:\/\/ines-co.com\/?page_id=21857\" class=\"item-has-icon icon-position-left\"><i class=\"menu-item-icon\"><\/i><span>Plexr<\/span><\/a><\/li>\n<li id=\"menu-item-21881\" class=\"menu-item menu-item-type-post_type menu-item-object-page menu-item-21881\"><a href=\"https:\/\/ines-co.com\/?page_id=21861\" class=\"item-has-icon icon-position-left\"><i class=\"menu-item-icon\"><\/i><span>Radiofr\u00e9quence<\/span><\/a><\/li>\n<li id=\"menu-item-21880\" class=\"menu-item menu-item-type-post_type menu-item-object-page menu-item-21880\"><a href=\"https:\/\/ines-co.com\/?page_id=21866\" class=\"item-has-icon icon-position-left\"><i class=\"menu-item-icon\"><\/i><span>Radiofr\u00e9quence corps<\/span><\/a><\/li>\n<li id=\"menu-item-21879\" class=\"menu-item menu-item-type-post_type menu-item-object-page menu-item-21879\"><a href=\"https:\/\/ines-co.com\/?page_id=21870\" class=\"item-has-icon icon-position-left\"><i class=\"menu-item-icon\"><\/i><span>Fils Tenseurs<\/span><\/a><\/li>\n<\/ul><\/div><\/div>[\/vc_column][vc_column width=&#8221;3\/4&#8243;]<div id=\"1745577569858-3c0459c5-6b08\" class=\"dt-sc-empty-space\"><\/div><div id=\"1772528680365-11a78de3-be90\" class=\"dt-sc-empty-space\"><\/div>[vc_column_text css=&#8221;&#8221;]<\/p>\n<p class=\"ds-markdown-paragraph\"><strong>La photomodulation par LED<\/strong>\u00a0est une technique de\u00a0<strong>m\u00e9decine esth\u00e9tique<\/strong>\u00a0qui consiste \u00e0 \u00e9mettre des\u00a0<strong>lumi\u00e8res froides<\/strong>\u00a0sur les cellules de la peau pour obtenir une\u00a0<strong>biostimulation<\/strong>\u00a0et une\u00a0<strong>r\u00e9g\u00e9n\u00e9ration cellulaire<\/strong>. Contrairement aux lasers, cette\u00a0<strong>th\u00e9rapie par lumi\u00e8re froide<\/strong>\u00a0ne produit pas de chaleur, ce qui en fait un soin\u00a0<strong>non invasif<\/strong>, sans douleur et sans temps de r\u00e9cup\u00e9ration.<\/p>\n<p class=\"ds-markdown-paragraph\">Chez INESCO Care, nous utilisons la\u00a0<strong>lampe LED<\/strong>\u00a0pour des soins du\u00a0<strong>visage, du cou, du d\u00e9collet\u00e9 et des mains<\/strong>, mais aussi pour traiter les\u00a0<strong>zones corporelles cicatricielles<\/strong>. Ce traitement est id\u00e9al pour l&#8217;<strong>hydratation<\/strong>, retrouver l&#8217;<strong>\u00e9clat du teint<\/strong>, le\u00a0<strong>resserrement des pores<\/strong>\u00a0et lutter contre le\u00a0<strong>rel\u00e2chement cutan\u00e9<\/strong>. Ses effets sont \u00e9galement remarquables sur la\u00a0<strong>r\u00e9paration tissulaire<\/strong>\u00a0:\u00a0<strong>cicatrices r\u00e9centes<\/strong>,\u00a0<strong>vergetures<\/strong>, br\u00fblures et coups de soleil.<\/p>\n<p>[\/vc_column_text][vc_row_inner][vc_column_inner width=&#8221;1\/2&#8243; css=&#8221;.vc_custom_1744295121360{margin-left: 2px !important;}&#8221;][vc_single_image image=&#8221;21852&#8243; img_size=&#8221;full&#8221; css=&#8221;&#8221; el_class=&#8221;custom-img-border&#8221;][vc_column_text css=&#8221;&#8221;]<\/p>\n<h5>\u00c0 qui s&#8217;adresse la Photomodulation LED ?<\/h5>\n<p>[\/vc_column_text][vc_column_text css=&#8221;&#8221;]<\/p>\n<ul>\n<li class=\"ds-markdown-paragraph\">Personnes souhaitant am\u00e9liorer l&#8217;<strong>\u00e9clat du teint<\/strong>\u00a0et lutter contre la\u00a0<strong>peau terne<\/strong>.<\/li>\n<li class=\"ds-markdown-paragraph\">Patients pr\u00e9sentant de l&#8217;<strong>acn\u00e9<\/strong>\u00a0ou des\u00a0<strong>boutons<\/strong>.<\/li>\n<li class=\"ds-markdown-paragraph\">Ceux souffrant de\u00a0<strong>rougeurs<\/strong>,\u00a0<strong>rosac\u00e9e<\/strong>\u00a0ou d&#8217;<strong>inflammations<\/strong>\u00a0cutan\u00e9es.<\/li>\n<li class=\"ds-markdown-paragraph\">Personnes d\u00e9sireuses d&#8217;att\u00e9nuer les\u00a0<strong>rides fines<\/strong>, les\u00a0<strong>ridules<\/strong>\u00a0et pr\u00e9venir le\u00a0<strong>rel\u00e2chement cutan\u00e9<\/strong>.<\/li>\n<li class=\"ds-markdown-paragraph\">Individus concern\u00e9s par les\u00a0<strong>taches pigmentaires<\/strong>, le\u00a0<strong>vieillissement cutan\u00e9<\/strong>\u00a0ou les\u00a0<strong>cicatrices<\/strong>.<\/li>\n<li class=\"ds-markdown-paragraph\">Toute personne cherchant une\u00a0<strong>hydratation profonde<\/strong>\u00a0et une\u00a0<strong>am\u00e9lioration de la texture<\/strong>\u00a0de la peau.<\/li>\n<\/ul>\n<p>[\/vc_column_text]<div id=\"1772528649283-9112560d-ea47\" class=\"dt-sc-empty-space\"><\/div>[\/vc_column_inner][vc_column_inner width=&#8221;1\/2&#8243;][vc_column_text css=&#8221;&#8221;]<\/p>\n<h5>Les Couleurs LED et Leurs Bienfaits Sp\u00e9cifiques<\/h5>\n<p>[\/vc_column_text][vc_column_text css=&#8221;&#8221;]<\/p>\n<p class=\"ds-markdown-paragraph\">Chaque longueur d&#8217;onde (couleur) p\u00e9n\u00e8tre la peau \u00e0 une profondeur diff\u00e9rente et cible des probl\u00e9matiques sp\u00e9cifiques. Notre\u00a0<strong>protocole personnalis\u00e9<\/strong>\u00a0combine souvent plusieurs lumi\u00e8res pour un r\u00e9sultat optimal.<\/p>\n<ul>\n<li class=\"ds-markdown-paragraph\"><strong>Lumi\u00e8re Violette (405 nm)<\/strong>\u00a0:\u00a0<strong>R\u00e9g\u00e9n\u00e9ration cellulaire<\/strong>. Traite la\u00a0<strong>rosac\u00e9e<\/strong>\u00a0et r\u00e9duit les douleurs inflammatoires.<\/li>\n<li class=\"ds-markdown-paragraph\"><strong>Lumi\u00e8re Bleue (460 nm)<\/strong>\u00a0: Action antibact\u00e9rienne.\u00a0<strong>D\u00e9truit les bact\u00e9ries responsables de l&#8217;acn\u00e9<\/strong>, id\u00e9ale pour le\u00a0<strong>traitement LED acn\u00e9<\/strong>.<\/li>\n<li class=\"ds-markdown-paragraph\"><strong>Lumi\u00e8re Cyan (490 nm)<\/strong>\u00a0: Apaise et traite les\u00a0<strong>capillaires gonfl\u00e9s<\/strong>\u00a0et\u00a0<strong>enflamm\u00e9s<\/strong>.<\/li>\n<li class=\"ds-markdown-paragraph\"><strong>Lumi\u00e8re Verte (530 nm)<\/strong>\u00a0:\u00a0<strong>Uniformisation du teint<\/strong>. Inhibe l&#8217;exc\u00e8s de m\u00e9lanine et r\u00e9duit les\u00a0<strong>taches pigmentaires<\/strong>\u00a0et\u00a0<strong>taches de vieillesse<\/strong>.<\/li>\n<li class=\"ds-markdown-paragraph\"><strong>Lumi\u00e8re Jaune (580 nm)<\/strong>\u00a0: Stimule la\u00a0<strong>circulation sanguine<\/strong>\u00a0et lymphatique, active l&#8217;\u00e9limination des\u00a0<strong>toxines<\/strong>. Utile pour les probl\u00e8mes de\u00a0<strong>pigmentation<\/strong>.<\/li>\n<li class=\"ds-markdown-paragraph\"><strong>Lumi\u00e8re Orange (605 nm)<\/strong>\u00a0: Revitalise la peau, r\u00e9duit les\u00a0<strong>toxines<\/strong>\u00a0et am\u00e9liore un\u00a0<strong>teint terne<\/strong>\u00a0pour un\u00a0<strong>\u00e9clat sain et radieux<\/strong>.<\/li>\n<li class=\"ds-markdown-paragraph\"><strong>Lumi\u00e8re Rouge (625 nm)<\/strong>\u00a0:\u00a0<strong>Stimulation du collag\u00e8ne<\/strong>. Cible les\u00a0<strong>rides<\/strong>,\u00a0<strong>ridules<\/strong>\u00a0et redonne de l&#8217;\u00e9nergie au niveau cellulaire pour une\u00a0<strong>peau plus ferme<\/strong>.<\/li>\n<li class=\"ds-markdown-paragraph\"><strong>Lumi\u00e8re Infrarouge (850 nm)<\/strong>\u00a0: P\u00e9n\u00e8tre le plus profond\u00e9ment. Amplifie les effets de la\u00a0<strong>lumi\u00e8re rouge<\/strong>\u00a0pour une am\u00e9lioration accrue de la\u00a0<strong>production de collag\u00e8ne<\/strong>\u00a0et de\u00a0<strong>l&#8217;\u00e9lasticit\u00e9<\/strong>\u00a0de la peau.<\/li>\n<\/ul>\n<p>[\/vc_column_text]<a href='https:\/\/ines-co.com\/?page_id=21265' target='_self' title='Devis' class='dt-sc-button   medium icon-right with-icon  bordered  type2' data-delay='0' > demande de devis <\/a>[\/vc_column_inner][\/vc_row_inner][\/vc_column][\/vc_row][vc_row][vc_column width=&#8221;1\/4&#8243;]<div id=\"1745413299218-d0ed2dda-6256\" class=\"dt-sc-empty-space\"><\/div><div id=\"1745413299218-e7eec482-7d87\" class=\"dt-sc-empty-space\"><\/div><div id=\"1745413299218-d626b89d-5175\" class=\"dt-sc-empty-space\"><\/div>[\/vc_column][\/vc_row]<\/p>\n<\/div>","protected":false},"excerpt":{"rendered":"<p>[vc_row][vc_column width=&#8221;1\/4&#8243;][vc_custom_heading text=&#8221;M\u00e9decine Esth\u00e9tique&#8221; font_container=&#8221;tag:p|font_size:20|text_align:justify&#8221; use_theme_fonts=&#8221;yes&#8221; css=&#8221;&#8221;][\/vc_column][vc_column width=&#8221;3\/4&#8243;][vc_column_text css=&#8221;&#8221;] La photomodulation par LED\u00a0est une technique de\u00a0m\u00e9decine esth\u00e9tique\u00a0qui consiste \u00e0 \u00e9mettre des\u00a0lumi\u00e8res froides\u00a0sur les cellules de la peau pour obtenir une\u00a0biostimulation\u00a0et une\u00a0r\u00e9g\u00e9n\u00e9ration cellulaire. Contrairement aux lasers, cette\u00a0th\u00e9rapie par lumi\u00e8re froide\u00a0ne produit pas de chaleur, ce qui en fait un soin\u00a0non invasif, sans douleur et sans temps [&hellip;]<\/p>\n","protected":false},"author":2,"featured_media":0,"parent":0,"menu_order":0,"comment_status":"closed","ping_status":"closed","template":"","meta":{"footnotes":""},"class_list":["post-21848","page","type-page","status-publish","hentry"],"_links":{"self":[{"href":"https:\/\/ines-co.com\/index.php?rest_route=\/wp\/v2\/pages\/21848","targetHints":{"allow":["GET"]}}],"collection":[{"href":"https:\/\/ines-co.com\/index.php?rest_route=\/wp\/v2\/pages"}],"about":[{"href":"https:\/\/ines-co.com\/index.php?rest_route=\/wp\/v2\/types\/page"}],"author":[{"embeddable":true,"href":"https:\/\/ines-co.com\/index.php?rest_route=\/wp\/v2\/users\/2"}],"replies":[{"embeddable":true,"href":"https:\/\/ines-co.com\/index.php?rest_route=%2Fwp%2Fv2%2Fcomments&post=21848"}],"version-history":[{"count":8,"href":"https:\/\/ines-co.com\/index.php?rest_route=\/wp\/v2\/pages\/21848\/revisions"}],"predecessor-version":[{"id":22362,"href":"https:\/\/ines-co.com\/index.php?rest_route=\/wp\/v2\/pages\/21848\/revisions\/22362"}],"wp:attachment":[{"href":"https:\/\/ines-co.com\/index.php?rest_route=%2Fwp%2Fv2%2Fmedia&parent=21848"}],"curies":[{"name":"wp","href":"https:\/\/api.w.org\/{rel}","templated":true}]}}