{"id":21816,"date":"2025-04-28T15:04:20","date_gmt":"2025-04-28T15:04:20","guid":{"rendered":"https:\/\/ines-co.com\/?page_id=21816"},"modified":"2026-04-07T14:00:24","modified_gmt":"2026-04-07T14:00:24","slug":"peeling","status":"publish","type":"page","link":"https:\/\/ines-co.com\/?page_id=21816","title":{"rendered":"Peeling"},"content":{"rendered":"<div class=\"wpb-content-wrapper\"><p>[vc_row][vc_column width=&#8221;1\/4&#8243;]<div id=\"1744293887292-61febcd9-ef9a\" class=\"dt-sc-empty-space\"><\/div><div id=\"1744293867661-3150727c-8fa9\" class=\"dt-sc-empty-space\"><\/div><div id=\"1744294995996-4d7f99ee-99d6\" class=\"dt-sc-empty-space\"><\/div>[vc_custom_heading text=&#8221;M\u00e9decine Esth\u00e9tique&#8221; font_container=&#8221;tag:p|font_size:20|text_align:justify&#8221; use_theme_fonts=&#8221;yes&#8221; css=&#8221;&#8221;]<div id=\"1744295011070-67885103-b5c8\" class=\"dt-sc-empty-space\"><\/div><div id=\"dt-1744295003964-710f20a8-0be7\" class=\"dt-custom-nav-wrapper none inline-vertical\" data-delay=\"0\" data-default-style = \"none\" data-hover-style = \"none\" data-default-decoration = \"overline\" data-hover-decoration = \"none\"><div class=\"menu-medecine-esthetique-container\"><ul id=\"menu-medecine-esthetique\" class=\"custom-sub-nav dt-custom-nav\"><li id=\"menu-item-21818\" class=\"menu-item menu-item-type-post_type menu-item-object-page menu-item-21818\"><a href=\"https:\/\/ines-co.com\/?page_id=21816\" class=\"item-has-icon icon-position-left\"><i class=\"menu-item-icon\"><\/i><span>Peeling<\/span><\/a><\/li>\n<li id=\"menu-item-21825\" class=\"menu-item menu-item-type-post_type menu-item-object-page menu-item-21825\"><a href=\"https:\/\/ines-co.com\/?page_id=21819\" class=\"item-has-icon icon-position-left\"><i class=\"menu-item-icon\"><\/i><span>Traitement par LASER<\/span><\/a><\/li>\n<li id=\"menu-item-21824\" class=\"menu-item menu-item-type-post_type menu-item-object-page menu-item-21824\"><a href=\"https:\/\/ines-co.com\/?page_id=21820\" class=\"item-has-icon icon-position-left\"><i class=\"menu-item-icon\"><\/i><span>Injections<\/span><\/a><\/li>\n<li id=\"menu-item-21883\" class=\"menu-item menu-item-type-post_type menu-item-object-page menu-item-21883\"><a href=\"https:\/\/ines-co.com\/?page_id=21848\" class=\"item-has-icon icon-position-left\"><i class=\"menu-item-icon\"><\/i><span>Lumi\u00e8re led \u2013 Photomodulation Par Led<\/span><\/a><\/li>\n<li id=\"menu-item-21882\" class=\"menu-item menu-item-type-post_type menu-item-object-page menu-item-21882\"><a href=\"https:\/\/ines-co.com\/?page_id=21857\" class=\"item-has-icon icon-position-left\"><i class=\"menu-item-icon\"><\/i><span>Plexr<\/span><\/a><\/li>\n<li id=\"menu-item-21881\" class=\"menu-item menu-item-type-post_type menu-item-object-page menu-item-21881\"><a href=\"https:\/\/ines-co.com\/?page_id=21861\" class=\"item-has-icon icon-position-left\"><i class=\"menu-item-icon\"><\/i><span>Radiofr\u00e9quence<\/span><\/a><\/li>\n<li id=\"menu-item-21880\" class=\"menu-item menu-item-type-post_type menu-item-object-page menu-item-21880\"><a href=\"https:\/\/ines-co.com\/?page_id=21866\" class=\"item-has-icon icon-position-left\"><i class=\"menu-item-icon\"><\/i><span>Radiofr\u00e9quence corps<\/span><\/a><\/li>\n<li id=\"menu-item-21879\" class=\"menu-item menu-item-type-post_type menu-item-object-page menu-item-21879\"><a href=\"https:\/\/ines-co.com\/?page_id=21870\" class=\"item-has-icon icon-position-left\"><i class=\"menu-item-icon\"><\/i><span>Fils Tenseurs<\/span><\/a><\/li>\n<\/ul><\/div><\/div>[\/vc_column][vc_column width=&#8221;3\/4&#8243;][vc_row_inner][vc_column_inner width=&#8221;1\/2&#8243; css=&#8221;.vc_custom_1744295121360{margin-left: 2px !important;}&#8221;]<div id=\"1744284640139-6fd5764f-ac25\" class=\"dt-sc-empty-space\"><\/div>[vc_column_text css=&#8221;&#8221;]Le\u00a0<strong>peeling visage en Tunisie<\/strong>\u00a0est un\u00a0<strong>traitement de m\u00e9decine esth\u00e9tique<\/strong>\u00a0qui consiste \u00e0 appliquer une\u00a0<strong>substance exfoliante<\/strong>\u00a0(acide) sur la peau pour\u00a0<strong>stimuler son renouvellement cellulaire<\/strong>. Chez INESCO Care, nous proposons des\u00a0<strong>peelings chimiques<\/strong>\u00a0personnalis\u00e9s, des\u00a0<strong>peelings superficiels aux acides de fruits<\/strong>\u00a0aux\u00a0<strong>peelings moyens au TCA<\/strong>, r\u00e9alis\u00e9s par des\u00a0<strong>dermatologues esth\u00e9tiques sp\u00e9cialis\u00e9s en Tunisie<\/strong>. Cette technique permet de corriger\u00a0<strong>rides, taches brunes, cicatrices d\u2019acn\u00e9<\/strong>\u00a0et\u00a0<strong>irr\u00e9gularit\u00e9s cutan\u00e9es<\/strong>\u00a0pour une\u00a0<strong>peau lisse, uniforme et rajeunie<\/strong>.[\/vc_column_text][vc_column_text css=&#8221;&#8221;]<\/p>\n<h5><strong>Qu\u2019est-ce qu\u2019un peeling chimique ?<\/strong><\/h5>\n<p>[\/vc_column_text][vc_column_text css=&#8221;&#8221;]<\/p>\n<p class=\"ds-markdown-paragraph\">Il s\u2019agit d\u2019une\u00a0<strong>exfoliation m\u00e9dicale contr\u00f4l\u00e9e<\/strong>\u00a0qui \u00e9limine les couches superficielles ou moyennes de l\u2019\u00e9piderme. Selon la concentration et le type d\u2019acide utilis\u00e9, on distingue :<\/p>\n<ul>\n<li class=\"ds-markdown-paragraph\"><strong>Peeling superficiel<\/strong>\u00a0: aux\u00a0<strong>acides de fruits<\/strong>\u00a0(AHA) pour un\u00a0<strong>teint lumineux<\/strong>, lissage l\u00e9ger, traitement de l\u2019acn\u00e9 l\u00e9g\u00e8re.<\/li>\n<li class=\"ds-markdown-paragraph\"><strong>Peeling moyen<\/strong>\u00a0: au\u00a0<strong>TCA (Acide Trichloroac\u00e9tique)<\/strong>\u00a0pour traiter\u00a0<strong>rides mod\u00e9r\u00e9es, taches pigmentaires, cicatrices d\u2019acn\u00e9<\/strong>.<\/li>\n<li class=\"ds-markdown-paragraph\"><strong>Peeling profond<\/strong>\u00a0: moins fr\u00e9quent, r\u00e9serv\u00e9 \u00e0 des cas sp\u00e9cifiques sous surveillance m\u00e9dicale stricte.<\/li>\n<\/ul>\n<p>[\/vc_column_text]<a href='https:\/\/ines-co.com\/?page_id=21265' target='_self' title='Devis' class='dt-sc-button   medium icon-right with-icon  bordered  type2' data-delay='0' > demande de devis <\/a><div id=\"1745577569858-3c0459c5-6b08\" class=\"dt-sc-empty-space\"><\/div>[\/vc_column_inner][vc_column_inner width=&#8221;1\/2&#8243;]<div id=\"1744292901684-134d992c-3b1f\" class=\"dt-sc-empty-space\"><\/div>[vc_single_image image=&#8221;21828&#8243; img_size=&#8221;full&#8221; css=&#8221;&#8221; el_class=&#8221;custom-img-border&#8221;][vc_column_text css=&#8221;&#8221;]<\/p>\n<h5><strong>\u00c0 qui s\u2019adresse le peeling du visage ?<\/strong><\/h5>\n<p>[\/vc_column_text][vc_column_text css=&#8221;&#8221;]<\/p>\n<ul>\n<li class=\"ds-markdown-paragraph\">Personnes souhaitant\u00a0<strong>am\u00e9liorer la texture et l\u2019\u00e9clat<\/strong>\u00a0de leur peau.<\/li>\n<li class=\"ds-markdown-paragraph\">Patients pr\u00e9sentant des\u00a0<strong>taches pigmentaires<\/strong>\u00a0(soleil, m\u00e9lasma).<\/li>\n<li class=\"ds-markdown-paragraph\">Ceux qui ont des\u00a0<strong>cicatrices d\u2019acn\u00e9<\/strong>\u00a0superficielles ou des\u00a0<strong>rides fines<\/strong>.<\/li>\n<li class=\"ds-markdown-paragraph\">Individus \u00e0 la\u00a0<strong>peau terne, irr\u00e9guli\u00e8re<\/strong>\u00a0ou pr\u00e9sentant des\u00a0<strong>pores dilat\u00e9s<\/strong>.<\/li>\n<\/ul>\n<p>[\/vc_column_text][\/vc_column_inner][\/vc_row_inner][\/vc_column][\/vc_row][vc_row][vc_column width=&#8221;1\/4&#8243;]<div id=\"1745413299218-d0ed2dda-6256\" class=\"dt-sc-empty-space\"><\/div><div id=\"1745413299218-e7eec482-7d87\" class=\"dt-sc-empty-space\"><\/div><div id=\"1745413299218-d626b89d-5175\" class=\"dt-sc-empty-space\"><\/div>[\/vc_column][\/vc_row]<\/p>\n<\/div>","protected":false},"excerpt":{"rendered":"<p>[vc_row][vc_column width=&#8221;1\/4&#8243;][vc_custom_heading text=&#8221;M\u00e9decine Esth\u00e9tique&#8221; font_container=&#8221;tag:p|font_size:20|text_align:justify&#8221; use_theme_fonts=&#8221;yes&#8221; css=&#8221;&#8221;][\/vc_column][vc_column width=&#8221;3\/4&#8243;][vc_row_inner][vc_column_inner width=&#8221;1\/2&#8243; css=&#8221;.vc_custom_1744295121360{margin-left: 2px !important;}&#8221;][vc_column_text css=&#8221;&#8221;]Le\u00a0peeling visage en Tunisie\u00a0est un\u00a0traitement de m\u00e9decine esth\u00e9tique\u00a0qui consiste \u00e0 appliquer une\u00a0substance exfoliante\u00a0(acide) sur la peau pour\u00a0stimuler son renouvellement cellulaire. Chez INESCO Care, nous proposons des\u00a0peelings chimiques\u00a0personnalis\u00e9s, des\u00a0peelings superficiels aux acides de fruits\u00a0aux\u00a0peelings moyens au TCA, r\u00e9alis\u00e9s par des\u00a0dermatologues esth\u00e9tiques sp\u00e9cialis\u00e9s en Tunisie. [&hellip;]<\/p>\n","protected":false},"author":2,"featured_media":0,"parent":0,"menu_order":0,"comment_status":"closed","ping_status":"closed","template":"","meta":{"footnotes":""},"class_list":["post-21816","page","type-page","status-publish","hentry"],"_links":{"self":[{"href":"https:\/\/ines-co.com\/index.php?rest_route=\/wp\/v2\/pages\/21816","targetHints":{"allow":["GET"]}}],"collection":[{"href":"https:\/\/ines-co.com\/index.php?rest_route=\/wp\/v2\/pages"}],"about":[{"href":"https:\/\/ines-co.com\/index.php?rest_route=\/wp\/v2\/types\/page"}],"author":[{"embeddable":true,"href":"https:\/\/ines-co.com\/index.php?rest_route=\/wp\/v2\/users\/2"}],"replies":[{"embeddable":true,"href":"https:\/\/ines-co.com\/index.php?rest_route=%2Fwp%2Fv2%2Fcomments&post=21816"}],"version-history":[{"count":5,"href":"https:\/\/ines-co.com\/index.php?rest_route=\/wp\/v2\/pages\/21816\/revisions"}],"predecessor-version":[{"id":22365,"href":"https:\/\/ines-co.com\/index.php?rest_route=\/wp\/v2\/pages\/21816\/revisions\/22365"}],"wp:attachment":[{"href":"https:\/\/ines-co.com\/index.php?rest_route=%2Fwp%2Fv2%2Fmedia&parent=21816"}],"curies":[{"name":"wp","href":"https:\/\/api.w.org\/{rel}","templated":true}]}}