{"id":21801,"date":"2025-04-28T14:45:39","date_gmt":"2025-04-28T14:45:39","guid":{"rendered":"https:\/\/ines-co.com\/?page_id=21801"},"modified":"2026-04-07T13:55:42","modified_gmt":"2026-04-07T13:55:42","slug":"chirurgie-des-cheveux","status":"publish","type":"page","link":"https:\/\/ines-co.com\/?page_id=21801","title":{"rendered":"Chirurgie des cheveux"},"content":{"rendered":"<div class=\"wpb-content-wrapper\"><p>[vc_row][vc_column width=&#8221;1\/2&#8243;][vc_row_inner][vc_column_inner css=&#8221;.vc_custom_1744295121360{margin-left: 2px !important;}&#8221;]<div id=\"1745413299218-d626b89d-5175\" class=\"dt-sc-empty-space\"><\/div>[vc_column_text css=&#8221;&#8221;]<\/p>\n<p class=\"ds-markdown-paragraph\">La\u00a0<strong>greffe de cheveux Tunisie<\/strong>\u00a0est une\u00a0<strong>chirurgie capillaire<\/strong>\u00a0de plus en plus r\u00e9pandue, visant \u00e0 corriger la\u00a0<strong>calvitie<\/strong>\u00a0et la\u00a0<strong>chute de cheveux<\/strong>\u00a0pour une\u00a0<strong>repousse des cheveux<\/strong>\u00a0naturelle et durable. Chez INESCO Care, nous proposons des\u00a0<strong>implants capillaires Tunisie<\/strong>\u00a0r\u00e9alis\u00e9s gr\u00e2ce aux techniques modernes\u00a0<strong>FUT, FUE et DHI<\/strong>, assurant une\u00a0<strong>densification capillaire<\/strong>\u00a0harmonieuse et des\u00a0<strong>r\u00e9sultats naturels<\/strong>. Notre approche inclut un\u00a0<strong>traitement de l\u2019alop\u00e9cie<\/strong>\u00a0personnalis\u00e9, adapt\u00e9 aux hommes comme aux femmes, avec des\u00a0<strong>photos avant\/apr\u00e8s greffe<\/strong>\u00a0illustrant des transformations r\u00e9elles.<\/p>\n<p class=\"ds-markdown-paragraph\">Cette\u00a0<strong>chirurgie esth\u00e9tique des cheveux<\/strong>\u00a0est id\u00e9ale pour celles et ceux souhaitant retrouver une chevelure dense et naturelle.<\/p>\n<p>[\/vc_column_text][vc_column_text css=&#8221;&#8221;]<\/p>\n<h4><strong>Qu\u2019est-ce que la greffe de cheveux ?<\/strong><\/h4>\n<p>[\/vc_column_text][vc_column_text css=&#8221;&#8221;]<\/p>\n<p class=\"ds-markdown-paragraph\">La\u00a0<strong>greffe de cheveux<\/strong>\u00a0est une intervention chirurgicale qui consiste \u00e0 pr\u00e9lever des greffons capillaires sains d\u2019une zone donneuse (nuque, tempes) pour les r\u00e9implanter dans les zones clairsem\u00e9es ou d\u00e9garnies. Elle permet de :<\/p>\n<ul>\n<li class=\"ds-markdown-paragraph\">Corriger une\u00a0<strong>calvitie<\/strong>\u00a0naissante ou avanc\u00e9e<\/li>\n<li class=\"ds-markdown-paragraph\">Traiter la\u00a0<strong>chute de cheveux<\/strong>\u00a0localis\u00e9e<\/li>\n<li class=\"ds-markdown-paragraph\">Obtenir une\u00a0<strong>densification capillaire<\/strong>\u00a0naturelle<\/li>\n<li class=\"ds-markdown-paragraph\">Redessiner une ligne frontale ou combler des tempes d\u00e9garnies<\/li>\n<\/ul>\n<p>[\/vc_column_text][vc_column_text css=&#8221;&#8221;]<\/p>\n<h4><strong>\u00c0 qui s\u2019adresse cette chirurgie ?<\/strong><\/h4>\n<p>[\/vc_column_text][vc_column_text css=&#8221;&#8221;]<\/p>\n<p class=\"ds-markdown-paragraph\">La\u00a0<strong>chirurgie des cheveux hommes et femmes<\/strong>\u00a0est recommand\u00e9e pour :<\/p>\n<ul>\n<li class=\"ds-markdown-paragraph\">Les personnes souffrant d\u2019<strong>alop\u00e9cie androg\u00e9n\u00e9tique<\/strong>\u00a0(calvitie commune)<\/li>\n<li class=\"ds-markdown-paragraph\">Les cas de\u00a0<strong>chute de cheveux<\/strong>\u00a0localis\u00e9e apr\u00e8s une chirurgie ou un traumatisme<\/li>\n<li class=\"ds-markdown-paragraph\">Les patients souhaitant une\u00a0<strong>densification capillaire<\/strong>\u00a0pour am\u00e9liorer leur apparence<\/li>\n<li class=\"ds-markdown-paragraph\">Les hommes et femmes d\u00e9sireux d\u2019une\u00a0<strong>repousse des cheveux<\/strong>\u00a0naturelle et d\u00e9finitive<\/li>\n<\/ul>\n<p>[\/vc_column_text]<a href='https:\/\/ines-co.com\/?page_id=21265' target='_self' title='Devis' class='dt-sc-button   medium icon-right with-icon  bordered  type2' data-delay='0' > demande de devis <\/a><div id=\"1745577569858-3c0459c5-6b08\" class=\"dt-sc-empty-space\"><\/div>[\/vc_column_inner][\/vc_row_inner]<div id=\"1745413299218-d0ed2dda-6256\" class=\"dt-sc-empty-space\"><\/div>[\/vc_column][vc_column width=&#8221;1\/2&#8243;]<div id=\"1745851868577-1c410e10-84b9\" class=\"dt-sc-empty-space\"><\/div>[vc_single_image image=&#8221;22175&#8243; img_size=&#8221;full&#8221; css=&#8221;&#8221; el_class=&#8221;custom-img-border&#8221;][vc_column_text css=&#8221;&#8221;]<\/p>\n<h4><strong>Techniques de greffe de cheveux : FUT, FUE et DHI<\/strong><\/h4>\n<p>[\/vc_column_text][vc_column_text css=&#8221;&#8221;]<\/p>\n<h5><strong>Technique FUT (Follicular Unit Transplantation) :<\/strong><\/h5>\n<p class=\"ds-markdown-paragraph\">Pr\u00e9l\u00e8vement d\u2019une bandelette de cuir chevelu, dissection des greffons sous microscope et r\u00e9implantation. Id\u00e9ale pour les greffes massives.<\/p>\n<h5><strong>Technique FUE (Follicular Unit Extraction) :<\/strong><\/h5>\n<p class=\"ds-markdown-paragraph\">Pr\u00e9l\u00e8vement des greffons un par un \u00e0 l\u2019aide d\u2019un micropunch, sans cicatrice lin\u00e9aire. Technique peu invasive avec r\u00e9cup\u00e9ration rapide.<\/p>\n<h5><strong>Technique DHI (Direct Hair Implantation) :<\/strong><\/h5>\n<p class=\"ds-markdown-paragraph\">Implantation directe des greffons \u00e0 l\u2019aide d\u2019un stylo implanteur, sans incision pr\u00e9alable. Pr\u00e9cision maximale et densit\u00e9 optimale.<\/p>\n<p class=\"ds-markdown-paragraph\">Chaque technique est choisie en fonction du type de\u00a0<strong>calvitie<\/strong>, de la qualit\u00e9 du cheveu et des attentes du patient.<\/p>\n<p>[\/vc_column_text][\/vc_column][\/vc_row][vc_row][vc_column width=&#8221;1\/4&#8243;]<div id=\"1745413299218-e7eec482-7d87\" class=\"dt-sc-empty-space\"><\/div>[\/vc_column][\/vc_row]<\/p>\n<\/div>","protected":false},"excerpt":{"rendered":"<p>[vc_row][vc_column width=&#8221;1\/2&#8243;][vc_row_inner][vc_column_inner css=&#8221;.vc_custom_1744295121360{margin-left: 2px !important;}&#8221;][vc_column_text css=&#8221;&#8221;] La\u00a0greffe de cheveux Tunisie\u00a0est une\u00a0chirurgie capillaire\u00a0de plus en plus r\u00e9pandue, visant \u00e0 corriger la\u00a0calvitie\u00a0et la\u00a0chute de cheveux\u00a0pour une\u00a0repousse des cheveux\u00a0naturelle et durable. Chez INESCO Care, nous proposons des\u00a0implants capillaires Tunisie\u00a0r\u00e9alis\u00e9s gr\u00e2ce aux techniques modernes\u00a0FUT, FUE et DHI, assurant une\u00a0densification capillaire\u00a0harmonieuse et des\u00a0r\u00e9sultats naturels. Notre approche inclut un\u00a0traitement de l\u2019alop\u00e9cie\u00a0personnalis\u00e9, [&hellip;]<\/p>\n","protected":false},"author":2,"featured_media":0,"parent":0,"menu_order":0,"comment_status":"closed","ping_status":"closed","template":"","meta":{"footnotes":""},"class_list":["post-21801","page","type-page","status-publish","hentry"],"_links":{"self":[{"href":"https:\/\/ines-co.com\/index.php?rest_route=\/wp\/v2\/pages\/21801","targetHints":{"allow":["GET"]}}],"collection":[{"href":"https:\/\/ines-co.com\/index.php?rest_route=\/wp\/v2\/pages"}],"about":[{"href":"https:\/\/ines-co.com\/index.php?rest_route=\/wp\/v2\/types\/page"}],"author":[{"embeddable":true,"href":"https:\/\/ines-co.com\/index.php?rest_route=\/wp\/v2\/users\/2"}],"replies":[{"embeddable":true,"href":"https:\/\/ines-co.com\/index.php?rest_route=%2Fwp%2Fv2%2Fcomments&post=21801"}],"version-history":[{"count":8,"href":"https:\/\/ines-co.com\/index.php?rest_route=\/wp\/v2\/pages\/21801\/revisions"}],"predecessor-version":[{"id":22354,"href":"https:\/\/ines-co.com\/index.php?rest_route=\/wp\/v2\/pages\/21801\/revisions\/22354"}],"wp:attachment":[{"href":"https:\/\/ines-co.com\/index.php?rest_route=%2Fwp%2Fv2%2Fmedia&parent=21801"}],"curies":[{"name":"wp","href":"https:\/\/api.w.org\/{rel}","templated":true}]}}