{"id":21787,"date":"2025-04-28T12:38:32","date_gmt":"2025-04-28T12:38:32","guid":{"rendered":"https:\/\/ines-co.com\/?page_id=21787"},"modified":"2026-04-07T13:49:52","modified_gmt":"2026-04-07T13:49:52","slug":"lhymenoplastie","status":"publish","type":"page","link":"https:\/\/ines-co.com\/?page_id=21787","title":{"rendered":"L\u2019hym\u00e9noplastie"},"content":{"rendered":"<div class=\"wpb-content-wrapper\"><p>[vc_row][vc_column width=&#8221;1\/4&#8243;]<div id=\"1744293887292-61febcd9-ef9a\" class=\"dt-sc-empty-space\"><\/div><div id=\"1744293867661-3150727c-8fa9\" class=\"dt-sc-empty-space\"><\/div><div id=\"1744294995996-4d7f99ee-99d6\" class=\"dt-sc-empty-space\"><\/div>[vc_custom_heading text=&#8221;La chirurgie intime&#8221; font_container=&#8221;tag:p|font_size:20|text_align:justify&#8221; use_theme_fonts=&#8221;yes&#8221; css=&#8221;&#8221;]<div id=\"1744295011070-67885103-b5c8\" class=\"dt-sc-empty-space\"><\/div><div id=\"dt-1744295003964-710f20a8-0be7\" class=\"dt-custom-nav-wrapper none inline-vertical\" data-delay=\"0\" data-default-style = \"none\" data-hover-style = \"none\" data-default-decoration = \"overline\" data-hover-decoration = \"none\"><div class=\"menu-la-chirurgie-intime-container\"><ul id=\"menu-la-chirurgie-intime\" class=\"custom-sub-nav dt-custom-nav\"><li id=\"menu-item-21763\" class=\"menu-item menu-item-type-post_type menu-item-object-page menu-item-21763\"><a href=\"https:\/\/ines-co.com\/?page_id=21760\" class=\"item-has-icon icon-position-left\"><i class=\"menu-item-icon\"><\/i><span>P\u00e9noplastie d\u2019allongement<\/span><\/a><\/li>\n<li id=\"menu-item-21773\" class=\"menu-item menu-item-type-post_type menu-item-object-page menu-item-21773\"><a href=\"https:\/\/ines-co.com\/?page_id=21771\" class=\"item-has-icon icon-position-left\"><i class=\"menu-item-icon\"><\/i><span>P\u00e9noplastie d\u2019agrandissement<\/span><\/a><\/li>\n<li id=\"menu-item-21779\" class=\"menu-item menu-item-type-post_type menu-item-object-page menu-item-21779\"><a href=\"https:\/\/ines-co.com\/?page_id=21776\" class=\"item-has-icon icon-position-left\"><i class=\"menu-item-icon\"><\/i><span>La Nymphoplastie<\/span><\/a><\/li>\n<li id=\"menu-item-21784\" class=\"menu-item menu-item-type-post_type menu-item-object-page menu-item-21784\"><a href=\"https:\/\/ines-co.com\/?page_id=21782\" class=\"item-has-icon icon-position-left\"><i class=\"menu-item-icon\"><\/i><span>La Vaginoplastie<\/span><\/a><\/li>\n<li id=\"menu-item-21789\" class=\"menu-item menu-item-type-post_type menu-item-object-page menu-item-21789\"><a href=\"https:\/\/ines-co.com\/?page_id=21787\" class=\"item-has-icon icon-position-left\"><i class=\"menu-item-icon\"><\/i><span>L\u2019hym\u00e9noplastie<\/span><\/a><\/li>\n<\/ul><\/div><\/div>[\/vc_column][vc_column width=&#8221;3\/4&#8243;][vc_row_inner][vc_column_inner width=&#8221;1\/2&#8243; css=&#8221;.vc_custom_1744295121360{margin-left: 2px !important;}&#8221;]<div id=\"1744284640139-6fd5764f-ac25\" class=\"dt-sc-empty-space\"><\/div>[vc_column_text css=&#8221;&#8221;]L\u2019<strong>hym\u00e9noplastie en Tunisie<\/strong>\u00a0est une intervention de\u00a0<strong>reconstruction de l\u2019hymen<\/strong>, r\u00e9alis\u00e9e pour des motifs personnels, culturels ou symboliques. Chez INESCO Care, cette\u00a0<strong>chirurgie intime f\u00e9minine<\/strong>\u00a0est pratiqu\u00e9e avec discr\u00e9tion et sensibilit\u00e9 par des\u00a0<strong>chirurgiens esth\u00e9tiques sp\u00e9cialis\u00e9s en Tunisie<\/strong>. Notre objectif est de\u00a0<strong>recr\u00e9er une membrane proche de l\u2019hymen naturel<\/strong>, en offrant une\u00a0<strong>s\u00e9curit\u00e9 psychologique<\/strong>\u00a0et un\u00a0<strong>confort<\/strong>\u00a0\u00e0 nos patientes. Gr\u00e2ce \u00e0 des\u00a0<strong>techniques mini-invasives<\/strong>\u00a0et des\u00a0<strong>suites op\u00e9ratoires simples<\/strong>, cette intervention permet une\u00a0<strong>r\u00e9cup\u00e9ration rapide<\/strong>\u00a0dans un cadre m\u00e9dical confidentiel et respectueux.[\/vc_column_text][vc_column_text css=&#8221;&#8221;]<\/p>\n<div class=\"wpb_text_column wpb_content_element \">\n<div class=\"wpb_wrapper\">\n<h5><strong>Qu\u2019est-ce que l\u2019hym\u00e9noplastie ?<\/strong><\/h5>\n<\/div>\n<\/div>\n<div class=\"wpb_text_column wpb_content_element \">\n<div class=\"wpb_wrapper\"><\/div>\n<\/div>\n<p>[\/vc_column_text][vc_column_text css=&#8221;&#8221;]<\/p>\n<div class=\"wpb_text_column wpb_content_element \">\n<div class=\"wpb_wrapper\">\n<p class=\"ds-markdown-paragraph\">Il s\u2019agit d\u2019une\u00a0<strong>chirurgie reconstructrice de l\u2019hymen<\/strong>\u00a0visant \u00e0 restaurer ou r\u00e9parer l\u2019hymen, une fine membrane \u00e0 l\u2019entr\u00e9e du vagin. Cette intervention est souvent demand\u00e9e pour des raisons culturelles, religieuses ou personnelles.<\/p>\n<ul>\n<li class=\"ds-markdown-paragraph\"><strong>Objectif<\/strong>\u00a0: restaurer l\u2019int\u00e9grit\u00e9 anatomique de l\u2019hymen apr\u00e8s une d\u00e9chirure (sport, accident, rapport sexuel) ou pour r\u00e9pondre \u00e0 une attente sociale ou personnelle.<\/li>\n<li class=\"ds-markdown-paragraph\"><strong>Indications<\/strong>\u00a0:\u00a0<strong>hymen absent ou d\u00e9chir\u00e9<\/strong>, souhait de\u00a0<strong>restauration intime<\/strong>, d\u00e9sir de renforcer la\u00a0<strong>confiance en soi<\/strong>.<\/li>\n<li class=\"ds-markdown-paragraph\"><strong>R\u00e9sultat<\/strong>\u00a0: un\u00a0<strong>hymen reconstruit<\/strong>\u00a0avec un\u00a0<strong>aspect naturel<\/strong>\u00a0et une discr\u00e9tion totale.<\/li>\n<\/ul>\n<\/div>\n<\/div>\n<div class=\"wpb_text_column wpb_content_element \">\n<div class=\"wpb_wrapper\"><\/div>\n<\/div>\n<p>[\/vc_column_text]<a href='https:\/\/ines-co.com\/?page_id=21265' target='_self' title='Devis' class='dt-sc-button   medium icon-right with-icon  bordered  type2' data-delay='0' > demande de devis <\/a><div id=\"1745577569858-3c0459c5-6b08\" class=\"dt-sc-empty-space\"><\/div>[\/vc_column_inner][vc_column_inner width=&#8221;1\/2&#8243;]<div id=\"1744292901684-134d992c-3b1f\" class=\"dt-sc-empty-space\"><\/div>[vc_single_image image=&#8221;21796&#8243; img_size=&#8221;full&#8221; css=&#8221;&#8221; el_class=&#8221;custom-img-border&#8221;][vc_column_text css=&#8221;&#8221;]<\/p>\n<div class=\"wpb_text_column wpb_content_element \">\n<div class=\"wpb_wrapper\">\n<div class=\"wpb_text_column wpb_content_element \">\n<div class=\"wpb_wrapper\">\n<h5><strong>\u00c0 qui s\u2019adresse cette chirurgie ?<\/strong><\/h5>\n<\/div>\n<\/div>\n<div class=\"wpb_text_column wpb_content_element \">\n<div class=\"wpb_wrapper\"><\/div>\n<\/div>\n<\/div>\n<\/div>\n<div class=\"wpb_text_column wpb_content_element \">\n<div class=\"wpb_wrapper\"><\/div>\n<\/div>\n<p>[\/vc_column_text][vc_column_text css=&#8221;&#8221;]<\/p>\n<div class=\"wpb_text_column wpb_content_element \">\n<div class=\"wpb_wrapper\">\n<div class=\"wpb_text_column wpb_content_element \">\n<div class=\"wpb_wrapper\">\n<ul>\n<li class=\"ds-markdown-paragraph\">Femmes adultes, en bonne sant\u00e9 physique et psychologique.<\/li>\n<li class=\"ds-markdown-paragraph\">Personnes souhaitant une\u00a0<strong>reconstruction de l\u2019hymen<\/strong>\u00a0pour des motifs personnels, familiaux ou culturels.<\/li>\n<li class=\"ds-markdown-paragraph\">Celles qui d\u00e9sirent retrouver un sentiment d\u2019int\u00e9grit\u00e9 physique et une\u00a0<strong>s\u00e9curit\u00e9 psychologique<\/strong>.<\/li>\n<li class=\"ds-markdown-paragraph\">Patientes \u00e0 la recherche d\u2019une intervention\u00a0<strong>discr\u00e8te<\/strong>\u00a0avec un\u00a0<strong>temps de r\u00e9cup\u00e9ration court<\/strong>.<\/li>\n<\/ul>\n<\/div>\n<\/div>\n<div class=\"wpb_text_column wpb_content_element \">\n<div class=\"wpb_wrapper\"><\/div>\n<\/div>\n<\/div>\n<\/div>\n<div class=\"wpb_text_column wpb_content_element \">\n<div class=\"wpb_wrapper\"><\/div>\n<\/div>\n<p>[\/vc_column_text][\/vc_column_inner][\/vc_row_inner][\/vc_column][\/vc_row][vc_row][vc_column width=&#8221;1\/4&#8243;]<div id=\"1745413299218-d0ed2dda-6256\" class=\"dt-sc-empty-space\"><\/div><div id=\"1745413299218-e7eec482-7d87\" class=\"dt-sc-empty-space\"><\/div><div id=\"1745413299218-d626b89d-5175\" class=\"dt-sc-empty-space\"><\/div>[\/vc_column][\/vc_row]<\/p>\n<\/div>","protected":false},"excerpt":{"rendered":"<p>[vc_row][vc_column width=&#8221;1\/4&#8243;][vc_custom_heading text=&#8221;La chirurgie intime&#8221; font_container=&#8221;tag:p|font_size:20|text_align:justify&#8221; use_theme_fonts=&#8221;yes&#8221; css=&#8221;&#8221;][\/vc_column][vc_column width=&#8221;3\/4&#8243;][vc_row_inner][vc_column_inner width=&#8221;1\/2&#8243; css=&#8221;.vc_custom_1744295121360{margin-left: 2px !important;}&#8221;][vc_column_text css=&#8221;&#8221;]L\u2019hym\u00e9noplastie en Tunisie\u00a0est une intervention de\u00a0reconstruction de l\u2019hymen, r\u00e9alis\u00e9e pour des motifs personnels, culturels ou symboliques. Chez INESCO Care, cette\u00a0chirurgie intime f\u00e9minine\u00a0est pratiqu\u00e9e avec discr\u00e9tion et sensibilit\u00e9 par des\u00a0chirurgiens esth\u00e9tiques sp\u00e9cialis\u00e9s en Tunisie. Notre objectif est de\u00a0recr\u00e9er une membrane proche de l\u2019hymen [&hellip;]<\/p>\n","protected":false},"author":2,"featured_media":0,"parent":0,"menu_order":0,"comment_status":"closed","ping_status":"closed","template":"","meta":{"footnotes":""},"class_list":["post-21787","page","type-page","status-publish","hentry"],"_links":{"self":[{"href":"https:\/\/ines-co.com\/index.php?rest_route=\/wp\/v2\/pages\/21787","targetHints":{"allow":["GET"]}}],"collection":[{"href":"https:\/\/ines-co.com\/index.php?rest_route=\/wp\/v2\/pages"}],"about":[{"href":"https:\/\/ines-co.com\/index.php?rest_route=\/wp\/v2\/types\/page"}],"author":[{"embeddable":true,"href":"https:\/\/ines-co.com\/index.php?rest_route=\/wp\/v2\/users\/2"}],"replies":[{"embeddable":true,"href":"https:\/\/ines-co.com\/index.php?rest_route=%2Fwp%2Fv2%2Fcomments&post=21787"}],"version-history":[{"count":4,"href":"https:\/\/ines-co.com\/index.php?rest_route=\/wp\/v2\/pages\/21787\/revisions"}],"predecessor-version":[{"id":22342,"href":"https:\/\/ines-co.com\/index.php?rest_route=\/wp\/v2\/pages\/21787\/revisions\/22342"}],"wp:attachment":[{"href":"https:\/\/ines-co.com\/index.php?rest_route=%2Fwp%2Fv2%2Fmedia&parent=21787"}],"curies":[{"name":"wp","href":"https:\/\/api.w.org\/{rel}","templated":true}]}}