{"id":21786,"date":"2025-04-28T12:38:30","date_gmt":"2025-04-28T12:38:30","guid":{"rendered":"https:\/\/ines-co.com\/?page_id=21786"},"modified":"2026-04-07T13:22:54","modified_gmt":"2026-04-07T13:22:54","slug":"chirurgies-visage","status":"publish","type":"page","link":"https:\/\/ines-co.com\/?page_id=21786","title":{"rendered":"Chirurgies visage"},"content":{"rendered":"<div class=\"wpb-content-wrapper\"><p>[vc_row][vc_column width=&#8221;1\/4&#8243;]<div id=\"1744293887292-61febcd9-ef9a\" class=\"dt-sc-empty-space\"><\/div><div id=\"1744293867661-3150727c-8fa9\" class=\"dt-sc-empty-space\"><\/div><div id=\"1744294995996-4d7f99ee-99d6\" class=\"dt-sc-empty-space\"><\/div>[vc_custom_heading text=&#8221;Chirurgies visage&#8221; font_container=&#8221;tag:p|font_size:20|text_align:justify&#8221; use_theme_fonts=&#8221;yes&#8221; css=&#8221;&#8221;]<div id=\"1744295011070-67885103-b5c8\" class=\"dt-sc-empty-space\"><\/div><div id=\"dt-1744295003964-710f20a8-0be7\" class=\"dt-custom-nav-wrapper none inline-vertical\" data-delay=\"0\" data-default-style = \"none\" data-hover-style = \"none\" data-default-decoration = \"overline\" data-hover-decoration = \"none\"><div class=\"menu-visage-container\"><ul id=\"menu-visage\" class=\"custom-sub-nav dt-custom-nav\"><li id=\"menu-item-21412\" class=\"menu-item menu-item-type-post_type menu-item-object-page menu-item-21412\"><a href=\"https:\/\/ines-co.com\/?page_id=21395\" class=\"item-has-icon icon-position-left\"><i class=\"menu-item-icon\"><\/i><span>Bl\u00e9pharoplastie<\/span><\/a><\/li>\n<li id=\"menu-item-21370\" class=\"menu-item menu-item-type-post_type menu-item-object-page menu-item-21370\"><a href=\"https:\/\/ines-co.com\/?page_id=21368\" class=\"item-has-icon icon-position-left\"><i class=\"menu-item-icon\"><\/i><span>Rhinoplastie<\/span><\/a><\/li>\n<li id=\"menu-item-21501\" class=\"menu-item menu-item-type-post_type menu-item-object-page menu-item-21501\"><a href=\"https:\/\/ines-co.com\/?page_id=21485\" class=\"item-has-icon icon-position-left\"><i class=\"menu-item-icon\"><\/i><span>G\u00e9nioplastie<\/span><\/a><\/li>\n<li id=\"menu-item-21502\" class=\"menu-item menu-item-type-post_type menu-item-object-page menu-item-21502\"><a href=\"https:\/\/ines-co.com\/?page_id=21397\" class=\"item-has-icon icon-position-left\"><i class=\"menu-item-icon\"><\/i><span>Redrapage du visage<\/span><\/a><\/li>\n<li id=\"menu-item-21505\" class=\"menu-item menu-item-type-post_type menu-item-object-page menu-item-21505\"><a href=\"https:\/\/ines-co.com\/?page_id=21503\" class=\"item-has-icon icon-position-left\"><i class=\"menu-item-icon\"><\/i><span>Chirurgie des oreilles d\u00e9coll\u00e9es<\/span><\/a><\/li>\n<li id=\"menu-item-21567\" class=\"menu-item menu-item-type-post_type menu-item-object-page menu-item-21567\"><a href=\"https:\/\/ines-co.com\/?page_id=21517\" class=\"item-has-icon icon-position-left\"><i class=\"menu-item-icon\"><\/i><span>Chirurgie Boule de Bichat<\/span><\/a><\/li>\n<\/ul><\/div><\/div>[\/vc_column][vc_column width=&#8221;3\/4&#8243;][vc_row_inner][vc_column_inner width=&#8221;1\/2&#8243; css=&#8221;.vc_custom_1744295121360{margin-left: 2px !important;}&#8221;]<div id=\"1744284640139-6fd5764f-ac25\" class=\"dt-sc-empty-space\"><\/div>[vc_column_text css=&#8221;&#8221;]<\/p>\n<p class=\"ds-markdown-paragraph\">La\u00a0<strong>chirurgie du visage Tunisie<\/strong>\u00a0regroupe un ensemble d\u2019interventions de\u00a0<strong>chirurgie esth\u00e9tique du visage<\/strong>\u00a0visant \u00e0 corriger les imperfections, rajeunir les traits et harmoniser l\u2019apparence. Chez INESCO Care, nous proposons des interventions telles que la\u00a0<strong>rhinoplastie Tunisie<\/strong>, la\u00a0<strong>g\u00e9nioplastie Tunisie<\/strong>, l\u2019<strong>otoplastie Tunisie<\/strong>, le\u00a0<strong>lifting du visage Tunisie<\/strong>\u00a0et la\u00a0<strong>bl\u00e9pharoplastie<\/strong>, pour une\u00a0<strong>correction compl\u00e8te des rides et imperfections du visage<\/strong>.<\/p>\n<p class=\"ds-markdown-paragraph\">Que ce soit pour traiter le\u00a0<strong>vieillissement du visage<\/strong>, la\u00a0<strong>perte de tonicit\u00e9 cutan\u00e9e<\/strong>, ou des\u00a0<strong>imperfections h\u00e9r\u00e9ditaires<\/strong>, nos chirurgiens sp\u00e9cialis\u00e9s garantissent des\u00a0<strong>r\u00e9sultats naturels<\/strong>, une\u00a0<strong>intervention s\u00e9curis\u00e9e<\/strong>\u00a0et un\u00a0<strong>rajeunissement complet du visage<\/strong>, adapt\u00e9 aux\u00a0<strong>hommes comme aux femmes<\/strong>.<\/p>\n<p>[\/vc_column_text][vc_column_text css=&#8221;&#8221;]<\/p>\n<h4><strong>Qu\u2019est-ce que la chirurgie esth\u00e9tique du visage ?<\/strong><\/h4>\n<p>[\/vc_column_text][vc_column_text css=&#8221;&#8221;]<\/p>\n<p class=\"ds-markdown-paragraph\">La\u00a0<strong>chirurgie esth\u00e9tique du visage<\/strong>\u00a0permet de :<\/p>\n<ul>\n<li class=\"ds-markdown-paragraph\">Corriger les\u00a0<strong>imperfections h\u00e9r\u00e9ditaires<\/strong>\u00a0(nez, menton, oreilles)<\/li>\n<li class=\"ds-markdown-paragraph\">Traiter le\u00a0<strong>vieillissement du visage<\/strong>\u00a0et la\u00a0<strong>perte de tonicit\u00e9 cutan\u00e9e<\/strong><\/li>\n<li class=\"ds-markdown-paragraph\"><strong>Harmoniser les traits du visage<\/strong>\u00a0pour un \u00e9quilibre naturel<\/li>\n<li class=\"ds-markdown-paragraph\">R\u00e9duire les rides et ridules<\/li>\n<li class=\"ds-markdown-paragraph\">Redessiner les contours du visage<\/li>\n<\/ul>\n<p class=\"ds-markdown-paragraph\">Elle s\u2019adresse \u00e0 toute personne souhaitant am\u00e9liorer son apparence de mani\u00e8re durable et naturelle.<\/p>\n<p>[\/vc_column_text][vc_column_text css=&#8221;&#8221;]<\/p>\n<h4><strong>\u00c0 qui s\u2019adressent ces chirurgies ?<\/strong><\/h4>\n<p>[\/vc_column_text][vc_column_text css=&#8221;&#8221;]<\/p>\n<p class=\"ds-markdown-paragraph\">La\u00a0<strong>chirurgie esth\u00e9tique du visage hommes et femmes<\/strong>\u00a0est recommand\u00e9e pour :<\/p>\n<ul>\n<li class=\"ds-markdown-paragraph\">Les personnes pr\u00e9sentant des\u00a0<strong>imperfections h\u00e9r\u00e9ditaires<\/strong>\u00a0(nez, menton, oreilles)<\/li>\n<li class=\"ds-markdown-paragraph\">Celles souhaitant corriger les effets du\u00a0<strong>vieillissement du visage<\/strong><\/li>\n<li class=\"ds-markdown-paragraph\">Les patients d\u00e9sireux d\u2019une\u00a0<strong>harmonisation des traits du visage<\/strong><\/li>\n<li class=\"ds-markdown-paragraph\">Ceux souhaitant une\u00a0<strong>correction nez menton oreilles Tunisie<\/strong>\u00a0naturelle et durable<\/li>\n<\/ul>\n<p>[\/vc_column_text]<a href='https:\/\/ines-co.com\/?page_id=21265' target='_self' title='Devis' class='dt-sc-button   medium icon-right with-icon  bordered  type2' data-delay='0' > demande de devis <\/a><div id=\"1745577569858-3c0459c5-6b08\" class=\"dt-sc-empty-space\"><\/div>[\/vc_column_inner][vc_column_inner width=&#8221;1\/2&#8243;]<div id=\"1769076457915-4c6442c9-d56c\" class=\"dt-sc-empty-space\"><\/div>[vc_single_image image=&#8221;21810&#8243; img_size=&#8221;full&#8221; css=&#8221;&#8221; el_class=&#8221;custom-img-border&#8221;][vc_column_text css=&#8221;&#8221;]<\/p>\n<h4><strong>Interventions propos\u00e9es :<\/strong><\/h4>\n<p>[\/vc_column_text][vc_column_text css=&#8221;&#8221;]<\/p>\n<h5><strong>Rhinoplastie Tunisie :<\/strong><\/h5>\n<p class=\"ds-markdown-paragraph\">Chirurgie de remodelage du nez pour corriger la forme, la taille ou la fonction.<\/p>\n<h5><strong>G\u00e9nioplastie Tunisie :<\/strong><\/h5>\n<p class=\"ds-markdown-paragraph\">Chirurgie du menton visant \u00e0 harmoniser le profil facial (augmentation ou r\u00e9duction).<\/p>\n<h5><strong>Otoplastie Tunisie :<\/strong><\/h5>\n<p class=\"ds-markdown-paragraph\">Correction des oreilles d\u00e9coll\u00e9es pour une meilleure int\u00e9gration au visage.<\/p>\n<h5><strong>Lifting du visage Tunisie :<\/strong><\/h5>\n<p class=\"ds-markdown-paragraph\">Retrait de l\u2019exc\u00e8s de peau et raffermissement des tissus pour un\u00a0<strong>rajeunissement complet<\/strong>.<\/p>\n<h5><strong>Bl\u00e9pharoplastie :<\/strong><\/h5>\n<p class=\"ds-markdown-paragraph\">Chirurgie des paupi\u00e8res pour corriger les poches sous les yeux et les paupi\u00e8res tombantes.<\/p>\n<h5><strong>Bichectomie :<\/strong><\/h5>\n<p class=\"ds-markdown-paragraph\">Affinement des joues par r\u00e9duction des boules de Bichat.<\/p>\n<p>[\/vc_column_text][\/vc_column_inner][\/vc_row_inner][\/vc_column][\/vc_row][vc_row][vc_column width=&#8221;1\/4&#8243;]<div id=\"1745413299218-d0ed2dda-6256\" class=\"dt-sc-empty-space\"><\/div><div id=\"1745413299218-e7eec482-7d87\" class=\"dt-sc-empty-space\"><\/div><div id=\"1745413299218-d626b89d-5175\" class=\"dt-sc-empty-space\"><\/div>[\/vc_column][\/vc_row]<\/p>\n<\/div>","protected":false},"excerpt":{"rendered":"<p>[vc_row][vc_column width=&#8221;1\/4&#8243;][vc_custom_heading text=&#8221;Chirurgies visage&#8221; font_container=&#8221;tag:p|font_size:20|text_align:justify&#8221; use_theme_fonts=&#8221;yes&#8221; css=&#8221;&#8221;][\/vc_column][vc_column width=&#8221;3\/4&#8243;][vc_row_inner][vc_column_inner width=&#8221;1\/2&#8243; css=&#8221;.vc_custom_1744295121360{margin-left: 2px !important;}&#8221;][vc_column_text css=&#8221;&#8221;] La\u00a0chirurgie du visage Tunisie\u00a0regroupe un ensemble d\u2019interventions de\u00a0chirurgie esth\u00e9tique du visage\u00a0visant \u00e0 corriger les imperfections, rajeunir les traits et harmoniser l\u2019apparence. Chez INESCO Care, nous proposons des interventions telles que la\u00a0rhinoplastie Tunisie, la\u00a0g\u00e9nioplastie Tunisie, l\u2019otoplastie Tunisie, le\u00a0lifting du visage Tunisie\u00a0et la\u00a0bl\u00e9pharoplastie, pour [&hellip;]<\/p>\n","protected":false},"author":2,"featured_media":0,"parent":0,"menu_order":0,"comment_status":"closed","ping_status":"closed","template":"","meta":{"footnotes":""},"class_list":["post-21786","page","type-page","status-publish","hentry"],"_links":{"self":[{"href":"https:\/\/ines-co.com\/index.php?rest_route=\/wp\/v2\/pages\/21786","targetHints":{"allow":["GET"]}}],"collection":[{"href":"https:\/\/ines-co.com\/index.php?rest_route=\/wp\/v2\/pages"}],"about":[{"href":"https:\/\/ines-co.com\/index.php?rest_route=\/wp\/v2\/types\/page"}],"author":[{"embeddable":true,"href":"https:\/\/ines-co.com\/index.php?rest_route=\/wp\/v2\/users\/2"}],"replies":[{"embeddable":true,"href":"https:\/\/ines-co.com\/index.php?rest_route=%2Fwp%2Fv2%2Fcomments&post=21786"}],"version-history":[{"count":7,"href":"https:\/\/ines-co.com\/index.php?rest_route=\/wp\/v2\/pages\/21786\/revisions"}],"predecessor-version":[{"id":22308,"href":"https:\/\/ines-co.com\/index.php?rest_route=\/wp\/v2\/pages\/21786\/revisions\/22308"}],"wp:attachment":[{"href":"https:\/\/ines-co.com\/index.php?rest_route=%2Fwp%2Fv2%2Fmedia&parent=21786"}],"curies":[{"name":"wp","href":"https:\/\/api.w.org\/{rel}","templated":true}]}}