{"id":21782,"date":"2025-04-28T12:36:39","date_gmt":"2025-04-28T12:36:39","guid":{"rendered":"https:\/\/ines-co.com\/?page_id=21782"},"modified":"2026-04-07T13:49:55","modified_gmt":"2026-04-07T13:49:55","slug":"la-vaginoplastie","status":"publish","type":"page","link":"https:\/\/ines-co.com\/?page_id=21782","title":{"rendered":"La Vaginoplastie"},"content":{"rendered":"<div class=\"wpb-content-wrapper\"><p>[vc_row][vc_column width=&#8221;1\/4&#8243;]<div id=\"1744293887292-61febcd9-ef9a\" class=\"dt-sc-empty-space\"><\/div><div id=\"1744293867661-3150727c-8fa9\" class=\"dt-sc-empty-space\"><\/div><div id=\"1744294995996-4d7f99ee-99d6\" class=\"dt-sc-empty-space\"><\/div>[vc_custom_heading text=&#8221;La chirurgie intime&#8221; font_container=&#8221;tag:p|font_size:20|text_align:justify&#8221; use_theme_fonts=&#8221;yes&#8221; css=&#8221;&#8221;]<div id=\"1744295011070-67885103-b5c8\" class=\"dt-sc-empty-space\"><\/div><div id=\"dt-1744295003964-710f20a8-0be7\" class=\"dt-custom-nav-wrapper none inline-vertical\" data-delay=\"0\" data-default-style = \"none\" data-hover-style = \"none\" data-default-decoration = \"overline\" data-hover-decoration = \"none\"><div class=\"menu-la-chirurgie-intime-container\"><ul id=\"menu-la-chirurgie-intime\" class=\"custom-sub-nav dt-custom-nav\"><li id=\"menu-item-21763\" class=\"menu-item menu-item-type-post_type menu-item-object-page menu-item-21763\"><a href=\"https:\/\/ines-co.com\/?page_id=21760\" class=\"item-has-icon icon-position-left\"><i class=\"menu-item-icon\"><\/i><span>P\u00e9noplastie d\u2019allongement<\/span><\/a><\/li>\n<li id=\"menu-item-21773\" class=\"menu-item menu-item-type-post_type menu-item-object-page menu-item-21773\"><a href=\"https:\/\/ines-co.com\/?page_id=21771\" class=\"item-has-icon icon-position-left\"><i class=\"menu-item-icon\"><\/i><span>P\u00e9noplastie d\u2019agrandissement<\/span><\/a><\/li>\n<li id=\"menu-item-21779\" class=\"menu-item menu-item-type-post_type menu-item-object-page menu-item-21779\"><a href=\"https:\/\/ines-co.com\/?page_id=21776\" class=\"item-has-icon icon-position-left\"><i class=\"menu-item-icon\"><\/i><span>La Nymphoplastie<\/span><\/a><\/li>\n<li id=\"menu-item-21784\" class=\"menu-item menu-item-type-post_type menu-item-object-page menu-item-21784\"><a href=\"https:\/\/ines-co.com\/?page_id=21782\" class=\"item-has-icon icon-position-left\"><i class=\"menu-item-icon\"><\/i><span>La Vaginoplastie<\/span><\/a><\/li>\n<li id=\"menu-item-21789\" class=\"menu-item menu-item-type-post_type menu-item-object-page menu-item-21789\"><a href=\"https:\/\/ines-co.com\/?page_id=21787\" class=\"item-has-icon icon-position-left\"><i class=\"menu-item-icon\"><\/i><span>L\u2019hym\u00e9noplastie<\/span><\/a><\/li>\n<\/ul><\/div><\/div>[\/vc_column][vc_column width=&#8221;3\/4&#8243;][vc_row_inner][vc_column_inner width=&#8221;1\/2&#8243; css=&#8221;.vc_custom_1744295121360{margin-left: 2px !important;}&#8221;]<div id=\"1744284640139-6fd5764f-ac25\" class=\"dt-sc-empty-space\"><\/div>[vc_column_text css=&#8221;&#8221;]La\u00a0<strong>vaginoplastie en Tunisie<\/strong>, \u00e9galement appel\u00e9e\u00a0<strong>chirurgie de resserrement vaginal<\/strong>\u00a0ou\u00a0<strong>r\u00e9juv\u00e9nation vaginale<\/strong>, est une intervention de\u00a0<strong>chirurgie intime f\u00e9minine<\/strong>\u00a0visant \u00e0 corriger le\u00a0<strong>rel\u00e2chement vaginal<\/strong>\u00a0et \u00e0\u00a0<strong>retonifier le p\u00e9rin\u00e9e<\/strong>. Chez INESCO Care, cette intervention est r\u00e9alis\u00e9e par des\u00a0<strong>chirurgiens esth\u00e9tiques sp\u00e9cialis\u00e9s en Tunisie<\/strong>\u00a0pour am\u00e9liorer le\u00a0<strong>confort intime<\/strong>, restaurer les\u00a0<strong>sensations sexuelles<\/strong>\u00a0et renforcer la\u00a0<strong>confiance en soi<\/strong>\u00a0apr\u00e8s des accouchements, un \u00e2ge avanc\u00e9 ou une perte de tonicit\u00e9 musculaire. Notre approche combine\u00a0<strong>chirurgie mini-invasive<\/strong>\u00a0et\u00a0<strong>r\u00e9\u00e9ducation p\u00e9rin\u00e9ale<\/strong>\u00a0pour des\u00a0<strong>r\u00e9sultats naturels et fonctionnels<\/strong>.[\/vc_column_text][vc_column_text css=&#8221;&#8221;]<\/p>\n<div class=\"wpb_text_column wpb_content_element \">\n<div class=\"wpb_wrapper\">\n<h5><strong>Qu\u2019est-ce que la vaginoplastie ?<\/strong><\/h5>\n<\/div>\n<\/div>\n<div class=\"wpb_text_column wpb_content_element \">\n<div class=\"wpb_wrapper\"><\/div>\n<\/div>\n<p>[\/vc_column_text][vc_column_text css=&#8221;&#8221;]<\/p>\n<div class=\"wpb_text_column wpb_content_element \">\n<div class=\"wpb_wrapper\">\n<p class=\"ds-markdown-paragraph\">Il s\u2019agit d\u2019une intervention chirurgicale qui consiste \u00e0\u00a0<strong>resserrer le canal vaginal<\/strong>\u00a0en retirant l\u2019exc\u00e9dent de muqueuse et en retendant les muscles du plancher pelvien (p\u00e9rin\u00e9e).<\/p>\n<ul>\n<li class=\"ds-markdown-paragraph\"><strong>Objectif<\/strong>\u00a0: corriger un\u00a0<strong>rel\u00e2chement vaginal<\/strong>\u00a0souvent li\u00e9 \u00e0 des accouchements multiples, \u00e0 l\u2019\u00e2ge ou \u00e0 une perte de poids importante.<\/li>\n<li class=\"ds-markdown-paragraph\"><strong>Indications<\/strong>\u00a0:\u00a0<strong>inconfort lors des rapports sexuels<\/strong>, baisse des sensations, sensation de \u00ab largeur \u00bb vaginale, fuites urinaires l\u00e9g\u00e8res.<\/li>\n<li class=\"ds-markdown-paragraph\"><strong>R\u00e9sultat<\/strong>\u00a0: un\u00a0<strong>canal vaginal resserr\u00e9<\/strong>, une meilleure tonicit\u00e9 musculaire et une\u00a0<strong>am\u00e9lioration de la qualit\u00e9 de vie intime<\/strong>.<\/li>\n<\/ul>\n<\/div>\n<\/div>\n<div class=\"wpb_text_column wpb_content_element \">\n<div class=\"wpb_wrapper\"><\/div>\n<\/div>\n<p>[\/vc_column_text]<a href='https:\/\/ines-co.com\/?page_id=21265' target='_self' title='Devis' class='dt-sc-button   medium icon-right with-icon  bordered  type2' data-delay='0' > demande de devis <\/a><div id=\"1745577569858-3c0459c5-6b08\" class=\"dt-sc-empty-space\"><\/div>[\/vc_column_inner][vc_column_inner width=&#8221;1\/2&#8243;]<div id=\"1744292901684-134d992c-3b1f\" class=\"dt-sc-empty-space\"><\/div>[vc_single_image image=&#8221;21799&#8243; img_size=&#8221;full&#8221; css=&#8221;&#8221; el_class=&#8221;custom-img-border&#8221;][vc_column_text css=&#8221;&#8221;]<\/p>\n<div class=\"wpb_text_column wpb_content_element \">\n<div class=\"wpb_wrapper\">\n<div class=\"wpb_text_column wpb_content_element \">\n<div class=\"wpb_wrapper\">\n<h5><strong>\u00c0 qui s\u2019adresse cette chirurgie ?<\/strong><\/h5>\n<\/div>\n<\/div>\n<div class=\"wpb_text_column wpb_content_element \">\n<div class=\"wpb_wrapper\"><\/div>\n<\/div>\n<\/div>\n<\/div>\n<div class=\"wpb_text_column wpb_content_element \">\n<div class=\"wpb_wrapper\"><\/div>\n<\/div>\n<p>[\/vc_column_text][vc_column_text css=&#8221;&#8221;]<\/p>\n<div class=\"wpb_text_column wpb_content_element \">\n<div class=\"wpb_wrapper\">\n<div class=\"wpb_text_column wpb_content_element \">\n<div class=\"wpb_wrapper\">\n<ul>\n<li class=\"ds-markdown-paragraph\">Femmes adultes ayant accouch\u00e9 (notamment plusieurs fois) et ressentant un\u00a0<strong>rel\u00e2chement vaginal<\/strong>.<\/li>\n<li class=\"ds-markdown-paragraph\">Personnes pr\u00e9sentant une\u00a0<strong>perte de tonicit\u00e9 du p\u00e9rin\u00e9e<\/strong>\u00a0li\u00e9e \u00e0 l\u2019\u00e2ge ou \u00e0 des facteurs hormonaux.<\/li>\n<li class=\"ds-markdown-paragraph\">Celles qui \u00e9prouvent une\u00a0<strong>baisse des sensations sexuelles<\/strong>\u00a0ou un inconfort pendant les rapports.<\/li>\n<li class=\"ds-markdown-paragraph\">Patientes motiv\u00e9es par une\u00a0<strong>am\u00e9lioration fonctionnelle et esth\u00e9tique<\/strong>\u00a0de leur zone intime.<\/li>\n<\/ul>\n<\/div>\n<\/div>\n<div class=\"wpb_text_column wpb_content_element \">\n<div class=\"wpb_wrapper\"><\/div>\n<\/div>\n<\/div>\n<\/div>\n<div class=\"wpb_text_column wpb_content_element \">\n<div class=\"wpb_wrapper\"><\/div>\n<\/div>\n<p>[\/vc_column_text][\/vc_column_inner][\/vc_row_inner][\/vc_column][\/vc_row][vc_row][vc_column width=&#8221;1\/4&#8243;]<div id=\"1745413299218-d0ed2dda-6256\" class=\"dt-sc-empty-space\"><\/div><div id=\"1745413299218-e7eec482-7d87\" class=\"dt-sc-empty-space\"><\/div><div id=\"1745413299218-d626b89d-5175\" class=\"dt-sc-empty-space\"><\/div>[\/vc_column][\/vc_row]<\/p>\n<\/div>","protected":false},"excerpt":{"rendered":"<p>[vc_row][vc_column width=&#8221;1\/4&#8243;][vc_custom_heading text=&#8221;La chirurgie intime&#8221; font_container=&#8221;tag:p|font_size:20|text_align:justify&#8221; use_theme_fonts=&#8221;yes&#8221; css=&#8221;&#8221;][\/vc_column][vc_column width=&#8221;3\/4&#8243;][vc_row_inner][vc_column_inner width=&#8221;1\/2&#8243; css=&#8221;.vc_custom_1744295121360{margin-left: 2px !important;}&#8221;][vc_column_text css=&#8221;&#8221;]La\u00a0vaginoplastie en Tunisie, \u00e9galement appel\u00e9e\u00a0chirurgie de resserrement vaginal\u00a0ou\u00a0r\u00e9juv\u00e9nation vaginale, est une intervention de\u00a0chirurgie intime f\u00e9minine\u00a0visant \u00e0 corriger le\u00a0rel\u00e2chement vaginal\u00a0et \u00e0\u00a0retonifier le p\u00e9rin\u00e9e. Chez INESCO Care, cette intervention est r\u00e9alis\u00e9e par des\u00a0chirurgiens esth\u00e9tiques sp\u00e9cialis\u00e9s en Tunisie\u00a0pour am\u00e9liorer le\u00a0confort intime, restaurer les\u00a0sensations sexuelles\u00a0et renforcer [&hellip;]<\/p>\n","protected":false},"author":2,"featured_media":0,"parent":0,"menu_order":0,"comment_status":"closed","ping_status":"closed","template":"","meta":{"footnotes":""},"class_list":["post-21782","page","type-page","status-publish","hentry"],"_links":{"self":[{"href":"https:\/\/ines-co.com\/index.php?rest_route=\/wp\/v2\/pages\/21782","targetHints":{"allow":["GET"]}}],"collection":[{"href":"https:\/\/ines-co.com\/index.php?rest_route=\/wp\/v2\/pages"}],"about":[{"href":"https:\/\/ines-co.com\/index.php?rest_route=\/wp\/v2\/types\/page"}],"author":[{"embeddable":true,"href":"https:\/\/ines-co.com\/index.php?rest_route=\/wp\/v2\/users\/2"}],"replies":[{"embeddable":true,"href":"https:\/\/ines-co.com\/index.php?rest_route=%2Fwp%2Fv2%2Fcomments&post=21782"}],"version-history":[{"count":6,"href":"https:\/\/ines-co.com\/index.php?rest_route=\/wp\/v2\/pages\/21782\/revisions"}],"predecessor-version":[{"id":22343,"href":"https:\/\/ines-co.com\/index.php?rest_route=\/wp\/v2\/pages\/21782\/revisions\/22343"}],"wp:attachment":[{"href":"https:\/\/ines-co.com\/index.php?rest_route=%2Fwp%2Fv2%2Fmedia&parent=21782"}],"curies":[{"name":"wp","href":"https:\/\/api.w.org\/{rel}","templated":true}]}}