{"id":21777,"date":"2025-04-28T12:34:50","date_gmt":"2025-04-28T12:34:50","guid":{"rendered":"https:\/\/ines-co.com\/?page_id=21777"},"modified":"2026-04-07T13:55:10","modified_gmt":"2026-04-07T13:55:10","slug":"epilation-definitif","status":"publish","type":"page","link":"https:\/\/ines-co.com\/?page_id=21777","title":{"rendered":"Epilation D\u00e9finitif"},"content":{"rendered":"<div class=\"wpb-content-wrapper\"><p>[vc_row][vc_column][vc_row_inner][vc_column_inner width=&#8221;1\/2&#8243; css=&#8221;.vc_custom_1744295121360{margin-left: 2px !important;}&#8221;]<div id=\"1744284640139-6fd5764f-ac25\" class=\"dt-sc-empty-space\"><\/div>[vc_column_text css=&#8221;&#8221;]Profitez d\u2019une\u00a0<strong>peau douce et lisse<\/strong>\u00a0gr\u00e2ce \u00e0 l\u2019<strong>\u00e9pilation d\u00e9finitive en Tunisie<\/strong>. Chez INESCO Care, nous proposons des\u00a0<strong>traitements anti-poils<\/strong>\u00a0avanc\u00e9s et s\u00fbrs, comme l\u2019<strong>\u00e9pilation au laser<\/strong>\u00a0et la\u00a0<strong>lumi\u00e8re puls\u00e9e<\/strong>, pour \u00e9liminer durablement les\u00a0<strong>poils ind\u00e9sirables<\/strong>\u00a0sur toutes les zones du corps. Que vous souhaitiez traiter les\u00a0<strong>jambes, le dos, les aisselles, le maillot ou le visage<\/strong>, nos\u00a0<strong>sp\u00e9cialistes en dermatologie esth\u00e9tique<\/strong>\u00a0utilisent des\u00a0<strong>technologies laser de pointe<\/strong>\u00a0pour cibler les\u00a0<strong>follicules pileux<\/strong>\u00a0et emp\u00eacher leur repousse, avec une\u00a0<strong>efficacit\u00e9 d\u00e9passant 90%<\/strong>.[\/vc_column_text][vc_custom_heading text=&#8221;Qu\u2019est-ce que l\u2019\u00e9pilation d\u00e9finitive ?&#8221; font_container=&#8221;tag:h6|text_align:left&#8221; css=&#8221;&#8221;][vc_column_text css=&#8221;&#8221;]<\/p>\n<p class=\"ds-markdown-paragraph\">Il s\u2019agit d\u2019un\u00a0<strong>traitement m\u00e9dical esth\u00e9tique<\/strong>\u00a0qui d\u00e9truit les follicules pileux pour\u00a0<strong>stopper durablement la repousse des poils<\/strong>. Contrairement aux m\u00e9thodes temporaires (rasage, cire), elle offre une\u00a0<strong>solution \u00e0 long terme<\/strong>.<\/p>\n<ul>\n<li class=\"ds-markdown-paragraph\"><strong>M\u00e9thodes principales<\/strong>\u00a0:\u00a0<strong>\u00e9pilation au laser<\/strong>\u00a0(diode, alexandrite),\u00a0<strong>lumi\u00e8re puls\u00e9e intense (IPL)<\/strong>,\u00a0<strong>\u00e9lectrolyse<\/strong>.<\/li>\n<li class=\"ds-markdown-paragraph\"><strong>Principe<\/strong>\u00a0: la lumi\u00e8re (laser ou IPL) est absorb\u00e9e par la m\u00e9lanine du poil, g\u00e9n\u00e9rant de la chaleur qui d\u00e9truit le follicule.<\/li>\n<li class=\"ds-markdown-paragraph\"><strong>Indication<\/strong>\u00a0:\u00a0<strong>pilosit\u00e9 excessive<\/strong>,\u00a0<strong>poils fonc\u00e9s sur peau claire<\/strong>, irritations chroniques dues au rasage ou \u00e0 la cire.<\/li>\n<\/ul>\n<p>[\/vc_column_text][vc_custom_heading text=&#8221;\u00c0 qui s\u2019adresse l\u2019\u00e9pilation d\u00e9finitive ?&#8221; font_container=&#8221;tag:h6|text_align:left&#8221; css=&#8221;&#8221;][vc_column_text css=&#8221;&#8221;]<\/p>\n<ul>\n<li class=\"ds-markdown-paragraph\">Hommes et femmes g\u00ean\u00e9s par une\u00a0<strong>pilosit\u00e9 ind\u00e9sirable<\/strong>\u00a0ou excessive.<\/li>\n<li class=\"ds-markdown-paragraph\">Personnes fatigu\u00e9es des m\u00e9thodes d\u2019\u00e9pilation temporaires (rasage, cire, cr\u00e8me).<\/li>\n<li class=\"ds-markdown-paragraph\">Ceux qui pr\u00e9sentent des\u00a0<strong>irritations, poils incarn\u00e9s ou folliculites<\/strong>\u00a0\u00e0 r\u00e9p\u00e9tition.<\/li>\n<li class=\"ds-markdown-paragraph\">Individus avec une\u00a0<strong>bonne contrastre poil\/peau<\/strong>\u00a0(poils fonc\u00e9s, peau claire) pour une efficacit\u00e9 optimale au laser.<\/li>\n<\/ul>\n<p>[\/vc_column_text]<a href='https:\/\/ines-co.com\/?page_id=21265' target='_self' title='Devis' class='dt-sc-button   medium icon-right with-icon  bordered  type2' data-delay='0' > demande de devis <\/a><div id=\"1745577569858-3c0459c5-6b08\" class=\"dt-sc-empty-space\"><\/div>[\/vc_column_inner][vc_column_inner width=&#8221;1\/2&#8243;]<div id=\"1744292901684-134d992c-3b1f\" class=\"dt-sc-empty-space\"><\/div>[vc_single_image image=&#8221;21814&#8243; img_size=&#8221;full&#8221; alignment=&#8221;center&#8221; css=&#8221;&#8221; el_class=&#8221;custom-img-border&#8221;][vc_custom_heading text=&#8221;Les m\u00e9thodes propos\u00e9es&#8221; font_container=&#8221;tag:h6|text_align:left&#8221; css=&#8221;&#8221;][vc_column_text css=&#8221;&#8221;]<\/p>\n<h5><strong>1. \u00c9pilation au laser (laser diode, alexandrite)<\/strong><\/h5>\n<ul>\n<li class=\"ds-markdown-paragraph\"><strong>M\u00e9thode la plus efficace et durable<\/strong>.<\/li>\n<li class=\"ds-markdown-paragraph\">Cible pr\u00e9cise du follicule,\u00a0<strong>s\u00e9ances rapides<\/strong>.<\/li>\n<li class=\"ds-markdown-paragraph\">Adapt\u00e9e \u00e0 la plupart des zones :\u00a0<strong>jambes, dos, aisselles, maillot, visage<\/strong>.<\/li>\n<\/ul>\n<h5><strong>2. Lumi\u00e8re puls\u00e9e intense (IPL)<\/strong><\/h5>\n<ul>\n<li class=\"ds-markdown-paragraph\">Technologie \u00e0 large spectre, efficace sur les poils plus fins.<\/li>\n<li class=\"ds-markdown-paragraph\"><strong>Polyvalente<\/strong>, peut traiter plusieurs zones simultan\u00e9ment.<\/li>\n<\/ul>\n<h5><strong>3. \u00c9lectrolyse<\/strong><\/h5>\n<ul>\n<li class=\"ds-markdown-paragraph\">M\u00e9thode \u00e9prouv\u00e9e,\u00a0<strong>poil par poil<\/strong>, id\u00e9ale pour les\u00a0<strong>petites zones<\/strong>\u00a0(sourcils, l\u00e8vre sup\u00e9rieure).<\/li>\n<li class=\"ds-markdown-paragraph\">Convient \u00e0 tous les types de poils et peaux.<\/li>\n<\/ul>\n<p>[\/vc_column_text][\/vc_column_inner][\/vc_row_inner][\/vc_column][\/vc_row][vc_row][vc_column width=&#8221;1\/4&#8243;]<div id=\"1745413299218-d0ed2dda-6256\" class=\"dt-sc-empty-space\"><\/div><div id=\"1745413299218-e7eec482-7d87\" class=\"dt-sc-empty-space\"><\/div><div id=\"1745413299218-d626b89d-5175\" class=\"dt-sc-empty-space\"><\/div>[\/vc_column][\/vc_row]<\/p>\n<\/div>","protected":false},"excerpt":{"rendered":"<p>[vc_row][vc_column][vc_row_inner][vc_column_inner width=&#8221;1\/2&#8243; css=&#8221;.vc_custom_1744295121360{margin-left: 2px !important;}&#8221;][vc_column_text css=&#8221;&#8221;]Profitez d\u2019une\u00a0peau douce et lisse\u00a0gr\u00e2ce \u00e0 l\u2019\u00e9pilation d\u00e9finitive en Tunisie. Chez INESCO Care, nous proposons des\u00a0traitements anti-poils\u00a0avanc\u00e9s et s\u00fbrs, comme l\u2019\u00e9pilation au laser\u00a0et la\u00a0lumi\u00e8re puls\u00e9e, pour \u00e9liminer durablement les\u00a0poils ind\u00e9sirables\u00a0sur toutes les zones du corps. Que vous souhaitiez traiter les\u00a0jambes, le dos, les aisselles, le maillot ou le visage, nos\u00a0sp\u00e9cialistes [&hellip;]<\/p>\n","protected":false},"author":2,"featured_media":0,"parent":0,"menu_order":0,"comment_status":"closed","ping_status":"closed","template":"","meta":{"footnotes":""},"class_list":["post-21777","page","type-page","status-publish","hentry"],"_links":{"self":[{"href":"https:\/\/ines-co.com\/index.php?rest_route=\/wp\/v2\/pages\/21777","targetHints":{"allow":["GET"]}}],"collection":[{"href":"https:\/\/ines-co.com\/index.php?rest_route=\/wp\/v2\/pages"}],"about":[{"href":"https:\/\/ines-co.com\/index.php?rest_route=\/wp\/v2\/types\/page"}],"author":[{"embeddable":true,"href":"https:\/\/ines-co.com\/index.php?rest_route=\/wp\/v2\/users\/2"}],"replies":[{"embeddable":true,"href":"https:\/\/ines-co.com\/index.php?rest_route=%2Fwp%2Fv2%2Fcomments&post=21777"}],"version-history":[{"count":4,"href":"https:\/\/ines-co.com\/index.php?rest_route=\/wp\/v2\/pages\/21777\/revisions"}],"predecessor-version":[{"id":22353,"href":"https:\/\/ines-co.com\/index.php?rest_route=\/wp\/v2\/pages\/21777\/revisions\/22353"}],"wp:attachment":[{"href":"https:\/\/ines-co.com\/index.php?rest_route=%2Fwp%2Fv2%2Fmedia&parent=21777"}],"curies":[{"name":"wp","href":"https:\/\/api.w.org\/{rel}","templated":true}]}}