{"id":21776,"date":"2025-04-28T12:34:48","date_gmt":"2025-04-28T12:34:48","guid":{"rendered":"https:\/\/ines-co.com\/?page_id=21776"},"modified":"2026-04-07T13:49:57","modified_gmt":"2026-04-07T13:49:57","slug":"la-nymphoplastie","status":"publish","type":"page","link":"https:\/\/ines-co.com\/?page_id=21776","title":{"rendered":"La Nymphoplastie"},"content":{"rendered":"<div class=\"wpb-content-wrapper\"><p>[vc_row][vc_column width=&#8221;1\/4&#8243;]<div id=\"1744293887292-61febcd9-ef9a\" class=\"dt-sc-empty-space\"><\/div><div id=\"1744293867661-3150727c-8fa9\" class=\"dt-sc-empty-space\"><\/div><div id=\"1744294995996-4d7f99ee-99d6\" class=\"dt-sc-empty-space\"><\/div>[vc_custom_heading text=&#8221;La chirurgie intime&#8221; font_container=&#8221;tag:p|font_size:20|text_align:justify&#8221; use_theme_fonts=&#8221;yes&#8221; css=&#8221;&#8221;]<div id=\"1744295011070-67885103-b5c8\" class=\"dt-sc-empty-space\"><\/div><div id=\"dt-1744295003964-710f20a8-0be7\" class=\"dt-custom-nav-wrapper none inline-vertical\" data-delay=\"0\" data-default-style = \"none\" data-hover-style = \"none\" data-default-decoration = \"overline\" data-hover-decoration = \"none\"><div class=\"menu-la-chirurgie-intime-container\"><ul id=\"menu-la-chirurgie-intime\" class=\"custom-sub-nav dt-custom-nav\"><li id=\"menu-item-21763\" class=\"menu-item menu-item-type-post_type menu-item-object-page menu-item-21763\"><a href=\"https:\/\/ines-co.com\/?page_id=21760\" class=\"item-has-icon icon-position-left\"><i class=\"menu-item-icon\"><\/i><span>P\u00e9noplastie d\u2019allongement<\/span><\/a><\/li>\n<li id=\"menu-item-21773\" class=\"menu-item menu-item-type-post_type menu-item-object-page menu-item-21773\"><a href=\"https:\/\/ines-co.com\/?page_id=21771\" class=\"item-has-icon icon-position-left\"><i class=\"menu-item-icon\"><\/i><span>P\u00e9noplastie d\u2019agrandissement<\/span><\/a><\/li>\n<li id=\"menu-item-21779\" class=\"menu-item menu-item-type-post_type menu-item-object-page menu-item-21779\"><a href=\"https:\/\/ines-co.com\/?page_id=21776\" class=\"item-has-icon icon-position-left\"><i class=\"menu-item-icon\"><\/i><span>La Nymphoplastie<\/span><\/a><\/li>\n<li id=\"menu-item-21784\" class=\"menu-item menu-item-type-post_type menu-item-object-page menu-item-21784\"><a href=\"https:\/\/ines-co.com\/?page_id=21782\" class=\"item-has-icon icon-position-left\"><i class=\"menu-item-icon\"><\/i><span>La Vaginoplastie<\/span><\/a><\/li>\n<li id=\"menu-item-21789\" class=\"menu-item menu-item-type-post_type menu-item-object-page menu-item-21789\"><a href=\"https:\/\/ines-co.com\/?page_id=21787\" class=\"item-has-icon icon-position-left\"><i class=\"menu-item-icon\"><\/i><span>L\u2019hym\u00e9noplastie<\/span><\/a><\/li>\n<\/ul><\/div><\/div>[\/vc_column][vc_column width=&#8221;3\/4&#8243;][vc_row_inner][vc_column_inner width=&#8221;1\/2&#8243; css=&#8221;.vc_custom_1744295121360{margin-left: 2px !important;}&#8221;]<div id=\"1744284640139-6fd5764f-ac25\" class=\"dt-sc-empty-space\"><\/div>[vc_column_text css=&#8221;&#8221;]La\u00a0<strong>nymphoplastie en Tunisie<\/strong>, \u00e9galement appel\u00e9e\u00a0<strong>r\u00e9duction labiale<\/strong>\u00a0ou\u00a0<strong>chirurgie des petites l\u00e8vres<\/strong>, est une intervention de\u00a0<strong>chirurgie intime f\u00e9minine<\/strong>\u00a0visant \u00e0 remodeler et r\u00e9duire la taille des petites l\u00e8vres lorsqu\u2019elles sont jug\u00e9es trop longues ou g\u00eanantes. Chez INESCO Care, cette intervention rapide et pr\u00e9cise est r\u00e9alis\u00e9e par des\u00a0<strong>chirurgiens esth\u00e9tiques sp\u00e9cialis\u00e9s en Tunisie<\/strong>\u00a0pour am\u00e9liorer le\u00a0<strong>confort intime<\/strong>, l\u2019esth\u00e9tique vulvaire et renforcer la\u00a0<strong>confiance en soi<\/strong>. Avec des\u00a0<strong>techniques mini-invasives<\/strong>\u00a0et des\u00a0<strong>cicatrices discr\u00e8tes<\/strong>, nous visons un\u00a0<strong>r\u00e9sultat esth\u00e9tique naturel<\/strong>\u00a0et une\u00a0<strong>sym\u00e9trie harmonieuse<\/strong>.[\/vc_column_text][vc_column_text css=&#8221;&#8221;]<\/p>\n<div class=\"wpb_text_column wpb_content_element \">\n<div class=\"wpb_wrapper\">\n<h5><strong>Qu\u2019est-ce que la nymphoplastie ?<\/strong><\/h5>\n<\/div>\n<\/div>\n<div class=\"wpb_text_column wpb_content_element \">\n<div class=\"wpb_wrapper\"><\/div>\n<\/div>\n<p>[\/vc_column_text][vc_column_text css=&#8221;&#8221;]<\/p>\n<div class=\"wpb_text_column wpb_content_element \">\n<div class=\"wpb_wrapper\">\n<p class=\"ds-markdown-paragraph\">Il s\u2019agit d\u2019une intervention chirurgicale qui consiste \u00e0\u00a0<strong>remodeler les petites l\u00e8vres<\/strong>\u00a0en retirant l\u2019exc\u00e9dent de tissu qui peut causer une g\u00eane physique ou esth\u00e9tique.<\/p>\n<ul>\n<li class=\"ds-markdown-paragraph\"><strong>Objectif<\/strong>\u00a0: corriger des\u00a0<strong>petites l\u00e8vres longues<\/strong>, asym\u00e9triques ou pro\u00e9minentes.<\/li>\n<li class=\"ds-markdown-paragraph\"><strong>Indications<\/strong>\u00a0: inconfort dans les v\u00eatements, lors des rapports sexuels ou du sport, ou simple souhait d\u2019harmonisation.<\/li>\n<li class=\"ds-markdown-paragraph\"><strong>R\u00e9sultat<\/strong>\u00a0: des\u00a0<strong>petites l\u00e8vres sym\u00e9triques et r\u00e9duites<\/strong>, int\u00e9gr\u00e9es de mani\u00e8re naturelle \u00e0 l\u2019anatomie vulvaire.<\/li>\n<\/ul>\n<\/div>\n<\/div>\n<div class=\"wpb_text_column wpb_content_element \">\n<div class=\"wpb_wrapper\"><\/div>\n<\/div>\n<p>[\/vc_column_text]<a href='https:\/\/ines-co.com\/?page_id=21265' target='_self' title='Devis' class='dt-sc-button   medium icon-right with-icon  bordered  type2' data-delay='0' > demande de devis <\/a><div id=\"1745577569858-3c0459c5-6b08\" class=\"dt-sc-empty-space\"><\/div>[\/vc_column_inner][vc_column_inner width=&#8221;1\/2&#8243;]<div id=\"1744292901684-134d992c-3b1f\" class=\"dt-sc-empty-space\"><\/div>[vc_single_image image=&#8221;21793&#8243; img_size=&#8221;full&#8221; css=&#8221;&#8221; el_class=&#8221;custom-img-border&#8221;][vc_column_text css=&#8221;&#8221;]<\/p>\n<div class=\"wpb_text_column wpb_content_element \">\n<div class=\"wpb_wrapper\">\n<div class=\"wpb_text_column wpb_content_element \">\n<div class=\"wpb_wrapper\">\n<h5><strong>\u00c0 qui s\u2019adresse cette chirurgie ?<\/strong><\/h5>\n<\/div>\n<\/div>\n<div class=\"wpb_text_column wpb_content_element \">\n<div class=\"wpb_wrapper\"><\/div>\n<\/div>\n<\/div>\n<\/div>\n<div class=\"wpb_text_column wpb_content_element \">\n<div class=\"wpb_wrapper\"><\/div>\n<\/div>\n<p>[\/vc_column_text][vc_column_text css=&#8221;&#8221;]<\/p>\n<div class=\"wpb_text_column wpb_content_element \">\n<div class=\"wpb_wrapper\">\n<div class=\"wpb_text_column wpb_content_element \">\n<div class=\"wpb_wrapper\">\n<ul>\n<li class=\"ds-markdown-paragraph\">Femmes adultes, en bonne sant\u00e9 physique et psychologique.<\/li>\n<li class=\"ds-markdown-paragraph\">Personnes ressentant une\u00a0<strong>g\u00eane intime<\/strong>\u00a0due \u00e0 la longueur ou \u00e0 l\u2019asym\u00e9trie des petites l\u00e8vres.<\/li>\n<li class=\"ds-markdown-paragraph\">Celles qui \u00e9prouvent un\u00a0<strong>inconfort lors des rapports sexuels<\/strong>, du sport ou du port de v\u00eatements serr\u00e9s.<\/li>\n<li class=\"ds-markdown-paragraph\">Patientes souhaitant am\u00e9liorer l\u2019apparence esth\u00e9tique de leur\u00a0<strong>vulve<\/strong>\u00a0pour des raisons personnelles.<\/li>\n<\/ul>\n<\/div>\n<\/div>\n<div class=\"wpb_text_column wpb_content_element \">\n<div class=\"wpb_wrapper\"><\/div>\n<\/div>\n<\/div>\n<\/div>\n<div class=\"wpb_text_column wpb_content_element \">\n<div class=\"wpb_wrapper\"><\/div>\n<\/div>\n<p>[\/vc_column_text][\/vc_column_inner][\/vc_row_inner][\/vc_column][\/vc_row][vc_row][vc_column width=&#8221;1\/4&#8243;]<div id=\"1745413299218-d0ed2dda-6256\" class=\"dt-sc-empty-space\"><\/div><div id=\"1745413299218-e7eec482-7d87\" class=\"dt-sc-empty-space\"><\/div><div id=\"1745413299218-d626b89d-5175\" class=\"dt-sc-empty-space\"><\/div>[\/vc_column][\/vc_row]<\/p>\n<\/div>","protected":false},"excerpt":{"rendered":"<p>[vc_row][vc_column width=&#8221;1\/4&#8243;][vc_custom_heading text=&#8221;La chirurgie intime&#8221; font_container=&#8221;tag:p|font_size:20|text_align:justify&#8221; use_theme_fonts=&#8221;yes&#8221; css=&#8221;&#8221;][\/vc_column][vc_column width=&#8221;3\/4&#8243;][vc_row_inner][vc_column_inner width=&#8221;1\/2&#8243; css=&#8221;.vc_custom_1744295121360{margin-left: 2px !important;}&#8221;][vc_column_text css=&#8221;&#8221;]La\u00a0nymphoplastie en Tunisie, \u00e9galement appel\u00e9e\u00a0r\u00e9duction labiale\u00a0ou\u00a0chirurgie des petites l\u00e8vres, est une intervention de\u00a0chirurgie intime f\u00e9minine\u00a0visant \u00e0 remodeler et r\u00e9duire la taille des petites l\u00e8vres lorsqu\u2019elles sont jug\u00e9es trop longues ou g\u00eanantes. Chez INESCO Care, cette intervention rapide et pr\u00e9cise est r\u00e9alis\u00e9e par [&hellip;]<\/p>\n","protected":false},"author":2,"featured_media":0,"parent":0,"menu_order":0,"comment_status":"closed","ping_status":"closed","template":"","meta":{"footnotes":""},"class_list":["post-21776","page","type-page","status-publish","hentry"],"_links":{"self":[{"href":"https:\/\/ines-co.com\/index.php?rest_route=\/wp\/v2\/pages\/21776","targetHints":{"allow":["GET"]}}],"collection":[{"href":"https:\/\/ines-co.com\/index.php?rest_route=\/wp\/v2\/pages"}],"about":[{"href":"https:\/\/ines-co.com\/index.php?rest_route=\/wp\/v2\/types\/page"}],"author":[{"embeddable":true,"href":"https:\/\/ines-co.com\/index.php?rest_route=\/wp\/v2\/users\/2"}],"replies":[{"embeddable":true,"href":"https:\/\/ines-co.com\/index.php?rest_route=%2Fwp%2Fv2%2Fcomments&post=21776"}],"version-history":[{"count":5,"href":"https:\/\/ines-co.com\/index.php?rest_route=\/wp\/v2\/pages\/21776\/revisions"}],"predecessor-version":[{"id":22341,"href":"https:\/\/ines-co.com\/index.php?rest_route=\/wp\/v2\/pages\/21776\/revisions\/22341"}],"wp:attachment":[{"href":"https:\/\/ines-co.com\/index.php?rest_route=%2Fwp%2Fv2%2Fmedia&parent=21776"}],"curies":[{"name":"wp","href":"https:\/\/api.w.org\/{rel}","templated":true}]}}