{"id":21771,"date":"2025-04-28T12:25:43","date_gmt":"2025-04-28T12:25:43","guid":{"rendered":"https:\/\/ines-co.com\/?page_id=21771"},"modified":"2026-04-07T13:49:03","modified_gmt":"2026-04-07T13:49:03","slug":"penoplastie-dagrandissement","status":"publish","type":"page","link":"https:\/\/ines-co.com\/?page_id=21771","title":{"rendered":"P\u00e9noplastie d\u2019agrandissement"},"content":{"rendered":"<div class=\"wpb-content-wrapper\"><p>[vc_row][vc_column width=&#8221;1\/4&#8243;]<div id=\"1744293887292-61febcd9-ef9a\" class=\"dt-sc-empty-space\"><\/div><div id=\"1744293867661-3150727c-8fa9\" class=\"dt-sc-empty-space\"><\/div><div id=\"1744294995996-4d7f99ee-99d6\" class=\"dt-sc-empty-space\"><\/div>[vc_custom_heading text=&#8221;La chirurgie intime&#8221; font_container=&#8221;tag:p|font_size:20|text_align:justify&#8221; use_theme_fonts=&#8221;yes&#8221; css=&#8221;&#8221;]<div id=\"1744295011070-67885103-b5c8\" class=\"dt-sc-empty-space\"><\/div><div id=\"dt-1744295003964-710f20a8-0be7\" class=\"dt-custom-nav-wrapper none inline-vertical\" data-delay=\"0\" data-default-style = \"none\" data-hover-style = \"none\" data-default-decoration = \"overline\" data-hover-decoration = \"none\"><div class=\"menu-la-chirurgie-intime-container\"><ul id=\"menu-la-chirurgie-intime\" class=\"custom-sub-nav dt-custom-nav\"><li id=\"menu-item-21763\" class=\"menu-item menu-item-type-post_type menu-item-object-page menu-item-21763\"><a href=\"https:\/\/ines-co.com\/?page_id=21760\" class=\"item-has-icon icon-position-left\"><i class=\"menu-item-icon\"><\/i><span>P\u00e9noplastie d\u2019allongement<\/span><\/a><\/li>\n<li id=\"menu-item-21773\" class=\"menu-item menu-item-type-post_type menu-item-object-page menu-item-21773\"><a href=\"https:\/\/ines-co.com\/?page_id=21771\" class=\"item-has-icon icon-position-left\"><i class=\"menu-item-icon\"><\/i><span>P\u00e9noplastie d\u2019agrandissement<\/span><\/a><\/li>\n<li id=\"menu-item-21779\" class=\"menu-item menu-item-type-post_type menu-item-object-page menu-item-21779\"><a href=\"https:\/\/ines-co.com\/?page_id=21776\" class=\"item-has-icon icon-position-left\"><i class=\"menu-item-icon\"><\/i><span>La Nymphoplastie<\/span><\/a><\/li>\n<li id=\"menu-item-21784\" class=\"menu-item menu-item-type-post_type menu-item-object-page menu-item-21784\"><a href=\"https:\/\/ines-co.com\/?page_id=21782\" class=\"item-has-icon icon-position-left\"><i class=\"menu-item-icon\"><\/i><span>La Vaginoplastie<\/span><\/a><\/li>\n<li id=\"menu-item-21789\" class=\"menu-item menu-item-type-post_type menu-item-object-page menu-item-21789\"><a href=\"https:\/\/ines-co.com\/?page_id=21787\" class=\"item-has-icon icon-position-left\"><i class=\"menu-item-icon\"><\/i><span>L\u2019hym\u00e9noplastie<\/span><\/a><\/li>\n<\/ul><\/div><\/div>[\/vc_column][vc_column width=&#8221;3\/4&#8243;][vc_row_inner][vc_column_inner width=&#8221;1\/2&#8243; css=&#8221;.vc_custom_1744295121360{margin-left: 2px !important;}&#8221;]<div id=\"1744284640139-6fd5764f-ac25\" class=\"dt-sc-empty-space\"><\/div>[vc_column_text css=&#8221;&#8221;]La\u00a0<strong>p\u00e9noplastie d\u2019agrandissement en Tunisie<\/strong>\u00a0est une intervention de\u00a0<strong>chirurgie p\u00e9nienne esth\u00e9tique<\/strong>\u00a0visant \u00e0\u00a0<strong>augmenter le diam\u00e8tre du p\u00e9nis<\/strong>\u00a0pour am\u00e9liorer son apparence et renforcer la confiance en soi. Chez INESCO Care, nous proposons des techniques modernes et minimalement invasives telles que\u00a0<strong>l\u2019injection de graisse autologue<\/strong>\u00a0ou\u00a0<strong>l\u2019injection d\u2019acide hyaluronique<\/strong>\u00a0pour obtenir un\u00a0<strong>p\u00e9nis plus \u00e9pais<\/strong>\u00a0avec des\u00a0<strong>r\u00e9sultats naturels<\/strong>. Nos\u00a0<strong>chirurgiens esth\u00e9tiques sp\u00e9cialis\u00e9s en Tunisie<\/strong>\u00a0vous accompagnent dans cette d\u00e9marche personnelle avec discr\u00e9tion et expertise m\u00e9dicale.[\/vc_column_text][vc_column_text css=&#8221;&#8221;]<\/p>\n<h5><strong>Qu\u2019est-ce que la p\u00e9noplastie d\u2019agrandissement ?<\/strong><\/h5>\n<p>[\/vc_column_text][vc_column_text css=&#8221;&#8221;]<\/p>\n<p class=\"ds-markdown-paragraph\">Cette intervention consiste \u00e0 augmenter la circonf\u00e9rence (l\u2019\u00e9paisseur) du p\u00e9nis en injectant des produits de comblement ou de la graisse pr\u00e9lev\u00e9e sur le patient. Elle ne modifie pas la longueur mais am\u00e9liore significativement l\u2019aspect visuel et le volume.<\/p>\n<ul>\n<li class=\"ds-markdown-paragraph\"><strong>Objectif<\/strong>\u00a0: corriger un\u00a0<strong>p\u00e9nis fin<\/strong>\u00a0ou jug\u00e9 trop mince.<\/li>\n<li class=\"ds-markdown-paragraph\"><strong>R\u00e9sultats<\/strong>\u00a0: durables (graisse) ou temporaires (fillers), selon la technique choisie.<\/li>\n<li class=\"ds-markdown-paragraph\"><strong>Indication<\/strong>\u00a0: hommes souhaitant am\u00e9liorer l\u2019esth\u00e9tique et l\u2019\u00e9quilibre proportionnel de leur verge.<\/li>\n<\/ul>\n<p>[\/vc_column_text][vc_column_text css=&#8221;&#8221;]<\/p>\n<div class=\"wpb_text_column wpb_content_element \">\n<div class=\"wpb_wrapper\">\n<h5><strong>\u00c0 qui s\u2019adresse cette chirurgie ?<\/strong><\/h5>\n<\/div>\n<\/div>\n<div class=\"wpb_text_column wpb_content_element \">\n<div class=\"wpb_wrapper\"><\/div>\n<\/div>\n<p>[\/vc_column_text][vc_column_text css=&#8221;&#8221;]<\/p>\n<div class=\"wpb_text_column wpb_content_element \">\n<div class=\"wpb_wrapper\">\n<ul>\n<li class=\"ds-markdown-paragraph\">Hommes adultes en bonne sant\u00e9, non fumeurs.<\/li>\n<li class=\"ds-markdown-paragraph\">Personnes complexes par\u00a0<strong>l\u2019\u00e9paisseur du p\u00e9nis<\/strong>.<\/li>\n<li class=\"ds-markdown-paragraph\">Ceux qui d\u00e9sirent am\u00e9liorer l\u2019apparence et la confiance en soi sans chirurgie lourde.<\/li>\n<li class=\"ds-markdown-paragraph\">Patients avec des attentes r\u00e9alistes et une motivation personnelle.<\/li>\n<\/ul>\n<\/div>\n<\/div>\n<div class=\"wpb_text_column wpb_content_element \">\n<div class=\"wpb_wrapper\"><\/div>\n<\/div>\n<p>[\/vc_column_text]<a href='https:\/\/ines-co.com\/?page_id=21265' target='_self' title='Devis' class='dt-sc-button   medium icon-right with-icon  bordered  type2' data-delay='0' > demande de devis <\/a><div id=\"1745577569858-3c0459c5-6b08\" class=\"dt-sc-empty-space\"><\/div>[\/vc_column_inner][vc_column_inner width=&#8221;1\/2&#8243;]<div id=\"1744292901684-134d992c-3b1f\" class=\"dt-sc-empty-space\"><\/div>[vc_single_image image=&#8221;21791&#8243; img_size=&#8221;full&#8221; css=&#8221;&#8221; el_class=&#8221;custom-img-border&#8221;][vc_column_text css=&#8221;&#8221;]<\/p>\n<div class=\"wpb_text_column wpb_content_element \">\n<div class=\"wpb_wrapper\">\n<div class=\"wpb_text_column wpb_content_element \">\n<div class=\"wpb_wrapper\">\n<h5><strong>Les techniques propos\u00e9es<\/strong><\/h5>\n<\/div>\n<\/div>\n<div class=\"wpb_text_column wpb_content_element \">\n<div class=\"wpb_wrapper\"><\/div>\n<\/div>\n<\/div>\n<\/div>\n<div class=\"wpb_text_column wpb_content_element \">\n<div class=\"wpb_wrapper\"><\/div>\n<\/div>\n<p>[\/vc_column_text][vc_column_text css=&#8221;&#8221;]<\/p>\n<div class=\"wpb_text_column wpb_content_element \">\n<div class=\"wpb_wrapper\">\n<p><strong>1. Injection de graisse autologue (lipofilling p\u00e9nien)<\/strong><\/p>\n<ul>\n<li class=\"ds-markdown-paragraph\"><strong>Pr\u00e9l\u00e8vement<\/strong>\u00a0de graisse sur une autre zone du corps (ventre, hanches).<\/li>\n<li class=\"ds-markdown-paragraph\"><strong>Purification<\/strong>\u00a0et\u00a0<strong>injection<\/strong>\u00a0dans le p\u00e9nis.<\/li>\n<li class=\"ds-markdown-paragraph\"><strong>Avantage<\/strong>\u00a0: r\u00e9sultat naturel, durable, pas de rejet.<\/li>\n<li class=\"ds-markdown-paragraph\"><strong>Inconv\u00e9nient<\/strong>\u00a0: une partie de la graisse peut \u00eatre r\u00e9sorb\u00e9e.<\/li>\n<\/ul>\n<p><strong>2. Injection d\u2019acide hyaluronique (fillers)<\/strong><\/p>\n<ul>\n<li class=\"ds-markdown-paragraph\"><strong>Produit de comblement<\/strong>\u00a0biocompatible et r\u00e9sorbable.<\/li>\n<li class=\"ds-markdown-paragraph\"><strong>Injection<\/strong>\u00a0sous anesth\u00e9sie locale.<\/li>\n<li class=\"ds-markdown-paragraph\"><strong>Avantage<\/strong>\u00a0: r\u00e9sultat imm\u00e9diat, peu de\u00a0<strong>temps de r\u00e9cup\u00e9ration<\/strong>.<\/li>\n<li class=\"ds-markdown-paragraph\"><strong>Inconv\u00e9nient<\/strong>\u00a0: r\u00e9sultat temporaire (12 \u00e0 18 mois), n\u00e9cessite des retouches.<\/li>\n<\/ul>\n<p><strong>3. Autres produits de comblement<\/strong><\/p>\n<ul>\n<li class=\"ds-markdown-paragraph\">D\u2019autres fillers peuvent \u00eatre utilis\u00e9s selon les cas, apr\u00e8s \u00e9valuation m\u00e9dicale.<\/li>\n<\/ul>\n<\/div>\n<\/div>\n<div class=\"wpb_text_column wpb_content_element \">\n<div class=\"wpb_wrapper\"><\/div>\n<\/div>\n<p>[\/vc_column_text][\/vc_column_inner][\/vc_row_inner][\/vc_column][\/vc_row][vc_row][vc_column width=&#8221;1\/4&#8243;]<div id=\"1745413299218-d0ed2dda-6256\" class=\"dt-sc-empty-space\"><\/div><div id=\"1745413299218-e7eec482-7d87\" class=\"dt-sc-empty-space\"><\/div><div id=\"1745413299218-d626b89d-5175\" class=\"dt-sc-empty-space\"><\/div>[\/vc_column][\/vc_row]<\/p>\n<\/div>","protected":false},"excerpt":{"rendered":"<p>[vc_row][vc_column width=&#8221;1\/4&#8243;][vc_custom_heading text=&#8221;La chirurgie intime&#8221; font_container=&#8221;tag:p|font_size:20|text_align:justify&#8221; use_theme_fonts=&#8221;yes&#8221; css=&#8221;&#8221;][\/vc_column][vc_column width=&#8221;3\/4&#8243;][vc_row_inner][vc_column_inner width=&#8221;1\/2&#8243; css=&#8221;.vc_custom_1744295121360{margin-left: 2px !important;}&#8221;][vc_column_text css=&#8221;&#8221;]La\u00a0p\u00e9noplastie d\u2019agrandissement en Tunisie\u00a0est une intervention de\u00a0chirurgie p\u00e9nienne esth\u00e9tique\u00a0visant \u00e0\u00a0augmenter le diam\u00e8tre du p\u00e9nis\u00a0pour am\u00e9liorer son apparence et renforcer la confiance en soi. Chez INESCO Care, nous proposons des techniques modernes et minimalement invasives telles que\u00a0l\u2019injection de graisse autologue\u00a0ou\u00a0l\u2019injection d\u2019acide hyaluronique\u00a0pour obtenir [&hellip;]<\/p>\n","protected":false},"author":2,"featured_media":0,"parent":0,"menu_order":0,"comment_status":"closed","ping_status":"closed","template":"","meta":{"footnotes":""},"class_list":["post-21771","page","type-page","status-publish","hentry"],"_links":{"self":[{"href":"https:\/\/ines-co.com\/index.php?rest_route=\/wp\/v2\/pages\/21771","targetHints":{"allow":["GET"]}}],"collection":[{"href":"https:\/\/ines-co.com\/index.php?rest_route=\/wp\/v2\/pages"}],"about":[{"href":"https:\/\/ines-co.com\/index.php?rest_route=\/wp\/v2\/types\/page"}],"author":[{"embeddable":true,"href":"https:\/\/ines-co.com\/index.php?rest_route=\/wp\/v2\/users\/2"}],"replies":[{"embeddable":true,"href":"https:\/\/ines-co.com\/index.php?rest_route=%2Fwp%2Fv2%2Fcomments&post=21771"}],"version-history":[{"count":5,"href":"https:\/\/ines-co.com\/index.php?rest_route=\/wp\/v2\/pages\/21771\/revisions"}],"predecessor-version":[{"id":22340,"href":"https:\/\/ines-co.com\/index.php?rest_route=\/wp\/v2\/pages\/21771\/revisions\/22340"}],"wp:attachment":[{"href":"https:\/\/ines-co.com\/index.php?rest_route=%2Fwp%2Fv2%2Fmedia&parent=21771"}],"curies":[{"name":"wp","href":"https:\/\/api.w.org\/{rel}","templated":true}]}}