{"id":21760,"date":"2025-04-28T12:20:06","date_gmt":"2025-04-28T12:20:06","guid":{"rendered":"https:\/\/ines-co.com\/?page_id=21760"},"modified":"2026-04-07T13:49:06","modified_gmt":"2026-04-07T13:49:06","slug":"penoplastie-dallongement","status":"publish","type":"page","link":"https:\/\/ines-co.com\/?page_id=21760","title":{"rendered":"P\u00e9noplastie d\u2019allongement"},"content":{"rendered":"<div class=\"wpb-content-wrapper\"><p>[vc_row][vc_column width=&#8221;1\/4&#8243;]<div id=\"1744293887292-61febcd9-ef9a\" class=\"dt-sc-empty-space\"><\/div><div id=\"1744293867661-3150727c-8fa9\" class=\"dt-sc-empty-space\"><\/div><div id=\"1744294995996-4d7f99ee-99d6\" class=\"dt-sc-empty-space\"><\/div>[vc_custom_heading text=&#8221;La chirurgie intime&#8221; font_container=&#8221;tag:p|font_size:20|text_align:justify&#8221; use_theme_fonts=&#8221;yes&#8221; css=&#8221;&#8221;]<div id=\"1744295011070-67885103-b5c8\" class=\"dt-sc-empty-space\"><\/div><div id=\"dt-1744295003964-710f20a8-0be7\" class=\"dt-custom-nav-wrapper none inline-vertical\" data-delay=\"0\" data-default-style = \"none\" data-hover-style = \"none\" data-default-decoration = \"overline\" data-hover-decoration = \"none\"><div class=\"menu-la-chirurgie-intime-container\"><ul id=\"menu-la-chirurgie-intime\" class=\"custom-sub-nav dt-custom-nav\"><li id=\"menu-item-21763\" class=\"menu-item menu-item-type-post_type menu-item-object-page menu-item-21763\"><a href=\"https:\/\/ines-co.com\/?page_id=21760\" class=\"item-has-icon icon-position-left\"><i class=\"menu-item-icon\"><\/i><span>P\u00e9noplastie d\u2019allongement<\/span><\/a><\/li>\n<li id=\"menu-item-21773\" class=\"menu-item menu-item-type-post_type menu-item-object-page menu-item-21773\"><a href=\"https:\/\/ines-co.com\/?page_id=21771\" class=\"item-has-icon icon-position-left\"><i class=\"menu-item-icon\"><\/i><span>P\u00e9noplastie d\u2019agrandissement<\/span><\/a><\/li>\n<li id=\"menu-item-21779\" class=\"menu-item menu-item-type-post_type menu-item-object-page menu-item-21779\"><a href=\"https:\/\/ines-co.com\/?page_id=21776\" class=\"item-has-icon icon-position-left\"><i class=\"menu-item-icon\"><\/i><span>La Nymphoplastie<\/span><\/a><\/li>\n<li id=\"menu-item-21784\" class=\"menu-item menu-item-type-post_type menu-item-object-page menu-item-21784\"><a href=\"https:\/\/ines-co.com\/?page_id=21782\" class=\"item-has-icon icon-position-left\"><i class=\"menu-item-icon\"><\/i><span>La Vaginoplastie<\/span><\/a><\/li>\n<li id=\"menu-item-21789\" class=\"menu-item menu-item-type-post_type menu-item-object-page menu-item-21789\"><a href=\"https:\/\/ines-co.com\/?page_id=21787\" class=\"item-has-icon icon-position-left\"><i class=\"menu-item-icon\"><\/i><span>L\u2019hym\u00e9noplastie<\/span><\/a><\/li>\n<\/ul><\/div><\/div>[\/vc_column][vc_column width=&#8221;3\/4&#8243;][vc_row_inner][vc_column_inner width=&#8221;1\/2&#8243; css=&#8221;.vc_custom_1744295121360{margin-left: 2px !important;}&#8221;]<div id=\"1744284640139-6fd5764f-ac25\" class=\"dt-sc-empty-space\"><\/div>[vc_column_text css=&#8221;&#8221;]La\u00a0<strong>p\u00e9noplastie d\u2019allongement en Tunisie<\/strong>, \u00e9galement appel\u00e9e\u00a0<strong>allongement p\u00e9nien<\/strong>, est une intervention de\u00a0<strong>chirurgie p\u00e9nienne esth\u00e9tique<\/strong>\u00a0visant \u00e0 augmenter la longueur du p\u00e9nis au repos. Chez INESCO Care, cette intervention est r\u00e9alis\u00e9e par des\u00a0<strong>chirurgiens esth\u00e9tiques sp\u00e9cialis\u00e9s en Tunisie<\/strong>\u00a0pour am\u00e9liorer l\u2019apparence flaccide et renforcer la confiance en soi. En\u00a0<strong>sectionnant le ligament suspenseur<\/strong>, nous obtenons un\u00a0<strong>allongement naturel<\/strong>\u00a0et durable, visible principalement \u00e0 l\u2019\u00e9tat d\u00e9tendu. Notre approche minimalement invasive garantit des\u00a0<strong>cicatrices discr\u00e8tes<\/strong>\u00a0et une r\u00e9cup\u00e9ration optimis\u00e9e.[\/vc_column_text][vc_column_text css=&#8221;&#8221;]<\/p>\n<h5><strong>Qu\u2019est-ce que la p\u00e9noplastie d\u2019allongement ?<\/strong><\/h5>\n<p>[\/vc_column_text][vc_column_text css=&#8221;&#8221;]<\/p>\n<p class=\"ds-markdown-paragraph\">Il s\u2019agit d\u2019une intervention chirurgicale pr\u00e9cise qui lib\u00e8re une partie du p\u00e9nis cach\u00e9e \u00e0 l\u2019int\u00e9rieur du pelvis en\u00a0<strong>sectionnant le ligament suspenseur<\/strong>. Cela permet au p\u00e9nis de \u00ab descendre \u00bb et d\u2019appara\u00eetre plus long au repos, sans affecter sa taille en \u00e9rection.<\/p>\n<ul>\n<li class=\"ds-markdown-paragraph\"><strong>Objectif<\/strong>\u00a0: corriger un\u00a0<strong>p\u00e9nis court au repos<\/strong>\u00a0et am\u00e9liorer l\u2019harmonie esth\u00e9tique de la r\u00e9gion g\u00e9nitale masculine.<\/li>\n<li class=\"ds-markdown-paragraph\"><strong>R\u00e9sultat<\/strong>\u00a0: allongement de 1 \u00e0 3 cm en moyenne, selon l\u2019anatomie de d\u00e9part.<\/li>\n<li class=\"ds-markdown-paragraph\"><strong>Indication<\/strong>\u00a0: hommes en bonne sant\u00e9, complexes par l\u2019apparence du p\u00e9nis flaccide.<\/li>\n<\/ul>\n<p>[\/vc_column_text]<a href='https:\/\/ines-co.com\/?page_id=21265' target='_self' title='Devis' class='dt-sc-button   medium icon-right with-icon  bordered  type2' data-delay='0' > demande de devis <\/a><div id=\"1745577569858-3c0459c5-6b08\" class=\"dt-sc-empty-space\"><\/div>[\/vc_column_inner][vc_column_inner width=&#8221;1\/2&#8243;]<div id=\"1744292901684-134d992c-3b1f\" class=\"dt-sc-empty-space\"><\/div>[vc_single_image image=&#8221;21769&#8243; img_size=&#8221;full&#8221; css=&#8221;&#8221; el_class=&#8221;custom-img-border&#8221;][vc_column_text css=&#8221;&#8221;]<\/p>\n<h5><strong>\u00c0 qui s\u2019adresse cette chirurgie ?<\/strong><\/h5>\n<p>[\/vc_column_text][vc_column_text css=&#8221;&#8221;]<\/p>\n<ul>\n<li class=\"ds-markdown-paragraph\">Hommes adultes en bonne sant\u00e9 physique et psychologique.<\/li>\n<li class=\"ds-markdown-paragraph\">Personnes complexes par un\u00a0<strong>p\u00e9nis court au repos<\/strong>.<\/li>\n<li class=\"ds-markdown-paragraph\">Ceux qui souhaitent am\u00e9liorer l\u2019aspect esth\u00e9tique de leur\u00a0<strong>verge<\/strong>\u00a0sans modifier la fonction \u00e9rectile.<\/li>\n<li class=\"ds-markdown-paragraph\">Patients ayant des attentes r\u00e9alistes et une motivation personnelle claire.<\/li>\n<\/ul>\n<p>[\/vc_column_text][\/vc_column_inner][\/vc_row_inner][\/vc_column][\/vc_row][vc_row][vc_column width=&#8221;1\/4&#8243;]<div id=\"1745413299218-d0ed2dda-6256\" class=\"dt-sc-empty-space\"><\/div><div id=\"1745413299218-e7eec482-7d87\" class=\"dt-sc-empty-space\"><\/div><div id=\"1745413299218-d626b89d-5175\" class=\"dt-sc-empty-space\"><\/div>[\/vc_column][\/vc_row]<\/p>\n<\/div>","protected":false},"excerpt":{"rendered":"<p>[vc_row][vc_column width=&#8221;1\/4&#8243;][vc_custom_heading text=&#8221;La chirurgie intime&#8221; font_container=&#8221;tag:p|font_size:20|text_align:justify&#8221; use_theme_fonts=&#8221;yes&#8221; css=&#8221;&#8221;][\/vc_column][vc_column width=&#8221;3\/4&#8243;][vc_row_inner][vc_column_inner width=&#8221;1\/2&#8243; css=&#8221;.vc_custom_1744295121360{margin-left: 2px !important;}&#8221;][vc_column_text css=&#8221;&#8221;]La\u00a0p\u00e9noplastie d\u2019allongement en Tunisie, \u00e9galement appel\u00e9e\u00a0allongement p\u00e9nien, est une intervention de\u00a0chirurgie p\u00e9nienne esth\u00e9tique\u00a0visant \u00e0 augmenter la longueur du p\u00e9nis au repos. Chez INESCO Care, cette intervention est r\u00e9alis\u00e9e par des\u00a0chirurgiens esth\u00e9tiques sp\u00e9cialis\u00e9s en Tunisie\u00a0pour am\u00e9liorer l\u2019apparence flaccide et renforcer la confiance en [&hellip;]<\/p>\n","protected":false},"author":2,"featured_media":0,"parent":0,"menu_order":0,"comment_status":"closed","ping_status":"closed","template":"","meta":{"footnotes":""},"class_list":["post-21760","page","type-page","status-publish","hentry"],"_links":{"self":[{"href":"https:\/\/ines-co.com\/index.php?rest_route=\/wp\/v2\/pages\/21760","targetHints":{"allow":["GET"]}}],"collection":[{"href":"https:\/\/ines-co.com\/index.php?rest_route=\/wp\/v2\/pages"}],"about":[{"href":"https:\/\/ines-co.com\/index.php?rest_route=\/wp\/v2\/types\/page"}],"author":[{"embeddable":true,"href":"https:\/\/ines-co.com\/index.php?rest_route=\/wp\/v2\/users\/2"}],"replies":[{"embeddable":true,"href":"https:\/\/ines-co.com\/index.php?rest_route=%2Fwp%2Fv2%2Fcomments&post=21760"}],"version-history":[{"count":8,"href":"https:\/\/ines-co.com\/index.php?rest_route=\/wp\/v2\/pages\/21760\/revisions"}],"predecessor-version":[{"id":22339,"href":"https:\/\/ines-co.com\/index.php?rest_route=\/wp\/v2\/pages\/21760\/revisions\/22339"}],"wp:attachment":[{"href":"https:\/\/ines-co.com\/index.php?rest_route=%2Fwp%2Fv2%2Fmedia&parent=21760"}],"curies":[{"name":"wp","href":"https:\/\/api.w.org\/{rel}","templated":true}]}}