{"id":21742,"date":"2025-04-28T12:05:15","date_gmt":"2025-04-28T12:05:15","guid":{"rendered":"https:\/\/ines-co.com\/?page_id=21742"},"modified":"2026-04-07T13:55:58","modified_gmt":"2026-04-07T13:55:58","slug":"le-bypass-gastrique","status":"publish","type":"page","link":"https:\/\/ines-co.com\/?page_id=21742","title":{"rendered":"Le bypass gastrique"},"content":{"rendered":"<div class=\"wpb-content-wrapper\"><p>[vc_row][vc_column width=&#8221;1\/4&#8243;]<div id=\"1744293887292-61febcd9-ef9a\" class=\"dt-sc-empty-space\"><\/div><div id=\"1744293867661-3150727c-8fa9\" class=\"dt-sc-empty-space\"><\/div><div id=\"1744294995996-4d7f99ee-99d6\" class=\"dt-sc-empty-space\"><\/div>[vc_custom_heading text=&#8221;Chirurgie de l&#8217;obesit\u00e9&#8221; font_container=&#8221;tag:p|font_size:20|text_align:justify&#8221; use_theme_fonts=&#8221;yes&#8221; css=&#8221;&#8221;]<div id=\"1744295011070-67885103-b5c8\" class=\"dt-sc-empty-space\"><\/div><div id=\"dt-1744295003964-710f20a8-0be7\" class=\"dt-custom-nav-wrapper none inline-vertical\" data-delay=\"0\" data-default-style = \"none\" data-hover-style = \"none\" data-default-decoration = \"overline\" data-hover-decoration = \"none\"><div class=\"menu-chirurgie-de-lobesite-container\"><ul id=\"menu-chirurgie-de-lobesite\" class=\"custom-sub-nav dt-custom-nav\"><li id=\"menu-item-21739\" class=\"menu-item menu-item-type-post_type menu-item-object-page menu-item-21739\"><a href=\"https:\/\/ines-co.com\/?page_id=21736\" class=\"item-has-icon icon-position-left\"><i class=\"menu-item-icon\"><\/i><span>Sleeve gastrique<\/span><\/a><\/li>\n<li id=\"menu-item-21745\" class=\"menu-item menu-item-type-post_type menu-item-object-page menu-item-21745\"><a href=\"https:\/\/ines-co.com\/?page_id=21742\" class=\"item-has-icon icon-position-left\"><i class=\"menu-item-icon\"><\/i><span>Le bypass gastrique<\/span><\/a><\/li>\n<\/ul><\/div><\/div>[\/vc_column][vc_column width=&#8221;3\/4&#8243;][vc_row_inner][vc_column_inner width=&#8221;1\/2&#8243; css=&#8221;.vc_custom_1744295121360{margin-left: 2px !important;}&#8221;]<div id=\"1744284640139-6fd5764f-ac25\" class=\"dt-sc-empty-space\"><\/div>[vc_column_text css=&#8221;&#8221;]Le\u00a0<strong>bypass gastrique en Tunisie<\/strong>, \u00e9galement appel\u00e9\u00a0<strong>Roux-en-Y (RYGB)<\/strong>, est une\u00a0<strong>chirurgie bariatrique complexe<\/strong>\u00a0qui combine\u00a0<strong>restriction gastrique<\/strong>\u00a0et\u00a0<strong>malabsorption intestinale<\/strong>. Chez INESCO Care, cette\u00a0<strong>intervention de chirurgie de l\u2019ob\u00e9sit\u00e9<\/strong>\u00a0est r\u00e9alis\u00e9e par des\u00a0<strong>chirurgiens bariatriques sp\u00e9cialis\u00e9s en Tunisie<\/strong>\u00a0pour traiter l\u2019<strong>ob\u00e9sit\u00e9 s\u00e9v\u00e8re<\/strong>\u00a0et les\u00a0<strong>comorbidit\u00e9s associ\u00e9es<\/strong>. En r\u00e9duisant le volume de l\u2019estomac et en d\u00e9rivant une partie de l\u2019intestin gr\u00eale, le bypass agit sur\u00a0<strong>plusieurs m\u00e9canismes<\/strong>\u00a0: restriction, malabsorption cibl\u00e9e, contr\u00f4le hormonal (baisse de la\u00a0<strong>ghr\u00e9line<\/strong>) et\u00a0<strong>dumping syndrome<\/strong>, favorisant une\u00a0<strong>perte de poids durable<\/strong>\u00a0et une\u00a0<strong>am\u00e9lioration de la sant\u00e9 m\u00e9tabolique<\/strong>.[\/vc_column_text][vc_column_text css=&#8221;&#8221;]<\/p>\n<h5><strong>Qu\u2019est-ce que le bypass gastrique (Roux-en-Y) ?<\/strong><\/h5>\n<p>[\/vc_column_text][vc_column_text css=&#8221;&#8221;]<\/p>\n<p class=\"ds-markdown-paragraph\">Il s\u2019agit d\u2019une intervention\u00a0<strong>irr\u00e9versible<\/strong>\u00a0qui modifie l\u2019anatomie digestive en deux temps :<\/p>\n<ol start=\"1\">\n<li>\n<p class=\"ds-markdown-paragraph\"><strong>Cr\u00e9ation d\u2019une petite poche gastrique<\/strong>\u00a0(restriction).<\/p>\n<\/li>\n<li>\n<p class=\"ds-markdown-paragraph\"><strong>D\u00e9rivation d\u2019une partie de l\u2019intestin gr\u00eale<\/strong>\u00a0pour que les aliments \u00e9vitent une partie du tube digestif (malabsorption).<\/p>\n<\/li>\n<\/ol>\n<ul>\n<li class=\"ds-markdown-paragraph\"><strong>Indication<\/strong>\u00a0:\u00a0<strong>ob\u00e9sit\u00e9 morbide<\/strong>\u00a0(IMC \u2265 40) ou IMC \u2265 35 avec comorbidit\u00e9s s\u00e9v\u00e8res (diab\u00e8te de type 2, hypertension, apn\u00e9e du sommeil).<\/li>\n<li class=\"ds-markdown-paragraph\"><strong>Avantage<\/strong>\u00a0: perte de poids importante et am\u00e9lioration rapide du diab\u00e8te.<\/li>\n<\/ul>\n<p>[\/vc_column_text]<a href='https:\/\/ines-co.com\/?page_id=21265' target='_self' title='Devis' class='dt-sc-button   medium icon-right with-icon  bordered  type2' data-delay='0' > demande de devis <\/a><div id=\"1745577569858-3c0459c5-6b08\" class=\"dt-sc-empty-space\"><\/div>[\/vc_column_inner][vc_column_inner width=&#8221;1\/2&#8243;]<div id=\"1744292901684-134d992c-3b1f\" class=\"dt-sc-empty-space\"><\/div>[vc_single_image image=&#8221;21749&#8243; img_size=&#8221;full&#8221; css=&#8221;&#8221; el_class=&#8221;custom-img-border&#8221;][vc_column_text css=&#8221;&#8221;]<\/p>\n<h5><strong>\u00c0 qui s\u2019adresse cette chirurgie ?<\/strong><\/h5>\n<p>[\/vc_column_text][vc_column_text css=&#8221;&#8221;]<\/p>\n<ul>\n<li class=\"ds-markdown-paragraph\">Adultes souffrant d\u2019<strong>ob\u00e9sit\u00e9 s\u00e9v\u00e8re<\/strong>\u00a0avec IMC \u00e9lev\u00e9.<\/li>\n<li class=\"ds-markdown-paragraph\">Patients pr\u00e9sentant un\u00a0<strong>diab\u00e8te de type 2<\/strong>\u00a0mal contr\u00f4l\u00e9.<\/li>\n<li class=\"ds-markdown-paragraph\">Personnes ayant des\u00a0<strong>comportements compulsifs<\/strong>\u00a0mod\u00e9r\u00e9s (le bypass n\u2019agit pas sur les compulsions s\u00e9v\u00e8res).<\/li>\n<li class=\"ds-markdown-paragraph\">Ceux qui ont \u00e9chou\u00e9 avec d\u2019autres m\u00e9thodes (r\u00e9gimes, sport, sleeve gastrique) et recherchent une solution\u00a0<strong>durable et efficace<\/strong>.<\/li>\n<\/ul>\n<p>[\/vc_column_text][\/vc_column_inner][\/vc_row_inner][\/vc_column][\/vc_row][vc_row][vc_column width=&#8221;1\/4&#8243;]<div id=\"1745413299218-d0ed2dda-6256\" class=\"dt-sc-empty-space\"><\/div><div id=\"1745413299218-e7eec482-7d87\" class=\"dt-sc-empty-space\"><\/div><div id=\"1745413299218-d626b89d-5175\" class=\"dt-sc-empty-space\"><\/div>[\/vc_column][\/vc_row]<\/p>\n<\/div>","protected":false},"excerpt":{"rendered":"<p>[vc_row][vc_column width=&#8221;1\/4&#8243;][vc_custom_heading text=&#8221;Chirurgie de l&#8217;obesit\u00e9&#8221; font_container=&#8221;tag:p|font_size:20|text_align:justify&#8221; use_theme_fonts=&#8221;yes&#8221; css=&#8221;&#8221;][\/vc_column][vc_column width=&#8221;3\/4&#8243;][vc_row_inner][vc_column_inner width=&#8221;1\/2&#8243; css=&#8221;.vc_custom_1744295121360{margin-left: 2px !important;}&#8221;][vc_column_text css=&#8221;&#8221;]Le\u00a0bypass gastrique en Tunisie, \u00e9galement appel\u00e9\u00a0Roux-en-Y (RYGB), est une\u00a0chirurgie bariatrique complexe\u00a0qui combine\u00a0restriction gastrique\u00a0et\u00a0malabsorption intestinale. Chez INESCO Care, cette\u00a0intervention de chirurgie de l\u2019ob\u00e9sit\u00e9\u00a0est r\u00e9alis\u00e9e par des\u00a0chirurgiens bariatriques sp\u00e9cialis\u00e9s en Tunisie\u00a0pour traiter l\u2019ob\u00e9sit\u00e9 s\u00e9v\u00e8re\u00a0et les\u00a0comorbidit\u00e9s associ\u00e9es. En r\u00e9duisant le volume de l\u2019estomac et en [&hellip;]<\/p>\n","protected":false},"author":2,"featured_media":0,"parent":0,"menu_order":0,"comment_status":"closed","ping_status":"closed","template":"","meta":{"footnotes":""},"class_list":["post-21742","page","type-page","status-publish","hentry"],"_links":{"self":[{"href":"https:\/\/ines-co.com\/index.php?rest_route=\/wp\/v2\/pages\/21742","targetHints":{"allow":["GET"]}}],"collection":[{"href":"https:\/\/ines-co.com\/index.php?rest_route=\/wp\/v2\/pages"}],"about":[{"href":"https:\/\/ines-co.com\/index.php?rest_route=\/wp\/v2\/types\/page"}],"author":[{"embeddable":true,"href":"https:\/\/ines-co.com\/index.php?rest_route=\/wp\/v2\/users\/2"}],"replies":[{"embeddable":true,"href":"https:\/\/ines-co.com\/index.php?rest_route=%2Fwp%2Fv2%2Fcomments&post=21742"}],"version-history":[{"count":8,"href":"https:\/\/ines-co.com\/index.php?rest_route=\/wp\/v2\/pages\/21742\/revisions"}],"predecessor-version":[{"id":22355,"href":"https:\/\/ines-co.com\/index.php?rest_route=\/wp\/v2\/pages\/21742\/revisions\/22355"}],"wp:attachment":[{"href":"https:\/\/ines-co.com\/index.php?rest_route=%2Fwp%2Fv2%2Fmedia&parent=21742"}],"curies":[{"name":"wp","href":"https:\/\/api.w.org\/{rel}","templated":true}]}}