{"id":21732,"date":"2025-04-28T11:54:55","date_gmt":"2025-04-28T11:54:55","guid":{"rendered":"https:\/\/ines-co.com\/?page_id=21732"},"modified":"2026-04-07T13:56:48","modified_gmt":"2026-04-07T13:56:48","slug":"chirurgie-de-lobesite","status":"publish","type":"page","link":"https:\/\/ines-co.com\/?page_id=21732","title":{"rendered":"Chirurgie de l\\&#8217;obesit\u00e9"},"content":{"rendered":"<div class=\"wpb-content-wrapper\"><p>[vc_row][vc_column width=&#8221;1\/4&#8243;]<div id=\"1744293887292-61febcd9-ef9a\" class=\"dt-sc-empty-space\"><\/div><div id=\"1744293867661-3150727c-8fa9\" class=\"dt-sc-empty-space\"><\/div><div id=\"1744294995996-4d7f99ee-99d6\" class=\"dt-sc-empty-space\"><\/div>[vc_custom_heading text=&#8221;Chirurgie de l&#8217;obesit\u00e9&#8221; font_container=&#8221;tag:p|font_size:20|text_align:justify&#8221; use_theme_fonts=&#8221;yes&#8221; css=&#8221;&#8221;]<div id=\"1744295011070-67885103-b5c8\" class=\"dt-sc-empty-space\"><\/div><div id=\"dt-1744295003964-710f20a8-0be7\" class=\"dt-custom-nav-wrapper none inline-vertical\" data-delay=\"0\" data-default-style = \"none\" data-hover-style = \"none\" data-default-decoration = \"overline\" data-hover-decoration = \"none\"><div class=\"menu-chirurgie-de-lobesite-container\"><ul id=\"menu-chirurgie-de-lobesite\" class=\"custom-sub-nav dt-custom-nav\"><li id=\"menu-item-21739\" class=\"menu-item menu-item-type-post_type menu-item-object-page menu-item-21739\"><a href=\"https:\/\/ines-co.com\/?page_id=21736\" class=\"item-has-icon icon-position-left\"><i class=\"menu-item-icon\"><\/i><span>Sleeve gastrique<\/span><\/a><\/li>\n<li id=\"menu-item-21745\" class=\"menu-item menu-item-type-post_type menu-item-object-page menu-item-21745\"><a href=\"https:\/\/ines-co.com\/?page_id=21742\" class=\"item-has-icon icon-position-left\"><i class=\"menu-item-icon\"><\/i><span>Le bypass gastrique<\/span><\/a><\/li>\n<\/ul><\/div><\/div>[\/vc_column][vc_column width=&#8221;3\/4&#8243;][vc_row_inner][vc_column_inner width=&#8221;1\/2&#8243; css=&#8221;.vc_custom_1744295121360{margin-left: 2px !important;}&#8221;]<div id=\"1744284640139-6fd5764f-ac25\" class=\"dt-sc-empty-space\"><\/div>[vc_column_text css=&#8221;&#8221;]<\/p>\n<p class=\"ds-markdown-paragraph\">La\u00a0<strong>chirurgie de l\u2019ob\u00e9sit\u00e9 Tunisie<\/strong>, \u00e9galement appel\u00e9e\u00a0<strong>chirurgie bariatrique Tunisie<\/strong>, regroupe des interventions telles que la\u00a0<strong>sleeve gastrique Tunisie<\/strong>\u00a0et le\u00a0<strong>bypass gastrique Tunisie<\/strong>. Ces interventions visent une\u00a0<strong>perte de poids durable<\/strong>\u00a0et un\u00a0<strong>traitement de l\u2019ob\u00e9sit\u00e9 s\u00e9v\u00e8re<\/strong>, tout en am\u00e9liorant la\u00a0<strong>sant\u00e9 digestive<\/strong>\u00a0et en aidant au\u00a0<strong>r\u00e9\u00e9quilibrage alimentaire<\/strong>. Chez INESCO Care, nous proposons des\u00a0<strong>interventions s\u00e9curis\u00e9es<\/strong>\u00a0avec un\u00a0<strong>suivi postop\u00e9ratoire<\/strong>\u00a0personnalis\u00e9 et des\u00a0<strong>photos avant\/apr\u00e8s<\/strong>\u00a0illustrant des transformations r\u00e9elles.<\/p>\n<p class=\"ds-markdown-paragraph\">Cette\u00a0<strong>chirurgie ventre et silhouette<\/strong>\u00a0est recommand\u00e9e pour les personnes pr\u00e9sentant un\u00a0<strong>IMC \u00e9lev\u00e9<\/strong>\u00a0ou une\u00a0<strong>ob\u00e9sit\u00e9 morbide<\/strong>, et souhaitant retrouver une meilleure qualit\u00e9 de vie.<\/p>\n<p>[\/vc_column_text][vc_column_text css=&#8221;&#8221;]<\/p>\n<h4><strong>Qu\u2019est-ce que la chirurgie bariatrique ?<\/strong><\/h4>\n<p>[\/vc_column_text][vc_column_text css=&#8221;&#8221;]<\/p>\n<p class=\"ds-markdown-paragraph\">La\u00a0<strong>chirurgie bariatrique<\/strong>\u00a0est une intervention m\u00e9dicale qui vise \u00e0 :<\/p>\n<ul>\n<li class=\"ds-markdown-paragraph\">Favoriser une\u00a0<strong>perte de poids rapide<\/strong>\u00a0et durable<\/li>\n<li class=\"ds-markdown-paragraph\">Traiter les complications li\u00e9es \u00e0 l\u2019<strong>ob\u00e9sit\u00e9 s\u00e9v\u00e8re<\/strong><\/li>\n<li class=\"ds-markdown-paragraph\">Am\u00e9liorer la\u00a0<strong>sant\u00e9 digestive<\/strong>\u00a0et m\u00e9tabolique<\/li>\n<li class=\"ds-markdown-paragraph\">Aider \u00e0 un\u00a0<strong>r\u00e9\u00e9quilibrage alimentaire<\/strong>\u00a0sur le long terme<\/li>\n<\/ul>\n<p class=\"ds-markdown-paragraph\">Elle comprend principalement deux techniques : la\u00a0<strong>sleeve gastrique<\/strong>\u00a0et le\u00a0<strong>bypass gastrique<\/strong>.<\/p>\n<p>[\/vc_column_text]<div id=\"1745577569858-3c0459c5-6b08\" class=\"dt-sc-empty-space\"><\/div>[\/vc_column_inner][vc_column_inner width=&#8221;1\/2&#8243;]<div id=\"1744292901684-134d992c-3b1f\" class=\"dt-sc-empty-space\"><\/div>[vc_single_image image=&#8221;21754&#8243; img_size=&#8221;full&#8221; css=&#8221;&#8221; el_class=&#8221;custom-img-border&#8221;][vc_column_text css=&#8221;&#8221;]<\/p>\n<h4><strong>\u00c0 qui s\u2019adresse cette chirurgie ?<\/strong><\/h4>\n<p>[\/vc_column_text][vc_column_text css=&#8221;&#8221;]<\/p>\n<p class=\"ds-markdown-paragraph\">La\u00a0<strong>chirurgie de l\u2019ob\u00e9sit\u00e9<\/strong>\u00a0est indiqu\u00e9e pour :<\/p>\n<ul>\n<li class=\"ds-markdown-paragraph\">Les personnes avec un\u00a0<strong>IMC \u00e9lev\u00e9<\/strong>\u00a0(\u2265 40 ou \u2265 35 avec comorbidit\u00e9s)<\/li>\n<li class=\"ds-markdown-paragraph\">Les cas d\u2019<strong>ob\u00e9sit\u00e9 morbide<\/strong>\u00a0r\u00e9sistante aux r\u00e9gimes<\/li>\n<li class=\"ds-markdown-paragraph\">Les patients souffrant de probl\u00e8mes de sant\u00e9 li\u00e9s au poids (diab\u00e8te, hypertension, apn\u00e9e du sommeil)<\/li>\n<li class=\"ds-markdown-paragraph\">Ceux souhaitant une\u00a0<strong>perte de poids durable<\/strong>\u00a0et une am\u00e9lioration de la\u00a0<strong>silhouette<\/strong><\/li>\n<\/ul>\n<p>[\/vc_column_text][vc_column_text css=&#8221;&#8221;]<\/p>\n<h4><strong>Techniques propos\u00e9es :<\/strong><\/h4>\n<p>[\/vc_column_text][vc_column_text css=&#8221;&#8221;]<\/p>\n<h5><strong>Sleeve gastrique Tunisie<\/strong><\/h5>\n<p class=\"ds-markdown-paragraph\">R\u00e9duction de l\u2019estomac pour limiter la quantit\u00e9 d\u2019aliments ing\u00e9r\u00e9s. Id\u00e9ale pour une\u00a0<strong>perte de poids rapide<\/strong>.<\/p>\n<h5><strong>Bypass gastrique Tunisie<\/strong><\/h5>\n<p class=\"ds-markdown-paragraph\">Court-circuit d\u2019une partie de l\u2019estomac et de l\u2019intestin pour r\u00e9duire l\u2019absorption des calories. Recommand\u00e9 en cas d\u2019<strong>ob\u00e9sit\u00e9 morbide<\/strong>.<\/p>\n<p class=\"ds-markdown-paragraph\">Chaque technique est choisie en fonction de votre\u00a0<strong>IMC<\/strong>, de votre \u00e9tat de sant\u00e9 et de vos objectifs.<\/p>\n<p>[\/vc_column_text]<a href='https:\/\/ines-co.com\/?page_id=21265' target='_self' title='Devis' class='dt-sc-button   medium icon-right with-icon  bordered  type2' data-delay='0' > demande de devis <\/a>[\/vc_column_inner][\/vc_row_inner][\/vc_column][\/vc_row][vc_row][vc_column width=&#8221;1\/4&#8243;]<div id=\"1745413299218-d0ed2dda-6256\" class=\"dt-sc-empty-space\"><\/div><div id=\"1745413299218-e7eec482-7d87\" class=\"dt-sc-empty-space\"><\/div><div id=\"1745413299218-d626b89d-5175\" class=\"dt-sc-empty-space\"><\/div>[\/vc_column][\/vc_row]<\/p>\n<\/div>","protected":false},"excerpt":{"rendered":"<p>[vc_row][vc_column width=&#8221;1\/4&#8243;][vc_custom_heading text=&#8221;Chirurgie de l&#8217;obesit\u00e9&#8221; font_container=&#8221;tag:p|font_size:20|text_align:justify&#8221; use_theme_fonts=&#8221;yes&#8221; css=&#8221;&#8221;][\/vc_column][vc_column width=&#8221;3\/4&#8243;][vc_row_inner][vc_column_inner width=&#8221;1\/2&#8243; css=&#8221;.vc_custom_1744295121360{margin-left: 2px !important;}&#8221;][vc_column_text css=&#8221;&#8221;] La\u00a0chirurgie de l\u2019ob\u00e9sit\u00e9 Tunisie, \u00e9galement appel\u00e9e\u00a0chirurgie bariatrique Tunisie, regroupe des interventions telles que la\u00a0sleeve gastrique Tunisie\u00a0et le\u00a0bypass gastrique Tunisie. Ces interventions visent une\u00a0perte de poids durable\u00a0et un\u00a0traitement de l\u2019ob\u00e9sit\u00e9 s\u00e9v\u00e8re, tout en am\u00e9liorant la\u00a0sant\u00e9 digestive\u00a0et en aidant au\u00a0r\u00e9\u00e9quilibrage alimentaire. Chez INESCO [&hellip;]<\/p>\n","protected":false},"author":2,"featured_media":0,"parent":0,"menu_order":0,"comment_status":"closed","ping_status":"closed","template":"","meta":{"footnotes":""},"class_list":["post-21732","page","type-page","status-publish","hentry"],"_links":{"self":[{"href":"https:\/\/ines-co.com\/index.php?rest_route=\/wp\/v2\/pages\/21732","targetHints":{"allow":["GET"]}}],"collection":[{"href":"https:\/\/ines-co.com\/index.php?rest_route=\/wp\/v2\/pages"}],"about":[{"href":"https:\/\/ines-co.com\/index.php?rest_route=\/wp\/v2\/types\/page"}],"author":[{"embeddable":true,"href":"https:\/\/ines-co.com\/index.php?rest_route=\/wp\/v2\/users\/2"}],"replies":[{"embeddable":true,"href":"https:\/\/ines-co.com\/index.php?rest_route=%2Fwp%2Fv2%2Fcomments&post=21732"}],"version-history":[{"count":11,"href":"https:\/\/ines-co.com\/index.php?rest_route=\/wp\/v2\/pages\/21732\/revisions"}],"predecessor-version":[{"id":22357,"href":"https:\/\/ines-co.com\/index.php?rest_route=\/wp\/v2\/pages\/21732\/revisions\/22357"}],"wp:attachment":[{"href":"https:\/\/ines-co.com\/index.php?rest_route=%2Fwp%2Fv2%2Fmedia&parent=21732"}],"curies":[{"name":"wp","href":"https:\/\/api.w.org\/{rel}","templated":true}]}}