{"id":21724,"date":"2025-04-28T10:57:05","date_gmt":"2025-04-28T10:57:05","guid":{"rendered":"https:\/\/ines-co.com\/?page_id=21724"},"modified":"2026-04-07T13:44:58","modified_gmt":"2026-04-07T13:44:58","slug":"la-reconstruction-mammaire","status":"publish","type":"page","link":"https:\/\/ines-co.com\/?page_id=21724","title":{"rendered":"La reconstruction mammaire"},"content":{"rendered":"<div class=\"wpb-content-wrapper\"><p>[vc_row][vc_column width=&#8221;1\/4&#8243;]<div id=\"1744293887292-61febcd9-ef9a\" class=\"dt-sc-empty-space\"><\/div><div id=\"1744293867661-3150727c-8fa9\" class=\"dt-sc-empty-space\"><\/div><div id=\"1744294995996-4d7f99ee-99d6\" class=\"dt-sc-empty-space\"><\/div>[vc_custom_heading text=&#8221;La chirurgie esth\u00e9tique des seins&#8221; font_container=&#8221;tag:p|font_size:20|text_align:justify&#8221; use_theme_fonts=&#8221;yes&#8221; css=&#8221;&#8221;]<div id=\"1744295011070-67885103-b5c8\" class=\"dt-sc-empty-space\"><\/div><div id=\"dt-1744295003964-710f20a8-0be7\" class=\"dt-custom-nav-wrapper none inline-vertical\" data-delay=\"0\" data-default-style = \"none\" data-hover-style = \"none\" data-default-decoration = \"overline\" data-hover-decoration = \"none\"><div class=\"menu-la-chirurgie-esthetique-des-seins-container\"><ul id=\"menu-la-chirurgie-esthetique-des-seins\" class=\"custom-sub-nav dt-custom-nav\"><li id=\"menu-item-21698\" class=\"menu-item menu-item-type-post_type menu-item-object-page menu-item-21698\"><a href=\"https:\/\/ines-co.com\/?page_id=21688\" class=\"item-has-icon icon-position-left\"><i class=\"menu-item-icon\"><\/i><span>L\u2019augmentation mammaire<\/span><\/a><\/li>\n<li id=\"menu-item-21706\" class=\"menu-item menu-item-type-post_type menu-item-object-page menu-item-21706\"><a href=\"https:\/\/ines-co.com\/?page_id=21704\" class=\"item-has-icon icon-position-left\"><i class=\"menu-item-icon\"><\/i><span>La\u00a0r\u00e9duction mammaire<\/span><\/a><\/li>\n<li id=\"menu-item-21714\" class=\"menu-item menu-item-type-post_type menu-item-object-page menu-item-21714\"><a href=\"https:\/\/ines-co.com\/?page_id=21712\" class=\"item-has-icon icon-position-left\"><i class=\"menu-item-icon\"><\/i><span>Gyn\u00e9comastie pour homme<\/span><\/a><\/li>\n<li id=\"menu-item-21720\" class=\"menu-item menu-item-type-post_type menu-item-object-page menu-item-21720\"><a href=\"https:\/\/ines-co.com\/?page_id=21718\" class=\"item-has-icon icon-position-left\"><i class=\"menu-item-icon\"><\/i><span>Le\u00a0redrapage mammaire<\/span><\/a><\/li>\n<li id=\"menu-item-21729\" class=\"menu-item menu-item-type-post_type menu-item-object-page menu-item-21729\"><a href=\"https:\/\/ines-co.com\/?page_id=21724\" class=\"item-has-icon icon-position-left\"><i class=\"menu-item-icon\"><\/i><span>La reconstruction mammaire<\/span><\/a><\/li>\n<\/ul><\/div><\/div>[\/vc_column][vc_column width=&#8221;3\/4&#8243;][vc_row_inner][vc_column_inner width=&#8221;1\/2&#8243; css=&#8221;.vc_custom_1744295121360{margin-left: 2px !important;}&#8221;]<div id=\"1744284640139-6fd5764f-ac25\" class=\"dt-sc-empty-space\"><\/div>[vc_column_text css=&#8221;&#8221;]La\u00a0<strong>reconstruction mammaire en Tunisie<\/strong>\u00a0est une\u00a0<strong>intervention de chirurgie reconstructrice du sein<\/strong>\u00a0visant \u00e0\u00a0<strong>restaurer la morphologie naturelle<\/strong>\u00a0de la poitrine apr\u00e8s une mastectomie ou pour corriger une malformation cong\u00e9nitale. Chez INESCO Care, nous accompagnons les patientes dans ce parcours de\u00a0<strong>restauration mammaire<\/strong>\u00a0avec des techniques avanc\u00e9es comme les\u00a0<strong>implants mammaires reconstructeurs<\/strong>\u00a0ou la\u00a0<strong>reconstruction mammaire autologue<\/strong>\u00a0(utilisant les tissus du patient). Notre \u00e9quipe de\u00a0<strong>chirurgiens plasticiens sp\u00e9cialis\u00e9s en Tunisie<\/strong>\u00a0travaille avec sensibilit\u00e9 et expertise pour redonner une\u00a0<strong>harmonie mammaire retrouv\u00e9e<\/strong>, une\u00a0<strong>silhouette f\u00e9minine \u00e9quilibr\u00e9e<\/strong>\u00a0et une\u00a0<strong>confiance restaur\u00e9e<\/strong>.[\/vc_column_text][vc_column_text css=&#8221;&#8221;]<\/p>\n<h5><strong>Pourquoi avoir recours \u00e0 une reconstruction mammaire ?<\/strong><\/h5>\n<p>[\/vc_column_text][vc_column_text css=&#8221;&#8221;]<\/p>\n<p class=\"ds-markdown-paragraph\">Cette intervention est destin\u00e9e aux femmes qui ont subi ou doivent subir :<\/p>\n<ul>\n<li class=\"ds-markdown-paragraph\">Une\u00a0<strong>mastectomie<\/strong>\u00a0partielle ou totale suite \u00e0 un cancer du sein.<\/li>\n<li class=\"ds-markdown-paragraph\">Une ablation du sein pour pr\u00e9vention (mastectomie prophylactique).<\/li>\n<li class=\"ds-markdown-paragraph\">Une\u00a0<strong>malformation mammaire cong\u00e9nitale<\/strong>\u00a0(seins tub\u00e9reux, asym\u00e9trie importante).<\/li>\n<li class=\"ds-markdown-paragraph\">Une\u00a0<strong>d\u00e9formation mammaire<\/strong>\u00a0acquise suite \u00e0 un traumatisme ou une chirurgie ant\u00e9rieure.<\/li>\n<li class=\"ds-markdown-paragraph\">Un\u00a0<strong>exc\u00e8s de glande ou de peau<\/strong>\u00a0n\u00e9cessitant une reconstruction harmonieuse.<\/li>\n<\/ul>\n<p>[\/vc_column_text][vc_column_text css=&#8221;&#8221;]<\/p>\n<div class=\"wpb_text_column wpb_content_element \">\n<div class=\"wpb_wrapper\">\n<h5><strong>\u00c0 qui s\u2019adresse cette chirurgie ?<\/strong><\/h5>\n<\/div>\n<\/div>\n<div class=\"wpb_text_column wpb_content_element \">\n<div class=\"wpb_wrapper\"><\/div>\n<\/div>\n<p>[\/vc_column_text][vc_column_text css=&#8221;&#8221;]<\/p>\n<ul>\n<li class=\"ds-markdown-paragraph\">Femmes ayant subi une mastectomie pour cancer du sein.<\/li>\n<li class=\"ds-markdown-paragraph\">Patient\u00e9es porteuses d\u2019une pr\u00e9disposition g\u00e9n\u00e9tique (BRCA) ayant opt\u00e9 pour une mastectomie pr\u00e9ventive.<\/li>\n<li class=\"ds-markdown-paragraph\">Personnes pr\u00e9sentant des\u00a0<strong>malformations mammaires<\/strong>\u00a0cong\u00e9nitales (asym\u00e9trie, syndrome de Poland, seins tub\u00e9reux).<\/li>\n<li class=\"ds-markdown-paragraph\">Toute femme d\u00e9sireuse de retrouver une\u00a0<strong>poitrine reconstruite<\/strong>\u00a0naturelle et \u00e9quilibr\u00e9e.<\/li>\n<\/ul>\n<p>[\/vc_column_text]<div id=\"1745577569858-3c0459c5-6b08\" class=\"dt-sc-empty-space\"><\/div>[\/vc_column_inner][vc_column_inner width=&#8221;1\/2&#8243;]<div id=\"1744292901684-134d992c-3b1f\" class=\"dt-sc-empty-space\"><\/div>[vc_single_image image=&#8221;21730&#8243; img_size=&#8221;full&#8221; css=&#8221;&#8221; el_class=&#8221;custom-img-border&#8221;][vc_column_text css=&#8221;&#8221;]<\/p>\n<h5><strong>Les techniques de reconstruction mammaire propos\u00e9es<\/strong><\/h5>\n<p>[\/vc_column_text][vc_column_text css=&#8221;&#8221;]<strong>1. Reconstruction par implants mammaires<\/strong><\/p>\n<ul>\n<li class=\"ds-markdown-paragraph\">Utilisation d\u2019<strong>implants mammaires reconstructeurs<\/strong>\u00a0en silicone.<\/li>\n<li class=\"ds-markdown-paragraph\">Technique en une ou deux \u00e9tapes (avec expanseur tissulaire).<\/li>\n<li class=\"ds-markdown-paragraph\">Id\u00e9al pour les patientes avec suffisamment de peau et de tissu.<\/li>\n<\/ul>\n<p><strong>2. Reconstruction autologue (par lambeaux)<\/strong><\/p>\n<ul>\n<li class=\"ds-markdown-paragraph\">Utilisation des tissus du patient (graisse, muscle, peau) pr\u00e9lev\u00e9s sur une autre zone du corps (abdomen, dos, fesses).<\/li>\n<li class=\"ds-markdown-paragraph\">Techniques courantes :\u00a0<strong>lambeau DIEP<\/strong>,\u00a0<strong>lambeau dorsal<\/strong>,\u00a0<strong>lambeau de la fesse<\/strong>.<\/li>\n<li class=\"ds-markdown-paragraph\">R\u00e9sultat tr\u00e8s naturel, avec un sein qui vieillit normalement.<\/li>\n<\/ul>\n<p><strong>3. Reconstruction hybride (implant + lambeau)<\/strong><\/p>\n<ul>\n<li class=\"ds-markdown-paragraph\">Combinaison des deux techniques pour optimiser volume et couverture.<\/li>\n<li class=\"ds-markdown-paragraph\">Particuli\u00e8rement adapt\u00e9 aux cas complexes ou apr\u00e8s radioth\u00e9rapie.<\/li>\n<\/ul>\n<p><strong>4. Reconstruction de l\u2019ar\u00e9ole et du mamelon<\/strong><\/p>\n<ul>\n<li class=\"ds-markdown-paragraph\">Derni\u00e8re \u00e9tape souvent r\u00e9alis\u00e9e apr\u00e8s la reconstruction principale.<\/li>\n<li class=\"ds-markdown-paragraph\">Techniques de tatouage m\u00e9dical, greffe de peau ou remodelage local.<\/li>\n<\/ul>\n<p>[\/vc_column_text]<a href='https:\/\/ines-co.com\/?page_id=21265' target='_self' title='Devis' class='dt-sc-button   medium icon-right with-icon  bordered  type2' data-delay='0' > demande de devis <\/a>[\/vc_column_inner][\/vc_row_inner][\/vc_column][\/vc_row][vc_row][vc_column width=&#8221;1\/4&#8243;]<div id=\"1745413299218-d0ed2dda-6256\" class=\"dt-sc-empty-space\"><\/div><div id=\"1745413299218-e7eec482-7d87\" class=\"dt-sc-empty-space\"><\/div><div id=\"1745413299218-d626b89d-5175\" class=\"dt-sc-empty-space\"><\/div>[\/vc_column][\/vc_row]<\/p>\n<\/div>","protected":false},"excerpt":{"rendered":"<p>[vc_row][vc_column width=&#8221;1\/4&#8243;][vc_custom_heading text=&#8221;La chirurgie esth\u00e9tique des seins&#8221; font_container=&#8221;tag:p|font_size:20|text_align:justify&#8221; use_theme_fonts=&#8221;yes&#8221; css=&#8221;&#8221;][\/vc_column][vc_column width=&#8221;3\/4&#8243;][vc_row_inner][vc_column_inner width=&#8221;1\/2&#8243; css=&#8221;.vc_custom_1744295121360{margin-left: 2px !important;}&#8221;][vc_column_text css=&#8221;&#8221;]La\u00a0reconstruction mammaire en Tunisie\u00a0est une\u00a0intervention de chirurgie reconstructrice du sein\u00a0visant \u00e0\u00a0restaurer la morphologie naturelle\u00a0de la poitrine apr\u00e8s une mastectomie ou pour corriger une malformation cong\u00e9nitale. Chez INESCO Care, nous accompagnons les patientes dans ce parcours de\u00a0restauration mammaire\u00a0avec des techniques avanc\u00e9es [&hellip;]<\/p>\n","protected":false},"author":2,"featured_media":0,"parent":0,"menu_order":0,"comment_status":"closed","ping_status":"closed","template":"","meta":{"footnotes":""},"class_list":["post-21724","page","type-page","status-publish","hentry"],"_links":{"self":[{"href":"https:\/\/ines-co.com\/index.php?rest_route=\/wp\/v2\/pages\/21724","targetHints":{"allow":["GET"]}}],"collection":[{"href":"https:\/\/ines-co.com\/index.php?rest_route=\/wp\/v2\/pages"}],"about":[{"href":"https:\/\/ines-co.com\/index.php?rest_route=\/wp\/v2\/types\/page"}],"author":[{"embeddable":true,"href":"https:\/\/ines-co.com\/index.php?rest_route=\/wp\/v2\/users\/2"}],"replies":[{"embeddable":true,"href":"https:\/\/ines-co.com\/index.php?rest_route=%2Fwp%2Fv2%2Fcomments&post=21724"}],"version-history":[{"count":5,"href":"https:\/\/ines-co.com\/index.php?rest_route=\/wp\/v2\/pages\/21724\/revisions"}],"predecessor-version":[{"id":22332,"href":"https:\/\/ines-co.com\/index.php?rest_route=\/wp\/v2\/pages\/21724\/revisions\/22332"}],"wp:attachment":[{"href":"https:\/\/ines-co.com\/index.php?rest_route=%2Fwp%2Fv2%2Fmedia&parent=21724"}],"curies":[{"name":"wp","href":"https:\/\/api.w.org\/{rel}","templated":true}]}}