{"id":21712,"date":"2025-04-28T10:52:49","date_gmt":"2025-04-28T10:52:49","guid":{"rendered":"https:\/\/ines-co.com\/?page_id=21712"},"modified":"2026-04-07T13:46:04","modified_gmt":"2026-04-07T13:46:04","slug":"gynecomastie-pour-homme","status":"publish","type":"page","link":"https:\/\/ines-co.com\/?page_id=21712","title":{"rendered":"Gyn\u00e9comastie pour homme"},"content":{"rendered":"<div class=\"wpb-content-wrapper\"><p>[vc_row][vc_column width=&#8221;1\/4&#8243;]<div id=\"1744293887292-61febcd9-ef9a\" class=\"dt-sc-empty-space\"><\/div><div id=\"1744293867661-3150727c-8fa9\" class=\"dt-sc-empty-space\"><\/div><div id=\"1744294995996-4d7f99ee-99d6\" class=\"dt-sc-empty-space\"><\/div>[vc_custom_heading text=&#8221;La chirurgie esth\u00e9tique des seins&#8221; font_container=&#8221;tag:p|font_size:20|text_align:justify&#8221; use_theme_fonts=&#8221;yes&#8221; css=&#8221;&#8221;]<div id=\"1744295011070-67885103-b5c8\" class=\"dt-sc-empty-space\"><\/div><div id=\"dt-1744295003964-710f20a8-0be7\" class=\"dt-custom-nav-wrapper none inline-vertical\" data-delay=\"0\" data-default-style = \"none\" data-hover-style = \"none\" data-default-decoration = \"overline\" data-hover-decoration = \"none\"><div class=\"menu-la-chirurgie-esthetique-des-seins-container\"><ul id=\"menu-la-chirurgie-esthetique-des-seins\" class=\"custom-sub-nav dt-custom-nav\"><li id=\"menu-item-21698\" class=\"menu-item menu-item-type-post_type menu-item-object-page menu-item-21698\"><a href=\"https:\/\/ines-co.com\/?page_id=21688\" class=\"item-has-icon icon-position-left\"><i class=\"menu-item-icon\"><\/i><span>L\u2019augmentation mammaire<\/span><\/a><\/li>\n<li id=\"menu-item-21706\" class=\"menu-item menu-item-type-post_type menu-item-object-page menu-item-21706\"><a href=\"https:\/\/ines-co.com\/?page_id=21704\" class=\"item-has-icon icon-position-left\"><i class=\"menu-item-icon\"><\/i><span>La\u00a0r\u00e9duction mammaire<\/span><\/a><\/li>\n<li id=\"menu-item-21714\" class=\"menu-item menu-item-type-post_type menu-item-object-page menu-item-21714\"><a href=\"https:\/\/ines-co.com\/?page_id=21712\" class=\"item-has-icon icon-position-left\"><i class=\"menu-item-icon\"><\/i><span>Gyn\u00e9comastie pour homme<\/span><\/a><\/li>\n<li id=\"menu-item-21720\" class=\"menu-item menu-item-type-post_type menu-item-object-page menu-item-21720\"><a href=\"https:\/\/ines-co.com\/?page_id=21718\" class=\"item-has-icon icon-position-left\"><i class=\"menu-item-icon\"><\/i><span>Le\u00a0redrapage mammaire<\/span><\/a><\/li>\n<li id=\"menu-item-21729\" class=\"menu-item menu-item-type-post_type menu-item-object-page menu-item-21729\"><a href=\"https:\/\/ines-co.com\/?page_id=21724\" class=\"item-has-icon icon-position-left\"><i class=\"menu-item-icon\"><\/i><span>La reconstruction mammaire<\/span><\/a><\/li>\n<\/ul><\/div><\/div>[\/vc_column][vc_column width=&#8221;3\/4&#8243;][vc_row_inner][vc_column_inner width=&#8221;1\/2&#8243; css=&#8221;.vc_custom_1744295121360{margin-left: 2px !important;}&#8221;]<div id=\"1772189398334-0340ccff-9f8c\" class=\"dt-sc-empty-space\"><\/div>[vc_column_text css=&#8221;&#8221;]La\u00a0<strong>gyn\u00e9comastie en Tunisie<\/strong>, ou exc\u00e8s de poitrine chez l\u2019homme, est une condition fr\u00e9quente qui peut toucher \u00e0 tout \u00e2ge. Chez INESCO Care, nous proposons une\u00a0<strong>chirurgie gyn\u00e9comastie<\/strong>\u00a0sp\u00e9cialis\u00e9e pour r\u00e9duire cet\u00a0<strong>exc\u00e8s de poitrine<\/strong>\u00a0et redessiner une\u00a0<strong>silhouette masculine \u00e9quilibr\u00e9e<\/strong>. Cette\u00a0<strong>r\u00e9duction mammaire masculine<\/strong>\u00a0est r\u00e9alis\u00e9e par des\u00a0<strong>chirurgiens esth\u00e9tiques sp\u00e9cialis\u00e9s en Tunisie<\/strong>\u00a0afin de traiter la\u00a0<strong>g\u00eane physique et sociale<\/strong>, l\u2019<strong>inconfort quotidien<\/strong>\u00a0et l\u2019<strong>embarras vestimentaire<\/strong>\u00a0li\u00e9s \u00e0 une poitrine trop volumineuse. Notre objectif : une\u00a0<strong>poitrine plate ou harmonieuse<\/strong>\u00a0et une\u00a0<strong>confiance en soi retrouv\u00e9e<\/strong>.[\/vc_column_text][vc_column_text css=&#8221;&#8221;]<\/p>\n<h5><strong>Qu\u2019est-ce que la gyn\u00e9comastie ?<\/strong><\/h5>\n<p>[\/vc_column_text][vc_column_text css=&#8221;&#8221;]La\u00a0gyn\u00e9comastie\u00a0est un d\u00e9veloppement excessif du tissu mammaire chez l\u2019homme, pouvant concerner un ou les deux seins. Elle peut \u00eatre caus\u00e9e par un d\u00e9s\u00e9quilibre hormonal, la prise de certains m\u00e9dicaments, l\u2019ob\u00e9sit\u00e9, ou \u00eatre idiopathique (sans cause identifi\u00e9e).[\/vc_column_text][vc_column_text css=&#8221;&#8221;]<\/p>\n<h5><strong>Pourquoi avoir recours \u00e0 une chirurgie gyn\u00e9comastie ?<\/strong><\/h5>\n<p>[\/vc_column_text][vc_column_text css=&#8221;&#8221;]<\/p>\n<p class=\"ds-markdown-paragraph\">Cette intervention est recommand\u00e9e pour les hommes qui souffrent de :<\/p>\n<ul>\n<li class=\"ds-markdown-paragraph\">Un\u00a0<strong>exc\u00e8s de poitrine<\/strong>\u00a0persistant malgr\u00e9 le sport et la perte de poids.<\/li>\n<li class=\"ds-markdown-paragraph\">Une\u00a0<strong>g\u00eane physique<\/strong>\u00a0(irritation, sensibilit\u00e9) et sociale (complexe, moqueries).<\/li>\n<li class=\"ds-markdown-paragraph\">Des difficult\u00e9s \u00e0 s\u2019habiller (v\u00eatements moulants, chemises).<\/li>\n<li class=\"ds-markdown-paragraph\">Un\u00a0<strong>inconfort quotidien<\/strong>\u00a0dans les activit\u00e9s sportives ou professionnelles.<\/li>\n<li class=\"ds-markdown-paragraph\">Une baisse de l\u2019estime de soi li\u00e9e \u00e0 l\u2019apparence du torse.<\/li>\n<\/ul>\n<p>[\/vc_column_text][vc_column_text css=&#8221;&#8221;]<\/p>\n<div class=\"wpb_text_column wpb_content_element \">\n<div class=\"wpb_wrapper\">\n<h5><strong>\u00c0 qui s\u2019adresse cette chirurgie ?<\/strong><\/h5>\n<\/div>\n<\/div>\n<p>[\/vc_column_text][vc_column_text css=&#8221;&#8221;]<\/p>\n<div class=\"wpb_text_column wpb_content_element \">\n<div class=\"wpb_wrapper\">\n<ul>\n<li class=\"ds-markdown-paragraph\">Hommes adultes en bonne sant\u00e9, non fumeurs.<\/li>\n<li class=\"ds-markdown-paragraph\">Personnes dont la gyn\u00e9comastie est stable (pas en \u00e9volution).<\/li>\n<li class=\"ds-markdown-paragraph\">Ceux qui ont essay\u00e9 sans succ\u00e8s les m\u00e9thodes naturelles (sport, r\u00e9gime).<\/li>\n<li class=\"ds-markdown-paragraph\">Patients motiv\u00e9s par une am\u00e9lioration esth\u00e9tique et fonctionnelle.<\/li>\n<\/ul>\n<\/div>\n<\/div>\n<p>[\/vc_column_text]<a href='https:\/\/ines-co.com\/?page_id=21265' target='_self' title='Devis' class='dt-sc-button   medium icon-right with-icon  bordered  type2' data-delay='0' > demande de devis <\/a><div id=\"1745577569858-3c0459c5-6b08\" class=\"dt-sc-empty-space\"><\/div>[\/vc_column_inner][vc_column_inner width=&#8221;1\/2&#8243;]<div id=\"1744292901684-134d992c-3b1f\" class=\"dt-sc-empty-space\"><\/div>[vc_single_image image=&#8221;22136&#8243; img_size=&#8221;full&#8221; css=&#8221;&#8221; el_class=&#8221;custom-img-border&#8221;][vc_column_text css=&#8221;&#8221;]<\/p>\n<h5><strong>Les techniques chirurgicales propos\u00e9es<\/strong><\/h5>\n<p>[\/vc_column_text][vc_column_text css=&#8221;&#8221;]<\/p>\n<p class=\"ds-markdown-paragraph\">Le choix de la technique d\u00e9pend de la nature de l\u2019exc\u00e8s : graisseux, glandulaire ou mixte.<\/p>\n<p><strong>1. Liposuccion pectorale<\/strong><\/p>\n<ul>\n<li class=\"ds-markdown-paragraph\">Indiqu\u00e9e lorsque l\u2019exc\u00e8s est principalement graisseux.<\/li>\n<li class=\"ds-markdown-paragraph\">Retrait de la graisse par de petites incisions discr\u00e8tes.<\/li>\n<li class=\"ds-markdown-paragraph\"><strong>Remodelage du torse masculin<\/strong>\u00a0avec un r\u00e9sultat naturel.<\/li>\n<\/ul>\n<p><strong>2. Excision glandulaire<\/strong><\/p>\n<ul>\n<li class=\"ds-markdown-paragraph\">N\u00e9cessaire lorsque le tissu glandulaire est important.<\/li>\n<li class=\"ds-markdown-paragraph\">Retrait chirurgical de la glande mammaire hypertrophi\u00e9e.<\/li>\n<li class=\"ds-markdown-paragraph\">Souvent combin\u00e9e \u00e0 une\u00a0<strong>liposuccion<\/strong>\u00a0pour un r\u00e9sultat harmonieux.<\/li>\n<\/ul>\n<p><strong>3. Technique combin\u00e9e (liposuccion + excision)<\/strong><\/p>\n<ul>\n<li class=\"ds-markdown-paragraph\">Solution la plus courante pour une\u00a0<strong>r\u00e9duction compl\u00e8te<\/strong>.<\/li>\n<li class=\"ds-markdown-paragraph\">Permet de traiter \u00e0 la fois la graisse et la glande.<\/li>\n<li class=\"ds-markdown-paragraph\"><strong>Remodelage pr\u00e9cis<\/strong>\u00a0des\u00a0<strong>pectoraux<\/strong>\u00a0pour un\u00a0<strong>torse masculin redessin\u00e9<\/strong>.<\/li>\n<\/ul>\n<p>[\/vc_column_text][\/vc_column_inner][\/vc_row_inner][\/vc_column][\/vc_row][vc_row][vc_column width=&#8221;1\/4&#8243;]<div id=\"1745413299218-d0ed2dda-6256\" class=\"dt-sc-empty-space\"><\/div><div id=\"1745413299218-e7eec482-7d87\" class=\"dt-sc-empty-space\"><\/div><div id=\"1745413299218-d626b89d-5175\" class=\"dt-sc-empty-space\"><\/div>[\/vc_column][\/vc_row]<\/p>\n<\/div>","protected":false},"excerpt":{"rendered":"<p>[vc_row][vc_column width=&#8221;1\/4&#8243;][vc_custom_heading text=&#8221;La chirurgie esth\u00e9tique des seins&#8221; font_container=&#8221;tag:p|font_size:20|text_align:justify&#8221; use_theme_fonts=&#8221;yes&#8221; css=&#8221;&#8221;][\/vc_column][vc_column width=&#8221;3\/4&#8243;][vc_row_inner][vc_column_inner width=&#8221;1\/2&#8243; css=&#8221;.vc_custom_1744295121360{margin-left: 2px !important;}&#8221;][vc_column_text css=&#8221;&#8221;]La\u00a0gyn\u00e9comastie en Tunisie, ou exc\u00e8s de poitrine chez l\u2019homme, est une condition fr\u00e9quente qui peut toucher \u00e0 tout \u00e2ge. Chez INESCO Care, nous proposons une\u00a0chirurgie gyn\u00e9comastie\u00a0sp\u00e9cialis\u00e9e pour r\u00e9duire cet\u00a0exc\u00e8s de poitrine\u00a0et redessiner une\u00a0silhouette masculine \u00e9quilibr\u00e9e. Cette\u00a0r\u00e9duction mammaire masculine\u00a0est r\u00e9alis\u00e9e par [&hellip;]<\/p>\n","protected":false},"author":2,"featured_media":0,"parent":0,"menu_order":0,"comment_status":"closed","ping_status":"closed","template":"","meta":{"footnotes":""},"class_list":["post-21712","page","type-page","status-publish","hentry"],"_links":{"self":[{"href":"https:\/\/ines-co.com\/index.php?rest_route=\/wp\/v2\/pages\/21712","targetHints":{"allow":["GET"]}}],"collection":[{"href":"https:\/\/ines-co.com\/index.php?rest_route=\/wp\/v2\/pages"}],"about":[{"href":"https:\/\/ines-co.com\/index.php?rest_route=\/wp\/v2\/types\/page"}],"author":[{"embeddable":true,"href":"https:\/\/ines-co.com\/index.php?rest_route=\/wp\/v2\/users\/2"}],"replies":[{"embeddable":true,"href":"https:\/\/ines-co.com\/index.php?rest_route=%2Fwp%2Fv2%2Fcomments&post=21712"}],"version-history":[{"count":5,"href":"https:\/\/ines-co.com\/index.php?rest_route=\/wp\/v2\/pages\/21712\/revisions"}],"predecessor-version":[{"id":22334,"href":"https:\/\/ines-co.com\/index.php?rest_route=\/wp\/v2\/pages\/21712\/revisions\/22334"}],"wp:attachment":[{"href":"https:\/\/ines-co.com\/index.php?rest_route=%2Fwp%2Fv2%2Fmedia&parent=21712"}],"curies":[{"name":"wp","href":"https:\/\/api.w.org\/{rel}","templated":true}]}}