{"id":21704,"date":"2025-04-28T10:19:02","date_gmt":"2025-04-28T10:19:02","guid":{"rendered":"https:\/\/ines-co.com\/?page_id=21704"},"modified":"2026-04-07T13:46:21","modified_gmt":"2026-04-07T13:46:21","slug":"la-reduction-mammaire","status":"publish","type":"page","link":"https:\/\/ines-co.com\/?page_id=21704","title":{"rendered":"La\u00a0r\u00e9duction mammaire"},"content":{"rendered":"<div class=\"wpb-content-wrapper\"><p>[vc_row][vc_column width=&#8221;1\/4&#8243;]<div id=\"1744293887292-61febcd9-ef9a\" class=\"dt-sc-empty-space\"><\/div><div id=\"1744293867661-3150727c-8fa9\" class=\"dt-sc-empty-space\"><\/div><div id=\"1744294995996-4d7f99ee-99d6\" class=\"dt-sc-empty-space\"><\/div>[vc_custom_heading text=&#8221;La chirurgie esth\u00e9tique des seins&#8221; font_container=&#8221;tag:p|font_size:20|text_align:justify&#8221; use_theme_fonts=&#8221;yes&#8221; css=&#8221;&#8221;]<div id=\"1744295011070-67885103-b5c8\" class=\"dt-sc-empty-space\"><\/div><div id=\"dt-1744295003964-710f20a8-0be7\" class=\"dt-custom-nav-wrapper none inline-vertical\" data-delay=\"0\" data-default-style = \"none\" data-hover-style = \"none\" data-default-decoration = \"overline\" data-hover-decoration = \"none\"><div class=\"menu-la-chirurgie-esthetique-des-seins-container\"><ul id=\"menu-la-chirurgie-esthetique-des-seins\" class=\"custom-sub-nav dt-custom-nav\"><li id=\"menu-item-21698\" class=\"menu-item menu-item-type-post_type menu-item-object-page menu-item-21698\"><a href=\"https:\/\/ines-co.com\/?page_id=21688\" class=\"item-has-icon icon-position-left\"><i class=\"menu-item-icon\"><\/i><span>L\u2019augmentation mammaire<\/span><\/a><\/li>\n<li id=\"menu-item-21706\" class=\"menu-item menu-item-type-post_type menu-item-object-page menu-item-21706\"><a href=\"https:\/\/ines-co.com\/?page_id=21704\" class=\"item-has-icon icon-position-left\"><i class=\"menu-item-icon\"><\/i><span>La\u00a0r\u00e9duction mammaire<\/span><\/a><\/li>\n<li id=\"menu-item-21714\" class=\"menu-item menu-item-type-post_type menu-item-object-page menu-item-21714\"><a href=\"https:\/\/ines-co.com\/?page_id=21712\" class=\"item-has-icon icon-position-left\"><i class=\"menu-item-icon\"><\/i><span>Gyn\u00e9comastie pour homme<\/span><\/a><\/li>\n<li id=\"menu-item-21720\" class=\"menu-item menu-item-type-post_type menu-item-object-page menu-item-21720\"><a href=\"https:\/\/ines-co.com\/?page_id=21718\" class=\"item-has-icon icon-position-left\"><i class=\"menu-item-icon\"><\/i><span>Le\u00a0redrapage mammaire<\/span><\/a><\/li>\n<li id=\"menu-item-21729\" class=\"menu-item menu-item-type-post_type menu-item-object-page menu-item-21729\"><a href=\"https:\/\/ines-co.com\/?page_id=21724\" class=\"item-has-icon icon-position-left\"><i class=\"menu-item-icon\"><\/i><span>La reconstruction mammaire<\/span><\/a><\/li>\n<\/ul><\/div><\/div>[\/vc_column][vc_column width=&#8221;3\/4&#8243;][vc_row_inner][vc_column_inner width=&#8221;1\/2&#8243; css=&#8221;.vc_custom_1744295121360{margin-left: 2px !important;}&#8221;]<div id=\"1744284640139-6fd5764f-ac25\" class=\"dt-sc-empty-space\"><\/div>[vc_column_text css=&#8221;&#8221;]La\u00a0<strong>r\u00e9duction mammaire en Tunisie<\/strong>, \u00e9galement appel\u00e9e\u00a0<strong>mammoplastie de r\u00e9duction<\/strong>, est une\u00a0<strong>intervention de chirurgie esth\u00e9tique des seins<\/strong>\u00a0visant \u00e0 r\u00e9duire le volume d\u2019une poitrine trop volumineuse. Chez INESCO Care, cette intervention est r\u00e9alis\u00e9e par des\u00a0<strong>chirurgiens esth\u00e9tiques sp\u00e9cialis\u00e9s en Tunisie<\/strong>\u00a0pour all\u00e9ger les\u00a0<strong>seins trop volumineux<\/strong>, soulager les\u00a0<strong>douleurs dorsales et aux \u00e9paules<\/strong>, et redonner une\u00a0<strong>silhouette harmonieuse<\/strong>\u00a0et proportionn\u00e9e. Gr\u00e2ce \u00e0 un\u00a0<strong>redrapage du sein<\/strong>, nous obtenons une\u00a0<strong>poitrine plus l\u00e9g\u00e8re<\/strong>, ferme et esth\u00e9tique, pour un\u00a0<strong>confort physique et esth\u00e9tique<\/strong>\u00a0retrouv\u00e9.[\/vc_column_text][vc_column_text css=&#8221;&#8221;]<\/p>\n<h5><strong>Pourquoi avoir recours \u00e0 une r\u00e9duction mammaire ?<\/strong><\/h5>\n<p>[\/vc_column_text][vc_column_text css=&#8221;&#8221;]<\/p>\n<p class=\"ds-markdown-paragraph\">Cette intervention est recommand\u00e9e pour les femmes qui rencontrent :<\/p>\n<ul>\n<li class=\"ds-markdown-paragraph\">Des\u00a0<strong>seins trop volumineux<\/strong>\u00a0causant une\u00a0<strong>poitrine lourde<\/strong>.<\/li>\n<li class=\"ds-markdown-paragraph\">Des\u00a0<strong>douleurs dorsales<\/strong>\u00a0et\u00a0<strong>douleurs aux \u00e9paules<\/strong>\u00a0chroniques.<\/li>\n<li class=\"ds-markdown-paragraph\">Des difficult\u00e9s \u00e0\u00a0<strong>s\u2019habiller<\/strong>\u00a0ou \u00e0\u00a0<strong>pratiquer une activit\u00e9 sportive<\/strong>.<\/li>\n<li class=\"ds-markdown-paragraph\">Des irritations cutan\u00e9es sous les seins (intertrigo).<\/li>\n<li class=\"ds-markdown-paragraph\">Une g\u00eane psychologique ou une baisse de l\u2019estime de soi li\u00e9e \u00e0 la taille de la poitrine.<\/li>\n<\/ul>\n<p>[\/vc_column_text][\/vc_column_inner][vc_column_inner width=&#8221;1\/2&#8243;]<div id=\"1744292901684-134d992c-3b1f\" class=\"dt-sc-empty-space\"><\/div>[vc_single_image image=&#8221;22134&#8243; img_size=&#8221;full&#8221; css=&#8221;&#8221; el_class=&#8221;custom-img-border&#8221;][vc_column_text css=&#8221;&#8221;]<\/p>\n<h5><strong>En quoi consiste la r\u00e9duction mammaire ?<\/strong><\/h5>\n<p>[\/vc_column_text][vc_column_text css=&#8221;&#8221;]<\/p>\n<p class=\"ds-markdown-paragraph\">La\u00a0<strong>r\u00e9duction mammaire avec redrapage<\/strong>\u00a0est une intervention chirurgicale qui combine :<\/p>\n<ul>\n<li class=\"ds-markdown-paragraph\"><strong>L\u2019excision de la peau<\/strong>\u00a0exc\u00e9dentaire.<\/li>\n<li class=\"ds-markdown-paragraph\"><strong>Le retrait d\u2019une partie du tissu mammaire<\/strong>\u00a0(glande et graisse).<\/li>\n<li class=\"ds-markdown-paragraph\"><strong>Le remodelage de la poitrine<\/strong>\u00a0et\u00a0<strong>redrapage du sein<\/strong>\u00a0pour un r\u00e9sultat ferme et esth\u00e9tique.<\/li>\n<li class=\"ds-markdown-paragraph\"><strong>La r\u00e9position de l\u2019ar\u00e9ole<\/strong>\u00a0si n\u00e9cessaire.<\/li>\n<\/ul>\n<p class=\"ds-markdown-paragraph\">L\u2019objectif est de r\u00e9duire le volume tout en conservant une forme naturelle et proportionn\u00e9e.<\/p>\n<p>[\/vc_column_text][vc_column_text css=&#8221;&#8221;]<\/p>\n<div class=\"wpb_text_column wpb_content_element \">\n<div class=\"wpb_wrapper\">\n<h5><strong>\u00c0 qui s\u2019adresse cette chirurgie ?<\/strong><\/h5>\n<\/div>\n<\/div>\n<p>[\/vc_column_text][vc_column_text css=&#8221;&#8221;]<\/p>\n<div class=\"wpb_text_column wpb_content_element \">\n<div class=\"wpb_wrapper\">\n<ul>\n<li class=\"ds-markdown-paragraph\">Femmes adultes en bonne sant\u00e9, non fumeuses.<\/li>\n<li class=\"ds-markdown-paragraph\">Personnes souffrant de\u00a0<strong>sympt\u00f4mes physiques<\/strong>\u00a0li\u00e9s au poids de leurs seins.<\/li>\n<li class=\"ds-markdown-paragraph\">Celles qui souhaitent am\u00e9liorer leur\u00a0<strong>silhouette<\/strong>\u00a0et retrouver une\u00a0<strong>poitrine proportionn\u00e9e<\/strong>.<\/li>\n<li class=\"ds-markdown-paragraph\">Patientes avec des seins volumineux depuis l\u2019adolescence ou suite \u00e0 des grossesses.<\/li>\n<\/ul>\n<\/div>\n<\/div>\n<div class=\"wpb_text_column wpb_content_element \">\n<div class=\"wpb_wrapper\"><\/div>\n<\/div>\n<p>[\/vc_column_text]<a href='https:\/\/ines-co.com\/?page_id=21265' target='_self' title='Devis' class='dt-sc-button   medium icon-right with-icon  bordered  type2' data-delay='0' > demande de devis <\/a>[\/vc_column_inner][\/vc_row_inner][\/vc_column][\/vc_row][vc_row][vc_column width=&#8221;1\/4&#8243;]<div id=\"1745413299218-d0ed2dda-6256\" class=\"dt-sc-empty-space\"><\/div><div id=\"1745413299218-e7eec482-7d87\" class=\"dt-sc-empty-space\"><\/div><div id=\"1745413299218-d626b89d-5175\" class=\"dt-sc-empty-space\"><\/div>[\/vc_column][\/vc_row]<\/p>\n<\/div>","protected":false},"excerpt":{"rendered":"<p>[vc_row][vc_column width=&#8221;1\/4&#8243;][vc_custom_heading text=&#8221;La chirurgie esth\u00e9tique des seins&#8221; font_container=&#8221;tag:p|font_size:20|text_align:justify&#8221; use_theme_fonts=&#8221;yes&#8221; css=&#8221;&#8221;][\/vc_column][vc_column width=&#8221;3\/4&#8243;][vc_row_inner][vc_column_inner width=&#8221;1\/2&#8243; css=&#8221;.vc_custom_1744295121360{margin-left: 2px !important;}&#8221;][vc_column_text css=&#8221;&#8221;]La\u00a0r\u00e9duction mammaire en Tunisie, \u00e9galement appel\u00e9e\u00a0mammoplastie de r\u00e9duction, est une\u00a0intervention de chirurgie esth\u00e9tique des seins\u00a0visant \u00e0 r\u00e9duire le volume d\u2019une poitrine trop volumineuse. Chez INESCO Care, cette intervention est r\u00e9alis\u00e9e par des\u00a0chirurgiens esth\u00e9tiques sp\u00e9cialis\u00e9s en Tunisie\u00a0pour all\u00e9ger les\u00a0seins trop volumineux, [&hellip;]<\/p>\n","protected":false},"author":2,"featured_media":0,"parent":0,"menu_order":0,"comment_status":"closed","ping_status":"closed","template":"","meta":{"footnotes":""},"class_list":["post-21704","page","type-page","status-publish","hentry"],"_links":{"self":[{"href":"https:\/\/ines-co.com\/index.php?rest_route=\/wp\/v2\/pages\/21704","targetHints":{"allow":["GET"]}}],"collection":[{"href":"https:\/\/ines-co.com\/index.php?rest_route=\/wp\/v2\/pages"}],"about":[{"href":"https:\/\/ines-co.com\/index.php?rest_route=\/wp\/v2\/types\/page"}],"author":[{"embeddable":true,"href":"https:\/\/ines-co.com\/index.php?rest_route=\/wp\/v2\/users\/2"}],"replies":[{"embeddable":true,"href":"https:\/\/ines-co.com\/index.php?rest_route=%2Fwp%2Fv2%2Fcomments&post=21704"}],"version-history":[{"count":7,"href":"https:\/\/ines-co.com\/index.php?rest_route=\/wp\/v2\/pages\/21704\/revisions"}],"predecessor-version":[{"id":22335,"href":"https:\/\/ines-co.com\/index.php?rest_route=\/wp\/v2\/pages\/21704\/revisions\/22335"}],"wp:attachment":[{"href":"https:\/\/ines-co.com\/index.php?rest_route=%2Fwp%2Fv2%2Fmedia&parent=21704"}],"curies":[{"name":"wp","href":"https:\/\/api.w.org\/{rel}","templated":true}]}}