{"id":21688,"date":"2025-04-28T08:37:04","date_gmt":"2025-04-28T08:37:04","guid":{"rendered":"https:\/\/ines-co.com\/?page_id=21688"},"modified":"2026-04-07T13:46:44","modified_gmt":"2026-04-07T13:46:44","slug":"laugmentation-mammaire","status":"publish","type":"page","link":"https:\/\/ines-co.com\/?page_id=21688","title":{"rendered":"L\u2019augmentation mammaire"},"content":{"rendered":"<div class=\"wpb-content-wrapper\"><p>[vc_row][vc_column width=&#8221;1\/4&#8243;]<div id=\"1744293887292-61febcd9-ef9a\" class=\"dt-sc-empty-space\"><\/div><div id=\"1744293867661-3150727c-8fa9\" class=\"dt-sc-empty-space\"><\/div><div id=\"1744294995996-4d7f99ee-99d6\" class=\"dt-sc-empty-space\"><\/div>[vc_custom_heading text=&#8221;La chirurgie esth\u00e9tique des seins&#8221; font_container=&#8221;tag:p|font_size:20|text_align:justify&#8221; use_theme_fonts=&#8221;yes&#8221; css=&#8221;&#8221;]<div id=\"1744295011070-67885103-b5c8\" class=\"dt-sc-empty-space\"><\/div><div id=\"dt-1744295003964-710f20a8-0be7\" class=\"dt-custom-nav-wrapper none inline-vertical\" data-delay=\"0\" data-default-style = \"none\" data-hover-style = \"none\" data-default-decoration = \"overline\" data-hover-decoration = \"none\"><div class=\"menu-la-chirurgie-esthetique-des-seins-container\"><ul id=\"menu-la-chirurgie-esthetique-des-seins\" class=\"custom-sub-nav dt-custom-nav\"><li id=\"menu-item-21698\" class=\"menu-item menu-item-type-post_type menu-item-object-page menu-item-21698\"><a href=\"https:\/\/ines-co.com\/?page_id=21688\" class=\"item-has-icon icon-position-left\"><i class=\"menu-item-icon\"><\/i><span>L\u2019augmentation mammaire<\/span><\/a><\/li>\n<li id=\"menu-item-21706\" class=\"menu-item menu-item-type-post_type menu-item-object-page menu-item-21706\"><a href=\"https:\/\/ines-co.com\/?page_id=21704\" class=\"item-has-icon icon-position-left\"><i class=\"menu-item-icon\"><\/i><span>La\u00a0r\u00e9duction mammaire<\/span><\/a><\/li>\n<li id=\"menu-item-21714\" class=\"menu-item menu-item-type-post_type menu-item-object-page menu-item-21714\"><a href=\"https:\/\/ines-co.com\/?page_id=21712\" class=\"item-has-icon icon-position-left\"><i class=\"menu-item-icon\"><\/i><span>Gyn\u00e9comastie pour homme<\/span><\/a><\/li>\n<li id=\"menu-item-21720\" class=\"menu-item menu-item-type-post_type menu-item-object-page menu-item-21720\"><a href=\"https:\/\/ines-co.com\/?page_id=21718\" class=\"item-has-icon icon-position-left\"><i class=\"menu-item-icon\"><\/i><span>Le\u00a0redrapage mammaire<\/span><\/a><\/li>\n<li id=\"menu-item-21729\" class=\"menu-item menu-item-type-post_type menu-item-object-page menu-item-21729\"><a href=\"https:\/\/ines-co.com\/?page_id=21724\" class=\"item-has-icon icon-position-left\"><i class=\"menu-item-icon\"><\/i><span>La reconstruction mammaire<\/span><\/a><\/li>\n<\/ul><\/div><\/div>[\/vc_column][vc_column width=&#8221;3\/4&#8243;][vc_row_inner][vc_column_inner width=&#8221;1\/2&#8243; css=&#8221;.vc_custom_1744295121360{margin-left: 2px !important;}&#8221;]<div id=\"1744284640139-6fd5764f-ac25\" class=\"dt-sc-empty-space\"><\/div>[vc_column_text css=&#8221;&#8221;]<\/p>\n<div class=\"wpb_text_column wpb_content_element \">\n<div class=\"wpb_wrapper\">\n<p>L\u2019<strong>augmentation mammaire en Tunisie<\/strong>\u00a0est une\u00a0<strong>intervention de chirurgie esth\u00e9tique du sein<\/strong>\u00a0qui permet d\u2019augmenter le\u00a0<strong>volume mammaire<\/strong>\u00a0et d\u2019am\u00e9liorer la forme de la poitrine. Chez INESCO Care, nous proposons deux techniques principales : l\u2019<strong>augmentation par implants mammaires<\/strong>\u00a0et l\u2019<strong>augmentation par lipofilling des seins (lipostructure mammaire)<\/strong>. Nos\u00a0<strong>chirurgiens esth\u00e9tiques sp\u00e9cialis\u00e9s en Tunisie<\/strong>\u00a0vous accompagnent pour obtenir des\u00a0<strong>seins plus volumineux<\/strong>, un\u00a0<strong>r\u00e9sultat naturel<\/strong>\u00a0et une\u00a0<strong>silhouette harmonieuse<\/strong>, adapt\u00e9s \u00e0 votre morphologie et \u00e0 vos attentes.<\/p>\n<\/div>\n<\/div>\n<p>[\/vc_column_text][vc_single_image image=&#8221;22131&#8243; img_size=&#8221;full&#8221; css=&#8221;&#8221; el_class=&#8221;custom-img-border&#8221;][vc_custom_heading text=&#8221;Les techniques propos\u00e9es&#8221; font_container=&#8221;tag:h6|text_align:left&#8221; css=&#8221;&#8221;][vc_column_text css=&#8221;&#8221;]<strong>1. Augmentation mammaire par implants<\/strong><\/p>\n<p class=\"ds-markdown-paragraph\">Il s\u2019agit de la technique la plus courante, qui permet d\u2019obtenir une augmentation significative et durable du volume.<\/p>\n<p class=\"ds-markdown-paragraph\"><strong>Types d\u2019implants<\/strong>\u00a0:<\/p>\n<ul>\n<li class=\"ds-markdown-paragraph\"><strong>Forme<\/strong>\u00a0: ronde ou anatomique (en forme de poire).<\/li>\n<li class=\"ds-markdown-paragraph\"><strong>Texture<\/strong>\u00a0: lisse ou textur\u00e9e.<\/li>\n<li class=\"ds-markdown-paragraph\"><strong>Contenu<\/strong>\u00a0: gel de silicone (le plus utilis\u00e9) ou s\u00e9rum physiologique.<\/li>\n<\/ul>\n<p class=\"ds-markdown-paragraph\"><strong>Avantages<\/strong>\u00a0:<\/p>\n<ul>\n<li class=\"ds-markdown-paragraph\">R\u00e9sultat pr\u00e9visible et durable.<\/li>\n<li class=\"ds-markdown-paragraph\">Large choix de volumes et de formes.<\/li>\n<li class=\"ds-markdown-paragraph\">Correction possible d\u2019asym\u00e9tries.<\/li>\n<\/ul>\n<p class=\"ds-markdown-paragraph\"><strong>Incision<\/strong>\u00a0: discr\u00e8te, sous le sein (sous-mammaire), autour de l\u2019ar\u00e9ole (p\u00e9ri-ar\u00e9olaire) ou sous l\u2019aisselle.<\/p>\n<p><strong>2. Augmentation mammaire par lipofilling (lipostructure mammaire)<\/strong><\/p>\n<p class=\"ds-markdown-paragraph\">Technique naturelle qui utilise votre propre graisse pour augmenter le volume des seins.<\/p>\n<p class=\"ds-markdown-paragraph\"><strong>D\u00e9roulement<\/strong>\u00a0:<\/p>\n<ul>\n<li class=\"ds-markdown-paragraph\"><strong>Lipoaspiration<\/strong>\u00a0de graisse sur des zones donneuses (ventre, hanches, cuisses).<\/li>\n<li class=\"ds-markdown-paragraph\">Purification de la graisse.<\/li>\n<li class=\"ds-markdown-paragraph\">R\u00e9injection dans les seins.<\/li>\n<\/ul>\n<p class=\"ds-markdown-paragraph\"><strong>Avantages<\/strong>\u00a0:<\/p>\n<ul>\n<li class=\"ds-markdown-paragraph\">R\u00e9sultat\u00a0<strong>tr\u00e8s naturel<\/strong>, tant au visuel qu\u2019au toucher.<\/li>\n<li class=\"ds-markdown-paragraph\">Double b\u00e9n\u00e9fice : augmentation mammaire + remodelage des zones liposuc\u00e9es.<\/li>\n<li class=\"ds-markdown-paragraph\">Pas d\u2019implant, pas de risque de rejet.<\/li>\n<\/ul>\n<p><strong>Limites<\/strong>\u00a0:<\/p>\n<ul>\n<li>Augmentation mod\u00e9r\u00e9e (1 \u00e0 2 bonnets maximum), une partie de la graisse peut \u00eatre r\u00e9sorb\u00e9e.<\/li>\n<\/ul>\n<p>[\/vc_column_text]<a href='https:\/\/ines-co.com\/?page_id=21265' target='_self' title='Devis' class='dt-sc-button   medium icon-right with-icon  bordered  type2' data-delay='0' > demande de devis <\/a><div id=\"1745577569858-3c0459c5-6b08\" class=\"dt-sc-empty-space\"><\/div>[\/vc_column_inner][vc_column_inner width=&#8221;1\/2&#8243;]<div id=\"1744292901684-134d992c-3b1f\" class=\"dt-sc-empty-space\"><\/div>[vc_single_image image=&#8221;22130&#8243; img_size=&#8221;full&#8221; css=&#8221;&#8221; el_class=&#8221;custom-img-border&#8221;][vc_custom_heading text=&#8221;\u00c0 qui s\u2019adresse cette chirurgie ?&#8221; font_container=&#8221;tag:h6|text_align:left&#8221; css=&#8221;&#8221;][vc_column_text css=&#8221;&#8221;]<\/p>\n<ul>\n<li class=\"ds-markdown-paragraph\">Femmes adultes dont la croissance mammaire est termin\u00e9e.<\/li>\n<li class=\"ds-markdown-paragraph\">Personnes en bonne sant\u00e9, non fumeuses, avec des attentes r\u00e9alistes.<\/li>\n<li class=\"ds-markdown-paragraph\">Celles qui souhaitent corriger une asym\u00e9trie ou une malformation.<\/li>\n<li class=\"ds-markdown-paragraph\">Hommes souhaitant une augmentation des\u00a0<strong>pectoraux<\/strong>\u00a0par implants (cas sp\u00e9cifique).<\/li>\n<\/ul>\n<p>[\/vc_column_text][vc_single_image image=&#8221;22132&#8243; img_size=&#8221;full&#8221; css=&#8221;&#8221; el_class=&#8221;custom-img-border&#8221;][vc_custom_heading text=&#8221;Pourquoi avoir recours \u00e0 une augmentation mammaire ?&#8221; font_container=&#8221;tag:h6|text_align:left&#8221; css=&#8221;&#8221;][vc_column_text css=&#8221;&#8221;]<\/p>\n<p class=\"ds-markdown-paragraph\">Cette intervention est id\u00e9ale pour les femmes qui pr\u00e9sentent :<\/p>\n<ul>\n<li class=\"ds-markdown-paragraph\">Un\u00a0<strong>volume mammaire insuffisant<\/strong>\u00a0(seins peu d\u00e9velopp\u00e9s).<\/li>\n<li class=\"ds-markdown-paragraph\">Une perte de volume apr\u00e8s une\u00a0<strong>grossesse<\/strong>, un\u00a0<strong>allaitement<\/strong>\u00a0ou une\u00a0<strong>perte de poids<\/strong>.<\/li>\n<li class=\"ds-markdown-paragraph\">Une\u00a0<strong>ptose mammaire<\/strong>\u00a0l\u00e9g\u00e8re \u00e0 mod\u00e9r\u00e9e.<\/li>\n<li class=\"ds-markdown-paragraph\">Des\u00a0<strong>malformations mammaires<\/strong>\u00a0(asym\u00e9trie, hypoplasie).<\/li>\n<li class=\"ds-markdown-paragraph\">Le souhait d\u2019am\u00e9liorer l\u2019\u00e9quilibre de leur silhouette.<\/li>\n<\/ul>\n<p>[\/vc_column_text][\/vc_column_inner][\/vc_row_inner][\/vc_column][\/vc_row][vc_row][vc_column width=&#8221;1\/4&#8243;]<div id=\"1745413299218-d0ed2dda-6256\" class=\"dt-sc-empty-space\"><\/div><div id=\"1745413299218-e7eec482-7d87\" class=\"dt-sc-empty-space\"><\/div><div id=\"1745413299218-d626b89d-5175\" class=\"dt-sc-empty-space\"><\/div>[\/vc_column][\/vc_row]<\/p>\n<\/div>","protected":false},"excerpt":{"rendered":"<p>[vc_row][vc_column width=&#8221;1\/4&#8243;][vc_custom_heading text=&#8221;La chirurgie esth\u00e9tique des seins&#8221; font_container=&#8221;tag:p|font_size:20|text_align:justify&#8221; use_theme_fonts=&#8221;yes&#8221; css=&#8221;&#8221;][\/vc_column][vc_column width=&#8221;3\/4&#8243;][vc_row_inner][vc_column_inner width=&#8221;1\/2&#8243; css=&#8221;.vc_custom_1744295121360{margin-left: 2px !important;}&#8221;][vc_column_text css=&#8221;&#8221;] L\u2019augmentation mammaire en Tunisie\u00a0est une\u00a0intervention de chirurgie esth\u00e9tique du sein\u00a0qui permet d\u2019augmenter le\u00a0volume mammaire\u00a0et d\u2019am\u00e9liorer la forme de la poitrine. Chez INESCO Care, nous proposons deux techniques principales : l\u2019augmentation par implants mammaires\u00a0et l\u2019augmentation par lipofilling des seins (lipostructure [&hellip;]<\/p>\n","protected":false},"author":2,"featured_media":0,"parent":0,"menu_order":0,"comment_status":"closed","ping_status":"closed","template":"","meta":{"footnotes":""},"class_list":["post-21688","page","type-page","status-publish","hentry"],"_links":{"self":[{"href":"https:\/\/ines-co.com\/index.php?rest_route=\/wp\/v2\/pages\/21688","targetHints":{"allow":["GET"]}}],"collection":[{"href":"https:\/\/ines-co.com\/index.php?rest_route=\/wp\/v2\/pages"}],"about":[{"href":"https:\/\/ines-co.com\/index.php?rest_route=\/wp\/v2\/types\/page"}],"author":[{"embeddable":true,"href":"https:\/\/ines-co.com\/index.php?rest_route=\/wp\/v2\/users\/2"}],"replies":[{"embeddable":true,"href":"https:\/\/ines-co.com\/index.php?rest_route=%2Fwp%2Fv2%2Fcomments&post=21688"}],"version-history":[{"count":6,"href":"https:\/\/ines-co.com\/index.php?rest_route=\/wp\/v2\/pages\/21688\/revisions"}],"predecessor-version":[{"id":22336,"href":"https:\/\/ines-co.com\/index.php?rest_route=\/wp\/v2\/pages\/21688\/revisions\/22336"}],"wp:attachment":[{"href":"https:\/\/ines-co.com\/index.php?rest_route=%2Fwp%2Fv2%2Fmedia&parent=21688"}],"curies":[{"name":"wp","href":"https:\/\/api.w.org\/{rel}","templated":true}]}}