{"id":21660,"date":"2025-04-25T09:54:20","date_gmt":"2025-04-25T09:54:20","guid":{"rendered":"https:\/\/ines-co.com\/?page_id=21660"},"modified":"2026-04-07T13:43:32","modified_gmt":"2026-04-07T13:43:32","slug":"lifting","status":"publish","type":"page","link":"https:\/\/ines-co.com\/?page_id=21660","title":{"rendered":"Lifting"},"content":{"rendered":"<div class=\"wpb-content-wrapper\"><p>[vc_row][vc_column width=&#8221;1\/4&#8243;]<div id=\"1744293887292-61febcd9-ef9a\" class=\"dt-sc-empty-space\"><\/div><div id=\"1744293867661-3150727c-8fa9\" class=\"dt-sc-empty-space\"><\/div><div id=\"1744294995996-4d7f99ee-99d6\" class=\"dt-sc-empty-space\"><\/div>[vc_custom_heading text=&#8221;Chirurgies du Corps&#8221; font_container=&#8221;tag:p|font_size:20|text_align:justify&#8221; use_theme_fonts=&#8221;yes&#8221; css=&#8221;&#8221;]<div id=\"1744295011070-67885103-b5c8\" class=\"dt-sc-empty-space\"><\/div><div id=\"dt-1744295003964-710f20a8-0be7\" class=\"dt-custom-nav-wrapper none inline-vertical\" data-delay=\"0\" data-default-style = \"none\" data-hover-style = \"none\" data-default-decoration = \"overline\" data-hover-decoration = \"none\"><div class=\"menu-chirurgies-du-corps-container\"><ul id=\"menu-chirurgies-du-corps\" class=\"custom-sub-nav dt-custom-nav\"><li id=\"menu-item-21658\" class=\"menu-item menu-item-type-post_type menu-item-object-page menu-item-21658\"><a href=\"https:\/\/ines-co.com\/?page_id=21649\" class=\"item-has-icon icon-position-left\"><i class=\"menu-item-icon\"><\/i><span>Liposuccion<\/span><\/a><\/li>\n<li id=\"menu-item-21662\" class=\"menu-item menu-item-type-post_type menu-item-object-page menu-item-21662\"><a href=\"https:\/\/ines-co.com\/?page_id=21660\" class=\"item-has-icon icon-position-left\"><i class=\"menu-item-icon\"><\/i><span>Lifting<\/span><\/a><\/li>\n<li id=\"menu-item-21673\" class=\"menu-item menu-item-type-post_type menu-item-object-page menu-item-21673\"><a href=\"https:\/\/ines-co.com\/?page_id=21671\" class=\"item-has-icon icon-position-left\"><i class=\"menu-item-icon\"><\/i><span>La chirurgie des fesses<\/span><\/a><\/li>\n<li id=\"menu-item-21677\" class=\"menu-item menu-item-type-post_type menu-item-object-page menu-item-21677\"><a href=\"https:\/\/ines-co.com\/?page_id=21675\" class=\"item-has-icon icon-position-left\"><i class=\"menu-item-icon\"><\/i><span>Abdominoplastie<\/span><\/a><\/li>\n<\/ul><\/div><\/div>[\/vc_column][vc_column width=&#8221;3\/4&#8243;]<div id=\"1769437132852-23a28a04-49ed\" class=\"dt-sc-empty-space\"><\/div>[vc_column_text css=&#8221;&#8221;]Le\u00a0<strong>lifting corporel en Tunisie<\/strong>\u00a0est une\u00a0<strong>intervention de chirurgie esth\u00e9tique et plastique<\/strong>\u00a0qui permet de traiter les\u00a0<strong>exc\u00e8s de peau<\/strong>\u00a0et le\u00a0<strong>rel\u00e2chement cutan\u00e9<\/strong>\u00a0suite \u00e0 une perte de poids importante, \u00e0 l&#8217;\u00e2ge ou apr\u00e8s des grossesses. Chez INESCO Care, nous proposons sp\u00e9cifiquement le\u00a0<strong>lifting des bras (brachioplastie)<\/strong>\u00a0et le\u00a0<strong>lifting des cuisses (lifting des membres inf\u00e9rieurs)<\/strong>\u00a0pour corriger les\u00a0<strong>bras tombants<\/strong>\u00a0et les\u00a0<strong>cuisses volumineuses<\/strong>. Nos\u00a0<strong>chirurgiens esth\u00e9tiques sp\u00e9cialis\u00e9s en Tunisie<\/strong>\u00a0utilisent des\u00a0<strong>techniques de remodelage corporel<\/strong>\u00a0pour vous offrir des\u00a0<strong>bras fermes<\/strong>, des\u00a0<strong>cuisses sculpt\u00e9es<\/strong>\u00a0et une\u00a0<strong>silhouette affin\u00e9e<\/strong>\u00a0avec des\u00a0<strong>r\u00e9sultats naturels<\/strong>\u00a0et durables.[\/vc_column_text][vc_column_text css=&#8221;&#8221;]<\/p>\n<h4>Qu\u2019est-ce que le Lifting Corporel (Lifting des Bras &amp; des Cuisses) ?<\/h4>\n<p>[\/vc_column_text][vc_column_text css=&#8221;&#8221;]<\/p>\n<p class=\"ds-markdown-paragraph\">Le\u00a0<strong>lifting corporel<\/strong>, incluant la\u00a0<strong>brachioplastie<\/strong>\u00a0et le\u00a0<strong>lifting des membres inf\u00e9rieurs<\/strong>, est une\u00a0<strong>technique chirurgicale<\/strong>\u00a0qui permet de :<\/p>\n<ul>\n<li class=\"ds-markdown-paragraph\"><strong>Retirer la peau exc\u00e9dentaire<\/strong>\u00a0et le tissu graisseux rel\u00e2ch\u00e9 au niveau des\u00a0<strong>bras<\/strong>\u00a0et des\u00a0<strong>cuisses<\/strong>.<\/li>\n<li class=\"ds-markdown-paragraph\"><strong>Raffermir et repositionner les tissus<\/strong>\u00a0pour un contour des membres plus\u00a0<strong>harmonieux<\/strong>\u00a0et juv\u00e9nile.<\/li>\n<li class=\"ds-markdown-paragraph\"><strong>Traiter sp\u00e9cifiquement<\/strong>\u00a0la\u00a0<strong>face interne des bras<\/strong>\u00a0et la\u00a0<strong>face interne des cuisses<\/strong>, zones souvent sujettes au rel\u00e2chement.<\/li>\n<li class=\"ds-markdown-paragraph\"><strong>Am\u00e9liorer la silhouette globale<\/strong>\u00a0en \u00e9liminant l&#8217;aspect de\u00a0<strong>peau pendante<\/strong>.<\/li>\n<\/ul>\n<p class=\"ds-markdown-paragraph\">Cette intervention vise un\u00a0<strong>rajeunissement corporel<\/strong>\u00a0et un remodelage cibl\u00e9, et non une perte de poids.<\/p>\n<p>[\/vc_column_text][vc_row_inner][vc_column_inner width=&#8221;1\/2&#8243; css=&#8221;.vc_custom_1744295121360{margin-left: 2px !important;}&#8221;]<div id=\"1744284640139-6fd5764f-ac25\" class=\"dt-sc-empty-space\"><\/div>[vc_custom_heading text=&#8221;Lifting des Bras (Brachioplastie)&#8221; font_container=&#8221;tag:h6|text_align:left&#8221; css=&#8221;&#8221;][vc_column_text css=&#8221;&#8221;]<\/p>\n<p class=\"ds-markdown-paragraph\">Cible les\u00a0<strong>exc\u00e8s de peau<\/strong>\u00a0et le\u00a0<strong>rel\u00e2chement cutan\u00e9<\/strong>\u00a0des bras, souvent apr\u00e8s une perte de poids. L&#8217;incision est plac\u00e9e discr\u00e8tement sur la\u00a0<strong>face interne du bras<\/strong>\u00a0pour corriger les\u00a0<strong>gros bras<\/strong>\u00a0et la\u00a0<strong>peau tombante<\/strong>.<\/p>\n<p>[\/vc_column_text]<div id=\"1745577569858-3c0459c5-6b08\" class=\"dt-sc-empty-space\"><\/div>[vc_single_image image=&#8221;22109&#8243; img_size=&#8221;full&#8221; css=&#8221;&#8221; el_class=&#8221;custom-img-border&#8221;][\/vc_column_inner][vc_column_inner width=&#8221;1\/2&#8243;]<div id=\"1744292901684-134d992c-3b1f\" class=\"dt-sc-empty-space\"><\/div>[vc_single_image image=&#8221;22108&#8243; img_size=&#8221;full&#8221; css=&#8221;&#8221; el_class=&#8221;custom-img-border&#8221;][vc_custom_heading text=&#8221;Lifting des Cuisses (Lifting des Membres Inf\u00e9rieurs)&#8221; font_container=&#8221;tag:h6|text_align:left&#8221; css=&#8221;&#8221;][vc_column_text css=&#8221;&#8221;]Remodelage de la\u00a0<strong>face interne des cuisses<\/strong>\u00a0pour traiter les\u00a0<strong>cuisses volumineuses<\/strong>\u00a0et la\u00a0<strong>peau pendante<\/strong>. Cette intervention red\u00e9finit le contour des cuisses pour une\u00a0<strong>silhouette affin\u00e9e<\/strong>\u00a0et des\u00a0<strong>jambes galb\u00e9es<\/strong>.[\/vc_column_text][\/vc_column_inner][\/vc_row_inner][vc_column_text css=&#8221;&#8221;]<\/p>\n<h4>\u00c0 qui s\u2019adresse cette chirurgie ?<\/h4>\n<p>[\/vc_column_text][vc_column_text css=&#8221;&#8221;]<\/p>\n<p class=\"ds-markdown-paragraph\">Le\u00a0<strong>lifting des bras<\/strong>\u00a0et le\u00a0<strong>lifting des cuisses<\/strong>\u00a0sont recommand\u00e9s pour :<\/p>\n<ul>\n<li class=\"ds-markdown-paragraph\">Les personnes pr\u00e9sentant un\u00a0<strong>rel\u00e2chement cutan\u00e9<\/strong>\u00a0important des bras ou des cuisses suite \u00e0 une\u00a0<strong>perte de poids massive<\/strong>.<\/li>\n<li class=\"ds-markdown-paragraph\">Celles qui souffrent de\u00a0<strong>peau tombante<\/strong>\u00a0et distendue qui ne se raffermit pas avec l&#8217;exercice.<\/li>\n<li class=\"ds-markdown-paragraph\">Les patients souhaitant retrouver des\u00a0<strong>bras fermes<\/strong>\u00a0et des\u00a0<strong>cuisses sculpt\u00e9es<\/strong>\u00a0pour une\u00a0<strong>silhouette harmonieuse<\/strong>.<\/li>\n<li class=\"ds-markdown-paragraph\">Les femmes apr\u00e8s des\u00a0<strong>grossesses<\/strong>\u00a0ayant entra\u00een\u00e9 un rel\u00e2chement au niveau des cuisses.<\/li>\n<li class=\"ds-markdown-paragraph\">Toute personne en bonne sant\u00e9, non-fumeuse, avec des attentes r\u00e9alistes, cherchant un\u00a0<strong>rajeunissement corporel<\/strong>.<\/li>\n<\/ul>\n<p>[\/vc_column_text]<a href='https:\/\/ines-co.com\/?page_id=21265' target='_self' title='Devis' class='dt-sc-button   medium icon-right with-icon  bordered  type2' data-delay='0' > demande de devis <\/a>[\/vc_column][\/vc_row][vc_row][vc_column width=&#8221;1\/4&#8243;]<div id=\"1745413299218-d0ed2dda-6256\" class=\"dt-sc-empty-space\"><\/div><div id=\"1745413299218-e7eec482-7d87\" class=\"dt-sc-empty-space\"><\/div><div id=\"1745413299218-d626b89d-5175\" class=\"dt-sc-empty-space\"><\/div>[\/vc_column][\/vc_row]<\/p>\n<\/div>","protected":false},"excerpt":{"rendered":"<p>[vc_row][vc_column width=&#8221;1\/4&#8243;][vc_custom_heading text=&#8221;Chirurgies du Corps&#8221; font_container=&#8221;tag:p|font_size:20|text_align:justify&#8221; use_theme_fonts=&#8221;yes&#8221; css=&#8221;&#8221;][\/vc_column][vc_column width=&#8221;3\/4&#8243;][vc_column_text css=&#8221;&#8221;]Le\u00a0lifting corporel en Tunisie\u00a0est une\u00a0intervention de chirurgie esth\u00e9tique et plastique\u00a0qui permet de traiter les\u00a0exc\u00e8s de peau\u00a0et le\u00a0rel\u00e2chement cutan\u00e9\u00a0suite \u00e0 une perte de poids importante, \u00e0 l&#8217;\u00e2ge ou apr\u00e8s des grossesses. Chez INESCO Care, nous proposons sp\u00e9cifiquement le\u00a0lifting des bras (brachioplastie)\u00a0et le\u00a0lifting des cuisses (lifting des membres [&hellip;]<\/p>\n","protected":false},"author":2,"featured_media":0,"parent":0,"menu_order":0,"comment_status":"closed","ping_status":"closed","template":"","meta":{"footnotes":""},"class_list":["post-21660","page","type-page","status-publish","hentry"],"_links":{"self":[{"href":"https:\/\/ines-co.com\/index.php?rest_route=\/wp\/v2\/pages\/21660","targetHints":{"allow":["GET"]}}],"collection":[{"href":"https:\/\/ines-co.com\/index.php?rest_route=\/wp\/v2\/pages"}],"about":[{"href":"https:\/\/ines-co.com\/index.php?rest_route=\/wp\/v2\/types\/page"}],"author":[{"embeddable":true,"href":"https:\/\/ines-co.com\/index.php?rest_route=\/wp\/v2\/users\/2"}],"replies":[{"embeddable":true,"href":"https:\/\/ines-co.com\/index.php?rest_route=%2Fwp%2Fv2%2Fcomments&post=21660"}],"version-history":[{"count":13,"href":"https:\/\/ines-co.com\/index.php?rest_route=\/wp\/v2\/pages\/21660\/revisions"}],"predecessor-version":[{"id":22330,"href":"https:\/\/ines-co.com\/index.php?rest_route=\/wp\/v2\/pages\/21660\/revisions\/22330"}],"wp:attachment":[{"href":"https:\/\/ines-co.com\/index.php?rest_route=%2Fwp%2Fv2%2Fmedia&parent=21660"}],"curies":[{"name":"wp","href":"https:\/\/api.w.org\/{rel}","templated":true}]}}