{"id":21609,"date":"2025-04-17T08:09:52","date_gmt":"2025-04-17T08:09:52","guid":{"rendered":"https:\/\/ines-co.com\/?page_id=21609"},"modified":"2026-04-07T13:51:54","modified_gmt":"2026-04-07T13:51:54","slug":"depigmentation-gingivale-maximale","status":"publish","type":"page","link":"https:\/\/ines-co.com\/?page_id=21609","title":{"rendered":"D\u00e9pigmentation gingivale maximale"},"content":{"rendered":"<div class=\"wpb-content-wrapper\"><p>[vc_row][vc_column width=&#8221;1\/4&#8243;]<div id=\"1744293887292-61febcd9-ef9a\" class=\"dt-sc-empty-space\"><\/div><div id=\"1744293867661-3150727c-8fa9\" class=\"dt-sc-empty-space\"><\/div><div id=\"1744294995996-4d7f99ee-99d6\" class=\"dt-sc-empty-space\"><\/div>[vc_custom_heading text=&#8221;Dentisterie Esth\u00e9tique&#8221; font_container=&#8221;tag:p|font_size:20|text_align:justify&#8221; use_theme_fonts=&#8221;yes&#8221; css=&#8221;&#8221;]<div id=\"1744295011070-67885103-b5c8\" class=\"dt-sc-empty-space\"><\/div><div id=\"dt-1744295003964-710f20a8-0be7\" class=\"dt-custom-nav-wrapper none inline-vertical\" data-delay=\"0\" data-default-style = \"none\" data-hover-style = \"none\" data-default-decoration = \"overline\" data-hover-decoration = \"none\"><div class=\"menu-dentisterie-esthetique-container\"><ul id=\"menu-dentisterie-esthetique\" class=\"custom-sub-nav dt-custom-nav\"><li id=\"menu-item-21582\" class=\"menu-item menu-item-type-post_type menu-item-object-page menu-item-21582\"><a href=\"https:\/\/ines-co.com\/?page_id=21579\" class=\"item-has-icon icon-position-left\"><i class=\"menu-item-icon\"><\/i><span>Facettes Dentaires<\/span><\/a><\/li>\n<li id=\"menu-item-21591\" class=\"menu-item menu-item-type-post_type menu-item-object-page menu-item-21591\"><a href=\"https:\/\/ines-co.com\/?page_id=21584\" class=\"item-has-icon icon-position-left\"><i class=\"menu-item-icon\"><\/i><span>Implant Dentaire<\/span><\/a><\/li>\n<li id=\"menu-item-21590\" class=\"menu-item menu-item-type-post_type menu-item-object-page menu-item-21590\"><a href=\"https:\/\/ines-co.com\/?page_id=21587\" class=\"item-has-icon icon-position-left\"><i class=\"menu-item-icon\"><\/i><span>Couronne Dentaire<\/span><\/a><\/li>\n<li id=\"menu-item-21621\" class=\"menu-item menu-item-type-post_type menu-item-object-page menu-item-21621\"><a href=\"https:\/\/ines-co.com\/?page_id=21600\" class=\"item-has-icon icon-position-left\"><i class=\"menu-item-icon\"><\/i><span>Blanchiment Dentaire<\/span><\/a><\/li>\n<li id=\"menu-item-21620\" class=\"menu-item menu-item-type-post_type menu-item-object-page menu-item-21620\"><a href=\"https:\/\/ines-co.com\/?page_id=21603\" class=\"item-has-icon icon-position-left\"><i class=\"menu-item-icon\"><\/i><span>R\u00e9duction du sourire gingival<\/span><\/a><\/li>\n<li id=\"menu-item-21619\" class=\"menu-item menu-item-type-post_type menu-item-object-page menu-item-21619\"><a href=\"https:\/\/ines-co.com\/?page_id=21606\" class=\"item-has-icon icon-position-left\"><i class=\"menu-item-icon\"><\/i><span>La d\u00e9pigmentation gingivale<\/span><\/a><\/li>\n<li id=\"menu-item-21618\" class=\"menu-item menu-item-type-post_type menu-item-object-page menu-item-21618\"><a href=\"https:\/\/ines-co.com\/?page_id=21609\" class=\"item-has-icon icon-position-left\"><i class=\"menu-item-icon\"><\/i><span>D\u00e9pigmentation gingivale maximale<\/span><\/a><\/li>\n<li id=\"menu-item-21617\" class=\"menu-item menu-item-type-post_type menu-item-object-page menu-item-21617\"><a href=\"https:\/\/ines-co.com\/?page_id=21612\" class=\"item-has-icon icon-position-left\"><i class=\"menu-item-icon\"><\/i><span>Le Curetage Parodontal<\/span><\/a><\/li>\n<\/ul><\/div><\/div>[\/vc_column][vc_column width=&#8221;3\/4&#8243;][vc_row_inner][vc_column_inner width=&#8221;1\/2&#8243; css=&#8221;.vc_custom_1744295121360{margin-left: 2px !important;}&#8221;]<div id=\"1744292906275-33a265b0-3851\" class=\"dt-sc-empty-space\"><\/div>[vc_column_text css=&#8221;&#8221;]La\u00a0<strong>d\u00e9pigmentation gingivale maximale en Tunisie<\/strong>\u00a0est une\u00a0<strong>proc\u00e9dure \u00e9tendue de blanchiment complet des gencives<\/strong>\u00a0visant \u00e0 traiter\u00a0<strong>toutes les zones pigment\u00e9es<\/strong>\u00a0pour obtenir une coloration uniforme et lumineuse. Chez INESCO Care, cette intervention de\u00a0<strong>parodontologie esth\u00e9tique<\/strong>\u00a0est con\u00e7ue pour les cas de\u00a0<strong>gencives tr\u00e8s fonc\u00e9es<\/strong>\u00a0ou de\u00a0<strong>pigmentation \u00e9tendue<\/strong>. Nos\u00a0<strong>dentistes esth\u00e9tiques sp\u00e9cialis\u00e9s en Tunisie<\/strong>\u00a0utilisent des\u00a0<strong>techniques chirurgicales mini-invasives<\/strong>, incluant le\u00a0<strong>d\u00e9collement de la couche superficielle<\/strong>\u00a0contenant la m\u00e9lanine et le\u00a0<strong>laser gingival<\/strong>, pour offrir un\u00a0<strong>r\u00e9sultat durable<\/strong>\u00a0et un\u00a0<strong>sourire harmonieux et esth\u00e9tique<\/strong>.[\/vc_column_text][vc_column_text css=&#8221;&#8221;]<\/p>\n<h5><strong>Qu\u2019est-ce que la d\u00e9pigmentation gingivale maximale ?<\/strong><\/h5>\n<p>[\/vc_column_text][vc_column_text css=&#8221;&#8221;]<\/p>\n<p class=\"ds-markdown-paragraph\">Il s\u2019agit d\u2019une version approfondie de la d\u00e9pigmentation gingivale standard, ciblant\u00a0<strong>l\u2019ensemble de la surface gingivale visible<\/strong>. Elle est recommand\u00e9e lorsque la pigmentation est g\u00e9n\u00e9ralis\u00e9e et affecte significativement l\u2019esth\u00e9tique du sourire.<\/p>\n<ul>\n<li class=\"ds-markdown-paragraph\"><strong>Indication<\/strong>\u00a0:\u00a0<strong>gencives tr\u00e8s fonc\u00e9es<\/strong>, pigmentation uniforme ou \u00e9tendue sur les deux arcades.<\/li>\n<li class=\"ds-markdown-paragraph\"><strong>M\u00e9thode<\/strong>\u00a0: traitement complet incluant souvent un\u00a0<strong>d\u00e9collement contr\u00f4l\u00e9 de l\u2019\u00e9pith\u00e9lium pigment\u00e9<\/strong>.<\/li>\n<li class=\"ds-markdown-paragraph\"><strong>Objectif<\/strong>\u00a0: cr\u00e9er une\u00a0<strong>uniformit\u00e9 gingivale compl\u00e8te<\/strong>\u00a0pour un sourire \u00e9quilibr\u00e9.<\/li>\n<\/ul>\n<p>[\/vc_column_text]<div id=\"1744284640139-6fd5764f-ac25\" class=\"dt-sc-empty-space\"><\/div><a href='https:\/\/ines-co.com\/?page_id=21265' target='_self' title='Devis' class='dt-sc-button   medium icon-right with-icon  bordered  type2' data-delay='0' > demande de devis <\/a>[\/vc_column_inner][vc_column_inner width=&#8221;1\/2&#8243;]<div id=\"1744292901684-134d992c-3b1f\" class=\"dt-sc-empty-space\"><\/div>[vc_single_image image=&#8221;21633&#8243; img_size=&#8221;full&#8221; css=&#8221;&#8221; el_class=&#8221;custom-img-border&#8221;][vc_column_text css=&#8221;&#8221;]<\/p>\n<h5><strong>\u00c0 qui s\u2019adresse cette proc\u00e9dure ?<\/strong><\/h5>\n<p>[\/vc_column_text][vc_column_text css=&#8221;&#8221;]<\/p>\n<ul>\n<li class=\"ds-markdown-paragraph\">Personnes pr\u00e9sentant une\u00a0<strong>pigmentation gingivale \u00e9tendue<\/strong>\u00a0(g\u00e9n\u00e9tique, m\u00e9dicamenteuse, ou li\u00e9e au tabac).<\/li>\n<li class=\"ds-markdown-paragraph\">Patients dont les\u00a0<strong>gencives tr\u00e8s fonc\u00e9es<\/strong>\u00a0cr\u00e9ent un contraste marqu\u00e9 avec les dents.<\/li>\n<li class=\"ds-markdown-paragraph\">Ceux qui ont d\u00e9j\u00e0 tent\u00e9 des traitements l\u00e9gers sans satisfaction et recherchent une\u00a0<strong>solution compl\u00e8te<\/strong>.<\/li>\n<li class=\"ds-markdown-paragraph\">Individus motiv\u00e9s par une\u00a0<strong>transformation esth\u00e9tique significative<\/strong>\u00a0de leur sourire.<\/li>\n<\/ul>\n<p>[\/vc_column_text][\/vc_column_inner][\/vc_row_inner][\/vc_column][\/vc_row]<\/p>\n<\/div>","protected":false},"excerpt":{"rendered":"<p>[vc_row][vc_column width=&#8221;1\/4&#8243;][vc_custom_heading text=&#8221;Dentisterie Esth\u00e9tique&#8221; font_container=&#8221;tag:p|font_size:20|text_align:justify&#8221; use_theme_fonts=&#8221;yes&#8221; css=&#8221;&#8221;][\/vc_column][vc_column width=&#8221;3\/4&#8243;][vc_row_inner][vc_column_inner width=&#8221;1\/2&#8243; css=&#8221;.vc_custom_1744295121360{margin-left: 2px !important;}&#8221;][vc_column_text css=&#8221;&#8221;]La\u00a0d\u00e9pigmentation gingivale maximale en Tunisie\u00a0est une\u00a0proc\u00e9dure \u00e9tendue de blanchiment complet des gencives\u00a0visant \u00e0 traiter\u00a0toutes les zones pigment\u00e9es\u00a0pour obtenir une coloration uniforme et lumineuse. Chez INESCO Care, cette intervention de\u00a0parodontologie esth\u00e9tique\u00a0est con\u00e7ue pour les cas de\u00a0gencives tr\u00e8s fonc\u00e9es\u00a0ou de\u00a0pigmentation \u00e9tendue. Nos\u00a0dentistes esth\u00e9tiques sp\u00e9cialis\u00e9s en [&hellip;]<\/p>\n","protected":false},"author":2,"featured_media":0,"parent":0,"menu_order":0,"comment_status":"closed","ping_status":"closed","template":"","meta":{"footnotes":""},"class_list":["post-21609","page","type-page","status-publish","hentry"],"_links":{"self":[{"href":"https:\/\/ines-co.com\/index.php?rest_route=\/wp\/v2\/pages\/21609","targetHints":{"allow":["GET"]}}],"collection":[{"href":"https:\/\/ines-co.com\/index.php?rest_route=\/wp\/v2\/pages"}],"about":[{"href":"https:\/\/ines-co.com\/index.php?rest_route=\/wp\/v2\/types\/page"}],"author":[{"embeddable":true,"href":"https:\/\/ines-co.com\/index.php?rest_route=\/wp\/v2\/users\/2"}],"replies":[{"embeddable":true,"href":"https:\/\/ines-co.com\/index.php?rest_route=%2Fwp%2Fv2%2Fcomments&post=21609"}],"version-history":[{"count":6,"href":"https:\/\/ines-co.com\/index.php?rest_route=\/wp\/v2\/pages\/21609\/revisions"}],"predecessor-version":[{"id":22346,"href":"https:\/\/ines-co.com\/index.php?rest_route=\/wp\/v2\/pages\/21609\/revisions\/22346"}],"wp:attachment":[{"href":"https:\/\/ines-co.com\/index.php?rest_route=%2Fwp%2Fv2%2Fmedia&parent=21609"}],"curies":[{"name":"wp","href":"https:\/\/api.w.org\/{rel}","templated":true}]}}