{"id":21606,"date":"2025-04-17T08:09:03","date_gmt":"2025-04-17T08:09:03","guid":{"rendered":"https:\/\/ines-co.com\/?page_id=21606"},"modified":"2026-04-07T13:52:17","modified_gmt":"2026-04-07T13:52:17","slug":"la-depigmentation-gingivale","status":"publish","type":"page","link":"https:\/\/ines-co.com\/?page_id=21606","title":{"rendered":"La d\u00e9pigmentation gingivale"},"content":{"rendered":"<div class=\"wpb-content-wrapper\"><p>[vc_row][vc_column width=&#8221;1\/4&#8243;]<div id=\"1744293887292-61febcd9-ef9a\" class=\"dt-sc-empty-space\"><\/div><div id=\"1744293867661-3150727c-8fa9\" class=\"dt-sc-empty-space\"><\/div><div id=\"1744294995996-4d7f99ee-99d6\" class=\"dt-sc-empty-space\"><\/div>[vc_custom_heading text=&#8221;Dentisterie Esth\u00e9tique&#8221; font_container=&#8221;tag:p|font_size:20|text_align:justify&#8221; use_theme_fonts=&#8221;yes&#8221; css=&#8221;&#8221;]<div id=\"1744295011070-67885103-b5c8\" class=\"dt-sc-empty-space\"><\/div><div id=\"dt-1744295003964-710f20a8-0be7\" class=\"dt-custom-nav-wrapper none inline-vertical\" data-delay=\"0\" data-default-style = \"none\" data-hover-style = \"none\" data-default-decoration = \"overline\" data-hover-decoration = \"none\"><div class=\"menu-dentisterie-esthetique-container\"><ul id=\"menu-dentisterie-esthetique\" class=\"custom-sub-nav dt-custom-nav\"><li id=\"menu-item-21582\" class=\"menu-item menu-item-type-post_type menu-item-object-page menu-item-21582\"><a href=\"https:\/\/ines-co.com\/?page_id=21579\" class=\"item-has-icon icon-position-left\"><i class=\"menu-item-icon\"><\/i><span>Facettes Dentaires<\/span><\/a><\/li>\n<li id=\"menu-item-21591\" class=\"menu-item menu-item-type-post_type menu-item-object-page menu-item-21591\"><a href=\"https:\/\/ines-co.com\/?page_id=21584\" class=\"item-has-icon icon-position-left\"><i class=\"menu-item-icon\"><\/i><span>Implant Dentaire<\/span><\/a><\/li>\n<li id=\"menu-item-21590\" class=\"menu-item menu-item-type-post_type menu-item-object-page menu-item-21590\"><a href=\"https:\/\/ines-co.com\/?page_id=21587\" class=\"item-has-icon icon-position-left\"><i class=\"menu-item-icon\"><\/i><span>Couronne Dentaire<\/span><\/a><\/li>\n<li id=\"menu-item-21621\" class=\"menu-item menu-item-type-post_type menu-item-object-page menu-item-21621\"><a href=\"https:\/\/ines-co.com\/?page_id=21600\" class=\"item-has-icon icon-position-left\"><i class=\"menu-item-icon\"><\/i><span>Blanchiment Dentaire<\/span><\/a><\/li>\n<li id=\"menu-item-21620\" class=\"menu-item menu-item-type-post_type menu-item-object-page menu-item-21620\"><a href=\"https:\/\/ines-co.com\/?page_id=21603\" class=\"item-has-icon icon-position-left\"><i class=\"menu-item-icon\"><\/i><span>R\u00e9duction du sourire gingival<\/span><\/a><\/li>\n<li id=\"menu-item-21619\" class=\"menu-item menu-item-type-post_type menu-item-object-page menu-item-21619\"><a href=\"https:\/\/ines-co.com\/?page_id=21606\" class=\"item-has-icon icon-position-left\"><i class=\"menu-item-icon\"><\/i><span>La d\u00e9pigmentation gingivale<\/span><\/a><\/li>\n<li id=\"menu-item-21618\" class=\"menu-item menu-item-type-post_type menu-item-object-page menu-item-21618\"><a href=\"https:\/\/ines-co.com\/?page_id=21609\" class=\"item-has-icon icon-position-left\"><i class=\"menu-item-icon\"><\/i><span>D\u00e9pigmentation gingivale maximale<\/span><\/a><\/li>\n<li id=\"menu-item-21617\" class=\"menu-item menu-item-type-post_type menu-item-object-page menu-item-21617\"><a href=\"https:\/\/ines-co.com\/?page_id=21612\" class=\"item-has-icon icon-position-left\"><i class=\"menu-item-icon\"><\/i><span>Le Curetage Parodontal<\/span><\/a><\/li>\n<\/ul><\/div><\/div>[\/vc_column][vc_column width=&#8221;3\/4&#8243;][vc_row_inner][vc_column_inner width=&#8221;1\/2&#8243; css=&#8221;.vc_custom_1744295121360{margin-left: 2px !important;}&#8221;]<div id=\"1744292906275-33a265b0-3851\" class=\"dt-sc-empty-space\"><\/div>[vc_column_text css=&#8221;&#8221;]La\u00a0<strong>d\u00e9pigmentation gingivale en Tunisie<\/strong>\u00a0est un\u00a0<strong>traitement esth\u00e9tique des gencives<\/strong>\u00a0visant \u00e0\u00a0<strong>\u00e9claircir ou r\u00e9duire la pigmentation excessive<\/strong>\u00a0des gencives fonc\u00e9es. Chez INESCO Care, nous proposons cette proc\u00e9dure de\u00a0<strong>dentisterie esth\u00e9tique<\/strong>\u00a0pour harmoniser votre sourire et lui redonner un \u00e9clat uniforme. Que la\u00a0<strong>pigmentation gingivale<\/strong>\u00a0soit due \u00e0 la\u00a0<strong>g\u00e9n\u00e9tique<\/strong>, au\u00a0<strong>tabac<\/strong>\u00a0ou \u00e0 certains m\u00e9dicaments, nos\u00a0<strong>dentistes esth\u00e9tiques sp\u00e9cialis\u00e9s en Tunisie<\/strong>\u00a0utilisent des\u00a0<strong>techniques mini-invasives<\/strong>\u00a0comme le\u00a0<strong>laser gingival<\/strong>\u00a0ou la\u00a0<strong>d\u00e9pigmentation au bistouri<\/strong>\u00a0pour obtenir des\u00a0<strong>gencives plus claires, uniformes et esth\u00e9tiques<\/strong>.[\/vc_column_text][vc_column_text css=&#8221;&#8221;]<\/p>\n<h5><strong>Qu\u2019est-ce que la d\u00e9pigmentation gingivale ?<\/strong><\/h5>\n<p>[\/vc_column_text][vc_column_text css=&#8221;&#8221;]<\/p>\n<p class=\"ds-markdown-paragraph\">Il s\u2019agit d\u2019une intervention qui cible la\u00a0<strong>m\u00e9lanine pr\u00e9sente dans les gencives<\/strong>, responsable des taches brunes ou gris\u00e2tres. Elle permet de\u00a0<strong>blanchir les gencives<\/strong>\u00a0pour un\u00a0<strong>sourire plus lumineux et homog\u00e8ne<\/strong>.<\/p>\n<ul>\n<li class=\"ds-markdown-paragraph\"><strong>Causes de la pigmentation<\/strong>\u00a0: facteurs g\u00e9n\u00e9tiques, tabagisme, prise de certains m\u00e9dicaments, inflammation chronique.<\/li>\n<li class=\"ds-markdown-paragraph\"><strong>Indication<\/strong>\u00a0:\u00a0<strong>gencives fonc\u00e9es<\/strong>\u00a0cr\u00e9ant un contraste inesth\u00e9tique avec les dents.<\/li>\n<li class=\"ds-markdown-paragraph\"><strong>R\u00e9sultat<\/strong>\u00a0: des\u00a0<strong>gencives uniformes et ros\u00e9es<\/strong>, int\u00e9gr\u00e9es harmonieusement au sourire.<\/li>\n<\/ul>\n<p>[\/vc_column_text]<div id=\"1744284640139-6fd5764f-ac25\" class=\"dt-sc-empty-space\"><\/div><a href='https:\/\/ines-co.com\/?page_id=21265' target='_self' title='Devis' class='dt-sc-button   medium icon-right with-icon  bordered  type2' data-delay='0' > demande de devis <\/a>[\/vc_column_inner][vc_column_inner width=&#8221;1\/2&#8243;]<div id=\"1744292901684-134d992c-3b1f\" class=\"dt-sc-empty-space\"><\/div>[vc_single_image image=&#8221;21635&#8243; img_size=&#8221;full&#8221; css=&#8221;&#8221; el_class=&#8221;custom-img-border&#8221;][vc_column_text css=&#8221;&#8221;]<\/p>\n<h5><strong>\u00c0 qui s\u2019adresse cette proc\u00e9dure ?<\/strong><\/h5>\n<p>[\/vc_column_text][vc_column_text css=&#8221;&#8221;]<\/p>\n<ul>\n<li class=\"ds-markdown-paragraph\">Personnes g\u00ean\u00e9es par des\u00a0<strong>gencives fonc\u00e9es ou tachet\u00e9es<\/strong>.<\/li>\n<li class=\"ds-markdown-paragraph\">Patients souhaitant un\u00a0<strong>sourire plus harmonieux<\/strong>\u00a0et lumineux.<\/li>\n<li class=\"ds-markdown-paragraph\">Fumeurs ou anciens fumeurs pr\u00e9sentant une pigmentation gingivale.<\/li>\n<li class=\"ds-markdown-paragraph\">Individus avec une pigmentation g\u00e9n\u00e9tique d\u00e9sireux d\u2019am\u00e9liorer l\u2019esth\u00e9tique de leur sourire.<\/li>\n<\/ul>\n<p>[\/vc_column_text][\/vc_column_inner][\/vc_row_inner][\/vc_column][\/vc_row]<\/p>\n<\/div>","protected":false},"excerpt":{"rendered":"<p>[vc_row][vc_column width=&#8221;1\/4&#8243;][vc_custom_heading text=&#8221;Dentisterie Esth\u00e9tique&#8221; font_container=&#8221;tag:p|font_size:20|text_align:justify&#8221; use_theme_fonts=&#8221;yes&#8221; css=&#8221;&#8221;][\/vc_column][vc_column width=&#8221;3\/4&#8243;][vc_row_inner][vc_column_inner width=&#8221;1\/2&#8243; css=&#8221;.vc_custom_1744295121360{margin-left: 2px !important;}&#8221;][vc_column_text css=&#8221;&#8221;]La\u00a0d\u00e9pigmentation gingivale en Tunisie\u00a0est un\u00a0traitement esth\u00e9tique des gencives\u00a0visant \u00e0\u00a0\u00e9claircir ou r\u00e9duire la pigmentation excessive\u00a0des gencives fonc\u00e9es. Chez INESCO Care, nous proposons cette proc\u00e9dure de\u00a0dentisterie esth\u00e9tique\u00a0pour harmoniser votre sourire et lui redonner un \u00e9clat uniforme. Que la\u00a0pigmentation gingivale\u00a0soit due \u00e0 la\u00a0g\u00e9n\u00e9tique, au\u00a0tabac\u00a0ou \u00e0 certains [&hellip;]<\/p>\n","protected":false},"author":2,"featured_media":0,"parent":0,"menu_order":0,"comment_status":"closed","ping_status":"closed","template":"","meta":{"footnotes":""},"class_list":["post-21606","page","type-page","status-publish","hentry"],"_links":{"self":[{"href":"https:\/\/ines-co.com\/index.php?rest_route=\/wp\/v2\/pages\/21606","targetHints":{"allow":["GET"]}}],"collection":[{"href":"https:\/\/ines-co.com\/index.php?rest_route=\/wp\/v2\/pages"}],"about":[{"href":"https:\/\/ines-co.com\/index.php?rest_route=\/wp\/v2\/types\/page"}],"author":[{"embeddable":true,"href":"https:\/\/ines-co.com\/index.php?rest_route=\/wp\/v2\/users\/2"}],"replies":[{"embeddable":true,"href":"https:\/\/ines-co.com\/index.php?rest_route=%2Fwp%2Fv2%2Fcomments&post=21606"}],"version-history":[{"count":5,"href":"https:\/\/ines-co.com\/index.php?rest_route=\/wp\/v2\/pages\/21606\/revisions"}],"predecessor-version":[{"id":22347,"href":"https:\/\/ines-co.com\/index.php?rest_route=\/wp\/v2\/pages\/21606\/revisions\/22347"}],"wp:attachment":[{"href":"https:\/\/ines-co.com\/index.php?rest_route=%2Fwp%2Fv2%2Fmedia&parent=21606"}],"curies":[{"name":"wp","href":"https:\/\/api.w.org\/{rel}","templated":true}]}}