{"id":21603,"date":"2025-04-17T08:08:00","date_gmt":"2025-04-17T08:08:00","guid":{"rendered":"https:\/\/ines-co.com\/?page_id=21603"},"modified":"2026-04-07T13:52:39","modified_gmt":"2026-04-07T13:52:39","slug":"reduction-du-sourire-gingival","status":"publish","type":"page","link":"https:\/\/ines-co.com\/?page_id=21603","title":{"rendered":"R\u00e9duction du sourire gingival"},"content":{"rendered":"<div class=\"wpb-content-wrapper\"><p>[vc_row][vc_column width=&#8221;1\/4&#8243;]<div id=\"1744293887292-61febcd9-ef9a\" class=\"dt-sc-empty-space\"><\/div><div id=\"1744293867661-3150727c-8fa9\" class=\"dt-sc-empty-space\"><\/div><div id=\"1744294995996-4d7f99ee-99d6\" class=\"dt-sc-empty-space\"><\/div>[vc_custom_heading text=&#8221;Dentisterie Esth\u00e9tique&#8221; font_container=&#8221;tag:p|font_size:20|text_align:justify&#8221; use_theme_fonts=&#8221;yes&#8221; css=&#8221;&#8221;]<div id=\"1744295011070-67885103-b5c8\" class=\"dt-sc-empty-space\"><\/div><div id=\"dt-1744295003964-710f20a8-0be7\" class=\"dt-custom-nav-wrapper none inline-vertical\" data-delay=\"0\" data-default-style = \"none\" data-hover-style = \"none\" data-default-decoration = \"overline\" data-hover-decoration = \"none\"><div class=\"menu-dentisterie-esthetique-container\"><ul id=\"menu-dentisterie-esthetique\" class=\"custom-sub-nav dt-custom-nav\"><li id=\"menu-item-21582\" class=\"menu-item menu-item-type-post_type menu-item-object-page menu-item-21582\"><a href=\"https:\/\/ines-co.com\/?page_id=21579\" class=\"item-has-icon icon-position-left\"><i class=\"menu-item-icon\"><\/i><span>Facettes Dentaires<\/span><\/a><\/li>\n<li id=\"menu-item-21591\" class=\"menu-item menu-item-type-post_type menu-item-object-page menu-item-21591\"><a href=\"https:\/\/ines-co.com\/?page_id=21584\" class=\"item-has-icon icon-position-left\"><i class=\"menu-item-icon\"><\/i><span>Implant Dentaire<\/span><\/a><\/li>\n<li id=\"menu-item-21590\" class=\"menu-item menu-item-type-post_type menu-item-object-page menu-item-21590\"><a href=\"https:\/\/ines-co.com\/?page_id=21587\" class=\"item-has-icon icon-position-left\"><i class=\"menu-item-icon\"><\/i><span>Couronne Dentaire<\/span><\/a><\/li>\n<li id=\"menu-item-21621\" class=\"menu-item menu-item-type-post_type menu-item-object-page menu-item-21621\"><a href=\"https:\/\/ines-co.com\/?page_id=21600\" class=\"item-has-icon icon-position-left\"><i class=\"menu-item-icon\"><\/i><span>Blanchiment Dentaire<\/span><\/a><\/li>\n<li id=\"menu-item-21620\" class=\"menu-item menu-item-type-post_type menu-item-object-page menu-item-21620\"><a href=\"https:\/\/ines-co.com\/?page_id=21603\" class=\"item-has-icon icon-position-left\"><i class=\"menu-item-icon\"><\/i><span>R\u00e9duction du sourire gingival<\/span><\/a><\/li>\n<li id=\"menu-item-21619\" class=\"menu-item menu-item-type-post_type menu-item-object-page menu-item-21619\"><a href=\"https:\/\/ines-co.com\/?page_id=21606\" class=\"item-has-icon icon-position-left\"><i class=\"menu-item-icon\"><\/i><span>La d\u00e9pigmentation gingivale<\/span><\/a><\/li>\n<li id=\"menu-item-21618\" class=\"menu-item menu-item-type-post_type menu-item-object-page menu-item-21618\"><a href=\"https:\/\/ines-co.com\/?page_id=21609\" class=\"item-has-icon icon-position-left\"><i class=\"menu-item-icon\"><\/i><span>D\u00e9pigmentation gingivale maximale<\/span><\/a><\/li>\n<li id=\"menu-item-21617\" class=\"menu-item menu-item-type-post_type menu-item-object-page menu-item-21617\"><a href=\"https:\/\/ines-co.com\/?page_id=21612\" class=\"item-has-icon icon-position-left\"><i class=\"menu-item-icon\"><\/i><span>Le Curetage Parodontal<\/span><\/a><\/li>\n<\/ul><\/div><\/div>[\/vc_column][vc_column width=&#8221;3\/4&#8243;][vc_row_inner][vc_column_inner width=&#8221;1\/2&#8243; css=&#8221;.vc_custom_1744295121360{margin-left: 2px !important;}&#8221;]<div id=\"1744292906275-33a265b0-3851\" class=\"dt-sc-empty-space\"><\/div>[vc_column_text css=&#8221;&#8221;]La\u00a0<strong>r\u00e9duction du sourire gingival en Tunisie<\/strong>, \u00e9galement appel\u00e9e\u00a0<strong>gingivoplastie<\/strong>\u00a0ou\u00a0<strong>chirurgie du sourire gingival<\/strong>, est une intervention de\u00a0<strong>dentisterie esth\u00e9tique<\/strong>\u00a0visant \u00e0 corriger un\u00a0<strong>sourire gingival<\/strong>\u00a0(gencives trop visibles). Chez INESCO Care, nos\u00a0<strong>dentistes esth\u00e9tiques sp\u00e9cialis\u00e9s en Tunisie<\/strong>\u00a0pratiquent un\u00a0<strong>remodelage des gencives<\/strong>\u00a0pr\u00e9cis pour r\u00e9\u00e9quilibrer les proportions entre vos dents et vos gencives. Gr\u00e2ce \u00e0 des\u00a0<strong>techniques chirurgicales esth\u00e9tiques<\/strong>\u00a0minimalement invasives, nous r\u00e9duisons l\u2019exposition gingivale excessive pour vous offrir un\u00a0<strong>sourire naturel, harmonieux<\/strong>\u00a0et une\u00a0<strong>esth\u00e9tique dentaire optimale<\/strong>.[\/vc_column_text][vc_column_text css=&#8221;&#8221;]<\/p>\n<h5><strong>Qu\u2019est-ce que le sourire gingival ?<\/strong><\/h5>\n<p>[\/vc_column_text][vc_column_text css=&#8221;&#8221;]<\/p>\n<p class=\"ds-markdown-paragraph\">Le\u00a0<strong>sourire gingival<\/strong>\u00a0(ou \u00ab gummy smile \u00bb) se caract\u00e9rise par une exposition excessive des gencives lors du sourire (plus de 3-4 mm de gencive visible). Cela peut \u00eatre d\u00fb \u00e0 :<\/p>\n<ul>\n<li class=\"ds-markdown-paragraph\">Une hyperactivit\u00e9 de la l\u00e8vre sup\u00e9rieure.<\/li>\n<li class=\"ds-markdown-paragraph\">Une \u00e9ruption dentaire insuffisante (dents courtes).<\/li>\n<li class=\"ds-markdown-paragraph\">Une croissance excessive des maxillaires.<\/li>\n<li class=\"ds-markdown-paragraph\">Une hypertrophie gingivale (gencives \u00e9paisses ou longues).<\/li>\n<\/ul>\n<p>[\/vc_column_text]<div id=\"1744284640139-6fd5764f-ac25\" class=\"dt-sc-empty-space\"><\/div><a href='https:\/\/ines-co.com\/?page_id=21265' target='_self' title='Devis' class='dt-sc-button   medium icon-right with-icon  bordered  type2' data-delay='0' > demande de devis <\/a>[\/vc_column_inner][vc_column_inner width=&#8221;1\/2&#8243;]<div id=\"1744292901684-134d992c-3b1f\" class=\"dt-sc-empty-space\"><\/div>[vc_single_image image=&#8221;21637&#8243; img_size=&#8221;full&#8221; css=&#8221;&#8221; el_class=&#8221;custom-img-border&#8221;][vc_column_text css=&#8221;&#8221;]<\/p>\n<h5><strong>Qu\u2019est-ce que le sourire gingival ?<\/strong><\/h5>\n<p>[\/vc_column_text][vc_column_text css=&#8221;&#8221;]<\/p>\n<ul>\n<li class=\"ds-markdown-paragraph\">Personnes g\u00ean\u00e9es par un\u00a0<strong>sourire d\u00e9s\u00e9quilibr\u00e9<\/strong>\u00a0avec trop de gencive visible.<\/li>\n<li class=\"ds-markdown-paragraph\">Patients ayant des\u00a0<strong>gencives trop visibles<\/strong>\u00a0qui alt\u00e8rent l\u2019esth\u00e9tique de leur sourire.<\/li>\n<li class=\"ds-markdown-paragraph\">Ceux qui souhaitent\u00a0<strong>harmoniser leur sourire<\/strong>\u00a0sans modifier la structure dentaire.<\/li>\n<li class=\"ds-markdown-paragraph\">Individus en bonne sant\u00e9 parodontale, avec des gencives saines.<\/li>\n<\/ul>\n<p>[\/vc_column_text][\/vc_column_inner][\/vc_row_inner][\/vc_column][\/vc_row]<\/p>\n<\/div>","protected":false},"excerpt":{"rendered":"<p>[vc_row][vc_column width=&#8221;1\/4&#8243;][vc_custom_heading text=&#8221;Dentisterie Esth\u00e9tique&#8221; font_container=&#8221;tag:p|font_size:20|text_align:justify&#8221; use_theme_fonts=&#8221;yes&#8221; css=&#8221;&#8221;][\/vc_column][vc_column width=&#8221;3\/4&#8243;][vc_row_inner][vc_column_inner width=&#8221;1\/2&#8243; css=&#8221;.vc_custom_1744295121360{margin-left: 2px !important;}&#8221;][vc_column_text css=&#8221;&#8221;]La\u00a0r\u00e9duction du sourire gingival en Tunisie, \u00e9galement appel\u00e9e\u00a0gingivoplastie\u00a0ou\u00a0chirurgie du sourire gingival, est une intervention de\u00a0dentisterie esth\u00e9tique\u00a0visant \u00e0 corriger un\u00a0sourire gingival\u00a0(gencives trop visibles). Chez INESCO Care, nos\u00a0dentistes esth\u00e9tiques sp\u00e9cialis\u00e9s en Tunisie\u00a0pratiquent un\u00a0remodelage des gencives\u00a0pr\u00e9cis pour r\u00e9\u00e9quilibrer les proportions entre vos dents et vos gencives. [&hellip;]<\/p>\n","protected":false},"author":2,"featured_media":0,"parent":0,"menu_order":0,"comment_status":"closed","ping_status":"closed","template":"","meta":{"footnotes":""},"class_list":["post-21603","page","type-page","status-publish","hentry"],"_links":{"self":[{"href":"https:\/\/ines-co.com\/index.php?rest_route=\/wp\/v2\/pages\/21603","targetHints":{"allow":["GET"]}}],"collection":[{"href":"https:\/\/ines-co.com\/index.php?rest_route=\/wp\/v2\/pages"}],"about":[{"href":"https:\/\/ines-co.com\/index.php?rest_route=\/wp\/v2\/types\/page"}],"author":[{"embeddable":true,"href":"https:\/\/ines-co.com\/index.php?rest_route=\/wp\/v2\/users\/2"}],"replies":[{"embeddable":true,"href":"https:\/\/ines-co.com\/index.php?rest_route=%2Fwp%2Fv2%2Fcomments&post=21603"}],"version-history":[{"count":5,"href":"https:\/\/ines-co.com\/index.php?rest_route=\/wp\/v2\/pages\/21603\/revisions"}],"predecessor-version":[{"id":22348,"href":"https:\/\/ines-co.com\/index.php?rest_route=\/wp\/v2\/pages\/21603\/revisions\/22348"}],"wp:attachment":[{"href":"https:\/\/ines-co.com\/index.php?rest_route=%2Fwp%2Fv2%2Fmedia&parent=21603"}],"curies":[{"name":"wp","href":"https:\/\/api.w.org\/{rel}","templated":true}]}}