{"id":21600,"date":"2025-04-17T08:05:10","date_gmt":"2025-04-17T08:05:10","guid":{"rendered":"https:\/\/ines-co.com\/?page_id=21600"},"modified":"2026-04-07T13:52:55","modified_gmt":"2026-04-07T13:52:55","slug":"blanchiment-dentaire","status":"publish","type":"page","link":"https:\/\/ines-co.com\/?page_id=21600","title":{"rendered":"Blanchiment Dentaire"},"content":{"rendered":"<div class=\"wpb-content-wrapper\"><p>[vc_row][vc_column width=&#8221;1\/4&#8243;]<div id=\"1744293887292-61febcd9-ef9a\" class=\"dt-sc-empty-space\"><\/div><div id=\"1744293867661-3150727c-8fa9\" class=\"dt-sc-empty-space\"><\/div><div id=\"1744294995996-4d7f99ee-99d6\" class=\"dt-sc-empty-space\"><\/div>[vc_custom_heading text=&#8221;Dentisterie Esth\u00e9tique&#8221; font_container=&#8221;tag:p|font_size:20|text_align:justify&#8221; use_theme_fonts=&#8221;yes&#8221; css=&#8221;&#8221;]<div id=\"1744295011070-67885103-b5c8\" class=\"dt-sc-empty-space\"><\/div><div id=\"dt-1744295003964-710f20a8-0be7\" class=\"dt-custom-nav-wrapper none inline-vertical\" data-delay=\"0\" data-default-style = \"none\" data-hover-style = \"none\" data-default-decoration = \"overline\" data-hover-decoration = \"none\"><div class=\"menu-dentisterie-esthetique-container\"><ul id=\"menu-dentisterie-esthetique\" class=\"custom-sub-nav dt-custom-nav\"><li id=\"menu-item-21582\" class=\"menu-item menu-item-type-post_type menu-item-object-page menu-item-21582\"><a href=\"https:\/\/ines-co.com\/?page_id=21579\" class=\"item-has-icon icon-position-left\"><i class=\"menu-item-icon\"><\/i><span>Facettes Dentaires<\/span><\/a><\/li>\n<li id=\"menu-item-21591\" class=\"menu-item menu-item-type-post_type menu-item-object-page menu-item-21591\"><a href=\"https:\/\/ines-co.com\/?page_id=21584\" class=\"item-has-icon icon-position-left\"><i class=\"menu-item-icon\"><\/i><span>Implant Dentaire<\/span><\/a><\/li>\n<li id=\"menu-item-21590\" class=\"menu-item menu-item-type-post_type menu-item-object-page menu-item-21590\"><a href=\"https:\/\/ines-co.com\/?page_id=21587\" class=\"item-has-icon icon-position-left\"><i class=\"menu-item-icon\"><\/i><span>Couronne Dentaire<\/span><\/a><\/li>\n<li id=\"menu-item-21621\" class=\"menu-item menu-item-type-post_type menu-item-object-page menu-item-21621\"><a href=\"https:\/\/ines-co.com\/?page_id=21600\" class=\"item-has-icon icon-position-left\"><i class=\"menu-item-icon\"><\/i><span>Blanchiment Dentaire<\/span><\/a><\/li>\n<li id=\"menu-item-21620\" class=\"menu-item menu-item-type-post_type menu-item-object-page menu-item-21620\"><a href=\"https:\/\/ines-co.com\/?page_id=21603\" class=\"item-has-icon icon-position-left\"><i class=\"menu-item-icon\"><\/i><span>R\u00e9duction du sourire gingival<\/span><\/a><\/li>\n<li id=\"menu-item-21619\" class=\"menu-item menu-item-type-post_type menu-item-object-page menu-item-21619\"><a href=\"https:\/\/ines-co.com\/?page_id=21606\" class=\"item-has-icon icon-position-left\"><i class=\"menu-item-icon\"><\/i><span>La d\u00e9pigmentation gingivale<\/span><\/a><\/li>\n<li id=\"menu-item-21618\" class=\"menu-item menu-item-type-post_type menu-item-object-page menu-item-21618\"><a href=\"https:\/\/ines-co.com\/?page_id=21609\" class=\"item-has-icon icon-position-left\"><i class=\"menu-item-icon\"><\/i><span>D\u00e9pigmentation gingivale maximale<\/span><\/a><\/li>\n<li id=\"menu-item-21617\" class=\"menu-item menu-item-type-post_type menu-item-object-page menu-item-21617\"><a href=\"https:\/\/ines-co.com\/?page_id=21612\" class=\"item-has-icon icon-position-left\"><i class=\"menu-item-icon\"><\/i><span>Le Curetage Parodontal<\/span><\/a><\/li>\n<\/ul><\/div><\/div>[\/vc_column][vc_column width=&#8221;3\/4&#8243;][vc_row_inner][vc_column_inner width=&#8221;1\/2&#8243; css=&#8221;.vc_custom_1744295121360{margin-left: 2px !important;}&#8221;]<div id=\"1744292906275-33a265b0-3851\" class=\"dt-sc-empty-space\"><\/div>[vc_column_text css=&#8221;&#8221;]<\/p>\n<p class=\"ds-markdown-paragraph\">Le\u00a0<strong>blanchiment dentaire en Tunisie<\/strong>\u00a0est une proc\u00e9dure esth\u00e9tique professionnelle visant \u00e0 \u00e9claircir la couleur des dents et \u00e0 \u00e9liminer les taches tenaces. Chez INESCO Care, nous proposons un\u00a0<strong>blanchiment professionnel<\/strong>\u00a0s\u00fbr et efficace, utilisant des techniques avanc\u00e9es telles que le\u00a0<strong>blanchiment laser<\/strong>\u00a0et le\u00a0<strong>blanchiment LED<\/strong>\u00a0pour des\u00a0<strong>r\u00e9sultats avant\/apr\u00e8s<\/strong>\u00a0visibles d\u00e8s la premi\u00e8re s\u00e9ance.<\/p>\n<p class=\"ds-markdown-paragraph\">Nos dentistes qualifi\u00e9s vous accompagnent tout au long du processus, garantissant une\u00a0<strong>proc\u00e9dure s\u00fbre<\/strong>\u00a0et un\u00a0<strong>blanchiment dentaire sans douleur<\/strong>. Obtenez votre\u00a0<strong>prix blanchiment dentaire Tunisie<\/strong>\u00a0sur mesure et red\u00e9couvrez un sourire \u00e9clatant.<\/p>\n<p>[\/vc_column_text][vc_column_text css=&#8221;&#8221;]<\/p>\n<h4><strong>Qu\u2019est-ce que le blanchiment dentaire ?<\/strong><\/h4>\n<p>[\/vc_column_text][vc_column_text css=&#8221;&#8221;]<\/p>\n<p class=\"ds-markdown-paragraph\">Le\u00a0<strong>blanchiment dentaire professionnel<\/strong>\u00a0est une technique dentaire qui permet de :<\/p>\n<ul>\n<li class=\"ds-markdown-paragraph\">\u00c9claircir les dents jaunies ou ternies<\/li>\n<li class=\"ds-markdown-paragraph\">\u00c9liminer les taches dues au caf\u00e9, th\u00e9, tabac ou m\u00e9dicaments<\/li>\n<li class=\"ds-markdown-paragraph\">Restaurer l\u2019\u00e9clat naturel du sourire<\/li>\n<li class=\"ds-markdown-paragraph\">Offrir une\u00a0<strong>solution efficace contre les dents jaunes<\/strong><\/li>\n<\/ul>\n<p class=\"ds-markdown-paragraph\">Contrairement aux produits grand public, notre\u00a0<strong>blanchiment dentaire en Tunisie<\/strong>\u00a0est r\u00e9alis\u00e9 sous contr\u00f4le d\u2019un\u00a0<strong>dentiste qualifi\u00e9<\/strong>, assurant s\u00e9curit\u00e9 et r\u00e9sultats durables.<\/p>\n<p>[\/vc_column_text]<div id=\"1744284640139-6fd5764f-ac25\" class=\"dt-sc-empty-space\"><\/div><a href='https:\/\/ines-co.com\/?page_id=21265' target='_self' title='Devis' class='dt-sc-button   medium icon-right with-icon  bordered  type2' data-delay='0' > demande de devis <\/a>[\/vc_column_inner][vc_column_inner width=&#8221;1\/2&#8243;]<div id=\"1744292901684-134d992c-3b1f\" class=\"dt-sc-empty-space\"><\/div>[vc_single_image image=&#8221;21615&#8243; img_size=&#8221;full&#8221; css=&#8221;&#8221; el_class=&#8221;custom-img-border&#8221;][vc_column_text css=&#8221;&#8221;]<\/p>\n<h4><strong>Nos m\u00e9thodes de blanchiment dentaire :<\/strong><\/h4>\n<p>[\/vc_column_text][vc_column_text css=&#8221;&#8221;]<\/p>\n<ul>\n<li><strong>Blanchiment dentaire au laser :<\/strong><\/li>\n<\/ul>\n<p class=\"ds-markdown-paragraph\">Technique rapide et puissante, id\u00e9ale pour un \u00e9claircissement imm\u00e9diat et homog\u00e8ne.<\/p>\n<ul>\n<li><strong>Blanchiment dentaire LED :<\/strong><\/li>\n<\/ul>\n<p class=\"ds-markdown-paragraph\">M\u00e9thode douce et non invasive, parfaite pour les sensibilit\u00e9s dentaires.<\/p>\n<ul>\n<li><strong>Blanchiment professionnel en cabinet :<\/strong><\/li>\n<\/ul>\n<p class=\"ds-markdown-paragraph\">Utilisation de gels blanchissants \u00e0 haute concentration, appliqu\u00e9s par notre \u00e9quipe dentaire.<\/p>\n<p class=\"ds-markdown-paragraph\">Chaque m\u00e9thode est adapt\u00e9e \u00e0 votre situation et \u00e0 vos attentes, avec un\u00a0<strong>accompagnement personnalis\u00e9<\/strong>\u00a0pour un\u00a0<strong>blanchiment dentaire sans douleur<\/strong>.<\/p>\n<p>[\/vc_column_text][\/vc_column_inner][\/vc_row_inner][\/vc_column][\/vc_row]<\/p>\n<\/div>","protected":false},"excerpt":{"rendered":"<p>[vc_row][vc_column width=&#8221;1\/4&#8243;][vc_custom_heading text=&#8221;Dentisterie Esth\u00e9tique&#8221; font_container=&#8221;tag:p|font_size:20|text_align:justify&#8221; use_theme_fonts=&#8221;yes&#8221; css=&#8221;&#8221;][\/vc_column][vc_column width=&#8221;3\/4&#8243;][vc_row_inner][vc_column_inner width=&#8221;1\/2&#8243; css=&#8221;.vc_custom_1744295121360{margin-left: 2px !important;}&#8221;][vc_column_text css=&#8221;&#8221;] Le\u00a0blanchiment dentaire en Tunisie\u00a0est une proc\u00e9dure esth\u00e9tique professionnelle visant \u00e0 \u00e9claircir la couleur des dents et \u00e0 \u00e9liminer les taches tenaces. Chez INESCO Care, nous proposons un\u00a0blanchiment professionnel\u00a0s\u00fbr et efficace, utilisant des techniques avanc\u00e9es telles que le\u00a0blanchiment laser\u00a0et le\u00a0blanchiment LED\u00a0pour des\u00a0r\u00e9sultats avant\/apr\u00e8s\u00a0visibles [&hellip;]<\/p>\n","protected":false},"author":2,"featured_media":0,"parent":0,"menu_order":0,"comment_status":"closed","ping_status":"closed","template":"","meta":{"footnotes":""},"class_list":["post-21600","page","type-page","status-publish","hentry"],"_links":{"self":[{"href":"https:\/\/ines-co.com\/index.php?rest_route=\/wp\/v2\/pages\/21600","targetHints":{"allow":["GET"]}}],"collection":[{"href":"https:\/\/ines-co.com\/index.php?rest_route=\/wp\/v2\/pages"}],"about":[{"href":"https:\/\/ines-co.com\/index.php?rest_route=\/wp\/v2\/types\/page"}],"author":[{"embeddable":true,"href":"https:\/\/ines-co.com\/index.php?rest_route=\/wp\/v2\/users\/2"}],"replies":[{"embeddable":true,"href":"https:\/\/ines-co.com\/index.php?rest_route=%2Fwp%2Fv2%2Fcomments&post=21600"}],"version-history":[{"count":9,"href":"https:\/\/ines-co.com\/index.php?rest_route=\/wp\/v2\/pages\/21600\/revisions"}],"predecessor-version":[{"id":22349,"href":"https:\/\/ines-co.com\/index.php?rest_route=\/wp\/v2\/pages\/21600\/revisions\/22349"}],"wp:attachment":[{"href":"https:\/\/ines-co.com\/index.php?rest_route=%2Fwp%2Fv2%2Fmedia&parent=21600"}],"curies":[{"name":"wp","href":"https:\/\/api.w.org\/{rel}","templated":true}]}}