{"id":21587,"date":"2025-04-15T14:47:57","date_gmt":"2025-04-15T14:47:57","guid":{"rendered":"https:\/\/ines-co.com\/?page_id=21587"},"modified":"2026-04-07T13:53:15","modified_gmt":"2026-04-07T13:53:15","slug":"couronne-dentaire","status":"publish","type":"page","link":"https:\/\/ines-co.com\/?page_id=21587","title":{"rendered":"Couronne Dentaire"},"content":{"rendered":"<div class=\"wpb-content-wrapper\"><p>[vc_row][vc_column width=&#8221;1\/4&#8243;]<div id=\"1744293887292-61febcd9-ef9a\" class=\"dt-sc-empty-space\"><\/div><div id=\"1744293867661-3150727c-8fa9\" class=\"dt-sc-empty-space\"><\/div><div id=\"1744294995996-4d7f99ee-99d6\" class=\"dt-sc-empty-space\"><\/div>[vc_custom_heading text=&#8221;Dentisterie Esth\u00e9tique&#8221; font_container=&#8221;tag:p|font_size:20|text_align:justify&#8221; use_theme_fonts=&#8221;yes&#8221; css=&#8221;&#8221;]<div id=\"1744295011070-67885103-b5c8\" class=\"dt-sc-empty-space\"><\/div><div id=\"dt-1744295003964-710f20a8-0be7\" class=\"dt-custom-nav-wrapper none inline-vertical\" data-delay=\"0\" data-default-style = \"none\" data-hover-style = \"none\" data-default-decoration = \"overline\" data-hover-decoration = \"none\"><div class=\"menu-dentisterie-esthetique-container\"><ul id=\"menu-dentisterie-esthetique\" class=\"custom-sub-nav dt-custom-nav\"><li id=\"menu-item-21582\" class=\"menu-item menu-item-type-post_type menu-item-object-page menu-item-21582\"><a href=\"https:\/\/ines-co.com\/?page_id=21579\" class=\"item-has-icon icon-position-left\"><i class=\"menu-item-icon\"><\/i><span>Facettes Dentaires<\/span><\/a><\/li>\n<li id=\"menu-item-21591\" class=\"menu-item menu-item-type-post_type menu-item-object-page menu-item-21591\"><a href=\"https:\/\/ines-co.com\/?page_id=21584\" class=\"item-has-icon icon-position-left\"><i class=\"menu-item-icon\"><\/i><span>Implant Dentaire<\/span><\/a><\/li>\n<li id=\"menu-item-21590\" class=\"menu-item menu-item-type-post_type menu-item-object-page menu-item-21590\"><a href=\"https:\/\/ines-co.com\/?page_id=21587\" class=\"item-has-icon icon-position-left\"><i class=\"menu-item-icon\"><\/i><span>Couronne Dentaire<\/span><\/a><\/li>\n<li id=\"menu-item-21621\" class=\"menu-item menu-item-type-post_type menu-item-object-page menu-item-21621\"><a href=\"https:\/\/ines-co.com\/?page_id=21600\" class=\"item-has-icon icon-position-left\"><i class=\"menu-item-icon\"><\/i><span>Blanchiment Dentaire<\/span><\/a><\/li>\n<li id=\"menu-item-21620\" class=\"menu-item menu-item-type-post_type menu-item-object-page menu-item-21620\"><a href=\"https:\/\/ines-co.com\/?page_id=21603\" class=\"item-has-icon icon-position-left\"><i class=\"menu-item-icon\"><\/i><span>R\u00e9duction du sourire gingival<\/span><\/a><\/li>\n<li id=\"menu-item-21619\" class=\"menu-item menu-item-type-post_type menu-item-object-page menu-item-21619\"><a href=\"https:\/\/ines-co.com\/?page_id=21606\" class=\"item-has-icon icon-position-left\"><i class=\"menu-item-icon\"><\/i><span>La d\u00e9pigmentation gingivale<\/span><\/a><\/li>\n<li id=\"menu-item-21618\" class=\"menu-item menu-item-type-post_type menu-item-object-page menu-item-21618\"><a href=\"https:\/\/ines-co.com\/?page_id=21609\" class=\"item-has-icon icon-position-left\"><i class=\"menu-item-icon\"><\/i><span>D\u00e9pigmentation gingivale maximale<\/span><\/a><\/li>\n<li id=\"menu-item-21617\" class=\"menu-item menu-item-type-post_type menu-item-object-page menu-item-21617\"><a href=\"https:\/\/ines-co.com\/?page_id=21612\" class=\"item-has-icon icon-position-left\"><i class=\"menu-item-icon\"><\/i><span>Le Curetage Parodontal<\/span><\/a><\/li>\n<\/ul><\/div><\/div>[\/vc_column][vc_column width=&#8221;3\/4&#8243;][vc_row_inner][vc_column_inner width=&#8221;1\/2&#8243; css=&#8221;.vc_custom_1744295121360{margin-left: 2px !important;}&#8221;]<div id=\"1744292906275-33a265b0-3851\" class=\"dt-sc-empty-space\"><\/div>[vc_column_text css=&#8221;&#8221;]<\/p>\n<p class=\"ds-markdown-paragraph\">La\u00a0<strong>pose d\u2019une couronne dentaire<\/strong>\u00a0est une solution de\u00a0<strong>restauration dentaire<\/strong>\u00a0durable pour redonner forme, fonction et esth\u00e9tique \u00e0 une dent ab\u00eem\u00e9e. Chez INESCO Care en\u00a0<strong>Tunisie<\/strong>, nous proposons des\u00a0<strong>couronnes dentaires esth\u00e9tiques<\/strong>\u00a0en\u00a0<strong>c\u00e9ramique<\/strong>,\u00a0<strong>porcelaine<\/strong>\u00a0ou\u00a0<strong>sans m\u00e9tal<\/strong>, adapt\u00e9es \u00e0 chaque besoin. Que ce soit pour le\u00a0<strong>remplacement d\u2019une dent cass\u00e9e<\/strong>, une\u00a0<strong>couronne apr\u00e8s d\u00e9vitalisation<\/strong>\u00a0ou une\u00a0<strong>proth\u00e8se dentaire fixe<\/strong>, nos\u00a0<strong>dentistes en Tunisie<\/strong>\u00a0garantissent une\u00a0<strong>pose pr\u00e9cise<\/strong>, une\u00a0<strong>couronne r\u00e9sistante<\/strong>\u00a0et une\u00a0<strong>dur\u00e9e de vie optimale<\/strong>.<\/p>\n<p class=\"ds-markdown-paragraph\">Nous accompagnons chaque patient avec un suivi personnalis\u00e9, des\u00a0<strong>photos avant\/apr\u00e8s<\/strong>\u00a0et des informations claires sur le\u00a0<strong>prix d\u2019une couronne dentaire en Tunisie<\/strong>.<\/p>\n<p>[\/vc_column_text][vc_column_text css=&#8221;&#8221;]<\/p>\n<h4><strong>Qu\u2019est-ce qu\u2019une couronne dentaire ?<\/strong><\/h4>\n<p>[\/vc_column_text][vc_column_text css=&#8221;&#8221;]<\/p>\n<p class=\"ds-markdown-paragraph\">Une\u00a0<strong>couronne dentaire<\/strong>\u00a0est une\u00a0<strong>proth\u00e8se dentaire fixe<\/strong>\u00a0qui recouvre enti\u00e8rement une dent endommag\u00e9e pour :<\/p>\n<ul>\n<li class=\"ds-markdown-paragraph\"><strong>Remplacer une dent cass\u00e9e<\/strong>\u00a0ou fractur\u00e9e<\/li>\n<li class=\"ds-markdown-paragraph\"><strong>Restaurer une dent apr\u00e8s un traitement de canal<\/strong><\/li>\n<li class=\"ds-markdown-paragraph\">Prot\u00e9ger une dent d\u00e9vitalis\u00e9e<\/li>\n<li class=\"ds-markdown-paragraph\">Am\u00e9liorer l\u2019esth\u00e9tique d\u2019une dent d\u00e9color\u00e9e ou mal form\u00e9e<\/li>\n<li class=\"ds-markdown-paragraph\">Soutenir un\u00a0<strong>bridge dentaire<\/strong>\u00a0ou un\u00a0<strong>implant<\/strong><\/li>\n<\/ul>\n<p class=\"ds-markdown-paragraph\">Elle fait partie des\u00a0<strong>types de couronnes dentaires<\/strong>\u00a0les plus courants en\u00a0<strong>dentisterie restauratrice<\/strong>.<\/p>\n<p>[\/vc_column_text][vc_column_text css=&#8221;&#8221;]<\/p>\n<h4><strong>Quand poser une couronne dentaire ?<\/strong><\/h4>\n<p>[\/vc_column_text][vc_column_text css=&#8221;&#8221;]<\/p>\n<p class=\"ds-markdown-paragraph\">Une\u00a0<strong>couronne dentaire<\/strong>\u00a0est indiqu\u00e9e dans les cas suivants :<\/p>\n<ul>\n<li class=\"ds-markdown-paragraph\"><strong>Dent cass\u00e9e<\/strong>\u00a0ou fortement cari\u00e9e<\/li>\n<li class=\"ds-markdown-paragraph\"><strong>Apr\u00e8s une d\u00e9vitalisation<\/strong><\/li>\n<li class=\"ds-markdown-paragraph\">Pour renforcer une dent fragile<\/li>\n<li class=\"ds-markdown-paragraph\">Pour am\u00e9liorer l\u2019apparence d\u2019une dent tach\u00e9e ou malform\u00e9e<\/li>\n<li class=\"ds-markdown-paragraph\">Comme pilier d\u2019un\u00a0<strong>bridge<\/strong>\u00a0ou d\u2019un\u00a0<strong>implant + couronne<\/strong><\/li>\n<\/ul>\n<p>[\/vc_column_text]<div id=\"1744284640139-6fd5764f-ac25\" class=\"dt-sc-empty-space\"><\/div><a href='https:\/\/ines-co.com\/?page_id=21265' target='_self' title='Devis' class='dt-sc-button   medium icon-right with-icon  bordered  type2' data-delay='0' > demande de devis <\/a>[\/vc_column_inner][vc_column_inner width=&#8221;1\/2&#8243;]<div id=\"1744292901684-134d992c-3b1f\" class=\"dt-sc-empty-space\"><\/div>[vc_single_image image=&#8221;21596&#8243; img_size=&#8221;full&#8221; css=&#8221;&#8221; el_class=&#8221;custom-img-border&#8221;][vc_column_text css=&#8221;&#8221;]<\/p>\n<h4><strong>Types de couronnes propos\u00e9es :<\/strong><\/h4>\n<p>[\/vc_column_text][vc_column_text css=&#8221;&#8221;]<\/p>\n<h5><strong>Couronne c\u00e9ramique \/ porcelaine :<\/strong><\/h5>\n<p class=\"ds-markdown-paragraph\">Id\u00e9ale pour les\u00a0<strong>dents visibles<\/strong>, offre un r\u00e9sultat esth\u00e9tique et naturel.<\/p>\n<h5><strong>Couronne sans m\u00e9tal :<\/strong><\/h5>\n<p class=\"ds-markdown-paragraph\">Biocompatible, sans risque d\u2019allergie, parfaite pour une\u00a0<strong>restauration dentaire<\/strong>\u00a0discr\u00e8te.<\/p>\n<h5><strong>Couronne m\u00e9tallique :<\/strong><\/h5>\n<p class=\"ds-markdown-paragraph\">Tr\u00e8s r\u00e9sistante, recommand\u00e9e pour les molaires.<\/p>\n<h5><strong>Couronne c\u00e9ramo-m\u00e9tallique :<\/strong><\/h5>\n<p class=\"ds-markdown-paragraph\">Alliance de solidit\u00e9 et d\u2019esth\u00e9tique.<\/p>\n<p class=\"ds-markdown-paragraph\">Chaque\u00a0<strong>couronne dentaire esth\u00e9tique<\/strong>\u00a0est choisie en fonction de la position de la dent, de l\u2019esth\u00e9tique souhait\u00e9e et du budget.<\/p>\n<p>[\/vc_column_text][\/vc_column_inner][\/vc_row_inner][\/vc_column][\/vc_row]<\/p>\n<\/div>","protected":false},"excerpt":{"rendered":"<p>[vc_row][vc_column width=&#8221;1\/4&#8243;][vc_custom_heading text=&#8221;Dentisterie Esth\u00e9tique&#8221; font_container=&#8221;tag:p|font_size:20|text_align:justify&#8221; use_theme_fonts=&#8221;yes&#8221; css=&#8221;&#8221;][\/vc_column][vc_column width=&#8221;3\/4&#8243;][vc_row_inner][vc_column_inner width=&#8221;1\/2&#8243; css=&#8221;.vc_custom_1744295121360{margin-left: 2px !important;}&#8221;][vc_column_text css=&#8221;&#8221;] La\u00a0pose d\u2019une couronne dentaire\u00a0est une solution de\u00a0restauration dentaire\u00a0durable pour redonner forme, fonction et esth\u00e9tique \u00e0 une dent ab\u00eem\u00e9e. Chez INESCO Care en\u00a0Tunisie, nous proposons des\u00a0couronnes dentaires esth\u00e9tiques\u00a0en\u00a0c\u00e9ramique,\u00a0porcelaine\u00a0ou\u00a0sans m\u00e9tal, adapt\u00e9es \u00e0 chaque besoin. Que ce soit pour le\u00a0remplacement d\u2019une dent cass\u00e9e, une\u00a0couronne apr\u00e8s [&hellip;]<\/p>\n","protected":false},"author":2,"featured_media":0,"parent":0,"menu_order":0,"comment_status":"closed","ping_status":"closed","template":"","meta":{"footnotes":""},"class_list":["post-21587","page","type-page","status-publish","hentry"],"_links":{"self":[{"href":"https:\/\/ines-co.com\/index.php?rest_route=\/wp\/v2\/pages\/21587","targetHints":{"allow":["GET"]}}],"collection":[{"href":"https:\/\/ines-co.com\/index.php?rest_route=\/wp\/v2\/pages"}],"about":[{"href":"https:\/\/ines-co.com\/index.php?rest_route=\/wp\/v2\/types\/page"}],"author":[{"embeddable":true,"href":"https:\/\/ines-co.com\/index.php?rest_route=\/wp\/v2\/users\/2"}],"replies":[{"embeddable":true,"href":"https:\/\/ines-co.com\/index.php?rest_route=%2Fwp%2Fv2%2Fcomments&post=21587"}],"version-history":[{"count":6,"href":"https:\/\/ines-co.com\/index.php?rest_route=\/wp\/v2\/pages\/21587\/revisions"}],"predecessor-version":[{"id":22350,"href":"https:\/\/ines-co.com\/index.php?rest_route=\/wp\/v2\/pages\/21587\/revisions\/22350"}],"wp:attachment":[{"href":"https:\/\/ines-co.com\/index.php?rest_route=%2Fwp%2Fv2%2Fmedia&parent=21587"}],"curies":[{"name":"wp","href":"https:\/\/api.w.org\/{rel}","templated":true}]}}