{"id":21584,"date":"2025-04-15T14:46:42","date_gmt":"2025-04-15T14:46:42","guid":{"rendered":"https:\/\/ines-co.com\/?page_id=21584"},"modified":"2026-04-07T13:53:32","modified_gmt":"2026-04-07T13:53:32","slug":"implant-dentaire","status":"publish","type":"page","link":"https:\/\/ines-co.com\/?page_id=21584","title":{"rendered":"Implant Dentaire"},"content":{"rendered":"<div class=\"wpb-content-wrapper\"><p>[vc_row][vc_column width=&#8221;1\/4&#8243;]<div id=\"1744293887292-61febcd9-ef9a\" class=\"dt-sc-empty-space\"><\/div><div id=\"1744293867661-3150727c-8fa9\" class=\"dt-sc-empty-space\"><\/div><div id=\"1744294995996-4d7f99ee-99d6\" class=\"dt-sc-empty-space\"><\/div>[vc_custom_heading text=&#8221;Dentisterie Esth\u00e9tique&#8221; font_container=&#8221;tag:p|font_size:20|text_align:justify&#8221; use_theme_fonts=&#8221;yes&#8221; css=&#8221;&#8221;]<div id=\"1744295011070-67885103-b5c8\" class=\"dt-sc-empty-space\"><\/div><div id=\"dt-1744295003964-710f20a8-0be7\" class=\"dt-custom-nav-wrapper none inline-vertical\" data-delay=\"0\" data-default-style = \"none\" data-hover-style = \"none\" data-default-decoration = \"overline\" data-hover-decoration = \"none\"><div class=\"menu-dentisterie-esthetique-container\"><ul id=\"menu-dentisterie-esthetique\" class=\"custom-sub-nav dt-custom-nav\"><li id=\"menu-item-21582\" class=\"menu-item menu-item-type-post_type menu-item-object-page menu-item-21582\"><a href=\"https:\/\/ines-co.com\/?page_id=21579\" class=\"item-has-icon icon-position-left\"><i class=\"menu-item-icon\"><\/i><span>Facettes Dentaires<\/span><\/a><\/li>\n<li id=\"menu-item-21591\" class=\"menu-item menu-item-type-post_type menu-item-object-page menu-item-21591\"><a href=\"https:\/\/ines-co.com\/?page_id=21584\" class=\"item-has-icon icon-position-left\"><i class=\"menu-item-icon\"><\/i><span>Implant Dentaire<\/span><\/a><\/li>\n<li id=\"menu-item-21590\" class=\"menu-item menu-item-type-post_type menu-item-object-page menu-item-21590\"><a href=\"https:\/\/ines-co.com\/?page_id=21587\" class=\"item-has-icon icon-position-left\"><i class=\"menu-item-icon\"><\/i><span>Couronne Dentaire<\/span><\/a><\/li>\n<li id=\"menu-item-21621\" class=\"menu-item menu-item-type-post_type menu-item-object-page menu-item-21621\"><a href=\"https:\/\/ines-co.com\/?page_id=21600\" class=\"item-has-icon icon-position-left\"><i class=\"menu-item-icon\"><\/i><span>Blanchiment Dentaire<\/span><\/a><\/li>\n<li id=\"menu-item-21620\" class=\"menu-item menu-item-type-post_type menu-item-object-page menu-item-21620\"><a href=\"https:\/\/ines-co.com\/?page_id=21603\" class=\"item-has-icon icon-position-left\"><i class=\"menu-item-icon\"><\/i><span>R\u00e9duction du sourire gingival<\/span><\/a><\/li>\n<li id=\"menu-item-21619\" class=\"menu-item menu-item-type-post_type menu-item-object-page menu-item-21619\"><a href=\"https:\/\/ines-co.com\/?page_id=21606\" class=\"item-has-icon icon-position-left\"><i class=\"menu-item-icon\"><\/i><span>La d\u00e9pigmentation gingivale<\/span><\/a><\/li>\n<li id=\"menu-item-21618\" class=\"menu-item menu-item-type-post_type menu-item-object-page menu-item-21618\"><a href=\"https:\/\/ines-co.com\/?page_id=21609\" class=\"item-has-icon icon-position-left\"><i class=\"menu-item-icon\"><\/i><span>D\u00e9pigmentation gingivale maximale<\/span><\/a><\/li>\n<li id=\"menu-item-21617\" class=\"menu-item menu-item-type-post_type menu-item-object-page menu-item-21617\"><a href=\"https:\/\/ines-co.com\/?page_id=21612\" class=\"item-has-icon icon-position-left\"><i class=\"menu-item-icon\"><\/i><span>Le Curetage Parodontal<\/span><\/a><\/li>\n<\/ul><\/div><\/div>[\/vc_column][vc_column width=&#8221;3\/4&#8243;][vc_row_inner][vc_column_inner width=&#8221;1\/2&#8243; css=&#8221;.vc_custom_1744295121360{margin-left: 2px !important;}&#8221;]<div id=\"1744292906275-33a265b0-3851\" class=\"dt-sc-empty-space\"><\/div>[vc_column_text css=&#8221;&#8221;]L\u2019<strong>implant dentaire en Tunisie<\/strong>\u00a0est une\u00a0<strong>racine dentaire artificielle<\/strong>\u00a0en titane ou mat\u00e9riau\u00a0<strong>biocompatible<\/strong>, ins\u00e9r\u00e9e chirurgicalement dans l\u2019os de la m\u00e2choire pour remplacer une\u00a0<strong>dent manquante<\/strong>. Chez INESCO Care, nous proposons cette solution d\u2019<strong>implantologie<\/strong>\u00a0avanc\u00e9e pour restaurer durablement votre\u00a0<strong>fonction masticatoire<\/strong>\u00a0et l\u2019<strong>esth\u00e9tique de votre sourire<\/strong>. Notre \u00e9quipe de\u00a0<strong>dentistes implantologues sp\u00e9cialis\u00e9s en Tunisie<\/strong>\u00a0utilise des\u00a0<strong>techniques mini-invasives<\/strong>\u00a0pour une pose pr\u00e9cise, suivie de la fixation d\u2019une\u00a0<strong>couronne, bridge ou proth\u00e8se<\/strong>\u00a0sur mesure. R\u00e9sultat : une\u00a0<strong>dent stable<\/strong>,\u00a0<strong>esth\u00e9tique naturelle<\/strong>\u00a0et une\u00a0<strong>qualit\u00e9 de vie retrouv\u00e9e<\/strong>.[\/vc_column_text][vc_column_text css=&#8221;&#8221;]<\/p>\n<h5><strong>Qu\u2019est-ce qu\u2019un implant dentaire ?<\/strong><\/h5>\n<p>[\/vc_column_text][vc_column_text css=&#8221;&#8221;]<\/p>\n<p class=\"ds-markdown-paragraph\">Il s\u2019agit d\u2019une\u00a0<strong>vis en titane<\/strong>\u00a0(ou zircone) qui sert de\u00a0<strong>racine artificielle<\/strong>\u00a0ancr\u00e9e dans l\u2019os maxillaire. Apr\u00e8s cicatrisation (ost\u00e9o-int\u00e9gration), elle supporte une proth\u00e8se fixe (couronne) ou amovible.<\/p>\n<ul>\n<li class=\"ds-markdown-paragraph\"><strong>Composition<\/strong>\u00a0:\u00a0<strong>implant en titane<\/strong>\u00a0(haute biocompatibilit\u00e9) ou zircone (alternative sans m\u00e9tal).<\/li>\n<li class=\"ds-markdown-paragraph\"><strong>Indications<\/strong>\u00a0: remplacement d\u2019une\u00a0<strong>dent manquante<\/strong>, plusieurs dents absentes (<strong>\u00e9dentement partiel ou total<\/strong>), stabilisation d\u2019un dentier.<\/li>\n<li class=\"ds-markdown-paragraph\"><strong>Avantage<\/strong>\u00a0: solution fixe,\u00a0<strong>stable et durable<\/strong>\u00a0qui pr\u00e9serve l\u2019os alv\u00e9olaire et \u00e9vite de tailler les dents voisines.<\/li>\n<\/ul>\n<p>[\/vc_column_text]<div id=\"1744284640139-6fd5764f-ac25\" class=\"dt-sc-empty-space\"><\/div><a href='https:\/\/ines-co.com\/?page_id=21265' target='_self' title='Devis' class='dt-sc-button   medium icon-right with-icon  bordered  type2' data-delay='0' > demande de devis <\/a>[\/vc_column_inner][vc_column_inner width=&#8221;1\/2&#8243;]<div id=\"1744292901684-134d992c-3b1f\" class=\"dt-sc-empty-space\"><\/div>[vc_single_image image=&#8221;21594&#8243; img_size=&#8221;full&#8221; css=&#8221;&#8221; el_class=&#8221;custom-img-border&#8221;][vc_column_text css=&#8221;&#8221;]<\/p>\n<h5><strong>\u00c0 qui s\u2019adresse l\u2019implant dentaire ?<\/strong><\/h5>\n<p>[\/vc_column_text][vc_column_text css=&#8221;&#8221;]<\/p>\n<ul>\n<li class=\"ds-markdown-paragraph\">Personnes ayant perdu une ou plusieurs dents (accident, carie, maladie parodontale).<\/li>\n<li class=\"ds-markdown-paragraph\">Patients\u00a0<strong>\u00e9dent\u00e9s<\/strong>\u00a0partiels ou totaux souhaitant une solution fixe plut\u00f4t qu\u2019un dentier amovible.<\/li>\n<li class=\"ds-markdown-paragraph\">Ceux qui recherchent une\u00a0<strong>restauration fonctionnelle<\/strong>\u00a0(mastication, \u00e9locution) et\u00a0<strong>esth\u00e9tique<\/strong>\u00a0durable.<\/li>\n<li class=\"ds-markdown-paragraph\">Individus en bonne sant\u00e9 g\u00e9n\u00e9rale avec une masse osseuse suffisante (une greffe osseuse est possible si n\u00e9cessaire).<\/li>\n<\/ul>\n<p>[\/vc_column_text][\/vc_column_inner][\/vc_row_inner][\/vc_column][\/vc_row]<\/p>\n<\/div>","protected":false},"excerpt":{"rendered":"<p>[vc_row][vc_column width=&#8221;1\/4&#8243;][vc_custom_heading text=&#8221;Dentisterie Esth\u00e9tique&#8221; font_container=&#8221;tag:p|font_size:20|text_align:justify&#8221; use_theme_fonts=&#8221;yes&#8221; css=&#8221;&#8221;][\/vc_column][vc_column width=&#8221;3\/4&#8243;][vc_row_inner][vc_column_inner width=&#8221;1\/2&#8243; css=&#8221;.vc_custom_1744295121360{margin-left: 2px !important;}&#8221;][vc_column_text css=&#8221;&#8221;]L\u2019implant dentaire en Tunisie\u00a0est une\u00a0racine dentaire artificielle\u00a0en titane ou mat\u00e9riau\u00a0biocompatible, ins\u00e9r\u00e9e chirurgicalement dans l\u2019os de la m\u00e2choire pour remplacer une\u00a0dent manquante. Chez INESCO Care, nous proposons cette solution d\u2019implantologie\u00a0avanc\u00e9e pour restaurer durablement votre\u00a0fonction masticatoire\u00a0et l\u2019esth\u00e9tique de votre sourire. Notre \u00e9quipe de\u00a0dentistes implantologues sp\u00e9cialis\u00e9s [&hellip;]<\/p>\n","protected":false},"author":2,"featured_media":0,"parent":0,"menu_order":0,"comment_status":"closed","ping_status":"closed","template":"","meta":{"footnotes":""},"class_list":["post-21584","page","type-page","status-publish","hentry"],"_links":{"self":[{"href":"https:\/\/ines-co.com\/index.php?rest_route=\/wp\/v2\/pages\/21584","targetHints":{"allow":["GET"]}}],"collection":[{"href":"https:\/\/ines-co.com\/index.php?rest_route=\/wp\/v2\/pages"}],"about":[{"href":"https:\/\/ines-co.com\/index.php?rest_route=\/wp\/v2\/types\/page"}],"author":[{"embeddable":true,"href":"https:\/\/ines-co.com\/index.php?rest_route=\/wp\/v2\/users\/2"}],"replies":[{"embeddable":true,"href":"https:\/\/ines-co.com\/index.php?rest_route=%2Fwp%2Fv2%2Fcomments&post=21584"}],"version-history":[{"count":5,"href":"https:\/\/ines-co.com\/index.php?rest_route=\/wp\/v2\/pages\/21584\/revisions"}],"predecessor-version":[{"id":22351,"href":"https:\/\/ines-co.com\/index.php?rest_route=\/wp\/v2\/pages\/21584\/revisions\/22351"}],"wp:attachment":[{"href":"https:\/\/ines-co.com\/index.php?rest_route=%2Fwp%2Fv2%2Fmedia&parent=21584"}],"curies":[{"name":"wp","href":"https:\/\/api.w.org\/{rel}","templated":true}]}}