{"id":21579,"date":"2025-04-15T14:42:53","date_gmt":"2025-04-15T14:42:53","guid":{"rendered":"https:\/\/ines-co.com\/?page_id=21579"},"modified":"2026-04-07T13:53:49","modified_gmt":"2026-04-07T13:53:49","slug":"facettes-dentaires","status":"publish","type":"page","link":"https:\/\/ines-co.com\/?page_id=21579","title":{"rendered":"Facettes Dentaires"},"content":{"rendered":"<div class=\"wpb-content-wrapper\"><p>[vc_row][vc_column width=&#8221;1\/4&#8243;]<div id=\"1744293887292-61febcd9-ef9a\" class=\"dt-sc-empty-space\"><\/div><div id=\"1744293867661-3150727c-8fa9\" class=\"dt-sc-empty-space\"><\/div><div id=\"1744294995996-4d7f99ee-99d6\" class=\"dt-sc-empty-space\"><\/div>[vc_custom_heading text=&#8221;Dentisterie Esth\u00e9tique&#8221; font_container=&#8221;tag:p|font_size:20|text_align:justify&#8221; use_theme_fonts=&#8221;yes&#8221; css=&#8221;&#8221;]<div id=\"1744295011070-67885103-b5c8\" class=\"dt-sc-empty-space\"><\/div><div id=\"dt-1744295003964-710f20a8-0be7\" class=\"dt-custom-nav-wrapper none inline-vertical\" data-delay=\"0\" data-default-style = \"none\" data-hover-style = \"none\" data-default-decoration = \"overline\" data-hover-decoration = \"none\"><div class=\"menu-dentisterie-esthetique-container\"><ul id=\"menu-dentisterie-esthetique\" class=\"custom-sub-nav dt-custom-nav\"><li id=\"menu-item-21582\" class=\"menu-item menu-item-type-post_type menu-item-object-page menu-item-21582\"><a href=\"https:\/\/ines-co.com\/?page_id=21579\" class=\"item-has-icon icon-position-left\"><i class=\"menu-item-icon\"><\/i><span>Facettes Dentaires<\/span><\/a><\/li>\n<li id=\"menu-item-21591\" class=\"menu-item menu-item-type-post_type menu-item-object-page menu-item-21591\"><a href=\"https:\/\/ines-co.com\/?page_id=21584\" class=\"item-has-icon icon-position-left\"><i class=\"menu-item-icon\"><\/i><span>Implant Dentaire<\/span><\/a><\/li>\n<li id=\"menu-item-21590\" class=\"menu-item menu-item-type-post_type menu-item-object-page menu-item-21590\"><a href=\"https:\/\/ines-co.com\/?page_id=21587\" class=\"item-has-icon icon-position-left\"><i class=\"menu-item-icon\"><\/i><span>Couronne Dentaire<\/span><\/a><\/li>\n<li id=\"menu-item-21621\" class=\"menu-item menu-item-type-post_type menu-item-object-page menu-item-21621\"><a href=\"https:\/\/ines-co.com\/?page_id=21600\" class=\"item-has-icon icon-position-left\"><i class=\"menu-item-icon\"><\/i><span>Blanchiment Dentaire<\/span><\/a><\/li>\n<li id=\"menu-item-21620\" class=\"menu-item menu-item-type-post_type menu-item-object-page menu-item-21620\"><a href=\"https:\/\/ines-co.com\/?page_id=21603\" class=\"item-has-icon icon-position-left\"><i class=\"menu-item-icon\"><\/i><span>R\u00e9duction du sourire gingival<\/span><\/a><\/li>\n<li id=\"menu-item-21619\" class=\"menu-item menu-item-type-post_type menu-item-object-page menu-item-21619\"><a href=\"https:\/\/ines-co.com\/?page_id=21606\" class=\"item-has-icon icon-position-left\"><i class=\"menu-item-icon\"><\/i><span>La d\u00e9pigmentation gingivale<\/span><\/a><\/li>\n<li id=\"menu-item-21618\" class=\"menu-item menu-item-type-post_type menu-item-object-page menu-item-21618\"><a href=\"https:\/\/ines-co.com\/?page_id=21609\" class=\"item-has-icon icon-position-left\"><i class=\"menu-item-icon\"><\/i><span>D\u00e9pigmentation gingivale maximale<\/span><\/a><\/li>\n<li id=\"menu-item-21617\" class=\"menu-item menu-item-type-post_type menu-item-object-page menu-item-21617\"><a href=\"https:\/\/ines-co.com\/?page_id=21612\" class=\"item-has-icon icon-position-left\"><i class=\"menu-item-icon\"><\/i><span>Le Curetage Parodontal<\/span><\/a><\/li>\n<\/ul><\/div><\/div>[\/vc_column][vc_column width=&#8221;3\/4&#8243;][vc_row_inner][vc_column_inner width=&#8221;1\/2&#8243; css=&#8221;.vc_custom_1744295121360{margin-left: 2px !important;}&#8221;]<div id=\"1744292906275-33a265b0-3851\" class=\"dt-sc-empty-space\"><\/div>[vc_column_text css=&#8221;&#8221;]Les\u00a0<strong>facettes dentaires en Tunisie<\/strong>\u00a0sont des\u00a0<strong>rev\u00eatements dentaires<\/strong>\u00a0ultra-fins, g\u00e9n\u00e9ralement en\u00a0<strong>c\u00e9ramique<\/strong>\u00a0ou en\u00a0<strong>r\u00e9sine composite<\/strong>, coll\u00e9s sur la face visible des dents. Chez INESCO Care, nous proposons cette solution de\u00a0<strong>dentisterie esth\u00e9tique<\/strong>\u00a0pour transformer votre sourire de mani\u00e8re durable et peu invasive. Que vos dents soient\u00a0<strong>tach\u00e9es, \u00e9br\u00e9ch\u00e9es, us\u00e9es ou l\u00e9g\u00e8rement mal align\u00e9es<\/strong>, nos\u00a0<strong>dentistes esth\u00e9tiques sp\u00e9cialis\u00e9s en Tunisie<\/strong>\u00a0cr\u00e9ent des\u00a0<strong>facettes sur mesure<\/strong>\u00a0pour un\u00a0<strong>r\u00e9sultat naturel<\/strong>, une\u00a0<strong>harmonisation parfaite<\/strong>\u00a0et un\u00a0<strong>sourire \u00e9clatant<\/strong>.[\/vc_column_text][vc_column_text css=&#8221;&#8221;]<\/p>\n<h5><strong>Qu\u2019est-ce que les facettes dentaires ?<\/strong><\/h5>\n<p>[\/vc_column_text][vc_column_text css=&#8221;&#8221;]<\/p>\n<p class=\"ds-markdown-paragraph\">Il s\u2019agit de fines coquilles (0,3 \u00e0 0,7 mm d\u2019\u00e9paisseur) fabriqu\u00e9es sur mesure et fix\u00e9es de mani\u00e8re permanente sur les dents ant\u00e9rieures. Elles permettent de\u00a0<strong>corriger la forme, la couleur, la taille et l\u2019alignement<\/strong>\u00a0des dents sans chirurgie lourde.<\/p>\n<ul>\n<li class=\"ds-markdown-paragraph\"><strong>Mat\u00e9riaux<\/strong>\u00a0:\u00a0<strong>facettes en c\u00e9ramique<\/strong>\u00a0(tr\u00e8s r\u00e9sistantes et esth\u00e9tiques) ou\u00a0<strong>facettes en r\u00e9sine composite<\/strong>\u00a0(plus \u00e9conomiques, pose en une s\u00e9ance).<\/li>\n<li class=\"ds-markdown-paragraph\"><strong>Indications<\/strong>\u00a0:\u00a0<strong>dents tach\u00e9es<\/strong>\u00a0(t\u00e9tracycline, fluorose),\u00a0<strong>dents \u00e9br\u00e9ch\u00e9es ou us\u00e9es<\/strong>, espaces interdentaires,\u00a0<strong>dents l\u00e9g\u00e8rement mal align\u00e9es<\/strong>, coloration in\u00e9gale.<\/li>\n<li class=\"ds-markdown-paragraph\"><strong>Avantage<\/strong>\u00a0: traitement\u00a0<strong>peu invasif<\/strong>\u00a0pr\u00e9servant au maximum l\u2019\u00e9mail naturel.<\/li>\n<\/ul>\n<p>[\/vc_column_text]<div id=\"1744284640139-6fd5764f-ac25\" class=\"dt-sc-empty-space\"><\/div><a href='https:\/\/ines-co.com\/?page_id=21265' target='_self' title='Devis' class='dt-sc-button   medium icon-right with-icon  bordered  type2' data-delay='0' > demande de devis <\/a>[\/vc_column_inner][vc_column_inner width=&#8221;1\/2&#8243;]<div id=\"1744292901684-134d992c-3b1f\" class=\"dt-sc-empty-space\"><\/div>[vc_single_image image=&#8221;21592&#8243; img_size=&#8221;full&#8221; css=&#8221;&#8221; el_class=&#8221;custom-img-border&#8221;][vc_column_text css=&#8221;&#8221;]<\/p>\n<h5><strong>\u00c0 qui s\u2019adressent les facettes dentaires ?<\/strong><\/h5>\n<p>[\/vc_column_text][vc_column_text css=&#8221;&#8221;]<\/p>\n<ul>\n<li class=\"ds-markdown-paragraph\">Personnes souhaitant am\u00e9liorer l\u2019esth\u00e9tique de leur sourire sans orthodontie longue.<\/li>\n<li class=\"ds-markdown-paragraph\">Patients avec des\u00a0<strong>dents tach\u00e9es<\/strong>\u00a0ne r\u00e9pondant pas au blanchiment.<\/li>\n<li class=\"ds-markdown-paragraph\">Ceux qui ont des\u00a0<strong>dents \u00e9br\u00e9ch\u00e9es, us\u00e9es ou de formes irr\u00e9guli\u00e8res<\/strong>.<\/li>\n<li class=\"ds-markdown-paragraph\">Individus d\u00e9sireux d\u2019<strong>harmoniser leur sourire<\/strong>\u00a0rapidement et durablement.<\/li>\n<\/ul>\n<p>[\/vc_column_text][\/vc_column_inner][\/vc_row_inner][\/vc_column][\/vc_row]<\/p>\n<\/div>","protected":false},"excerpt":{"rendered":"<p>[vc_row][vc_column width=&#8221;1\/4&#8243;][vc_custom_heading text=&#8221;Dentisterie Esth\u00e9tique&#8221; font_container=&#8221;tag:p|font_size:20|text_align:justify&#8221; use_theme_fonts=&#8221;yes&#8221; css=&#8221;&#8221;][\/vc_column][vc_column width=&#8221;3\/4&#8243;][vc_row_inner][vc_column_inner width=&#8221;1\/2&#8243; css=&#8221;.vc_custom_1744295121360{margin-left: 2px !important;}&#8221;][vc_column_text css=&#8221;&#8221;]Les\u00a0facettes dentaires en Tunisie\u00a0sont des\u00a0rev\u00eatements dentaires\u00a0ultra-fins, g\u00e9n\u00e9ralement en\u00a0c\u00e9ramique\u00a0ou en\u00a0r\u00e9sine composite, coll\u00e9s sur la face visible des dents. Chez INESCO Care, nous proposons cette solution de\u00a0dentisterie esth\u00e9tique\u00a0pour transformer votre sourire de mani\u00e8re durable et peu invasive. Que vos dents soient\u00a0tach\u00e9es, \u00e9br\u00e9ch\u00e9es, us\u00e9es ou l\u00e9g\u00e8rement [&hellip;]<\/p>\n","protected":false},"author":2,"featured_media":0,"parent":0,"menu_order":0,"comment_status":"closed","ping_status":"closed","template":"","meta":{"footnotes":""},"class_list":["post-21579","page","type-page","status-publish","hentry"],"_links":{"self":[{"href":"https:\/\/ines-co.com\/index.php?rest_route=\/wp\/v2\/pages\/21579","targetHints":{"allow":["GET"]}}],"collection":[{"href":"https:\/\/ines-co.com\/index.php?rest_route=\/wp\/v2\/pages"}],"about":[{"href":"https:\/\/ines-co.com\/index.php?rest_route=\/wp\/v2\/types\/page"}],"author":[{"embeddable":true,"href":"https:\/\/ines-co.com\/index.php?rest_route=\/wp\/v2\/users\/2"}],"replies":[{"embeddable":true,"href":"https:\/\/ines-co.com\/index.php?rest_route=%2Fwp%2Fv2%2Fcomments&post=21579"}],"version-history":[{"count":5,"href":"https:\/\/ines-co.com\/index.php?rest_route=\/wp\/v2\/pages\/21579\/revisions"}],"predecessor-version":[{"id":22352,"href":"https:\/\/ines-co.com\/index.php?rest_route=\/wp\/v2\/pages\/21579\/revisions\/22352"}],"wp:attachment":[{"href":"https:\/\/ines-co.com\/index.php?rest_route=%2Fwp%2Fv2%2Fmedia&parent=21579"}],"curies":[{"name":"wp","href":"https:\/\/api.w.org\/{rel}","templated":true}]}}