{"id":21517,"date":"2025-04-11T11:37:03","date_gmt":"2025-04-11T11:37:03","guid":{"rendered":"https:\/\/ines-co.com\/?page_id=21517"},"modified":"2026-04-07T13:41:50","modified_gmt":"2026-04-07T13:41:50","slug":"chirurgie-boule-de-bichat","status":"publish","type":"page","link":"https:\/\/ines-co.com\/?page_id=21517","title":{"rendered":"Chirurgie Boule de Bichat"},"content":{"rendered":"<div class=\"wpb-content-wrapper\"><p>[vc_row][vc_column width=&#8221;1\/4&#8243;]<div id=\"1744293887292-61febcd9-ef9a\" class=\"dt-sc-empty-space\"><\/div><div id=\"1744294995996-4d7f99ee-99d6\" class=\"dt-sc-empty-space\"><\/div>[vc_custom_heading text=&#8221;Chirurgies visage&#8221; font_container=&#8221;tag:p|font_size:20|text_align:justify&#8221; use_theme_fonts=&#8221;yes&#8221; css=&#8221;&#8221;]<div id=\"1744295011070-67885103-b5c8\" class=\"dt-sc-empty-space\"><\/div><div id=\"dt-1744295003964-710f20a8-0be7\" class=\"dt-custom-nav-wrapper none inline-vertical\" data-delay=\"0\" data-default-style = \"none\" data-hover-style = \"none\" data-default-decoration = \"overline\" data-hover-decoration = \"none\"><div class=\"menu-visage-container\"><ul id=\"menu-visage\" class=\"custom-sub-nav dt-custom-nav\"><li id=\"menu-item-21412\" class=\"menu-item menu-item-type-post_type menu-item-object-page menu-item-21412\"><a href=\"https:\/\/ines-co.com\/?page_id=21395\" class=\"item-has-icon icon-position-left\"><i class=\"menu-item-icon\"><\/i><span>Bl\u00e9pharoplastie<\/span><\/a><\/li>\n<li id=\"menu-item-21370\" class=\"menu-item menu-item-type-post_type menu-item-object-page menu-item-21370\"><a href=\"https:\/\/ines-co.com\/?page_id=21368\" class=\"item-has-icon icon-position-left\"><i class=\"menu-item-icon\"><\/i><span>Rhinoplastie<\/span><\/a><\/li>\n<li id=\"menu-item-21501\" class=\"menu-item menu-item-type-post_type menu-item-object-page menu-item-21501\"><a href=\"https:\/\/ines-co.com\/?page_id=21485\" class=\"item-has-icon icon-position-left\"><i class=\"menu-item-icon\"><\/i><span>G\u00e9nioplastie<\/span><\/a><\/li>\n<li id=\"menu-item-21502\" class=\"menu-item menu-item-type-post_type menu-item-object-page menu-item-21502\"><a href=\"https:\/\/ines-co.com\/?page_id=21397\" class=\"item-has-icon icon-position-left\"><i class=\"menu-item-icon\"><\/i><span>Redrapage du visage<\/span><\/a><\/li>\n<li id=\"menu-item-21505\" class=\"menu-item menu-item-type-post_type menu-item-object-page menu-item-21505\"><a href=\"https:\/\/ines-co.com\/?page_id=21503\" class=\"item-has-icon icon-position-left\"><i class=\"menu-item-icon\"><\/i><span>Chirurgie des oreilles d\u00e9coll\u00e9es<\/span><\/a><\/li>\n<li id=\"menu-item-21567\" class=\"menu-item menu-item-type-post_type menu-item-object-page menu-item-21567\"><a href=\"https:\/\/ines-co.com\/?page_id=21517\" class=\"item-has-icon icon-position-left\"><i class=\"menu-item-icon\"><\/i><span>Chirurgie Boule de Bichat<\/span><\/a><\/li>\n<\/ul><\/div><\/div>[\/vc_column][vc_column width=&#8221;3\/4&#8243;][vc_row_inner][vc_column_inner width=&#8221;1\/2&#8243; css=&#8221;.vc_custom_1744295121360{margin-left: 2px !important;}&#8221;]<div id=\"1744292906275-33a265b0-3851\" class=\"dt-sc-empty-space\"><\/div><div id=\"1744284640139-6fd5764f-ac25\" class=\"dt-sc-empty-space\"><\/div>[vc_custom_heading text=&#8221;La r\u00e9duction des boules de Bichat permet d\u2019affiner le visage.&#8221; font_container=&#8221;tag:h6|text_align:left&#8221; css=&#8221;&#8221;][vc_column_text css=&#8221;&#8221;]<\/p>\n<p class=\"ds-markdown-paragraph\">La\u00a0<strong>chirurgie Boule de Bichat Tunisie<\/strong>, \u00e9galement appel\u00e9e\u00a0<strong>bichectomie Tunisie<\/strong>, est une\u00a0<strong>chirurgie esth\u00e9tique des joues<\/strong>\u00a0visant \u00e0 affiner le bas du visage et \u00e0 corriger un\u00a0<strong>visage trop arrondi<\/strong>. Cette intervention permet une\u00a0<strong>resculpture du bas du visage<\/strong>\u00a0en retirant partiellement les boules graisseuses de Bichat, offrant ainsi un\u00a0<strong>affinement du visage Tunisie<\/strong>\u00a0naturel et durable. Chez INESCO Care, nous proposons une\u00a0<strong>intervention peu invasive<\/strong>\u00a0avec des\u00a0<strong>r\u00e9sultats naturels<\/strong>\u00a0et des\u00a0<strong>photos avant\/apr\u00e8s bichectomie<\/strong>\u00a0illustrant des transformations r\u00e9elles.<\/p>\n<p class=\"ds-markdown-paragraph\">Cette\u00a0<strong>chirurgie esth\u00e9tique hommes et femmes<\/strong>\u00a0est id\u00e9ale pour celles et ceux souhaitant\u00a0<strong>harmoniser les traits du visage<\/strong>\u00a0et accentuer les\u00a0<strong>pommettes saillantes<\/strong>.<\/p>\n<p>[\/vc_column_text][vc_custom_heading text=&#8221;Qu\u2019est-ce que la chirurgie Boule de Bichat ?&#8221; font_container=&#8221;tag:h6|text_align:left|color:%23000000&#8243; css=&#8221;&#8221;][vc_column_text css=&#8221;&#8221;]<\/p>\n<p class=\"ds-markdown-paragraph\">La\u00a0<strong>chirurgie des boules de Bichat<\/strong>\u00a0est une intervention qui vise \u00e0 :<\/p>\n<ul>\n<li class=\"ds-markdown-paragraph\"><strong>Affiner les joues<\/strong>\u00a0en retirant la graisse profonde des boules de Bichat<\/li>\n<li class=\"ds-markdown-paragraph\"><strong>Corriger un visage rond<\/strong>\u00a0pour obtenir une morphologie plus ovale<\/li>\n<li class=\"ds-markdown-paragraph\"><strong>Resculpter le tiers inf\u00e9rieur du visage<\/strong><\/li>\n<li class=\"ds-markdown-paragraph\"><strong>Faire ressortir les pommettes<\/strong>\u00a0de mani\u00e8re naturelle<\/li>\n<\/ul>\n<p class=\"ds-markdown-paragraph\">Contrairement \u00e0 la liposuccion des joues, cette technique permet une action en profondeur pour un r\u00e9sultat plus d\u00e9finitif et harmonieux.<\/p>\n<p>[\/vc_column_text]<a href='https:\/\/ines-co.com\/?page_id=21265' target='_self' title='Devis' class='dt-sc-button   medium icon-right with-icon  bordered  type2' data-delay='0' > demande de devis <\/a>[\/vc_column_inner][vc_column_inner width=&#8221;1\/2&#8243;]<div id=\"1744292901684-134d992c-3b1f\" class=\"dt-sc-empty-space\"><\/div>[vc_single_image image=&#8221;22103&#8243; img_size=&#8221;full&#8221; css=&#8221;&#8221; el_class=&#8221;custom-img-border&#8221;][vc_custom_heading text=&#8221;\u00c0 qui s\u2019adresse cette intervention ?&#8221; font_container=&#8221;tag:h6|text_align:left&#8221; css=&#8221;&#8221;][vc_column_text css=&#8221;&#8221;]<\/p>\n<p class=\"ds-markdown-paragraph\">Cette\u00a0<strong>chirurgie esth\u00e9tique des joues<\/strong>\u00a0est recommand\u00e9e pour :<\/p>\n<ul>\n<li class=\"ds-markdown-paragraph\">Les personnes pr\u00e9sentant un\u00a0<strong>visage trop arrondi<\/strong>\u00a0d\u2019origine naturelle<\/li>\n<li class=\"ds-markdown-paragraph\">Celles souhaitant\u00a0<strong>affiner les joues<\/strong>\u00a0sans perte de poids<\/li>\n<li class=\"ds-markdown-paragraph\">Les hommes et femmes d\u00e9sireux d\u2019<strong>harmoniser leur visage<\/strong><\/li>\n<li class=\"ds-markdown-paragraph\">Les patients souhaitant une\u00a0<strong>correction du visage rond<\/strong>\u00a0durable<\/li>\n<\/ul>\n<p class=\"ds-markdown-paragraph\">L\u2019indication est pos\u00e9e apr\u00e8s consultation avec notre chirurgien sp\u00e9cialis\u00e9.<\/p>\n<p>[\/vc_column_text][\/vc_column_inner][\/vc_row_inner][\/vc_column][\/vc_row]<\/p>\n<\/div>","protected":false},"excerpt":{"rendered":"<p>[vc_row][vc_column width=&#8221;1\/4&#8243;][vc_custom_heading text=&#8221;Chirurgies visage&#8221; font_container=&#8221;tag:p|font_size:20|text_align:justify&#8221; use_theme_fonts=&#8221;yes&#8221; css=&#8221;&#8221;][\/vc_column][vc_column width=&#8221;3\/4&#8243;][vc_row_inner][vc_column_inner width=&#8221;1\/2&#8243; css=&#8221;.vc_custom_1744295121360{margin-left: 2px !important;}&#8221;][vc_custom_heading text=&#8221;La r\u00e9duction des boules de Bichat permet d\u2019affiner le visage.&#8221; font_container=&#8221;tag:h6|text_align:left&#8221; css=&#8221;&#8221;][vc_column_text css=&#8221;&#8221;] La\u00a0chirurgie Boule de Bichat Tunisie, \u00e9galement appel\u00e9e\u00a0bichectomie Tunisie, est une\u00a0chirurgie esth\u00e9tique des joues\u00a0visant \u00e0 affiner le bas du visage et \u00e0 corriger un\u00a0visage trop arrondi. Cette intervention permet une\u00a0resculpture du [&hellip;]<\/p>\n","protected":false},"author":2,"featured_media":0,"parent":0,"menu_order":0,"comment_status":"closed","ping_status":"closed","template":"","meta":{"footnotes":""},"class_list":["post-21517","page","type-page","status-publish","hentry"],"_links":{"self":[{"href":"https:\/\/ines-co.com\/index.php?rest_route=\/wp\/v2\/pages\/21517","targetHints":{"allow":["GET"]}}],"collection":[{"href":"https:\/\/ines-co.com\/index.php?rest_route=\/wp\/v2\/pages"}],"about":[{"href":"https:\/\/ines-co.com\/index.php?rest_route=\/wp\/v2\/types\/page"}],"author":[{"embeddable":true,"href":"https:\/\/ines-co.com\/index.php?rest_route=\/wp\/v2\/users\/2"}],"replies":[{"embeddable":true,"href":"https:\/\/ines-co.com\/index.php?rest_route=%2Fwp%2Fv2%2Fcomments&post=21517"}],"version-history":[{"count":12,"href":"https:\/\/ines-co.com\/index.php?rest_route=\/wp\/v2\/pages\/21517\/revisions"}],"predecessor-version":[{"id":22327,"href":"https:\/\/ines-co.com\/index.php?rest_route=\/wp\/v2\/pages\/21517\/revisions\/22327"}],"wp:attachment":[{"href":"https:\/\/ines-co.com\/index.php?rest_route=%2Fwp%2Fv2%2Fmedia&parent=21517"}],"curies":[{"name":"wp","href":"https:\/\/api.w.org\/{rel}","templated":true}]}}