{"id":21503,"date":"2025-04-10T15:52:00","date_gmt":"2025-04-10T15:52:00","guid":{"rendered":"https:\/\/ines-co.com\/?page_id=21503"},"modified":"2026-04-07T13:41:13","modified_gmt":"2026-04-07T13:41:13","slug":"chirurgie-des-oreilles-decollees","status":"publish","type":"page","link":"https:\/\/ines-co.com\/?page_id=21503","title":{"rendered":"Chirurgie des oreilles d\u00e9coll\u00e9es"},"content":{"rendered":"<div class=\"wpb-content-wrapper\"><p>[vc_row][vc_column width=&#8221;1\/4&#8243;]<div id=\"1744293887292-61febcd9-ef9a\" class=\"dt-sc-empty-space\"><\/div><div id=\"1744293867661-3150727c-8fa9\" class=\"dt-sc-empty-space\"><\/div><div id=\"1744294995996-4d7f99ee-99d6\" class=\"dt-sc-empty-space\"><\/div>[vc_custom_heading text=&#8221;Chirurgies visage&#8221; font_container=&#8221;tag:p|font_size:20|text_align:justify&#8221; use_theme_fonts=&#8221;yes&#8221; css=&#8221;&#8221;]<div id=\"1744295011070-67885103-b5c8\" class=\"dt-sc-empty-space\"><\/div><div id=\"dt-1744295003964-710f20a8-0be7\" class=\"dt-custom-nav-wrapper none inline-vertical\" data-delay=\"0\" data-default-style = \"none\" data-hover-style = \"none\" data-default-decoration = \"overline\" data-hover-decoration = \"none\"><div class=\"menu-visage-container\"><ul id=\"menu-visage\" class=\"custom-sub-nav dt-custom-nav\"><li id=\"menu-item-21412\" class=\"menu-item menu-item-type-post_type menu-item-object-page menu-item-21412\"><a href=\"https:\/\/ines-co.com\/?page_id=21395\" class=\"item-has-icon icon-position-left\"><i class=\"menu-item-icon\"><\/i><span>Bl\u00e9pharoplastie<\/span><\/a><\/li>\n<li id=\"menu-item-21370\" class=\"menu-item menu-item-type-post_type menu-item-object-page menu-item-21370\"><a href=\"https:\/\/ines-co.com\/?page_id=21368\" class=\"item-has-icon icon-position-left\"><i class=\"menu-item-icon\"><\/i><span>Rhinoplastie<\/span><\/a><\/li>\n<li id=\"menu-item-21501\" class=\"menu-item menu-item-type-post_type menu-item-object-page menu-item-21501\"><a href=\"https:\/\/ines-co.com\/?page_id=21485\" class=\"item-has-icon icon-position-left\"><i class=\"menu-item-icon\"><\/i><span>G\u00e9nioplastie<\/span><\/a><\/li>\n<li id=\"menu-item-21502\" class=\"menu-item menu-item-type-post_type menu-item-object-page menu-item-21502\"><a href=\"https:\/\/ines-co.com\/?page_id=21397\" class=\"item-has-icon icon-position-left\"><i class=\"menu-item-icon\"><\/i><span>Redrapage du visage<\/span><\/a><\/li>\n<li id=\"menu-item-21505\" class=\"menu-item menu-item-type-post_type menu-item-object-page menu-item-21505\"><a href=\"https:\/\/ines-co.com\/?page_id=21503\" class=\"item-has-icon icon-position-left\"><i class=\"menu-item-icon\"><\/i><span>Chirurgie des oreilles d\u00e9coll\u00e9es<\/span><\/a><\/li>\n<li id=\"menu-item-21567\" class=\"menu-item menu-item-type-post_type menu-item-object-page menu-item-21567\"><a href=\"https:\/\/ines-co.com\/?page_id=21517\" class=\"item-has-icon icon-position-left\"><i class=\"menu-item-icon\"><\/i><span>Chirurgie Boule de Bichat<\/span><\/a><\/li>\n<\/ul><\/div><\/div>[\/vc_column][vc_column width=&#8221;3\/4&#8243;][vc_row_inner][vc_column_inner width=&#8221;1\/2&#8243; css=&#8221;.vc_custom_1744295121360{margin-left: 2px !important;}&#8221;]<div id=\"1744292906275-33a265b0-3851\" class=\"dt-sc-empty-space\"><\/div>[vc_column_text css=&#8221;&#8221;]<\/p>\n<p class=\"ds-markdown-paragraph\">L\u2019<strong>otoplastie Tunisie<\/strong>, \u00e9galement appel\u00e9e\u00a0<strong>chirurgie des oreilles d\u00e9coll\u00e9es<\/strong>, est une intervention de\u00a0<strong>chirurgie esth\u00e9tique des oreilles<\/strong>\u00a0visant \u00e0 corriger la forme et la projection des oreilles de mani\u00e8re d\u00e9finitive. Chez INESCO Care, nous proposons une\u00a0<strong>correction des oreilles d\u00e9coll\u00e9es Tunisie<\/strong>\u00a0s\u00fbre et naturelle, adapt\u00e9e aux\u00a0<strong>enfants d\u00e8s 7 ans<\/strong>\u00a0comme aux\u00a0<strong>adultes<\/strong>. Cette intervention permet de\u00a0<strong>redresser les oreilles<\/strong>\u00a0pro\u00e9minentes, d\u2019att\u00e9nuer la\u00a0<strong>souffrance psychologique chez l\u2019enfant<\/strong>\u00a0et d\u2019am\u00e9liorer l\u2019<strong>esth\u00e9tique des oreilles<\/strong>\u00a0avec des\u00a0<strong>r\u00e9sultats naturels<\/strong>\u00a0et une\u00a0<strong>intervention s\u00e9curis\u00e9e<\/strong>.<\/p>\n<p class=\"ds-markdown-paragraph\">Notre approche inclut un accompagnement personnalis\u00e9, des\u00a0<strong>photos avant\/apr\u00e8s otoplastie<\/strong>\u00a0et une technique visant une\u00a0<strong>correction sans cicatrice visible<\/strong>.<\/p>\n<p>[\/vc_column_text]<div id=\"1744284640139-6fd5764f-ac25\" class=\"dt-sc-empty-space\"><\/div>[vc_column_text css=&#8221;&#8221;]<\/p>\n<h4 class=\"ds-markdown-paragraph\"><strong>Qu\u2019est-ce que l\u2019otoplastie ?<\/strong><\/h4>\n<p>[\/vc_column_text][vc_column_text css=&#8221;&#8221;]<\/p>\n<p class=\"ds-markdown-paragraph\">L\u2019<strong>otoplastie<\/strong>\u00a0est une intervention chirurgicale qui permet de :<\/p>\n<ul>\n<li class=\"ds-markdown-paragraph\"><strong>Corriger les oreilles d\u00e9coll\u00e9es<\/strong>\u00a0en remodelant le cartilage<\/li>\n<li class=\"ds-markdown-paragraph\"><strong>Redresser les oreilles<\/strong>\u00a0pro\u00e9minentes<\/li>\n<li class=\"ds-markdown-paragraph\">Am\u00e9liorer la\u00a0<strong>projection et la forme<\/strong>\u00a0des oreilles<\/li>\n<li class=\"ds-markdown-paragraph\">Harmoniser les traits du visage<\/li>\n<\/ul>\n<p class=\"ds-markdown-paragraph\">Cette intervention est d\u00e9finitive et offre des\u00a0<strong>r\u00e9sultats naturels<\/strong>\u00a0d\u00e8s la cicatrisation.<\/p>\n<p>[\/vc_column_text][\/vc_column_inner][vc_column_inner width=&#8221;1\/2&#8243;]<div id=\"1744292901684-134d992c-3b1f\" class=\"dt-sc-empty-space\"><\/div>[vc_single_image image=&#8221;22101&#8243; img_size=&#8221;full&#8221; css=&#8221;&#8221; el_class=&#8221;custom-img-border&#8221;][vc_column_text css=&#8221;&#8221;]<\/p>\n<h4 class=\"ds-markdown-paragraph\"><strong>Types de d\u00e9formations corrig\u00e9es :<\/strong><\/h4>\n<p>[\/vc_column_text][vc_column_text css=&#8221;&#8221;]<\/p>\n<p class=\"ds-markdown-paragraph\">Plusieurs anomalies peuvent expliquer le d\u00e9collement des oreilles :<\/p>\n<ul>\n<li class=\"ds-markdown-paragraph\"><strong>D\u00e9faut de plicature de l\u2019anthelix<\/strong>\u00a0: absence de pli naturel du cartilage<\/li>\n<li class=\"ds-markdown-paragraph\"><strong>Hypertrophie de la conque<\/strong>\u00a0: cartilage trop d\u00e9velopp\u00e9 augmentant la projection<\/li>\n<li class=\"ds-markdown-paragraph\"><strong>Valgisation du lobe<\/strong>\u00a0: lobe trop \u00e9cart\u00e9 du cr\u00e2ne<\/li>\n<\/ul>\n<p class=\"ds-markdown-paragraph\">Chaque cas est analys\u00e9 pour une\u00a0<strong>correction sur mesure<\/strong>.<\/p>\n<p>[\/vc_column_text]<div id=\"1769072619465-16e4633d-7535\" class=\"dt-sc-empty-space\"><\/div>[vc_column_text css=&#8221;&#8221;]<\/p>\n<h4 class=\"ds-markdown-paragraph\"><strong>\u00c0 qui s\u2019adresse cette chirurgie ?<\/strong><\/h4>\n<p>[\/vc_column_text][vc_column_text css=&#8221;&#8221;]<\/p>\n<p class=\"ds-markdown-paragraph\">La\u00a0<strong>chirurgie des oreilles d\u00e9coll\u00e9es<\/strong>\u00a0est recommand\u00e9e pour :<\/p>\n<ul>\n<li class=\"ds-markdown-paragraph\">Les\u00a0<strong>enfants d\u00e8s 7 ans<\/strong>\u00a0en\u00a0<strong>souffrance psychologique<\/strong>\u00a0due aux moqueries<\/li>\n<li class=\"ds-markdown-paragraph\">Les adultes souhaitant une\u00a0<strong>am\u00e9lioration esth\u00e9tique des oreilles<\/strong><\/li>\n<li class=\"ds-markdown-paragraph\">Les personnes pr\u00e9sentant des\u00a0<strong>oreilles pro\u00e9minentes<\/strong>\u00a0depuis l\u2019enfance<\/li>\n<li class=\"ds-markdown-paragraph\">Les hommes et femmes d\u00e9sireux d\u2019harmoniser leur visage<\/li>\n<\/ul>\n<p class=\"ds-markdown-paragraph\">L\u2019intervention est r\u00e9alisable \u00e0 tout \u00e2ge, chez les\u00a0<strong>enfants comme chez les adultes<\/strong>.<\/p>\n<p>[\/vc_column_text]<a href='https:\/\/ines-co.com\/?page_id=21265' target='_self' title='Devis' class='dt-sc-button   medium icon-right with-icon  bordered  type2' data-delay='0' > demande de devis <\/a>[\/vc_column_inner][\/vc_row_inner][\/vc_column][\/vc_row]<\/p>\n<\/div>","protected":false},"excerpt":{"rendered":"<p>[vc_row][vc_column width=&#8221;1\/4&#8243;][vc_custom_heading text=&#8221;Chirurgies visage&#8221; font_container=&#8221;tag:p|font_size:20|text_align:justify&#8221; use_theme_fonts=&#8221;yes&#8221; css=&#8221;&#8221;][\/vc_column][vc_column width=&#8221;3\/4&#8243;][vc_row_inner][vc_column_inner width=&#8221;1\/2&#8243; css=&#8221;.vc_custom_1744295121360{margin-left: 2px !important;}&#8221;][vc_column_text css=&#8221;&#8221;] L\u2019otoplastie Tunisie, \u00e9galement appel\u00e9e\u00a0chirurgie des oreilles d\u00e9coll\u00e9es, est une intervention de\u00a0chirurgie esth\u00e9tique des oreilles\u00a0visant \u00e0 corriger la forme et la projection des oreilles de mani\u00e8re d\u00e9finitive. Chez INESCO Care, nous proposons une\u00a0correction des oreilles d\u00e9coll\u00e9es Tunisie\u00a0s\u00fbre et naturelle, adapt\u00e9e aux\u00a0enfants d\u00e8s 7 [&hellip;]<\/p>\n","protected":false},"author":2,"featured_media":0,"parent":0,"menu_order":0,"comment_status":"closed","ping_status":"closed","template":"","meta":{"footnotes":""},"class_list":["post-21503","page","type-page","status-publish","hentry"],"_links":{"self":[{"href":"https:\/\/ines-co.com\/index.php?rest_route=\/wp\/v2\/pages\/21503","targetHints":{"allow":["GET"]}}],"collection":[{"href":"https:\/\/ines-co.com\/index.php?rest_route=\/wp\/v2\/pages"}],"about":[{"href":"https:\/\/ines-co.com\/index.php?rest_route=\/wp\/v2\/types\/page"}],"author":[{"embeddable":true,"href":"https:\/\/ines-co.com\/index.php?rest_route=\/wp\/v2\/users\/2"}],"replies":[{"embeddable":true,"href":"https:\/\/ines-co.com\/index.php?rest_route=%2Fwp%2Fv2%2Fcomments&post=21503"}],"version-history":[{"count":15,"href":"https:\/\/ines-co.com\/index.php?rest_route=\/wp\/v2\/pages\/21503\/revisions"}],"predecessor-version":[{"id":22325,"href":"https:\/\/ines-co.com\/index.php?rest_route=\/wp\/v2\/pages\/21503\/revisions\/22325"}],"wp:attachment":[{"href":"https:\/\/ines-co.com\/index.php?rest_route=%2Fwp%2Fv2%2Fmedia&parent=21503"}],"curies":[{"name":"wp","href":"https:\/\/api.w.org\/{rel}","templated":true}]}}