{"id":21496,"date":"2025-04-10T15:46:09","date_gmt":"2025-04-10T15:46:09","guid":{"rendered":"https:\/\/ines-co.com\/?page_id=21496"},"modified":"2026-04-07T13:37:11","modified_gmt":"2026-04-07T13:37:11","slug":"genioplastie-de-reduction","status":"publish","type":"page","link":"https:\/\/ines-co.com\/?page_id=21496","title":{"rendered":"G\u00e9nioplastie de r\u00e9duction"},"content":{"rendered":"<div class=\"wpb-content-wrapper\"><p>[vc_row][vc_column width=&#8221;1\/4&#8243;]<div id=\"1744293887292-61febcd9-ef9a\" class=\"dt-sc-empty-space\"><\/div>[vc_custom_heading text=&#8221;G\u00e9nioplastie&#8221; font_container=&#8221;tag:p|font_size:20|text_align:justify&#8221; use_theme_fonts=&#8221;yes&#8221; css=&#8221;&#8221;]<div id=\"1744293867661-3150727c-8fa9\" class=\"dt-sc-empty-space\"><\/div><div id=\"dt-1744292773123-da36d48a-a34a\" class=\"dt-custom-nav-wrapper none inline-vertical\" data-delay=\"0\" data-default-style = \"none\" data-hover-style = \"none\" data-default-decoration = \"overline\" data-hover-decoration = \"none\"><div class=\"menu-genioplastie-container\"><ul id=\"menu-genioplastie\" class=\"custom-sub-nav dt-custom-nav\"><li id=\"menu-item-21499\" class=\"menu-item menu-item-type-post_type menu-item-object-page menu-item-21499\"><a href=\"https:\/\/ines-co.com\/?page_id=21494\" class=\"item-has-icon icon-position-left\"><i class=\"menu-item-icon\"><\/i><span>G\u00e9nioplastie d\u2019avancement<\/span><\/a><\/li>\n<li id=\"menu-item-21498\" class=\"menu-item menu-item-type-post_type menu-item-object-page menu-item-21498\"><a href=\"https:\/\/ines-co.com\/?page_id=21496\" class=\"item-has-icon icon-position-left\"><i class=\"menu-item-icon\"><\/i><span>G\u00e9nioplastie de r\u00e9duction<\/span><\/a><\/li>\n<\/ul><\/div><\/div><div id=\"1744294995996-4d7f99ee-99d6\" class=\"dt-sc-empty-space\"><\/div>[vc_custom_heading text=&#8221;Chirurgies visage&#8221; font_container=&#8221;tag:p|font_size:20|text_align:justify&#8221; use_theme_fonts=&#8221;yes&#8221; css=&#8221;&#8221;]<div id=\"1744295011070-67885103-b5c8\" class=\"dt-sc-empty-space\"><\/div><div id=\"dt-1744295003964-710f20a8-0be7\" class=\"dt-custom-nav-wrapper none inline-vertical\" data-delay=\"0\" data-default-style = \"none\" data-hover-style = \"none\" data-default-decoration = \"overline\" data-hover-decoration = \"none\"><div class=\"menu-visage-container\"><ul id=\"menu-visage\" class=\"custom-sub-nav dt-custom-nav\"><li id=\"menu-item-21412\" class=\"menu-item menu-item-type-post_type menu-item-object-page menu-item-21412\"><a href=\"https:\/\/ines-co.com\/?page_id=21395\" class=\"item-has-icon icon-position-left\"><i class=\"menu-item-icon\"><\/i><span>Bl\u00e9pharoplastie<\/span><\/a><\/li>\n<li id=\"menu-item-21370\" class=\"menu-item menu-item-type-post_type menu-item-object-page menu-item-21370\"><a href=\"https:\/\/ines-co.com\/?page_id=21368\" class=\"item-has-icon icon-position-left\"><i class=\"menu-item-icon\"><\/i><span>Rhinoplastie<\/span><\/a><\/li>\n<li id=\"menu-item-21501\" class=\"menu-item menu-item-type-post_type menu-item-object-page menu-item-21501\"><a href=\"https:\/\/ines-co.com\/?page_id=21485\" class=\"item-has-icon icon-position-left\"><i class=\"menu-item-icon\"><\/i><span>G\u00e9nioplastie<\/span><\/a><\/li>\n<li id=\"menu-item-21502\" class=\"menu-item menu-item-type-post_type menu-item-object-page menu-item-21502\"><a href=\"https:\/\/ines-co.com\/?page_id=21397\" class=\"item-has-icon icon-position-left\"><i class=\"menu-item-icon\"><\/i><span>Redrapage du visage<\/span><\/a><\/li>\n<li id=\"menu-item-21505\" class=\"menu-item menu-item-type-post_type menu-item-object-page menu-item-21505\"><a href=\"https:\/\/ines-co.com\/?page_id=21503\" class=\"item-has-icon icon-position-left\"><i class=\"menu-item-icon\"><\/i><span>Chirurgie des oreilles d\u00e9coll\u00e9es<\/span><\/a><\/li>\n<li id=\"menu-item-21567\" class=\"menu-item menu-item-type-post_type menu-item-object-page menu-item-21567\"><a href=\"https:\/\/ines-co.com\/?page_id=21517\" class=\"item-has-icon icon-position-left\"><i class=\"menu-item-icon\"><\/i><span>Chirurgie Boule de Bichat<\/span><\/a><\/li>\n<\/ul><\/div><\/div>[\/vc_column][vc_column width=&#8221;3\/4&#8243;]<div id=\"1744292906275-33a265b0-3851\" class=\"dt-sc-empty-space\"><\/div>[vc_row_inner][vc_column_inner width=&#8221;1\/2&#8243; css=&#8221;.vc_custom_1744295121360{margin-left: 2px !important;}&#8221;][vc_single_image image=&#8221;21561&#8243; img_size=&#8221;full&#8221; alignment=&#8221;center&#8221; css=&#8221;&#8221; el_class=&#8221;custom-img-border&#8221;]<div id=\"1744284640139-6fd5764f-ac25\" class=\"dt-sc-empty-space\"><\/div>[vc_column_text css=&#8221;&#8221;]<\/p>\n<h4>Indications de la g\u00e9nioplastie de r\u00e9duction :<\/h4>\n<p>[\/vc_column_text][vc_column_text css=&#8221;&#8221;]<\/p>\n<h5><strong>Menton trop avanc\u00e9 (pro\u00e9minent) :<\/strong><\/h5>\n<p class=\"ds-markdown-paragraph\">Projection excessive du menton d\u00e9s\u00e9quilibrant l\u2019harmonie du visage.<\/p>\n<h5><strong>Menton disproportionn\u00e9 :<\/strong><\/h5>\n<p class=\"ds-markdown-paragraph\">Largeur ou hauteur excessive par rapport aux autres traits faciaux.<\/p>\n<h5><strong>Profil facial d\u00e9s\u00e9quilibr\u00e9 :<\/strong><\/h5>\n<p class=\"ds-markdown-paragraph\">Menton trop saillant cr\u00e9ant un angle cervico-mentonnier trop marqu\u00e9.<\/p>\n<h5><strong>Asym\u00e9trie du menton :<\/strong><\/h5>\n<p class=\"ds-markdown-paragraph\">Menton d\u00e9vi\u00e9 d\u2019un c\u00f4t\u00e9 suite \u00e0 une croissance asym\u00e9trique ou un traumatisme.<\/p>\n<p>[\/vc_column_text][\/vc_column_inner][vc_column_inner width=&#8221;1\/2&#8243;][vc_column_text css=&#8221;&#8221;]<\/p>\n<p class=\"ds-markdown-paragraph\">La\u00a0<strong>g\u00e9nioplastie de r\u00e9duction en Tunisie<\/strong>\u00a0est une\u00a0<strong>chirurgie du menton<\/strong>\u00a0visant \u00e0 r\u00e9duire un menton trop avanc\u00e9 ou disproportionn\u00e9 pour harmoniser le profil facial. Chez INESCO Care, cette\u00a0<strong>op\u00e9ration du menton<\/strong>\u00a0permet de\u00a0<strong>corriger un menton trop pro\u00e9minent<\/strong>, de\u00a0<strong>r\u00e9\u00e9quilibrer les traits du visage<\/strong>\u00a0et d\u2019<strong>affiner le bas du visage<\/strong>\u00a0gr\u00e2ce \u00e0 une\u00a0<strong>intervention pr\u00e9cise et s\u00e9curis\u00e9e<\/strong>. R\u00e9alis\u00e9e par des\u00a0<strong>chirurgiens maxillo-faciaux sp\u00e9cialis\u00e9s<\/strong>, cette\u00a0<strong>chirurgie esth\u00e9tique du visage<\/strong>\u00a0offre des\u00a0<strong>r\u00e9sultats naturels<\/strong>\u00a0et une\u00a0<strong>am\u00e9lioration durable de l\u2019harmonie faciale<\/strong>.<\/p>\n<p class=\"ds-markdown-paragraph\">Nous garantissons une approche personnalis\u00e9e, une\u00a0<strong>r\u00e9cup\u00e9ration optimis\u00e9e<\/strong>\u00a0et un\u00a0<strong>suivi postop\u00e9ratoire complet<\/strong>\u00a0pour chaque patient.<\/p>\n<p>[\/vc_column_text][vc_column_text css=&#8221;&#8221;]<\/p>\n<h4>Qu\u2019est-ce que la g\u00e9nioplastie de r\u00e9duction ?<\/h4>\n<p>[\/vc_column_text][vc_column_text css=&#8221;&#8221;]<\/p>\n<p class=\"ds-markdown-paragraph\">La\u00a0<strong>g\u00e9nioplastie de r\u00e9duction<\/strong>\u00a0est une\u00a0<strong>chirurgie corrective du menton<\/strong>\u00a0qui consiste \u00e0 :<\/p>\n<ul>\n<li class=\"ds-markdown-paragraph\"><strong>R\u00e9duire un menton trop avanc\u00e9<\/strong>\u00a0ou\u00a0<strong>trop saillant<\/strong><\/li>\n<li class=\"ds-markdown-paragraph\"><strong>Sectionner l\u2019os du menton<\/strong>\u00a0et le\u00a0<strong>reculer de mani\u00e8re contr\u00f4l\u00e9e<\/strong><\/li>\n<li class=\"ds-markdown-paragraph\"><strong>Affiner un menton trop large<\/strong>\u00a0ou disproportionn\u00e9<\/li>\n<li class=\"ds-markdown-paragraph\"><strong>Harmoniser le menton avec le reste du visage<\/strong>\u00a0(nez, l\u00e8vres, front)<\/li>\n<li class=\"ds-markdown-paragraph\"><strong>Corriger un d\u00e9s\u00e9quilibre du profil<\/strong>\u00a0caus\u00e9 par un menton pro\u00e9minent<\/li>\n<\/ul>\n<p class=\"ds-markdown-paragraph\">L\u2019intervention est r\u00e9alis\u00e9e par\u00a0<strong>incision buccale<\/strong>, laissant\u00a0<strong>aucune cicatrice visible<\/strong>.<\/p>\n<p>[\/vc_column_text][vc_column_text css=&#8221;&#8221;]<\/p>\n<h4>\u00c0 qui s\u2019adresse cette chirurgie ?<\/h4>\n<p>[\/vc_column_text][vc_column_text css=&#8221;&#8221;]<\/p>\n<p class=\"ds-markdown-paragraph\">La\u00a0<strong>g\u00e9nioplastie de r\u00e9duction<\/strong>\u00a0est recommand\u00e9e pour :<\/p>\n<ul>\n<li class=\"ds-markdown-paragraph\">Les personnes pr\u00e9sentant un\u00a0<strong>menton trop avanc\u00e9<\/strong>\u00a0ou\u00a0<strong>trop large<\/strong><\/li>\n<li class=\"ds-markdown-paragraph\">Celles souhaitant\u00a0<strong>affiner leur menton<\/strong>\u00a0pour un visage plus \u00e9quilibr\u00e9<\/li>\n<li class=\"ds-markdown-paragraph\">Les patients dont le\u00a0<strong>profil facial est d\u00e9s\u00e9quilibr\u00e9<\/strong>\u00a0par un menton pro\u00e9minent<\/li>\n<li class=\"ds-markdown-paragraph\">Toute personne d\u00e9sireuse d\u2019<strong>harmoniser les traits du visage<\/strong>\u00a0de mani\u00e8re naturelle et durable<\/li>\n<\/ul>\n<p>[\/vc_column_text]<a href='https:\/\/ines-co.com\/?page_id=21265' target='_self' title='Devis' class='dt-sc-button   medium icon-right with-icon  bordered  type2' data-delay='0' > demande de devis <\/a>[\/vc_column_inner][\/vc_row_inner][\/vc_column][\/vc_row]<\/p>\n<\/div>","protected":false},"excerpt":{"rendered":"<p>[vc_row][vc_column width=&#8221;1\/4&#8243;][vc_custom_heading text=&#8221;G\u00e9nioplastie&#8221; font_container=&#8221;tag:p|font_size:20|text_align:justify&#8221; use_theme_fonts=&#8221;yes&#8221; css=&#8221;&#8221;][vc_custom_heading text=&#8221;Chirurgies visage&#8221; font_container=&#8221;tag:p|font_size:20|text_align:justify&#8221; use_theme_fonts=&#8221;yes&#8221; css=&#8221;&#8221;][\/vc_column][vc_column width=&#8221;3\/4&#8243;][vc_row_inner][vc_column_inner width=&#8221;1\/2&#8243; css=&#8221;.vc_custom_1744295121360{margin-left: 2px !important;}&#8221;][vc_single_image image=&#8221;21561&#8243; img_size=&#8221;full&#8221; alignment=&#8221;center&#8221; css=&#8221;&#8221; el_class=&#8221;custom-img-border&#8221;][vc_column_text css=&#8221;&#8221;] Indications de la g\u00e9nioplastie de r\u00e9duction : [\/vc_column_text][vc_column_text css=&#8221;&#8221;] Menton trop avanc\u00e9 (pro\u00e9minent) : Projection excessive du menton d\u00e9s\u00e9quilibrant l\u2019harmonie du visage. Menton disproportionn\u00e9 : Largeur ou hauteur excessive par rapport aux autres [&hellip;]<\/p>\n","protected":false},"author":2,"featured_media":0,"parent":0,"menu_order":0,"comment_status":"closed","ping_status":"closed","template":"","meta":{"footnotes":""},"class_list":["post-21496","page","type-page","status-publish","hentry"],"_links":{"self":[{"href":"https:\/\/ines-co.com\/index.php?rest_route=\/wp\/v2\/pages\/21496","targetHints":{"allow":["GET"]}}],"collection":[{"href":"https:\/\/ines-co.com\/index.php?rest_route=\/wp\/v2\/pages"}],"about":[{"href":"https:\/\/ines-co.com\/index.php?rest_route=\/wp\/v2\/types\/page"}],"author":[{"embeddable":true,"href":"https:\/\/ines-co.com\/index.php?rest_route=\/wp\/v2\/users\/2"}],"replies":[{"embeddable":true,"href":"https:\/\/ines-co.com\/index.php?rest_route=%2Fwp%2Fv2%2Fcomments&post=21496"}],"version-history":[{"count":10,"href":"https:\/\/ines-co.com\/index.php?rest_route=\/wp\/v2\/pages\/21496\/revisions"}],"predecessor-version":[{"id":22319,"href":"https:\/\/ines-co.com\/index.php?rest_route=\/wp\/v2\/pages\/21496\/revisions\/22319"}],"wp:attachment":[{"href":"https:\/\/ines-co.com\/index.php?rest_route=%2Fwp%2Fv2%2Fmedia&parent=21496"}],"curies":[{"name":"wp","href":"https:\/\/api.w.org\/{rel}","templated":true}]}}