{"id":21485,"date":"2025-04-10T15:28:09","date_gmt":"2025-04-10T15:28:09","guid":{"rendered":"https:\/\/ines-co.com\/?page_id=21485"},"modified":"2026-04-07T13:36:22","modified_gmt":"2026-04-07T13:36:22","slug":"genioplastie","status":"publish","type":"page","link":"https:\/\/ines-co.com\/?page_id=21485","title":{"rendered":"G\u00e9nioplastie"},"content":{"rendered":"<div class=\"wpb-content-wrapper\"><p>[vc_row][vc_column width=&#8221;1\/4&#8243;]<div id=\"1744293887292-61febcd9-ef9a\" class=\"dt-sc-empty-space\"><\/div>[vc_custom_heading text=&#8221;G\u00e9nioplastie&#8221; font_container=&#8221;tag:p|font_size:20|text_align:justify&#8221; use_theme_fonts=&#8221;yes&#8221; css=&#8221;&#8221;]<div id=\"1744293867661-3150727c-8fa9\" class=\"dt-sc-empty-space\"><\/div><div id=\"dt-1744292773123-da36d48a-a34a\" class=\"dt-custom-nav-wrapper none inline-vertical\" data-delay=\"0\" data-default-style = \"none\" data-hover-style = \"none\" data-default-decoration = \"overline\" data-hover-decoration = \"none\"><div class=\"menu-genioplastie-container\"><ul id=\"menu-genioplastie\" class=\"custom-sub-nav dt-custom-nav\"><li id=\"menu-item-21499\" class=\"menu-item menu-item-type-post_type menu-item-object-page menu-item-21499\"><a href=\"https:\/\/ines-co.com\/?page_id=21494\" class=\"item-has-icon icon-position-left\"><i class=\"menu-item-icon\"><\/i><span>G\u00e9nioplastie d\u2019avancement<\/span><\/a><\/li>\n<li id=\"menu-item-21498\" class=\"menu-item menu-item-type-post_type menu-item-object-page menu-item-21498\"><a href=\"https:\/\/ines-co.com\/?page_id=21496\" class=\"item-has-icon icon-position-left\"><i class=\"menu-item-icon\"><\/i><span>G\u00e9nioplastie de r\u00e9duction<\/span><\/a><\/li>\n<\/ul><\/div><\/div><div id=\"1744294995996-4d7f99ee-99d6\" class=\"dt-sc-empty-space\"><\/div>[vc_custom_heading text=&#8221;Chirurgies visage&#8221; font_container=&#8221;tag:p|font_size:20|text_align:justify&#8221; use_theme_fonts=&#8221;yes&#8221; css=&#8221;&#8221;]<div id=\"1744295011070-67885103-b5c8\" class=\"dt-sc-empty-space\"><\/div><div id=\"dt-1744295003964-710f20a8-0be7\" class=\"dt-custom-nav-wrapper none inline-vertical\" data-delay=\"0\" data-default-style = \"none\" data-hover-style = \"none\" data-default-decoration = \"overline\" data-hover-decoration = \"none\"><div class=\"menu-visage-container\"><ul id=\"menu-visage\" class=\"custom-sub-nav dt-custom-nav\"><li id=\"menu-item-21412\" class=\"menu-item menu-item-type-post_type menu-item-object-page menu-item-21412\"><a href=\"https:\/\/ines-co.com\/?page_id=21395\" class=\"item-has-icon icon-position-left\"><i class=\"menu-item-icon\"><\/i><span>Bl\u00e9pharoplastie<\/span><\/a><\/li>\n<li id=\"menu-item-21370\" class=\"menu-item menu-item-type-post_type menu-item-object-page menu-item-21370\"><a href=\"https:\/\/ines-co.com\/?page_id=21368\" class=\"item-has-icon icon-position-left\"><i class=\"menu-item-icon\"><\/i><span>Rhinoplastie<\/span><\/a><\/li>\n<li id=\"menu-item-21501\" class=\"menu-item menu-item-type-post_type menu-item-object-page menu-item-21501\"><a href=\"https:\/\/ines-co.com\/?page_id=21485\" class=\"item-has-icon icon-position-left\"><i class=\"menu-item-icon\"><\/i><span>G\u00e9nioplastie<\/span><\/a><\/li>\n<li id=\"menu-item-21502\" class=\"menu-item menu-item-type-post_type menu-item-object-page menu-item-21502\"><a href=\"https:\/\/ines-co.com\/?page_id=21397\" class=\"item-has-icon icon-position-left\"><i class=\"menu-item-icon\"><\/i><span>Redrapage du visage<\/span><\/a><\/li>\n<li id=\"menu-item-21505\" class=\"menu-item menu-item-type-post_type menu-item-object-page menu-item-21505\"><a href=\"https:\/\/ines-co.com\/?page_id=21503\" class=\"item-has-icon icon-position-left\"><i class=\"menu-item-icon\"><\/i><span>Chirurgie des oreilles d\u00e9coll\u00e9es<\/span><\/a><\/li>\n<li id=\"menu-item-21567\" class=\"menu-item menu-item-type-post_type menu-item-object-page menu-item-21567\"><a href=\"https:\/\/ines-co.com\/?page_id=21517\" class=\"item-has-icon icon-position-left\"><i class=\"menu-item-icon\"><\/i><span>Chirurgie Boule de Bichat<\/span><\/a><\/li>\n<\/ul><\/div><\/div>[\/vc_column][vc_column width=&#8221;3\/4&#8243;]<div id=\"1744292906275-33a265b0-3851\" class=\"dt-sc-empty-space\"><\/div>[vc_row_inner][vc_column_inner width=&#8221;1\/2&#8243; css=&#8221;.vc_custom_1744295121360{margin-left: 2px !important;}&#8221;][vc_single_image image=&#8221;21551&#8243; img_size=&#8221;full&#8221; css=&#8221;&#8221; el_class=&#8221;custom-img-border&#8221;][vc_column_text css=&#8221;&#8221;]<\/p>\n<h4>Indications de la g\u00e9nioplastie :<\/h4>\n<p>[\/vc_column_text][vc_column_text css=&#8221;&#8221;]<\/p>\n<h5><strong>Menton trop recul\u00e9 (fuyant) :<\/strong><\/h5>\n<p class=\"ds-markdown-paragraph\">Profil du visage manquant de projection, donnant un aspect \u00ab effac\u00e9 \u00bb.<\/p>\n<h5><strong>Menton trop saillant (pro\u00e9minent) :<\/strong><\/h5>\n<p class=\"ds-markdown-paragraph\">Projection excessive du menton d\u00e9s\u00e9quilibrant l\u2019harmonie faciale.<\/p>\n<h5><strong>Menton trop long ou trop court :<\/strong><\/h5>\n<p class=\"ds-markdown-paragraph\">D\u00e9s\u00e9quilibre vertical donnant un\u00a0<strong>visage trop long (face longue)<\/strong>\u00a0ou\u00a0<strong>trop court (face courte)<\/strong>.<\/p>\n<h5><strong>Menton asym\u00e9trique :<\/strong><\/h5>\n<p class=\"ds-markdown-paragraph\">D\u00e9viation cong\u00e9nitale ou post-traumatique.<\/p>\n<h5><strong>B\u00e9ance labiale :<\/strong><\/h5>\n<p class=\"ds-markdown-paragraph\">Incapacit\u00e9 de fermer les l\u00e8vres au repos sans effort musculaire.<\/p>\n<p>[\/vc_column_text][vc_column_text css=&#8221;&#8221;]<\/p>\n<h4>Techniques chirurgicales :<\/h4>\n<p>[\/vc_column_text][vc_column_text css=&#8221;&#8221;]<\/p>\n<h5><strong>G\u00e9nioplastie d\u2019avancement :<\/strong><\/h5>\n<p class=\"ds-markdown-paragraph\">Section et avanc\u00e9e de l\u2019os mentonnier, fixation par mini-plaques.<\/p>\n<h5><strong>G\u00e9nioplastie de r\u00e9duction :<\/strong><\/h5>\n<p class=\"ds-markdown-paragraph\">R\u00e9section osseuse pour r\u00e9duire la saillie du menton.<\/p>\n<p class=\"ds-markdown-paragraph\">Chaque technique est personnalis\u00e9e selon la\u00a0<strong>morphologie du patient<\/strong>\u00a0et les\u00a0<strong>r\u00e9sultats souhait\u00e9s<\/strong>.<\/p>\n<p>[\/vc_column_text][\/vc_column_inner][vc_column_inner width=&#8221;1\/2&#8243;][vc_column_text css=&#8221;&#8221;]<\/p>\n<p class=\"ds-markdown-paragraph\">La\u00a0<strong>g\u00e9nioplastie en Tunisie<\/strong>, \u00e9galement appel\u00e9e\u00a0<strong>chirurgie du menton<\/strong>, est une\u00a0<strong>op\u00e9ration esth\u00e9tique et fonctionnelle<\/strong>\u00a0visant \u00e0 modifier la forme, la taille et la position du menton pour harmoniser le profil du visage. Chez INESCO Care, nos\u00a0<strong>chirurgiens maxillo-faciaux sp\u00e9cialis\u00e9s<\/strong>\u00a0r\u00e9alisent des\u00a0<strong>g\u00e9nioplasties d\u2019avancement<\/strong>\u00a0ou de\u00a0<strong>r\u00e9duction<\/strong>\u00a0pour corriger un\u00a0<strong>menton trop recul\u00e9<\/strong>,\u00a0<strong>trop saillant<\/strong>,\u00a0<strong>trop long<\/strong>\u00a0ou\u00a0<strong>asym\u00e9trique<\/strong>. Cette intervention permet d\u2019<strong>am\u00e9liorer l\u2019\u00e9quilibre du bas du visage<\/strong>\u00a0et de\u00a0<strong>corriger la b\u00e9ance labiale<\/strong>\u00a0tout en offrant un\u00a0<strong>effet lifting naturel<\/strong>.<\/p>\n<p class=\"ds-markdown-paragraph\">Nous proposons \u00e9galement des\u00a0<strong>chirurgies combin\u00e9es<\/strong>\u00a0(g\u00e9nioplastie + rhinoplastie, g\u00e9nioplastie + chirurgie des m\u00e2choires) pour une harmonisation globale du visage.<\/p>\n<p>[\/vc_column_text][vc_column_text css=&#8221;&#8221;]<\/p>\n<h4>Qu\u2019est-ce que la g\u00e9nioplastie ?<\/h4>\n<p>[\/vc_column_text][vc_column_text css=&#8221;&#8221;]<\/p>\n<p class=\"ds-markdown-paragraph\">La\u00a0<strong>g\u00e9nioplastie<\/strong>\u00a0est une\u00a0<strong>chirurgie maxillo-faciale<\/strong>\u00a0qui consiste \u00e0 :<\/p>\n<ul>\n<li class=\"ds-markdown-paragraph\"><strong>Avancer un menton fuyant<\/strong>\u00a0(g\u00e9nioplastie d\u2019avancement)<\/li>\n<li class=\"ds-markdown-paragraph\"><strong>R\u00e9duire un menton trop saillant<\/strong>\u00a0(g\u00e9nioplastie de r\u00e9duction)<\/li>\n<li class=\"ds-markdown-paragraph\"><strong>Raccourcir ou allonger le menton<\/strong>\u00a0pour \u00e9quilibrer les proportions du visage<\/li>\n<li class=\"ds-markdown-paragraph\"><strong>Corriger une asym\u00e9trie<\/strong>\u00a0du menton<\/li>\n<li class=\"ds-markdown-paragraph\"><strong>Am\u00e9liorer la fermeture des l\u00e8vres<\/strong>\u00a0en cas de b\u00e9ance labiale<\/li>\n<\/ul>\n<p class=\"ds-markdown-paragraph\">L\u2019intervention est r\u00e9alis\u00e9e par voie\u00a0<strong>intra-buccale<\/strong>, laissant\u00a0<strong>aucune cicatrice visible<\/strong>.<\/p>\n<p>[\/vc_column_text][vc_column_text css=&#8221;&#8221;]<\/p>\n<h4>\u00c0 qui s\u2019adresse cette chirurgie ?<\/h4>\n<p>[\/vc_column_text][vc_column_text css=&#8221;&#8221;]<\/p>\n<p class=\"ds-markdown-paragraph\">La\u00a0<strong>g\u00e9nioplastie<\/strong>\u00a0est recommand\u00e9e pour :<\/p>\n<ul>\n<li class=\"ds-markdown-paragraph\">Les personnes insatisfaites de la\u00a0<strong>forme ou de la position de leur menton<\/strong><\/li>\n<li class=\"ds-markdown-paragraph\">Celles pr\u00e9sentant un\u00a0<strong>d\u00e9s\u00e9quilibre du profil facial<\/strong><\/li>\n<li class=\"ds-markdown-paragraph\">Les patients souffrant de\u00a0<strong>b\u00e9ance labiale<\/strong>\u00a0ou de difficult\u00e9s fonctionnelles<\/li>\n<li class=\"ds-markdown-paragraph\">Toute personne souhaitant\u00a0<strong>harmoniser le bas de son visage<\/strong>\u00a0de mani\u00e8re naturelle et durable<\/li>\n<\/ul>\n<p>[\/vc_column_text]<a href='https:\/\/ines-co.com\/?page_id=21265' target='_self' title='Devis' class='dt-sc-button   medium icon-right with-icon  bordered  type2' data-delay='0' > demande de devis <\/a>[\/vc_column_inner][\/vc_row_inner][\/vc_column][\/vc_row]<\/p>\n<\/div>","protected":false},"excerpt":{"rendered":"<p>[vc_row][vc_column width=&#8221;1\/4&#8243;][vc_custom_heading text=&#8221;G\u00e9nioplastie&#8221; font_container=&#8221;tag:p|font_size:20|text_align:justify&#8221; use_theme_fonts=&#8221;yes&#8221; css=&#8221;&#8221;][vc_custom_heading text=&#8221;Chirurgies visage&#8221; font_container=&#8221;tag:p|font_size:20|text_align:justify&#8221; use_theme_fonts=&#8221;yes&#8221; css=&#8221;&#8221;][\/vc_column][vc_column width=&#8221;3\/4&#8243;][vc_row_inner][vc_column_inner width=&#8221;1\/2&#8243; css=&#8221;.vc_custom_1744295121360{margin-left: 2px !important;}&#8221;][vc_single_image image=&#8221;21551&#8243; img_size=&#8221;full&#8221; css=&#8221;&#8221; el_class=&#8221;custom-img-border&#8221;][vc_column_text css=&#8221;&#8221;] Indications de la g\u00e9nioplastie : [\/vc_column_text][vc_column_text css=&#8221;&#8221;] Menton trop recul\u00e9 (fuyant) : Profil du visage manquant de projection, donnant un aspect \u00ab effac\u00e9 \u00bb. Menton trop saillant (pro\u00e9minent) : Projection excessive du menton d\u00e9s\u00e9quilibrant [&hellip;]<\/p>\n","protected":false},"author":2,"featured_media":0,"parent":0,"menu_order":0,"comment_status":"closed","ping_status":"closed","template":"","meta":{"footnotes":""},"class_list":["post-21485","page","type-page","status-publish","hentry"],"_links":{"self":[{"href":"https:\/\/ines-co.com\/index.php?rest_route=\/wp\/v2\/pages\/21485","targetHints":{"allow":["GET"]}}],"collection":[{"href":"https:\/\/ines-co.com\/index.php?rest_route=\/wp\/v2\/pages"}],"about":[{"href":"https:\/\/ines-co.com\/index.php?rest_route=\/wp\/v2\/types\/page"}],"author":[{"embeddable":true,"href":"https:\/\/ines-co.com\/index.php?rest_route=\/wp\/v2\/users\/2"}],"replies":[{"embeddable":true,"href":"https:\/\/ines-co.com\/index.php?rest_route=%2Fwp%2Fv2%2Fcomments&post=21485"}],"version-history":[{"count":9,"href":"https:\/\/ines-co.com\/index.php?rest_route=\/wp\/v2\/pages\/21485\/revisions"}],"predecessor-version":[{"id":22317,"href":"https:\/\/ines-co.com\/index.php?rest_route=\/wp\/v2\/pages\/21485\/revisions\/22317"}],"wp:attachment":[{"href":"https:\/\/ines-co.com\/index.php?rest_route=%2Fwp%2Fv2%2Fmedia&parent=21485"}],"curies":[{"name":"wp","href":"https:\/\/api.w.org\/{rel}","templated":true}]}}