{"id":21459,"date":"2025-04-10T15:10:55","date_gmt":"2025-04-10T15:10:55","guid":{"rendered":"https:\/\/ines-co.com\/?page_id=21459"},"modified":"2026-04-07T13:39:22","modified_gmt":"2026-04-07T13:39:22","slug":"lifting-temporal","status":"publish","type":"page","link":"https:\/\/ines-co.com\/?page_id=21459","title":{"rendered":"Lifting temporal"},"content":{"rendered":"<div class=\"wpb-content-wrapper\"><p>[vc_row][vc_column width=&#8221;1\/4&#8243;]<div id=\"1744293887292-61febcd9-ef9a\" class=\"dt-sc-empty-space\"><\/div>[vc_custom_heading text=&#8221;Redrapage du visage&#8221; font_container=&#8221;tag:p|font_size:20|text_align:justify&#8221; use_theme_fonts=&#8221;yes&#8221; css=&#8221;&#8221;]<div id=\"1744293867661-3150727c-8fa9\" class=\"dt-sc-empty-space\"><\/div><div id=\"dt-1744292773123-da36d48a-a34a\" class=\"dt-custom-nav-wrapper none inline-vertical\" data-delay=\"0\" data-default-style = \"none\" data-hover-style = \"none\" data-default-decoration = \"overline\" data-hover-decoration = \"none\"><div class=\"menu-redrapage-du-visage-container\"><ul id=\"menu-redrapage-du-visage\" class=\"custom-sub-nav dt-custom-nav\"><li id=\"menu-item-21471\" class=\"menu-item menu-item-type-post_type menu-item-object-page menu-item-21471\"><a href=\"https:\/\/ines-co.com\/?page_id=21457\" class=\"item-has-icon icon-position-left\"><i class=\"menu-item-icon\"><\/i><span>Lifting cervico-facial<\/span><\/a><\/li>\n<li id=\"menu-item-21470\" class=\"menu-item menu-item-type-post_type menu-item-object-page menu-item-21470\"><a href=\"https:\/\/ines-co.com\/?page_id=21459\" class=\"item-has-icon icon-position-left\"><i class=\"menu-item-icon\"><\/i><span>Lifting temporal<\/span><\/a><\/li>\n<li id=\"menu-item-21469\" class=\"menu-item menu-item-type-post_type menu-item-object-page menu-item-21469\"><a href=\"https:\/\/ines-co.com\/?page_id=21461\" class=\"item-has-icon icon-position-left\"><i class=\"menu-item-icon\"><\/i><span>Lifting malaire<\/span><\/a><\/li>\n<li id=\"menu-item-21467\" class=\"menu-item menu-item-type-post_type menu-item-object-page menu-item-21467\"><a href=\"https:\/\/ines-co.com\/?page_id=21465\" class=\"item-has-icon icon-position-left\"><i class=\"menu-item-icon\"><\/i><span>Lifting cou<\/span><\/a><\/li>\n<\/ul><\/div><\/div>[vc_custom_heading text=&#8221;Chirurgies visage&#8221; font_container=&#8221;tag:p|font_size:20|text_align:justify&#8221; use_theme_fonts=&#8221;yes&#8221; css=&#8221;&#8221;]<div id=\"1744297532994-4262f3af-ed22\" class=\"dt-sc-empty-space\"><\/div><div id=\"dt-1744297541876-e26a64dd-d595\" class=\"dt-custom-nav-wrapper none inline-vertical\" data-delay=\"0\" data-default-style = \"none\" data-hover-style = \"none\" data-default-decoration = \"overline\" data-hover-decoration = \"none\"><div class=\"menu-visage-container\"><ul id=\"menu-visage\" class=\"custom-sub-nav dt-custom-nav\"><li id=\"menu-item-21412\" class=\"menu-item menu-item-type-post_type menu-item-object-page menu-item-21412\"><a href=\"https:\/\/ines-co.com\/?page_id=21395\" class=\"item-has-icon icon-position-left\"><i class=\"menu-item-icon\"><\/i><span>Bl\u00e9pharoplastie<\/span><\/a><\/li>\n<li id=\"menu-item-21370\" class=\"menu-item menu-item-type-post_type menu-item-object-page menu-item-21370\"><a href=\"https:\/\/ines-co.com\/?page_id=21368\" class=\"item-has-icon icon-position-left\"><i class=\"menu-item-icon\"><\/i><span>Rhinoplastie<\/span><\/a><\/li>\n<li id=\"menu-item-21501\" class=\"menu-item menu-item-type-post_type menu-item-object-page menu-item-21501\"><a href=\"https:\/\/ines-co.com\/?page_id=21485\" class=\"item-has-icon icon-position-left\"><i class=\"menu-item-icon\"><\/i><span>G\u00e9nioplastie<\/span><\/a><\/li>\n<li id=\"menu-item-21502\" class=\"menu-item menu-item-type-post_type menu-item-object-page menu-item-21502\"><a href=\"https:\/\/ines-co.com\/?page_id=21397\" class=\"item-has-icon icon-position-left\"><i class=\"menu-item-icon\"><\/i><span>Redrapage du visage<\/span><\/a><\/li>\n<li id=\"menu-item-21505\" class=\"menu-item menu-item-type-post_type menu-item-object-page menu-item-21505\"><a href=\"https:\/\/ines-co.com\/?page_id=21503\" class=\"item-has-icon icon-position-left\"><i class=\"menu-item-icon\"><\/i><span>Chirurgie des oreilles d\u00e9coll\u00e9es<\/span><\/a><\/li>\n<li id=\"menu-item-21567\" class=\"menu-item menu-item-type-post_type menu-item-object-page menu-item-21567\"><a href=\"https:\/\/ines-co.com\/?page_id=21517\" class=\"item-has-icon icon-position-left\"><i class=\"menu-item-icon\"><\/i><span>Chirurgie Boule de Bichat<\/span><\/a><\/li>\n<\/ul><\/div><\/div>[\/vc_column][vc_column width=&#8221;3\/4&#8243;][vc_row_inner][vc_column_inner width=&#8221;1\/2&#8243;]<div id=\"1744292906275-33a265b0-3851\" class=\"dt-sc-empty-space\"><\/div>[vc_column_text css=&#8221;&#8221;]<\/p>\n<p class=\"ds-markdown-paragraph\">Le\u00a0<strong>lifting temporal en Tunisie<\/strong>, \u00e9galement appel\u00e9\u00a0<strong>lifting des tempes<\/strong>\u00a0ou\u00a0<strong>rhytidectomie temporale<\/strong>, est une\u00a0<strong>chirurgie esth\u00e9tique du visage<\/strong>\u00a0ciblant le\u00a0<strong>rel\u00e2chement des tempes<\/strong>, la\u00a0<strong>chute des sourcils<\/strong>\u00a0et l\u2019<strong>affaissement du tiers sup\u00e9rieur du visage<\/strong>. Chez INESCO Care, cette\u00a0<strong>intervention mini-invasive<\/strong>\u00a0permet de\u00a0<strong>remonter les sourcils<\/strong>, d\u2019<strong>ouvrir le regard<\/strong>\u00a0et de\u00a0<strong>lisser les rides du front<\/strong>\u00a0pour un\u00a0<strong>rajeunissement naturel et harmonieux<\/strong>. R\u00e9alis\u00e9e par nos\u00a0<strong>chirurgiens plasticiens sp\u00e9cialis\u00e9s<\/strong>, elle offre des\u00a0<strong>r\u00e9sultats subtils et durables<\/strong>\u00a0avec des\u00a0<strong>cicatrices discr\u00e8tes<\/strong>\u00a0dissimul\u00e9es dans le cuir chevelu.<\/p>\n<p class=\"ds-markdown-paragraph\">Cette intervention est souvent combin\u00e9e \u00e0 un\u00a0<strong>lifting cervico-facial<\/strong>\u00a0ou une\u00a0<strong>bl\u00e9pharoplastie<\/strong>\u00a0pour un rajeunissement complet du visage.<\/p>\n<p>[\/vc_column_text][vc_column_text css=&#8221;&#8221;]<\/p>\n<h4>Qu\u2019est-ce que le lifting temporal ?<\/h4>\n<p>[\/vc_column_text][vc_column_text css=&#8221;&#8221;]<\/p>\n<p class=\"ds-markdown-paragraph\">Le\u00a0<strong>lifting temporal<\/strong>\u00a0est une\u00a0<strong>chirurgie plastique r\u00e9paratrice<\/strong>\u00a0qui permet de :<\/p>\n<ul>\n<li class=\"ds-markdown-paragraph\"><strong>Remonter les sourcils tombants<\/strong>\u00a0pour un\u00a0<strong>regard plus ouvert et expressif<\/strong><\/li>\n<li class=\"ds-markdown-paragraph\"><strong>Corriger le rel\u00e2chement des tempes<\/strong>\u00a0et l\u2019affaissement de la peau lat\u00e9rale du visage<\/li>\n<li class=\"ds-markdown-paragraph\"><strong>Att\u00e9nuer les rides horizontales du front<\/strong>\u00a0et les pattes d\u2019oie<\/li>\n<li class=\"ds-markdown-paragraph\"><strong>Redessiner le contour des yeux<\/strong>\u00a0pour un\u00a0<strong>aspect rajeuni et repos\u00e9<\/strong><\/li>\n<li class=\"ds-markdown-paragraph\"><strong>Harmoniser le tiers sup\u00e9rieur du visage<\/strong>\u00a0avec le reste des traits<\/li>\n<\/ul>\n<p class=\"ds-markdown-paragraph\">Il s\u2019agit d\u2019une\u00a0<strong>alternative moins invasive<\/strong>\u00a0au lifting frontal complet.<\/p>\n<p>[\/vc_column_text][\/vc_column_inner][vc_column_inner width=&#8221;1\/2&#8243;]<div id=\"1744292901684-134d992c-3b1f\" class=\"dt-sc-empty-space\"><\/div>[vc_single_image image=&#8221;22096&#8243; img_size=&#8221;full&#8221; css=&#8221;&#8221; el_class=&#8221;custom-img-border&#8221;][vc_column_text css=&#8221;&#8221;]<\/p>\n<h4>Zones trait\u00e9es par le lifting temporal :<\/h4>\n<p>[\/vc_column_text][vc_column_text css=&#8221;&#8221;]<\/p>\n<h5><strong>Tempes :<\/strong><\/h5>\n<p class=\"ds-markdown-paragraph\">Raffermissement de la peau lat\u00e9rale et r\u00e9duction du rel\u00e2chement cutan\u00e9.<\/p>\n<h5><strong>Sourcils :<\/strong><\/h5>\n<p class=\"ds-markdown-paragraph\">Remont\u00e9e de la queue des sourcils pour un regard plus alerte.<\/p>\n<h5><strong>Contour des yeux :<\/strong><\/h5>\n<p class=\"ds-markdown-paragraph\">Att\u00e9nuation des pattes d\u2019oie et am\u00e9lioration de l\u2019ouverture palp\u00e9brale.<\/p>\n<h5><strong>Tiers sup\u00e9rieur du visage :<\/strong><\/h5>\n<p class=\"ds-markdown-paragraph\">Harmonisation globale du front, des tempes et des sourcils.<\/p>\n<p>[\/vc_column_text][vc_column_text css=&#8221;&#8221;]<\/p>\n<h4>\u00c0 qui s\u2019adresse cette chirurgie ?<\/h4>\n<p>[\/vc_column_text][vc_column_text css=&#8221;&#8221;]<\/p>\n<p class=\"ds-markdown-paragraph\">Le\u00a0<strong>lifting temporal<\/strong>\u00a0est recommand\u00e9 pour :<\/p>\n<ul>\n<li class=\"ds-markdown-paragraph\">Les personnes pr\u00e9sentant un\u00a0<strong>affaissement des sourcils<\/strong>\u00a0donnant un air fatigu\u00e9<\/li>\n<li class=\"ds-markdown-paragraph\">Celles souhaitant\u00a0<strong>corriger le rel\u00e2chement cutan\u00e9 des tempes<\/strong><\/li>\n<li class=\"ds-markdown-paragraph\">Les patients ayant des\u00a0<strong>rides du front<\/strong>\u00a0ou des\u00a0<strong>pattes d\u2019oie<\/strong>\u00a0mod\u00e9r\u00e9es<\/li>\n<li class=\"ds-markdown-paragraph\">Toute personne d\u00e9sireuse d\u2019un\u00a0<strong>rajeunissement discret du haut du visage<\/strong>\u00a0sans chirurgie compl\u00e8te<\/li>\n<\/ul>\n<p>[\/vc_column_text]<a href='https:\/\/ines-co.com\/?page_id=21265' target='_self' title='Devis' class='dt-sc-button   medium icon-right with-icon  bordered  type2' data-delay='0' > demande de devis <\/a>[\/vc_column_inner][\/vc_row_inner][\/vc_column][\/vc_row]<\/p>\n<\/div>","protected":false},"excerpt":{"rendered":"<p>[vc_row][vc_column width=&#8221;1\/4&#8243;][vc_custom_heading text=&#8221;Redrapage du visage&#8221; font_container=&#8221;tag:p|font_size:20|text_align:justify&#8221; use_theme_fonts=&#8221;yes&#8221; css=&#8221;&#8221;][vc_custom_heading text=&#8221;Chirurgies visage&#8221; font_container=&#8221;tag:p|font_size:20|text_align:justify&#8221; use_theme_fonts=&#8221;yes&#8221; css=&#8221;&#8221;][\/vc_column][vc_column width=&#8221;3\/4&#8243;][vc_row_inner][vc_column_inner width=&#8221;1\/2&#8243;][vc_column_text css=&#8221;&#8221;] Le\u00a0lifting temporal en Tunisie, \u00e9galement appel\u00e9\u00a0lifting des tempes\u00a0ou\u00a0rhytidectomie temporale, est une\u00a0chirurgie esth\u00e9tique du visage\u00a0ciblant le\u00a0rel\u00e2chement des tempes, la\u00a0chute des sourcils\u00a0et l\u2019affaissement du tiers sup\u00e9rieur du visage. Chez INESCO Care, cette\u00a0intervention mini-invasive\u00a0permet de\u00a0remonter les sourcils, d\u2019ouvrir le regard\u00a0et de\u00a0lisser les [&hellip;]<\/p>\n","protected":false},"author":2,"featured_media":0,"parent":0,"menu_order":0,"comment_status":"closed","ping_status":"closed","template":"","meta":{"footnotes":""},"class_list":["post-21459","page","type-page","status-publish","hentry"],"_links":{"self":[{"href":"https:\/\/ines-co.com\/index.php?rest_route=\/wp\/v2\/pages\/21459","targetHints":{"allow":["GET"]}}],"collection":[{"href":"https:\/\/ines-co.com\/index.php?rest_route=\/wp\/v2\/pages"}],"about":[{"href":"https:\/\/ines-co.com\/index.php?rest_route=\/wp\/v2\/types\/page"}],"author":[{"embeddable":true,"href":"https:\/\/ines-co.com\/index.php?rest_route=\/wp\/v2\/users\/2"}],"replies":[{"embeddable":true,"href":"https:\/\/ines-co.com\/index.php?rest_route=%2Fwp%2Fv2%2Fcomments&post=21459"}],"version-history":[{"count":6,"href":"https:\/\/ines-co.com\/index.php?rest_route=\/wp\/v2\/pages\/21459\/revisions"}],"predecessor-version":[{"id":22323,"href":"https:\/\/ines-co.com\/index.php?rest_route=\/wp\/v2\/pages\/21459\/revisions\/22323"}],"wp:attachment":[{"href":"https:\/\/ines-co.com\/index.php?rest_route=%2Fwp%2Fv2%2Fmedia&parent=21459"}],"curies":[{"name":"wp","href":"https:\/\/api.w.org\/{rel}","templated":true}]}}