{"id":21397,"date":"2025-04-10T14:16:06","date_gmt":"2025-04-10T14:16:06","guid":{"rendered":"https:\/\/ines-co.com\/?page_id=21397"},"modified":"2026-04-07T13:38:21","modified_gmt":"2026-04-07T13:38:21","slug":"redrapage-du-visage","status":"publish","type":"page","link":"https:\/\/ines-co.com\/?page_id=21397","title":{"rendered":"Redrapage du visage"},"content":{"rendered":"<div class=\"wpb-content-wrapper\"><p>[vc_row][vc_column width=&#8221;1\/4&#8243;]<div id=\"1744293887292-61febcd9-ef9a\" class=\"dt-sc-empty-space\"><\/div>[vc_custom_heading text=&#8221;Redrapage du visage&#8221; font_container=&#8221;tag:p|font_size:20|text_align:justify&#8221; use_theme_fonts=&#8221;yes&#8221; css=&#8221;&#8221;]<div id=\"1744293867661-3150727c-8fa9\" class=\"dt-sc-empty-space\"><\/div><div id=\"dt-1744292773123-da36d48a-a34a\" class=\"dt-custom-nav-wrapper none inline-vertical\" data-delay=\"0\" data-default-style = \"none\" data-hover-style = \"none\" data-default-decoration = \"overline\" data-hover-decoration = \"none\"><div class=\"menu-redrapage-du-visage-container\"><ul id=\"menu-redrapage-du-visage\" class=\"custom-sub-nav dt-custom-nav\"><li id=\"menu-item-21471\" class=\"menu-item menu-item-type-post_type menu-item-object-page menu-item-21471\"><a href=\"https:\/\/ines-co.com\/?page_id=21457\" class=\"item-has-icon icon-position-left\"><i class=\"menu-item-icon\"><\/i><span>Lifting cervico-facial<\/span><\/a><\/li>\n<li id=\"menu-item-21470\" class=\"menu-item menu-item-type-post_type menu-item-object-page menu-item-21470\"><a href=\"https:\/\/ines-co.com\/?page_id=21459\" class=\"item-has-icon icon-position-left\"><i class=\"menu-item-icon\"><\/i><span>Lifting temporal<\/span><\/a><\/li>\n<li id=\"menu-item-21469\" class=\"menu-item menu-item-type-post_type menu-item-object-page menu-item-21469\"><a href=\"https:\/\/ines-co.com\/?page_id=21461\" class=\"item-has-icon icon-position-left\"><i class=\"menu-item-icon\"><\/i><span>Lifting malaire<\/span><\/a><\/li>\n<li id=\"menu-item-21467\" class=\"menu-item menu-item-type-post_type menu-item-object-page menu-item-21467\"><a href=\"https:\/\/ines-co.com\/?page_id=21465\" class=\"item-has-icon icon-position-left\"><i class=\"menu-item-icon\"><\/i><span>Lifting cou<\/span><\/a><\/li>\n<\/ul><\/div><\/div>[vc_custom_heading text=&#8221;Chirurgies visage&#8221; font_container=&#8221;tag:p|font_size:20|text_align:justify&#8221; use_theme_fonts=&#8221;yes&#8221; css=&#8221;&#8221;]<div id=\"1744297532994-4262f3af-ed22\" class=\"dt-sc-empty-space\"><\/div><div id=\"dt-1744297541876-e26a64dd-d595\" class=\"dt-custom-nav-wrapper none inline-vertical\" data-delay=\"0\" data-default-style = \"none\" data-hover-style = \"none\" data-default-decoration = \"overline\" data-hover-decoration = \"none\"><div class=\"menu-visage-container\"><ul id=\"menu-visage\" class=\"custom-sub-nav dt-custom-nav\"><li id=\"menu-item-21412\" class=\"menu-item menu-item-type-post_type menu-item-object-page menu-item-21412\"><a href=\"https:\/\/ines-co.com\/?page_id=21395\" class=\"item-has-icon icon-position-left\"><i class=\"menu-item-icon\"><\/i><span>Bl\u00e9pharoplastie<\/span><\/a><\/li>\n<li id=\"menu-item-21370\" class=\"menu-item menu-item-type-post_type menu-item-object-page menu-item-21370\"><a href=\"https:\/\/ines-co.com\/?page_id=21368\" class=\"item-has-icon icon-position-left\"><i class=\"menu-item-icon\"><\/i><span>Rhinoplastie<\/span><\/a><\/li>\n<li id=\"menu-item-21501\" class=\"menu-item menu-item-type-post_type menu-item-object-page menu-item-21501\"><a href=\"https:\/\/ines-co.com\/?page_id=21485\" class=\"item-has-icon icon-position-left\"><i class=\"menu-item-icon\"><\/i><span>G\u00e9nioplastie<\/span><\/a><\/li>\n<li id=\"menu-item-21502\" class=\"menu-item menu-item-type-post_type menu-item-object-page menu-item-21502\"><a href=\"https:\/\/ines-co.com\/?page_id=21397\" class=\"item-has-icon icon-position-left\"><i class=\"menu-item-icon\"><\/i><span>Redrapage du visage<\/span><\/a><\/li>\n<li id=\"menu-item-21505\" class=\"menu-item menu-item-type-post_type menu-item-object-page menu-item-21505\"><a href=\"https:\/\/ines-co.com\/?page_id=21503\" class=\"item-has-icon icon-position-left\"><i class=\"menu-item-icon\"><\/i><span>Chirurgie des oreilles d\u00e9coll\u00e9es<\/span><\/a><\/li>\n<li id=\"menu-item-21567\" class=\"menu-item menu-item-type-post_type menu-item-object-page menu-item-21567\"><a href=\"https:\/\/ines-co.com\/?page_id=21517\" class=\"item-has-icon icon-position-left\"><i class=\"menu-item-icon\"><\/i><span>Chirurgie Boule de Bichat<\/span><\/a><\/li>\n<\/ul><\/div><\/div>[\/vc_column][vc_column width=&#8221;3\/4&#8243;][vc_row_inner][vc_column_inner width=&#8221;1\/2&#8243;]<div id=\"1744292906275-33a265b0-3851\" class=\"dt-sc-empty-space\"><\/div>[vc_column_text css=&#8221;&#8221;]<\/p>\n<p class=\"ds-markdown-paragraph\">Le\u00a0<strong>redrapage du visage en Tunisie<\/strong>, \u00e9galement appel\u00e9\u00a0<strong>lifting du visage<\/strong>\u00a0ou\u00a0<strong>rhytidectomie<\/strong>, est une\u00a0<strong>chirurgie esth\u00e9tique du visage<\/strong>\u00a0visant \u00e0 corriger le\u00a0<strong>rel\u00e2chement cutan\u00e9<\/strong>, les\u00a0<strong>rides du visage<\/strong>\u00a0et l\u2019<strong>affaissement des tissus<\/strong>\u00a0pour un\u00a0<strong>rajeunissement naturel et durable<\/strong>. Chez INESCO Care, nous proposons des\u00a0<strong>lifting cervico-facial<\/strong>,\u00a0<strong>lifting du front<\/strong>,\u00a0<strong>lifting malaire<\/strong>\u00a0et\u00a0<strong>lifting temporal<\/strong>\u00a0pour redonner \u00e0 votre visage un\u00a0<strong>ovale plus ferme<\/strong>, un\u00a0<strong>regard plus ouvert<\/strong>\u00a0et un\u00a0<strong>cou redessin\u00e9<\/strong>.<\/p>\n<p class=\"ds-markdown-paragraph\">Nos\u00a0<strong>chirurgiens plastiques sp\u00e9cialis\u00e9s<\/strong>\u00a0utilisent des\u00a0<strong>techniques modernes de repositionnement tissulaire<\/strong>\u00a0pour des\u00a0<strong>r\u00e9sultats naturels<\/strong>\u00a0sans aspect \u00ab tir\u00e9 \u00bb.<\/p>\n<p>[\/vc_column_text][vc_column_text css=&#8221;&#8221;]<\/p>\n<h4>Qu\u2019est-ce que le redrapage du visage ?<\/h4>\n<p>[\/vc_column_text][vc_column_text css=&#8221;&#8221;]<\/p>\n<p class=\"ds-markdown-paragraph\">Le\u00a0<strong>redrapage du visage (lifting)<\/strong>\u00a0est une\u00a0<strong>intervention de chirurgie plastique<\/strong>\u00a0qui permet de :<\/p>\n<ul>\n<li class=\"ds-markdown-paragraph\"><strong>Reserrer les muscles et la peau<\/strong>\u00a0du visage et du cou<\/li>\n<li class=\"ds-markdown-paragraph\"><strong>Corriger le rel\u00e2chement cutan\u00e9<\/strong>\u00a0li\u00e9 \u00e0 l\u2019\u00e2ge, la g\u00e9n\u00e9tique ou la perte de poids<\/li>\n<li class=\"ds-markdown-paragraph\"><strong>Att\u00e9nuer les rides profondes<\/strong>\u00a0(sillons naso-g\u00e9niens, plis d\u2019amertume)<\/li>\n<li class=\"ds-markdown-paragraph\"><strong>Redessiner l\u2019ovale du visage<\/strong>\u00a0pour un contour plus jeune et d\u00e9fini<\/li>\n<li class=\"ds-markdown-paragraph\"><strong>Remonter les sourcils<\/strong>\u00a0et\u00a0<strong>ouvrir le regard<\/strong>\u00a0(lifting du front)<\/li>\n<li class=\"ds-markdown-paragraph\"><strong>Affiner l\u2019angle cervico-mentonnier<\/strong>\u00a0(lifting du cou)<\/li>\n<\/ul>\n<p>[\/vc_column_text][vc_column_text css=&#8221;&#8221;]<\/p>\n<h4>\u00c0 qui s\u2019adresse cette chirurgie ?<\/h4>\n<p>[\/vc_column_text][vc_column_text css=&#8221;&#8221;]<\/p>\n<p class=\"ds-markdown-paragraph\">Le\u00a0<strong>redrapage du visage<\/strong>\u00a0est recommand\u00e9 pour :<\/p>\n<ul>\n<li class=\"ds-markdown-paragraph\">Les personnes pr\u00e9sentant un\u00a0<strong>rel\u00e2chement cutan\u00e9 mod\u00e9r\u00e9 \u00e0 avanc\u00e9<\/strong><\/li>\n<li class=\"ds-markdown-paragraph\">Celles souhaitant\u00a0<strong>corriger l\u2019affaissement des joues<\/strong>, du\u00a0<strong>cou<\/strong>\u00a0ou des\u00a0<strong>sourcils<\/strong><\/li>\n<li class=\"ds-markdown-paragraph\">Les patients dont la\u00a0<strong>peau a perdu de son \u00e9lasticit\u00e9<\/strong>\u00a0avec l\u2019\u00e2ge<\/li>\n<li class=\"ds-markdown-paragraph\">Toute personne d\u00e9sireuse d\u2019un\u00a0<strong>rajeunissement facial naturel<\/strong>\u00a0et durable<\/li>\n<\/ul>\n<p>[\/vc_column_text]<a href='https:\/\/ines-co.com\/?page_id=21265' target='_self' title='Devis' class='dt-sc-button   medium icon-right with-icon  bordered  type2' data-delay='0' > demande de devis <\/a>[\/vc_column_inner][vc_column_inner width=&#8221;1\/2&#8243;]<div id=\"1744292901684-134d992c-3b1f\" class=\"dt-sc-empty-space\"><\/div>[vc_single_image image=&#8221;21455&#8243; img_size=&#8221;full&#8221; css=&#8221;&#8221; el_class=&#8221;custom-img-border&#8221;][vc_column_text css=&#8221;&#8221;]<\/p>\n<h4>Zones trait\u00e9es par le redrapage du visage :<\/h4>\n<p>[\/vc_column_text][vc_column_text css=&#8221;&#8221;]<\/p>\n<h5><strong>Lifting cervico-facial :<\/strong><\/h5>\n<p class=\"ds-markdown-paragraph\">Rajeunissement complet du\u00a0<strong>tiers inf\u00e9rieur du visage<\/strong>\u00a0et du\u00a0<strong>cou<\/strong>.<\/p>\n<h5><strong>Lifting malaire :<\/strong><\/h5>\n<p class=\"ds-markdown-paragraph\">Remodelage des\u00a0<strong>pommettes<\/strong>\u00a0pour une\u00a0<strong>harmonie des traits<\/strong>.<\/p>\n<h5><strong>Lifting temporal :<\/strong><\/h5>\n<p class=\"ds-markdown-paragraph\">Raffermissement de la r\u00e9gion des tempes et de la queue des sourcils.<\/p>\n<h5><strong>Lifting du cou :<\/strong><\/h5>\n<p class=\"ds-markdown-paragraph\">\u00c9limination de la\u00a0<strong>peau rel\u00e2ch\u00e9e du cou<\/strong>\u00a0et de la\u00a0<strong>graisse sous-mentale<\/strong>\u00a0(par\u00a0<strong>lipoaspiration<\/strong>\u00a0si n\u00e9cessaire).<\/p>\n<p>[\/vc_column_text][\/vc_column_inner][\/vc_row_inner][\/vc_column][\/vc_row]<\/p>\n<\/div>","protected":false},"excerpt":{"rendered":"<p>[vc_row][vc_column width=&#8221;1\/4&#8243;][vc_custom_heading text=&#8221;Redrapage du visage&#8221; font_container=&#8221;tag:p|font_size:20|text_align:justify&#8221; use_theme_fonts=&#8221;yes&#8221; css=&#8221;&#8221;][vc_custom_heading text=&#8221;Chirurgies visage&#8221; font_container=&#8221;tag:p|font_size:20|text_align:justify&#8221; use_theme_fonts=&#8221;yes&#8221; css=&#8221;&#8221;][\/vc_column][vc_column width=&#8221;3\/4&#8243;][vc_row_inner][vc_column_inner width=&#8221;1\/2&#8243;][vc_column_text css=&#8221;&#8221;] Le\u00a0redrapage du visage en Tunisie, \u00e9galement appel\u00e9\u00a0lifting du visage\u00a0ou\u00a0rhytidectomie, est une\u00a0chirurgie esth\u00e9tique du visage\u00a0visant \u00e0 corriger le\u00a0rel\u00e2chement cutan\u00e9, les\u00a0rides du visage\u00a0et l\u2019affaissement des tissus\u00a0pour un\u00a0rajeunissement naturel et durable. Chez INESCO Care, nous proposons des\u00a0lifting cervico-facial,\u00a0lifting du front,\u00a0lifting malaire\u00a0et\u00a0lifting temporal\u00a0pour [&hellip;]<\/p>\n","protected":false},"author":2,"featured_media":0,"parent":0,"menu_order":0,"comment_status":"closed","ping_status":"closed","template":"","meta":{"footnotes":""},"class_list":["post-21397","page","type-page","status-publish","hentry"],"_links":{"self":[{"href":"https:\/\/ines-co.com\/index.php?rest_route=\/wp\/v2\/pages\/21397","targetHints":{"allow":["GET"]}}],"collection":[{"href":"https:\/\/ines-co.com\/index.php?rest_route=\/wp\/v2\/pages"}],"about":[{"href":"https:\/\/ines-co.com\/index.php?rest_route=\/wp\/v2\/types\/page"}],"author":[{"embeddable":true,"href":"https:\/\/ines-co.com\/index.php?rest_route=\/wp\/v2\/users\/2"}],"replies":[{"embeddable":true,"href":"https:\/\/ines-co.com\/index.php?rest_route=%2Fwp%2Fv2%2Fcomments&post=21397"}],"version-history":[{"count":11,"href":"https:\/\/ines-co.com\/index.php?rest_route=\/wp\/v2\/pages\/21397\/revisions"}],"predecessor-version":[{"id":22320,"href":"https:\/\/ines-co.com\/index.php?rest_route=\/wp\/v2\/pages\/21397\/revisions\/22320"}],"wp:attachment":[{"href":"https:\/\/ines-co.com\/index.php?rest_route=%2Fwp%2Fv2%2Fmedia&parent=21397"}],"curies":[{"name":"wp","href":"https:\/\/api.w.org\/{rel}","templated":true}]}}