{"id":21395,"date":"2025-04-10T14:15:35","date_gmt":"2025-04-10T14:15:35","guid":{"rendered":"https:\/\/ines-co.com\/?page_id=21395"},"modified":"2026-04-07T13:26:29","modified_gmt":"2026-04-07T13:26:29","slug":"blepharoplastie","status":"publish","type":"page","link":"https:\/\/ines-co.com\/?page_id=21395","title":{"rendered":"Bl\u00e9pharoplastie"},"content":{"rendered":"<div class=\"wpb-content-wrapper\"><p>[vc_row][vc_column width=&#8221;1\/4&#8243;]<div id=\"1744293887292-61febcd9-ef9a\" class=\"dt-sc-empty-space\"><\/div>[vc_custom_heading text=&#8221;Bl\u00e9pharoplastie&#8221; font_container=&#8221;tag:p|font_size:20|text_align:justify&#8221; use_theme_fonts=&#8221;yes&#8221; css=&#8221;&#8221;]<div id=\"1744296811692-88773162-7be5\" class=\"dt-sc-empty-space\"><\/div><div id=\"dt-1744292773123-da36d48a-a34a\" class=\"dt-custom-nav-wrapper none inline-vertical\" data-delay=\"0\" data-default-style = \"none\" data-hover-style = \"none\" data-default-decoration = \"overline\" data-hover-decoration = \"none\"><div class=\"menu-blepharoplastie-container\"><ul id=\"menu-blepharoplastie\" class=\"custom-sub-nav dt-custom-nav\"><li id=\"menu-item-21421\" class=\"menu-item menu-item-type-post_type menu-item-object-page menu-item-21421\"><a href=\"https:\/\/ines-co.com\/?page_id=21413\" class=\"item-has-icon icon-position-left\"><i class=\"menu-item-icon\"><\/i><span>Bl\u00e9pharoplastie sup\u00e9rieure<\/span><\/a><\/li>\n<li id=\"menu-item-21420\" class=\"menu-item menu-item-type-post_type menu-item-object-page menu-item-21420\"><a href=\"https:\/\/ines-co.com\/?page_id=21415\" class=\"item-has-icon icon-position-left\"><i class=\"menu-item-icon\"><\/i><span>Bl\u00e9pharoplastie inf\u00e9rieure<\/span><\/a><\/li>\n<li id=\"menu-item-21419\" class=\"menu-item menu-item-type-post_type menu-item-object-page menu-item-21419\"><a href=\"https:\/\/ines-co.com\/?page_id=21417\" class=\"item-has-icon icon-position-left\"><i class=\"menu-item-icon\"><\/i><span>Chirurgie poches sous les yeux<\/span><\/a><\/li>\n<\/ul><\/div><\/div><div id=\"1744296826748-5836fd8c-efa8\" class=\"dt-sc-empty-space\"><\/div>[vc_custom_heading text=&#8221;Chirurgies visage&#8221; font_container=&#8221;tag:p|font_size:20|text_align:justify&#8221; use_theme_fonts=&#8221;yes&#8221; css=&#8221;&#8221;]<div id=\"1744293867661-3150727c-8fa9\" class=\"dt-sc-empty-space\"><\/div><div id=\"dt-1744296817743-464885f0-731c\" class=\"dt-custom-nav-wrapper none inline-vertical\" data-delay=\"0\" data-default-style = \"none\" data-hover-style = \"none\" data-default-decoration = \"overline\" data-hover-decoration = \"none\"><div class=\"menu-visage-container\"><ul id=\"menu-visage\" class=\"custom-sub-nav dt-custom-nav\"><li id=\"menu-item-21412\" class=\"menu-item menu-item-type-post_type menu-item-object-page menu-item-21412\"><a href=\"https:\/\/ines-co.com\/?page_id=21395\" class=\"item-has-icon icon-position-left\"><i class=\"menu-item-icon\"><\/i><span>Bl\u00e9pharoplastie<\/span><\/a><\/li>\n<li id=\"menu-item-21370\" class=\"menu-item menu-item-type-post_type menu-item-object-page menu-item-21370\"><a href=\"https:\/\/ines-co.com\/?page_id=21368\" class=\"item-has-icon icon-position-left\"><i class=\"menu-item-icon\"><\/i><span>Rhinoplastie<\/span><\/a><\/li>\n<li id=\"menu-item-21501\" class=\"menu-item menu-item-type-post_type menu-item-object-page menu-item-21501\"><a href=\"https:\/\/ines-co.com\/?page_id=21485\" class=\"item-has-icon icon-position-left\"><i class=\"menu-item-icon\"><\/i><span>G\u00e9nioplastie<\/span><\/a><\/li>\n<li id=\"menu-item-21502\" class=\"menu-item menu-item-type-post_type menu-item-object-page menu-item-21502\"><a href=\"https:\/\/ines-co.com\/?page_id=21397\" class=\"item-has-icon icon-position-left\"><i class=\"menu-item-icon\"><\/i><span>Redrapage du visage<\/span><\/a><\/li>\n<li id=\"menu-item-21505\" class=\"menu-item menu-item-type-post_type menu-item-object-page menu-item-21505\"><a href=\"https:\/\/ines-co.com\/?page_id=21503\" class=\"item-has-icon icon-position-left\"><i class=\"menu-item-icon\"><\/i><span>Chirurgie des oreilles d\u00e9coll\u00e9es<\/span><\/a><\/li>\n<li id=\"menu-item-21567\" class=\"menu-item menu-item-type-post_type menu-item-object-page menu-item-21567\"><a href=\"https:\/\/ines-co.com\/?page_id=21517\" class=\"item-has-icon icon-position-left\"><i class=\"menu-item-icon\"><\/i><span>Chirurgie Boule de Bichat<\/span><\/a><\/li>\n<\/ul><\/div><\/div>[\/vc_column][vc_column width=&#8221;3\/4&#8243;][vc_row_inner][vc_column_inner width=&#8221;1\/2&#8243;]<div id=\"1744292906275-33a265b0-3851\" class=\"dt-sc-empty-space\"><\/div><div class='dt-sc-title script-with-sub-title  ' data-delay='0'><h6 class='dt-sc-main-heading'><\/h6><h5 class='dt-sc-sub-heading'>Chirurgie de bl\u00e9pharoplastie<\/h5><\/div><div id=\"1744284640139-6fd5764f-ac25\" class=\"dt-sc-empty-space\"><\/div>[vc_column_text css=&#8221;&#8221;]<\/p>\n<p class=\"ds-markdown-paragraph\">La\u00a0<strong>bl\u00e9pharoplastie en Tunisie<\/strong>\u00a0est une\u00a0<strong>chirurgie des paupi\u00e8res<\/strong>\u00a0visant \u00e0 corriger les signes de vieillissement du regard. Cette\u00a0<strong>chirurgie anti-\u00e2ge yeux<\/strong>\u00a0permet de traiter les\u00a0<strong>paupi\u00e8res tombantes<\/strong>, les poches graisseuses sous les yeux et le\u00a0<strong>regard fatigu\u00e9<\/strong>. Chez INESCO Care, nous proposons une\u00a0<strong>intervention rapide<\/strong>\u00a0et\u00a0<strong>s\u00fbre en Tunisie<\/strong>, avec des\u00a0<strong>r\u00e9sultats naturels<\/strong>\u00a0et un\u00a0<strong>rajeunissement du regard<\/strong>\u00a0durable.<\/p>\n<p class=\"ds-markdown-paragraph\">Nous r\u00e9alisons deux types d\u2019interventions : la\u00a0<strong>bl\u00e9pharoplastie sup\u00e9rieure<\/strong>\u00a0pour les paupi\u00e8res sup\u00e9rieures tombantes, et la\u00a0<strong>bl\u00e9pharoplastie inf\u00e9rieure<\/strong>\u00a0pour corriger les poches sous les yeux. Le\u00a0<strong>prix bl\u00e9pharoplastie Tunisie<\/strong>\u00a0est adapt\u00e9 \u00e0 chaque cas, avec un suivi personnalis\u00e9 pour une r\u00e9cup\u00e9ration optimale.<\/p>\n<p>[\/vc_column_text]<div class='dt-sc-title script-with-sub-title  ' data-delay='0'><h6 class='dt-sc-main-heading'><\/h6><h5 class='dt-sc-sub-heading'>Qu\u2019est-ce que la bl\u00e9pharoplastie ?<\/h5><\/div><div id=\"1768830370273-d2848d78-ce2b\" class=\"dt-sc-empty-space\"><\/div>[vc_column_text css=&#8221;&#8221;]<\/p>\n<p class=\"ds-markdown-paragraph\">La\u00a0<strong>bl\u00e9pharoplastie<\/strong>, aussi appel\u00e9e\u00a0<strong>lifting des paupi\u00e8res<\/strong>, est une intervention chirurgicale qui vise \u00e0 :<\/p>\n<ul>\n<li class=\"ds-markdown-paragraph\">Corriger les\u00a0<strong>paupi\u00e8res tombantes<\/strong><\/li>\n<li class=\"ds-markdown-paragraph\">Enlever l\u2019exc\u00e8s de peau et de graisse<\/li>\n<li class=\"ds-markdown-paragraph\"><strong>Enlever les cernes<\/strong>\u00a0pleins ou creux<\/li>\n<li class=\"ds-markdown-paragraph\">Redonner un\u00a0<strong>regard plus jeune et repos\u00e9<\/strong><\/li>\n<\/ul>\n<p class=\"ds-markdown-paragraph\">Cette\u00a0<strong>chirurgie du regard<\/strong>\u00a0est id\u00e9ale pour les personnes souhaitant retrouver un visage plus lumineux et harmonieux.<\/p>\n<p>[\/vc_column_text]<a href='https:\/\/ines-co.com\/?page_id=21265' target='_self' title='Devis' class='dt-sc-button   medium icon-right with-icon  bordered  type2' data-delay='0' > demande de devis <\/a>[\/vc_column_inner][vc_column_inner width=&#8221;1\/2&#8243;]<div id=\"1744292901684-134d992c-3b1f\" class=\"dt-sc-empty-space\"><\/div>[vc_single_image image=&#8221;22164&#8243; img_size=&#8221;full&#8221; css=&#8221;&#8221; el_class=&#8221;custom-img-border&#8221;]<div class='dt-sc-title script-with-sub-title  ' data-delay='0'><h6 class='dt-sc-main-heading'><\/h6><h5 class='dt-sc-sub-heading'>Types de bl\u00e9pharoplastie propos\u00e9s<\/h5><\/div><div id=\"1768830376275-3d499544-1689\" class=\"dt-sc-empty-space\"><\/div>[vc_column_text css=&#8221;&#8221;]<\/p>\n<ul>\n<li><strong>Bl\u00e9pharoplastie sup\u00e9rieure<\/strong><\/li>\n<\/ul>\n<p class=\"ds-markdown-paragraph\">Corrige l\u2019exc\u00e8s de peau des paupi\u00e8res sup\u00e9rieures et redonne de l\u2019ouverture au regard.<\/p>\n<ul>\n<li><strong>Bl\u00e9pharoplastie inf\u00e9rieure<\/strong><\/li>\n<\/ul>\n<p class=\"ds-markdown-paragraph\">\u00c9limine les\u00a0<strong>poches graisseuses<\/strong>\u00a0sous les yeux et att\u00e9nue les cernes.<\/p>\n<ul>\n<li><strong>Bl\u00e9pharoplastie compl\u00e8te<\/strong><\/li>\n<\/ul>\n<p class=\"ds-markdown-paragraph\">Combine les deux pour un\u00a0<strong>rajeunissement du regard<\/strong>\u00a0complet.<\/p>\n<p class=\"ds-markdown-paragraph\">Chaque intervention est r\u00e9alis\u00e9e avec pr\u00e9cision pour des\u00a0<strong>r\u00e9sultats naturels<\/strong>\u00a0et une\u00a0<strong>chirurgie s\u00fbre en Tunisie<\/strong>.<\/p>\n<p>[\/vc_column_text][\/vc_column_inner][\/vc_row_inner][\/vc_column][\/vc_row]<\/p>\n<\/div>","protected":false},"excerpt":{"rendered":"<p>[vc_row][vc_column width=&#8221;1\/4&#8243;][vc_custom_heading text=&#8221;Bl\u00e9pharoplastie&#8221; font_container=&#8221;tag:p|font_size:20|text_align:justify&#8221; use_theme_fonts=&#8221;yes&#8221; css=&#8221;&#8221;][vc_custom_heading text=&#8221;Chirurgies visage&#8221; font_container=&#8221;tag:p|font_size:20|text_align:justify&#8221; use_theme_fonts=&#8221;yes&#8221; css=&#8221;&#8221;][\/vc_column][vc_column width=&#8221;3\/4&#8243;][vc_row_inner][vc_column_inner width=&#8221;1\/2&#8243;][vc_column_text css=&#8221;&#8221;] La\u00a0bl\u00e9pharoplastie en Tunisie\u00a0est une\u00a0chirurgie des paupi\u00e8res\u00a0visant \u00e0 corriger les signes de vieillissement du regard. Cette\u00a0chirurgie anti-\u00e2ge yeux\u00a0permet de traiter les\u00a0paupi\u00e8res tombantes, les poches graisseuses sous les yeux et le\u00a0regard fatigu\u00e9. Chez INESCO Care, nous proposons une\u00a0intervention rapide\u00a0et\u00a0s\u00fbre en Tunisie, avec des\u00a0r\u00e9sultats [&hellip;]<\/p>\n","protected":false},"author":2,"featured_media":0,"parent":0,"menu_order":0,"comment_status":"closed","ping_status":"closed","template":"","meta":{"footnotes":""},"class_list":["post-21395","page","type-page","status-publish","hentry"],"_links":{"self":[{"href":"https:\/\/ines-co.com\/index.php?rest_route=\/wp\/v2\/pages\/21395","targetHints":{"allow":["GET"]}}],"collection":[{"href":"https:\/\/ines-co.com\/index.php?rest_route=\/wp\/v2\/pages"}],"about":[{"href":"https:\/\/ines-co.com\/index.php?rest_route=\/wp\/v2\/types\/page"}],"author":[{"embeddable":true,"href":"https:\/\/ines-co.com\/index.php?rest_route=\/wp\/v2\/users\/2"}],"replies":[{"embeddable":true,"href":"https:\/\/ines-co.com\/index.php?rest_route=%2Fwp%2Fv2%2Fcomments&post=21395"}],"version-history":[{"count":10,"href":"https:\/\/ines-co.com\/index.php?rest_route=\/wp\/v2\/pages\/21395\/revisions"}],"predecessor-version":[{"id":22309,"href":"https:\/\/ines-co.com\/index.php?rest_route=\/wp\/v2\/pages\/21395\/revisions\/22309"}],"wp:attachment":[{"href":"https:\/\/ines-co.com\/index.php?rest_route=%2Fwp%2Fv2%2Fmedia&parent=21395"}],"curies":[{"name":"wp","href":"https:\/\/api.w.org\/{rel}","templated":true}]}}