{"id":19530,"date":"2019-06-11T05:01:47","date_gmt":"2019-06-11T05:01:47","guid":{"rendered":"https:\/\/ines-co.com\/?page_id=19530"},"modified":"2026-04-02T11:33:46","modified_gmt":"2026-04-02T11:33:46","slug":"home","status":"publish","type":"page","link":"https:\/\/ines-co.com\/","title":{"rendered":"Accueil"},"content":{"rendered":"<div class=\"wpb-content-wrapper\"><p>[vc_row full_width=&#8221;stretch_row&#8221; css=&#8221;.vc_custom_1561700745307{padding-top: 60px !important;padding-bottom: 40px !important;background-color: #f4f4f4 !important;}&#8221;][vc_column css=&#8221;.vc_custom_1744203398963{margin-top: -50px !important;}&#8221;][vc_column_text]<div class=\"dt-sc-appointment-wrapper\"><div class=\"dt-sc-reservation-title\"><h6>Request for Your<\/h6><h2>Consultation<\/h2><\/div><form class=\"dt-sc-reservation-form dt-appointment-form\" name=\"reservation-schedule-form\" method=\"post\" action=\"https:\/\/ines-co.com\/?page_id=20421\"><div class=\"dt-sc-one-third column first\">\r\n\t\t\t\t\t\t\t\t<p><input type=\"text\" id=\"cli-name\" name=\"cli-name\" placeholder=\"Name\"><\/p>\r\n\t\t\t\t\t\t\t<\/div><div class=\"dt-sc-one-third column\">\r\n\t\t\t\t\t\t\t\t<p><input type=\"text\" id=\"cli-email\" name=\"cli-email\"  placeholder=\"Email\"><\/p>\r\n\t\t\t\t\t\t\t<\/div><div class=\"dt-sc-one-third column\">\r\n\t\t\t\t\t\t\t\t<p class=\"dt-appoint-date\"><span class=\"far fa-calendar-alt\"><\/span><input type=\"text\" id=\"datepicker\" name=\"date\" placeholder=\"Preferred Date\" readonly=\"readonly\" \/><\/p>\r\n\t\t\t\t\t\t\t <\/div><div class=\"dt-sc-one-third column first\">\r\n\t\t\t\t\t\t\t\t<p><select name=\"services\" id=\"services\" class=\"dt-select-service\">\r\n\t\t\t\t\t\t\t\t  <option value=\"\">Type of Service<\/option><\/select><\/p><\/div><div class=\"dt-sc-one-third column\">\r\n\t\t\t\t\t\t\t\t<p><select name=\"staff\" id=\"staff\" class=\"dt-select-staff\">\r\n\t\t\t\t\t\t\t\t\t<option value=\"\">Name of Person<\/option><\/select><\/p><\/div><div class=\"dt-sc-one-third column\">\r\n\t\t\t\t\t\t\t\t<button class=\"dt-sc-button filled medium show-time-shortcode\" value=\"Show Time\" type=\"submit\">Book appointment<\/button>\r\n\t\t\t\t\t\t\t<\/div><input type=\"hidden\" id=\"staffids\" name=\"staffids\" value=\"\" \/><input type=\"hidden\" id=\"serviceids\" name=\"serviceids\" value=\"\" \/><\/form><\/div>[\/vc_column_text][\/vc_column][\/vc_row][vc_row css=&#8221;.vc_custom_1561963352929{padding-top: 45px !important;padding-bottom: 30px !important;}&#8221;][vc_column]<div id=\"1561469015851-084c3b37-1e04\" class=\"dt-sc-empty-space\"><\/div><div class='dt-sc-title script-with-sub-title  aligncenter' data-delay='0'><h6 class='dt-sc-main-heading'><\/h6><h2 class='dt-sc-sub-heading'>Chirurgies et Soins<\/h2><\/div><div id=\"1561468949151-becbbe64-dd4b\" class=\"dt-sc-empty-space\"><\/div>[vc_row_inner][vc_column_inner el_class=&#8221;rs_col-sm-6&#8243; width=&#8221;1\/4&#8243; offset=&#8221;vc_col-lg-3 vc_col-md-6&#8243;]<div class='dt-sc-image-caption type4  ' data-delay='0'><div class='dt-sc-image-wrapper'><img loading=\"lazy\" decoding=\"async\" width=\"280\" height=\"313\" src=\"https:\/\/ines-co.com\/wp-content\/uploads\/2025\/04\/Imagea.png\" class=\"attachment-full\" alt=\"\" title=\"Imagea\" srcset=\"https:\/\/ines-co.com\/wp-content\/uploads\/2025\/04\/Imagea.png 280w, https:\/\/ines-co.com\/wp-content\/uploads\/2025\/04\/Imagea-268x300.png 268w\" sizes=\"auto, (max-width: 280px) 100vw, 280px\" \/><\/div><div class='dt-sc-image-content'><div class='dt-sc-image-title'><h3><a href=\"https:\/\/ines-co.com\/?page_id=21786\" target=\"_blank\" title=\"Visage\">Visage<\/a><\/h3><\/div><p><p style=\"text-align: left;\">En\u00a0<strong>chirurgie esth\u00e9tique du visage<\/strong>, les options sont nombreuses et souvent connexes pour un r\u00e9sultat harmonieux.<\/p><\/p><\/div><\/div>[\/vc_column_inner][vc_column_inner el_class=&#8221;rs_col-sm-6&#8243; width=&#8221;1\/4&#8243; offset=&#8221;vc_col-lg-3 vc_col-md-6&#8243;]<div class='dt-sc-image-caption type4  ' data-delay='0'><div class='dt-sc-image-wrapper'><img loading=\"lazy\" decoding=\"async\" width=\"280\" height=\"313\" src=\"https:\/\/ines-co.com\/wp-content\/uploads\/2025\/04\/Imagec.png\" class=\"attachment-full\" alt=\"\" title=\"Imagec\" srcset=\"https:\/\/ines-co.com\/wp-content\/uploads\/2025\/04\/Imagec.png 280w, https:\/\/ines-co.com\/wp-content\/uploads\/2025\/04\/Imagec-268x300.png 268w\" sizes=\"auto, (max-width: 280px) 100vw, 280px\" \/><\/div><div class='dt-sc-image-content'><div class='dt-sc-image-title'><h3><a href=\"https:\/\/ines-co.com\/?page_id=21642\" target=\"_blank\" title=\"Corps\">Corps<\/a><\/h3><\/div><p>La\u00a0<strong>chirurgie esth\u00e9tique de la silhouette<\/strong>\u00a0offre des techniques sophistiqu\u00e9es pour vous sentir bien dans votre corps.<\/p><\/div><\/div>[\/vc_column_inner][vc_column_inner el_class=&#8221;rs_col-sm-6&#8243; width=&#8221;1\/4&#8243; offset=&#8221;vc_col-lg-3 vc_col-md-6&#8243;]<div class='dt-sc-image-caption type4  ' data-delay='0'><div class='dt-sc-image-wrapper'><img loading=\"lazy\" decoding=\"async\" width=\"280\" height=\"313\" src=\"https:\/\/ines-co.com\/wp-content\/uploads\/2025\/04\/Image1-2.png\" class=\"attachment-full\" alt=\"\" title=\"Image1 (2)\" srcset=\"https:\/\/ines-co.com\/wp-content\/uploads\/2025\/04\/Image1-2.png 280w, https:\/\/ines-co.com\/wp-content\/uploads\/2025\/04\/Image1-2-268x300.png 268w\" sizes=\"auto, (max-width: 280px) 100vw, 280px\" \/><\/div><div class='dt-sc-image-content'><div class='dt-sc-image-title'><h3><a href=\"https:\/\/ines-co.com\/?page_id=21914\" target=\"_blank\" title=\"Dents\">Dentisterie<\/a><\/h3><\/div><p><strong>Un art combin\u00e9 \u00e0 la science pour am\u00e9liorer l&#8217;apparence du sourire.<\/strong><\/p><\/div><\/div>[\/vc_column_inner][vc_column_inner el_class=&#8221;rs_col-sm-6&#8243; width=&#8221;1\/4&#8243; offset=&#8221;vc_col-lg-3 vc_col-md-6&#8243;]<div class='dt-sc-image-caption type4  ' data-delay='0'><div class='dt-sc-image-wrapper'><img loading=\"lazy\" decoding=\"async\" width=\"280\" height=\"313\" src=\"https:\/\/ines-co.com\/wp-content\/uploads\/2025\/04\/Image4-2.jpg\" class=\"attachment-full\" alt=\"\" title=\"Image4\" srcset=\"https:\/\/ines-co.com\/wp-content\/uploads\/2025\/04\/Image4-2.jpg 280w, https:\/\/ines-co.com\/wp-content\/uploads\/2025\/04\/Image4-2-268x300.jpg 268w\" sizes=\"auto, (max-width: 280px) 100vw, 280px\" \/><\/div><div class='dt-sc-image-content'><div class='dt-sc-image-title'><h3><a href=\"https:\/\/ines-co.com\/?page_id=21801\" target=\"_blank\" title=\"Cheveux\">Capillaire<\/a><\/h3><\/div><p><p class=\"ds-markdown-paragraph\"><strong>Des techniques avanc\u00e9es pour traiter les alop\u00e9cies importantes et install\u00e9es.<\/strong><\/p><\/p><\/div><\/div>[\/vc_column_inner][\/vc_row_inner]<div id=\"1561469157293-f9760062-2bb4\" class=\"dt-sc-empty-space\"><\/div>[\/vc_column][\/vc_row][vc_section][vc_row full_width=&#8221;stretch_row&#8221; css=&#8221;.vc_custom_1561527731698{padding-bottom: 60px !important;background: #f4f4f4 url(https:\/\/ines-co.com\/wp-content\/uploads\/2019\/06\/pattern-bg.png?id=20191) !important;background-position: 0 0 !important;background-repeat: no-repeat !important;}&#8221; addstyles=&#8221;background-position: right bottom !important;&#8221;][vc_column][vc_row_inner equal_height=&#8221;yes&#8221; content_placement=&#8221;middle&#8221;][vc_column_inner el_class=&#8221;rs_col-sm-12 rs_padding_override_default&#8221; width=&#8221;1\/2&#8243; addstyles=&#8221;position: static;&#8221; css=&#8221;.vc_custom_1561619658121{padding-right: 9% !important;}&#8221;]<div id=\"1772532036582-e56b5ef6-90ba\" class=\"dt-sc-empty-space\"><\/div><div id=\"1561534126022-85da88a2-90ca\" class=\"dt-sc-empty-space\"><\/div>[vc_single_image image=&#8221;22195&#8243; img_size=&#8221;full&#8221; alignment=&#8221;center&#8221; style=&#8221;vc_box_rounded&#8221; onclick=&#8221;link_image&#8221; css_animation=&#8221;none&#8221; css=&#8221;.vc_custom_1772531519422{border-radius: 25px !important;}&#8221;][\/vc_column_inner][vc_column_inner el_class=&#8221;rs_col-sm-12&#8243; width=&#8221;1\/2&#8243;]<div id=\"1772532049032-b3331d3b-77d4\" class=\"dt-sc-empty-space\"><\/div><div class='dt-sc-title script-with-sub-title  ' data-delay='0'><h6 class='dt-sc-main-heading'>Welcome!<\/h6><h2 class='dt-sc-sub-heading'>INESCO<\/h2><\/div><div id=\"1561525616536-08d0a973-1c09\" class=\"dt-sc-empty-space\"><\/div>[vc_custom_heading text=&#8221;INESCO Care : Votre partenaire sant\u00e9 &amp; bien-\u00eatre en Tunisie.<\/p>\n<p>Nous vous conseillons, vous assistons et vous prenons en charge, pour que vos vacances riment avec transformation et s\u00e9r\u00e9nit\u00e9.&#8221; font_container=&#8221;tag:p|text_align:left&#8221; use_theme_fonts=&#8221;yes&#8221; css=&#8221;&#8221;]<div id=\"1561525629022-2e95a9eb-d7a0\" class=\"dt-sc-empty-space\"><\/div><a href='https:\/\/ines-co.com\/?page_id=19560' target='_self' title='' class='dt-sc-button   medium icon-right with-icon  bordered  type2' data-delay='0' > Contactez nous <\/a><div id=\"1561534138560-f9ec5b63-ed06\" class=\"dt-sc-empty-space\"><\/div>[\/vc_column_inner][\/vc_row_inner][\/vc_column][\/vc_row][\/vc_section][vc_row css=&#8221;.vc_custom_1561545007058{padding-top: 60px !important;padding-bottom: 20px !important;}&#8221;][vc_column]<div class='dt-sc-title script-with-sub-title  aligncenter' data-delay='0'><h6 class='dt-sc-main-heading'>Nous assurons pour vous<\/h6><h2 class='dt-sc-sub-heading'>Nous traitons tous les types de peau<\/h2><\/div><div id=\"1561544013350-5ea8f036-e8ac\" class=\"dt-sc-empty-space\"><\/div><div class='dt-sc-tabs-horizontal-frame-container  type5 alternate' data-effect='fade' data-delay='0'><ul class='dt-sc-tabs-horizontal-frame'><li><a href=\"javascript:void(0);\">For Him<\/a><\/li><li><a href=\"javascript:void(0);\">For Her<\/a><\/li><\/ul><div class='dt-sc-tabs-horizontal-frame-content'><div id=\"1561545062316-8df9d72e-e582\" class=\"dt-sc-empty-space\"><\/div>[vc_single_image image=&#8221;21211&#8243; img_size=&#8221;full&#8221; css=&#8221;.vc_custom_1744037583374{margin-bottom: 0px !important;}&#8221;]<\/div><div class='dt-sc-tabs-horizontal-frame-content'><div id=\"1561545079744-2a204d31-6d61\" class=\"dt-sc-empty-space\"><\/div>[vc_single_image image=&#8221;21212&#8243; img_size=&#8221;full&#8221; css=&#8221;.vc_custom_1744037597164{margin-bottom: 0px !important;}&#8221;]<\/div><\/div><div id=\"1563267138675-be210cca-8d75\" class=\"dt-sc-empty-space\"><\/div>[\/vc_column][\/vc_row]<\/p>\n<\/div>","protected":false},"excerpt":{"rendered":"<p>[vc_row full_width=&#8221;stretch_row&#8221; css=&#8221;.vc_custom_1561700745307{padding-top: 60px !important;padding-bottom: 40px !important;background-color: #f4f4f4 !important;}&#8221;][vc_column css=&#8221;.vc_custom_1744203398963{margin-top: -50px !important;}&#8221;][vc_column_text][\/vc_column_text][\/vc_column][\/vc_row][vc_row css=&#8221;.vc_custom_1561963352929{padding-top: 45px !important;padding-bottom: 30px !important;}&#8221;][vc_column][vc_row_inner][vc_column_inner el_class=&#8221;rs_col-sm-6&#8243; width=&#8221;1\/4&#8243; offset=&#8221;vc_col-lg-3 vc_col-md-6&#8243;][\/vc_column_inner][vc_column_inner el_class=&#8221;rs_col-sm-6&#8243; width=&#8221;1\/4&#8243; offset=&#8221;vc_col-lg-3 vc_col-md-6&#8243;][\/vc_column_inner][vc_column_inner el_class=&#8221;rs_col-sm-6&#8243; width=&#8221;1\/4&#8243; offset=&#8221;vc_col-lg-3 vc_col-md-6&#8243;][\/vc_column_inner][vc_column_inner el_class=&#8221;rs_col-sm-6&#8243; width=&#8221;1\/4&#8243; offset=&#8221;vc_col-lg-3 vc_col-md-6&#8243;][\/vc_column_inner][\/vc_row_inner][\/vc_column][\/vc_row][vc_section][vc_row full_width=&#8221;stretch_row&#8221; css=&#8221;.vc_custom_1561527731698{padding-bottom: 60px !important;background: #f4f4f4 url(https:\/\/ines-co.com\/wp-content\/uploads\/2019\/06\/pattern-bg.png?id=20191) !important;background-position: 0 0 !important;background-repeat: no-repeat !important;}&#8221; addstyles=&#8221;background-position: right bottom !important;&#8221;][vc_column][vc_row_inner equal_height=&#8221;yes&#8221; content_placement=&#8221;middle&#8221;][vc_column_inner el_class=&#8221;rs_col-sm-12 rs_padding_override_default&#8221; width=&#8221;1\/2&#8243; addstyles=&#8221;position: [&hellip;]<\/p>\n","protected":false},"author":1,"featured_media":0,"parent":0,"menu_order":0,"comment_status":"closed","ping_status":"closed","template":"","meta":{"footnotes":""},"class_list":["post-19530","page","type-page","status-publish","hentry"],"_links":{"self":[{"href":"https:\/\/ines-co.com\/index.php?rest_route=\/wp\/v2\/pages\/19530","targetHints":{"allow":["GET"]}}],"collection":[{"href":"https:\/\/ines-co.com\/index.php?rest_route=\/wp\/v2\/pages"}],"about":[{"href":"https:\/\/ines-co.com\/index.php?rest_route=\/wp\/v2\/types\/page"}],"author":[{"embeddable":true,"href":"https:\/\/ines-co.com\/index.php?rest_route=\/wp\/v2\/users\/1"}],"replies":[{"embeddable":true,"href":"https:\/\/ines-co.com\/index.php?rest_route=%2Fwp%2Fv2%2Fcomments&post=19530"}],"version-history":[{"count":39,"href":"https:\/\/ines-co.com\/index.php?rest_route=\/wp\/v2\/pages\/19530\/revisions"}],"predecessor-version":[{"id":22210,"href":"https:\/\/ines-co.com\/index.php?rest_route=\/wp\/v2\/pages\/19530\/revisions\/22210"}],"wp:attachment":[{"href":"https:\/\/ines-co.com\/index.php?rest_route=%2Fwp%2Fv2%2Fmedia&parent=19530"}],"curies":[{"name":"wp","href":"https:\/\/api.w.org\/{rel}","templated":true}]}}